{"id":14044,"date":"2021-04-20T12:24:38","date_gmt":"2021-04-20T10:24:38","guid":{"rendered":"https:\/\/www.hotelrestart.cz\/product\/szablon-1-wariant\/"},"modified":"2021-04-20T12:24:38","modified_gmt":"2021-04-20T10:24:38","slug":"szablon-1-wariant","status":"publish","type":"product","link":"https:\/\/www.hotelrestart.cz\/pl\/product\/szablon-1-wariant\/","title":{"rendered":"Szablon &#8211; 1 wariant"},"content":{"rendered":"<div class=\"wpb-content-wrapper\"><p>[vc_row full_width=&#8221;stretch_row&#8221; css=&#8221;.vc_custom_1608031051728{background-image: url(https:\/\/www.hotelrestart.cz\/wp-content\/uploads\/2020\/09\/Balicek_head_romantika_ve_dvou.jpg?id=9308) !important;background-position: center !important;background-repeat: no-repeat !important;background-size: cover !important;}&#8221; el_class=&#8221;featured&#8221;][vc_column][vc_column_text]<\/p>\n<h1><span style=\"color: #ffffff;\">Romans dla dwojga<\/span><\/h1>\n<p>[\/vc_column_text][\/vc_column][\/vc_row][vc_row][vc_column width=&#8221;1\/6&#8243;][\/vc_column][vc_column width=&#8221;2\/3&#8243;][vc_column_text]<\/p>\n<h2 class=\"western\" style=\"text-align: center;\">Rozpieszczanie w Czeskim Raju&#8230;<\/h2>\n<p style=\"text-align: center;\">Czy chcesz oderwa\u0107 si\u0119 od zgie\u0142ku dnia codziennego i <b>nada\u0107 swojemu zwi\u0105zkowi nowego impulsu?<\/b> Poszukaj romantycznego nastroju w Czeskim Raju, <b>w renomowanym hotelu reSTART Ji\u010d\u00edn<\/b> . Malowniczy krajobraz i zdrowe powietrze czyni\u0105 cuda! Ca\u0142o\u015b\u0107 dope\u0142nia troskliwa obs\u0142uga hotelu, kt\u00f3ra poda \u015bniadanie do pokoju lub zadba o relaks w centrum odnowy biologicznej. Podaruj sobie <b>g\u0142\u0119boki odpoczynek w otoczeniu Czeskiego Raju, w ramionach swojej ukochanej osoby<\/b> . Z Pragi do hotelu reSTART Ji\u010d\u00edn i jego doskona\u0142ej restauracji La Favorita mo\u017cna dojecha\u0107 samochodem w zaledwie godzin\u0119. Do Aquaparku Ji\u010d\u00edn prowadzi r\u00f3wnie\u017c wej\u015bcie bez barier.     <\/p>\n<p>[\/vc_column_text][vc_empty_space][\/vc_column][vc_column width=&#8221;1\/6&#8243;][\/vc_column][\/vc_row][vc_row][vc_column width=&#8221;1\/6&#8243;][\/vc_column][vc_column width=&#8221;2\/3&#8243;][vc_btn title=&#8221;Kup za #PRICE#,-&#8221; shape=&#8221;square&#8221; align=&#8221;center&#8221; link=&#8221;url:%23gobuy%23|||&#8221;][vc_empty_space][\/vc_column][vc_column width=&#8221;1\/6&#8243;][\/vc_column][\/vc_row][vc_row full_width=&#8221;stretch_row&#8221; content_placement=&#8221;middle&#8221; el_class=&#8221;brown&#8221;][vc_column width=&#8221;1\/6&#8243;][\/vc_column][vc_column width=&#8221;2\/3&#8243;][vc_empty_space][vc_column_text]<\/p>\n<h2 class=\"western\" style=\"text-align: center;\">Czeski Raj nosi swoj\u0105 nazw\u0119 z honorem<\/h2>\n<p style=\"text-align: center;\">Jak g\u0142osi legenda, Czeski Raj otrzyma\u0142 swoj\u0105 nazw\u0119 w XIX wieku od zadowolonych go\u015bci uzdrowiska Sedmihorky. Po raz pierwszy zapisa\u0142 j\u0105 redaktor V\u00e1clav Durych w 1886 roku. Nazwa ta natychmiast przyj\u0119\u0142a si\u0119 w tym malowniczym regionie w \u015brodkowym regionie Pojize\u0159\u00ed. Czeski Raj rozci\u0105ga si\u0119 oko\u0142o <b>90 km na p\u00f3\u0142nocny wsch\u00f3d od Pragi<\/b> . Nad miastem g\u00f3ruje g\u00f3ra Koz\u00e1kov i ruiny zamku Trosky. Ogromn\u0105 atrakcj\u0105 s\u0105 tutejsze skalne miasta, zw\u0142aszcza Prachovsk\u00e9 sk\u00e1ly i stawy.        <b>W krajobrazie, kt\u00f3ry nie jest jeszcze przepe\u0142niony turystami, ka\u017cdy znajdzie co\u015b dla siebie.<\/b>  Odkryj Czeski Raj \u2013 magiczne miejsce, b\u0119d\u0105ce jednocze\u015bnie obszarem chronionego krajobrazu pe\u0142nym zabytk\u00f3w przyrody i historii. W 2005 roku Czeski Raj zosta\u0142 w\u0142\u0105czony do europejskiej sieci geopark\u00f3w UNESCO. Od 2015 roku zabytkowe miasto Jiczyn i jego okolice znajduj\u0105 si\u0119 pod patronatem UNESCO. <b>Skorzystaj z<\/b> <b>wysoko ocenianego hotelu reSTART i jego<\/b> <b>pakietu pobytowego Romans dla Dwojga jako bazy dla swoich go\u015bci!<\/b>  <\/p>\n<p>[\/vc_column_text][vc_empty_space][\/vc_column][vc_column width=&#8221;1\/6&#8243;][\/vc_column][\/vc_row][vc_row][vc_column width=&#8221;1\/6&#8243;][\/vc_column][vc_column width=&#8221;2\/3&#8243;][vc_empty_space][vc_btn title=&#8221;Kup za #PRICE#,-&#8221; shape=&#8221;square&#8221; align=&#8221;center&#8221; link=&#8221;url:%23gobuy%23|||&#8221;][vc_empty_space][\/vc_column][vc_column width=&#8221;1\/6&#8243;][\/vc_column][\/vc_row][vc_row][vc_column][vc_empty_space][\/vc_column][\/vc_row][vc_row][vc_column][vc_empty_space][\/vc_column][\/vc_row][vc_row][vc_column][vc_column_text]<\/p>\n<h2 style=\"text-align: center;\">Nie wybra\u0142e\u015b?<\/h2>\n<p style=\"text-align: center;\">Wypr\u00f3buj jeden z pozosta\u0142ych pakiet\u00f3w.<\/p>\n<p>[\/vc_column_text][vc_empty_space][vc_column_text]<div class=\"toppackages\"><br style=\"clear:both;\" \/><\/div>[\/vc_column_text][\/vc_column][\/vc_row][vc_row disable_element=&#8221;yes&#8221;][vc_column width=&#8221;1\/6&#8243;][\/vc_column][vc_column width=&#8221;2\/3&#8243;][vc_empty_space][vc_column_text]<\/p>\n<h2 style=\"text-align: center;\">Skontaktuj si\u0119 z nami<\/h2>\n<p>[\/vc_column_text][vc_empty_space]\n<div class=\"wpcf7 no-js\" id=\"wpcf7-f7570-o1\" lang=\"cs-CZ\" dir=\"ltr\">\n<div class=\"screen-reader-response\"><p role=\"status\" aria-live=\"polite\" aria-atomic=\"true\"><\/p> <ul><\/ul><\/div>\n<form action=\"\/pl\/wp-json\/wp\/v2\/product\/14044#wpcf7-f7570-o1\" method=\"post\" class=\"wpcf7-form init\" aria-label=\"Kontaktn\u00ed formul\u00e1\u0159\" novalidate=\"novalidate\" data-status=\"init\">\n<div style=\"display: none;\">\n<input type=\"hidden\" name=\"_wpcf7\" value=\"7570\" \/>\n<input type=\"hidden\" name=\"_wpcf7_version\" value=\"5.8.6\" \/>\n<input type=\"hidden\" name=\"_wpcf7_locale\" value=\"cs_CZ\" \/>\n<input type=\"hidden\" name=\"_wpcf7_unit_tag\" value=\"wpcf7-f7570-o1\" \/>\n<input type=\"hidden\" name=\"_wpcf7_container_post\" value=\"0\" \/>\n<input type=\"hidden\" name=\"_wpcf7_posted_data_hash\" value=\"\" \/>\n<input type=\"hidden\" name=\"_wpcf7_recaptcha_response\" value=\"\" \/>\n<\/div>\n<div class=\"xform\">\n\t<div class=\"xforml\">\n\t\t<div class=\"xin xinl\">\n\t\t\t<p><span class=\"wpcf7-form-control-wrap\" data-name=\"firma\"><input size=\"40\" class=\"wpcf7-form-control wpcf7-text wpcf7-validates-as-required\" aria-required=\"true\" aria-invalid=\"false\" placeholder=\"Firma\" value=\"\" type=\"text\" name=\"firma\" \/><\/span><br \/>\n<span class=\"wpcf7-form-control-wrap\" data-name=\"your-name\"><input size=\"40\" class=\"wpcf7-form-control wpcf7-text wpcf7-validates-as-required\" aria-required=\"true\" aria-invalid=\"false\" placeholder=\"Va\u0161e jm\u00e9no\" value=\"\" type=\"text\" name=\"your-name\" \/><\/span><br \/>\n<span class=\"wpcf7-form-control-wrap\" data-name=\"your-email\"><input size=\"40\" class=\"wpcf7-form-control wpcf7-email wpcf7-validates-as-required wpcf7-text wpcf7-validates-as-email\" aria-required=\"true\" aria-invalid=\"false\" placeholder=\"Emailov\u00e1 adresa\" value=\"\" type=\"email\" name=\"your-email\" \/><\/span><br \/>\n<span class=\"wpcf7-form-control-wrap\" data-name=\"your-phone\"><input size=\"40\" class=\"wpcf7-form-control wpcf7-tel wpcf7-validates-as-required wpcf7-text wpcf7-validates-as-tel\" aria-required=\"true\" aria-invalid=\"false\" placeholder=\"Telefonn\u00ed \u010d\u00edslo\" value=\"\" type=\"tel\" name=\"your-phone\" \/><\/span><br \/>\n<span class=\"wpcf7-form-control-wrap\" data-name=\"your-name\"><input size=\"40\" class=\"wpcf7-form-control wpcf7-text wpcf7-validates-as-required\" aria-required=\"true\" aria-invalid=\"false\" placeholder=\"Typ akce\" value=\"\" type=\"text\" name=\"your-name\" \/><\/span><br \/>\n<span class=\"wpcf7-form-control-wrap\" data-name=\"osob\"><input size=\"40\" class=\"wpcf7-form-control wpcf7-text wpcf7-validates-as-required\" aria-required=\"true\" aria-invalid=\"false\" placeholder=\"Po\u010det osob\" value=\"\" type=\"text\" name=\"osob\" \/><\/span><br \/>\n<span class=\"wpcf7-form-control-wrap\" data-name=\"check-in\"><input size=\"40\" class=\"wpcf7-form-control wpcf7-text\" aria-invalid=\"false\" value=\"Datum kon\u00e1n\u00ed\" type=\"text\" name=\"check-in\" \/><\/span>\n\t\t\t<\/p>\n\t\t<\/div>\n\t<\/div>\n\t<div class=\"xformr\">\n\t\t<div class=\"xin xinr\">\n\t\t\t<p>Chcete n\u00e1m n\u011bco vzk\u00e1zat?\n\t\t\t<\/p>\n\t\t\t<p><span class=\"wpcf7-form-control-wrap\" data-name=\"zprava\"><textarea cols=\"40\" rows=\"15\" class=\"wpcf7-form-control wpcf7-textarea\" aria-invalid=\"false\" name=\"zprava\"><\/textarea><\/span>\n\t\t\t<\/p>\n\t\t<\/div>\n\t<\/div>\n\t<p><br style=\"clear:both;\" \/>\n\t<\/p>\n<\/div>\n<div class=\"xforms\">\n\t<p><input class=\"wpcf7-form-control wpcf7-submit has-spinner\" type=\"submit\" value=\"Odeslat nez\u00e1vaznou popt\u00e1vku\" \/>\n\t<\/p>\n<\/div><div class=\"wpcf7-response-output\" aria-hidden=\"true\"><\/div>\n<\/form>\n<\/div>\n[vc_empty_space][vc_empty_space][\/vc_column][vc_column width=&#8221;1\/6&#8243;][\/vc_column][\/vc_row]<\/p>\n<\/div>","protected":false},"excerpt":{"rendered":"<p>[vc_row full_width=&#8221;stretch_row&#8221; css=&#8221;.vc_custom_1608031051728{background-image: url(https:\/\/www.hotelrestart.cz\/wp-content\/uploads\/2020\/09\/Balicek_head_romantika_ve_dvou.jpg?id=9308) !important;background-position: center !important;background-repeat: no-repeat !important;background-size: cover !important;}&#8221; el_class=&#8221;featured&#8221;][vc_column][vc_column_text] Romans dla dwojga [\/vc_column_text][\/vc_column][\/vc_row][vc_row][vc_column width=&#8221;1\/6&#8243;][\/vc_column][vc_column width=&#8221;2\/3&#8243;][vc_column_text] Rozpieszczanie w Czeskim Raju&#8230; Czy chcesz oderwa\u0107 si\u0119<\/p>\n","protected":false},"featured_media":14046,"template":"","meta":[],"product_brand":[],"product_cat":[15],"product_tag":[],"class_list":{"0":"post-14044","1":"product","2":"type-product","3":"status-publish","4":"has-post-thumbnail","6":"product_cat-uncategorized","8":"first","9":"instock","10":"taxable","11":"shipping-taxable","12":"product-type-variable"},"acf":[],"yoast_head":"<!-- This site is optimized with the Yoast SEO plugin v21.8 - https:\/\/yoast.com\/wordpress\/plugins\/seo\/ -->\n<title>Szablon - 1 wariant - Hotel reSTART<\/title>\n<meta name=\"robots\" content=\"index, follow, max-snippet:-1, max-image-preview:large, max-video-preview:-1\" \/>\n<link rel=\"canonical\" href=\"https:\/\/www.hotelrestart.cz\/pl\/product\/szablon-1-wariant\/\" \/>\n<meta property=\"og:locale\" content=\"pl_PL\" \/>\n<meta property=\"og:type\" content=\"article\" \/>\n<meta property=\"og:title\" content=\"Szablon - 1 wariant - Hotel reSTART\" \/>\n<meta property=\"og:description\" content=\"[vc_row full_width=&#8221;stretch_row&#8221; css=&#8221;.vc_custom_1608031051728{background-image: url(https:\/\/www.hotelrestart.cz\/wp-content\/uploads\/2020\/09\/Balicek_head_romantika_ve_dvou.jpg?id=9308) !important;background-position: center !important;background-repeat: no-repeat !important;background-size: cover !important;}&#8221; el_class=&#8221;featured&#8221;][vc_column][vc_column_text] Romans dla dwojga [\/vc_column_text][\/vc_column][\/vc_row][vc_row][vc_column width=&#8221;1\/6&#8243;][\/vc_column][vc_column width=&#8221;2\/3&#8243;][vc_column_text] Rozpieszczanie w Czeskim Raju&#8230; Czy chcesz oderwa\u0107 si\u0119\" \/>\n<meta property=\"og:url\" content=\"https:\/\/www.hotelrestart.cz\/pl\/product\/szablon-1-wariant\/\" \/>\n<meta property=\"og:site_name\" content=\"Hotel reSTART\" \/>\n<meta property=\"og:image\" content=\"https:\/\/www.hotelrestart.cz\/wp-content\/uploads\/2021\/04\/Masaze2.jpg\" \/>\n\t<meta property=\"og:image:width\" content=\"317\" \/>\n\t<meta property=\"og:image:height\" content=\"463\" \/>\n\t<meta property=\"og:image:type\" content=\"image\/jpeg\" \/>\n<meta name=\"twitter:card\" content=\"summary_large_image\" \/>\n<meta name=\"twitter:label1\" content=\"Szacowany czas czytania\" \/>\n\t<meta name=\"twitter:data1\" content=\"3 minuty\" \/>\n<script type=\"application\/ld+json\" class=\"yoast-schema-graph\">{\"@context\":\"https:\/\/schema.org\",\"@graph\":[{\"@type\":\"WebPage\",\"@id\":\"https:\/\/www.hotelrestart.cz\/pl\/product\/szablon-1-wariant\/\",\"url\":\"https:\/\/www.hotelrestart.cz\/pl\/product\/szablon-1-wariant\/\",\"name\":\"Szablon - 1 wariant - Hotel reSTART\",\"isPartOf\":{\"@id\":\"https:\/\/www.hotelrestart.cz\/#website\"},\"datePublished\":\"2021-04-20T10:24:38+00:00\",\"dateModified\":\"2021-04-20T10:24:38+00:00\",\"breadcrumb\":{\"@id\":\"https:\/\/www.hotelrestart.cz\/pl\/product\/szablon-1-wariant\/#breadcrumb\"},\"inLanguage\":\"pl-PL\",\"potentialAction\":[{\"@type\":\"ReadAction\",\"target\":[\"https:\/\/www.hotelrestart.cz\/pl\/product\/szablon-1-wariant\/\"]}]},{\"@type\":\"BreadcrumbList\",\"@id\":\"https:\/\/www.hotelrestart.cz\/pl\/product\/szablon-1-wariant\/#breadcrumb\",\"itemListElement\":[{\"@type\":\"ListItem\",\"position\":1,\"name\":\"Home\",\"item\":\"https:\/\/www.hotelrestart.cz\/pl\/hotel-restart-jicin-oficjalna-strona-internetowa\/\"},{\"@type\":\"ListItem\",\"position\":2,\"name\":\"test\",\"item\":\"https:\/\/www.hotelrestart.cz\/test\/\"},{\"@type\":\"ListItem\",\"position\":3,\"name\":\"Szablon &#8211; 1 wariant\"}]},{\"@type\":\"WebSite\",\"@id\":\"https:\/\/www.hotelrestart.cz\/#website\",\"url\":\"https:\/\/www.hotelrestart.cz\/\",\"name\":\"Hotel reSTART\",\"description\":\"4* Hotel v Ji\u010d\u00edn\u011b\",\"potentialAction\":[{\"@type\":\"SearchAction\",\"target\":{\"@type\":\"EntryPoint\",\"urlTemplate\":\"https:\/\/www.hotelrestart.cz\/?s={search_term_string}\"},\"query-input\":\"required name=search_term_string\"}],\"inLanguage\":\"pl-PL\"}]}<\/script>\n<!-- \/ Yoast SEO plugin. -->","yoast_head_json":{"title":"Szablon - 1 wariant - Hotel reSTART","robots":{"index":"index","follow":"follow","max-snippet":"max-snippet:-1","max-image-preview":"max-image-preview:large","max-video-preview":"max-video-preview:-1"},"canonical":"https:\/\/www.hotelrestart.cz\/pl\/product\/szablon-1-wariant\/","og_locale":"pl_PL","og_type":"article","og_title":"Szablon - 1 wariant - Hotel reSTART","og_description":"[vc_row full_width=&#8221;stretch_row&#8221; css=&#8221;.vc_custom_1608031051728{background-image: url(https:\/\/www.hotelrestart.cz\/wp-content\/uploads\/2020\/09\/Balicek_head_romantika_ve_dvou.jpg?id=9308) !important;background-position: center !important;background-repeat: no-repeat !important;background-size: cover !important;}&#8221; el_class=&#8221;featured&#8221;][vc_column][vc_column_text] Romans dla dwojga [\/vc_column_text][\/vc_column][\/vc_row][vc_row][vc_column width=&#8221;1\/6&#8243;][\/vc_column][vc_column width=&#8221;2\/3&#8243;][vc_column_text] Rozpieszczanie w Czeskim Raju&#8230; Czy chcesz oderwa\u0107 si\u0119","og_url":"https:\/\/www.hotelrestart.cz\/pl\/product\/szablon-1-wariant\/","og_site_name":"Hotel reSTART","og_image":[{"width":317,"height":463,"url":"https:\/\/www.hotelrestart.cz\/wp-content\/uploads\/2021\/04\/Masaze2.jpg","type":"image\/jpeg"}],"twitter_card":"summary_large_image","twitter_misc":{"Szacowany czas czytania":"3 minuty"},"schema":{"@context":"https:\/\/schema.org","@graph":[{"@type":"WebPage","@id":"https:\/\/www.hotelrestart.cz\/pl\/product\/szablon-1-wariant\/","url":"https:\/\/www.hotelrestart.cz\/pl\/product\/szablon-1-wariant\/","name":"Szablon - 1 wariant - Hotel reSTART","isPartOf":{"@id":"https:\/\/www.hotelrestart.cz\/#website"},"datePublished":"2021-04-20T10:24:38+00:00","dateModified":"2021-04-20T10:24:38+00:00","breadcrumb":{"@id":"https:\/\/www.hotelrestart.cz\/pl\/product\/szablon-1-wariant\/#breadcrumb"},"inLanguage":"pl-PL","potentialAction":[{"@type":"ReadAction","target":["https:\/\/www.hotelrestart.cz\/pl\/product\/szablon-1-wariant\/"]}]},{"@type":"BreadcrumbList","@id":"https:\/\/www.hotelrestart.cz\/pl\/product\/szablon-1-wariant\/#breadcrumb","itemListElement":[{"@type":"ListItem","position":1,"name":"Home","item":"https:\/\/www.hotelrestart.cz\/pl\/hotel-restart-jicin-oficjalna-strona-internetowa\/"},{"@type":"ListItem","position":2,"name":"test","item":"https:\/\/www.hotelrestart.cz\/test\/"},{"@type":"ListItem","position":3,"name":"Szablon &#8211; 1 wariant"}]},{"@type":"WebSite","@id":"https:\/\/www.hotelrestart.cz\/#website","url":"https:\/\/www.hotelrestart.cz\/","name":"Hotel reSTART","description":"4* Hotel v Ji\u010d\u00edn\u011b","potentialAction":[{"@type":"SearchAction","target":{"@type":"EntryPoint","urlTemplate":"https:\/\/www.hotelrestart.cz\/?s={search_term_string}"},"query-input":"required name=search_term_string"}],"inLanguage":"pl-PL"}]}},"_links":{"self":[{"href":"https:\/\/www.hotelrestart.cz\/pl\/wp-json\/wp\/v2\/product\/14044","targetHints":{"allow":["GET"]}}],"collection":[{"href":"https:\/\/www.hotelrestart.cz\/pl\/wp-json\/wp\/v2\/product"}],"about":[{"href":"https:\/\/www.hotelrestart.cz\/pl\/wp-json\/wp\/v2\/types\/product"}],"wp:featuredmedia":[{"embeddable":true,"href":"https:\/\/www.hotelrestart.cz\/pl\/wp-json\/wp\/v2\/media\/14046"}],"wp:attachment":[{"href":"https:\/\/www.hotelrestart.cz\/pl\/wp-json\/wp\/v2\/media?parent=14044"}],"wp:term":[{"taxonomy":"product_brand","embeddable":true,"href":"https:\/\/www.hotelrestart.cz\/pl\/wp-json\/wp\/v2\/product_brand?post=14044"},{"taxonomy":"product_cat","embeddable":true,"href":"https:\/\/www.hotelrestart.cz\/pl\/wp-json\/wp\/v2\/product_cat?post=14044"},{"taxonomy":"product_tag","embeddable":true,"href":"https:\/\/www.hotelrestart.cz\/pl\/wp-json\/wp\/v2\/product_tag?post=14044"}],"curies":[{"name":"wp","href":"https:\/\/api.w.org\/{rel}","templated":true}]}}