{"id":14548,"date":"2025-05-02T08:20:56","date_gmt":"2025-05-02T06:20:56","guid":{"rendered":"https:\/\/www.hotelrestart.cz\/bony-upominkowe-la-favorita\/"},"modified":"2025-05-02T08:20:56","modified_gmt":"2025-05-02T06:20:56","slug":"bony-upominkowe-la-favorita","status":"publish","type":"page","link":"https:\/\/www.hotelrestart.cz\/pl\/bony-upominkowe-la-favorita\/","title":{"rendered":"Bony upominkowe La Favorita"},"content":{"rendered":"<div class=\"wpb-content-wrapper\"><p>[vc_row full_width=&#8221;stretch_row&#8221; content_placement=&#8221;middle&#8221; el_class=&#8221;featured&#8221; css=&#8221;.vc_custom_1624877136567{background-image: url(https:\/\/www.hotelrestart.cz\/wp-content\/uploads\/2021\/06\/DP_head_2.jpg?id=9458) !important;background-position: center !important;background-repeat: no-repeat !important;background-size: cover !important;}&#8221;][vc_column][vc_column_text]<\/p>\n<h1>Bony upominkowe La Favorita<\/h1>\n<p>[\/vc_column_text][\/vc_column][\/vc_row][vc_row disable_element=&#8221;yes&#8221;][vc_column width=&#8221;1\/6&#8243;][\/vc_column][vc_column width=&#8221;2\/3&#8243;][vc_column_text]<\/p>\n<h2 class=\"western\" style=\"text-align: center;\">Zastanawiasz si\u0119 co podarowa\u0107 bliskiej osobie na urodziny, \u015bwi\u0119ta, rocznic\u0119 \u015blubu&#8230;?<\/h2>\n<p style=\"text-align: center;\"><strong>Postaw na bony upominkowe do hotelu reSTART Ji\u010d\u00edn w Czeskim Raju!<\/strong>  Z \u0142atwo\u015bci\u0105 po\u0142\u0105czysz u nas to, co najlepsze &#8211; komfortowe zakwaterowanie, wellness, \u015bniadania w formie bufetu, obiady i kolacje serwowane do pokoju, kulinarne doznania z menu degustacyjnym dla dwojga w restauracji La Favorita, kr\u00f3lewskie tajskie masa\u017ce, wypo\u017cyczalni\u0119 rower\u00f3w i inne nowoczesne us\u0142ugi.<\/p>\n<p style=\"text-align: center;\">Wszystkie bony upominkowe s\u0105 wa\u017cne przez 12 miesi\u0119cy od daty sprzeda\u017cy podanej na bonie. Dzi\u0119ki temu wyj\u0105tkowemu prezentowi, jaki zapewni Ci hotel reSTART, Twoi bliscy zrelaksuj\u0105 si\u0119 w prawdziwym zak\u0105tku raju w Czechach. Czeka na nich bajkowe miasteczko Jiczyn, urokliwe Prachovsk\u00e9 Ska\u0142y, wie\u017ce widokowe oraz ca\u0142y szereg zamk\u00f3w i pa\u0142ac\u00f3w. Je\u015bli masz indywidualne \u017cyczenia, skontaktuj si\u0119 z nasz\u0105 recepcj\u0105 (+420 498 019 400), a wsp\u00f3lnie stworzymy <strong>spersonalizowany bon upominkowy.<\/strong>   <\/p>\n<p>[\/vc_column_text][vc_empty_space][\/vc_column][vc_column width=&#8221;1\/6&#8243;][\/vc_column][\/vc_row][vc_row][vc_column][vc_column_text]<\/p>\n<h2 style=\"text-align: center;\">Bony upominkowe do restauracji La Favorita<\/h2>\n<p>[\/vc_column_text][vc_empty_space][vc_column_text]<div class=\"toppackages\"><script>status1853= false;<\/script><a href=\"#\" id=\"a1853\"><\/a><div class=\"toppackage xzoom  \" ><a href=\"https:\/\/www.hotelrestart.cz\/pl\/product\/bon-upominkowy-500-czk\/\"><div class=\"intoppackage\" style=\"background-image:url('https:\/\/www.hotelrestart.cz\/wp-content\/uploads\/2021\/11\/Restaurace5.jpg');;background-size: cover\"><h3>Bon upominkowy 500 CZK<\/h3><p><\/p><div class=\"pprice\">na zapytanie<\/div><span  class=\"splink\">Wi\u0119cej o pakiecie >><\/span><\/div><\/a><\/div><div class=\"toppackage xzoom  \" ><a href=\"https:\/\/www.hotelrestart.cz\/pl\/product\/menu-degustacyjne-z-doborem-win\/\"><div class=\"intoppackage\" style=\"background-image:url('https:\/\/www.hotelrestart.cz\/wp-content\/uploads\/2021\/12\/Restaurace6.jpg');;background-size: cover\"><h3>Menu degustacyjne z doborem win<\/h3><p><\/p><div class=\"pprice\">na zapytanie<\/div><span  class=\"splink\">Wi\u0119cej o pakiecie >><\/span><\/div><\/a><\/div><div class=\"toppackage xzoom  \" ><a href=\"https:\/\/www.hotelrestart.cz\/pl\/product\/menu-degustacyjne\/\"><div class=\"intoppackage\" style=\"background-image:url('https:\/\/www.hotelrestart.cz\/wp-content\/uploads\/2021\/04\/Restaurace.jpg');;background-size: cover\"><h3>Menu degustacyjne<\/h3><p><\/p><div class=\"pprice\">na zapytanie<\/div><span  class=\"splink\">Wi\u0119cej o pakiecie >><\/span><\/div><\/a><\/div><div class=\"toppackage xzoom  \" ><a href=\"https:\/\/www.hotelrestart.cz\/pl\/product\/bon-upominkowy-1500-czk\/\"><div class=\"intoppackage\" style=\"background-image:url('https:\/\/www.hotelrestart.cz\/wp-content\/uploads\/2021\/09\/Restaurace2.jpg');;background-size: cover\"><h3>Bon upominkowy 1500 CZK<\/h3><p><\/p><div class=\"pprice\">na zapytanie<\/div><span  class=\"splink\">Wi\u0119cej o pakiecie >><\/span><\/div><\/a><\/div><div class=\"toppackage xzoom  prd1853\" style=\"display:none;\" ><a href=\"https:\/\/www.hotelrestart.cz\/pl\/product\/bon-upominkowy-1000-czk\/\"><div class=\"intoppackage\" style=\"background-image:url('https:\/\/www.hotelrestart.cz\/wp-content\/uploads\/2021\/09\/Restaurace3.jpg');;background-size: cover\"><h3>Bon upominkowy 1000 CZK<\/h3><p><\/p><div class=\"pprice\">na zapytanie<\/div><span  class=\"splink\">Wi\u0119cej o pakiecie >><\/span><\/div><\/a><\/div><br style=\"clear:both;;\" \/><\/div><p style=\"text-align:center;padding:20px 0;\"><a \r\nonclick=\"\r\nif (status1853==false) {\r\n    status1853=true;\r\n    jQuery('.prd1853' ).slideDown();;\r\n    jQuery(this).html('Skr\u00fdt >>');\r\n} else {\r\n    jQuery('.prd1853' ).slideUp();;\r\n    status1853=false;\r\n    jQuery(this).html('Zobrazit v\u0161echny >>');\r\n    jQuery([document.documentElement, document.body]).animate({\r\n        scrollTop: (jQuery('#a1853').offset().top-200)\r\n    }, 1000);\r\n}\r\nreturn false;\"\r\n\r\nclass=\"vc_general vc_btn3 vc_btn3-size-md vc_btn3-shape-square vc_btn3-style-modern vc_btn3-color-grey\" \r\nhref=\"#\">Poka\u017c wszystkie >><\/a><\/p>[\/vc_column_text][vc_empty_space height=&#8221;128&#8243;][\/vc_column][\/vc_row]<\/p>\n<\/div>","protected":false},"excerpt":{"rendered":"<p>[vc_row full_width=&#8221;stretch_row&#8221; content_placement=&#8221;middle&#8221; el_class=&#8221;featured&#8221; css=&#8221;.vc_custom_1624877136567{background-image: url(https:\/\/www.hotelrestart.cz\/wp-content\/uploads\/2021\/06\/DP_head_2.jpg?id=9458) !important;background-position: center !important;background-repeat: no-repeat !important;background-size: cover !important;}&#8221;][vc_column][vc_column_text] Bony upominkowe La Favorita [\/vc_column_text][\/vc_column][\/vc_row][vc_row disable_element=&#8221;yes&#8221;][vc_column width=&#8221;1\/6&#8243;][\/vc_column][vc_column width=&#8221;2\/3&#8243;][vc_column_text] Zastanawiasz si\u0119 co podarowa\u0107 bliskiej<\/p>\n","protected":false},"author":1,"featured_media":0,"parent":0,"menu_order":0,"comment_status":"closed","ping_status":"closed","template":"","meta":{"footnotes":""},"categories":[],"tags":[],"class_list":["post-14548","page","type-page","status-publish","hentry"],"acf":[],"yoast_head":"<!-- This site is optimized with the Yoast SEO plugin v21.8 - https:\/\/yoast.com\/wordpress\/plugins\/seo\/ -->\n<title>Bony upominkowe La Favorita - Hotel reSTART<\/title>\n<meta name=\"robots\" content=\"index, follow, max-snippet:-1, max-image-preview:large, max-video-preview:-1\" \/>\n<link rel=\"canonical\" href=\"https:\/\/www.hotelrestart.cz\/pl\/bony-upominkowe-la-favorita\/\" \/>\n<meta property=\"og:locale\" content=\"pl_PL\" \/>\n<meta property=\"og:type\" content=\"article\" \/>\n<meta property=\"og:title\" content=\"Bony upominkowe La Favorita - Hotel reSTART\" \/>\n<meta property=\"og:description\" content=\"[vc_row full_width=&#8221;stretch_row&#8221; content_placement=&#8221;middle&#8221; el_class=&#8221;featured&#8221; css=&#8221;.vc_custom_1624877136567{background-image: url(https:\/\/www.hotelrestart.cz\/wp-content\/uploads\/2021\/06\/DP_head_2.jpg?id=9458) !important;background-position: center !important;background-repeat: no-repeat !important;background-size: cover !important;}&#8221;][vc_column][vc_column_text] Bony upominkowe La Favorita [\/vc_column_text][\/vc_column][\/vc_row][vc_row disable_element=&#8221;yes&#8221;][vc_column width=&#8221;1\/6&#8243;][\/vc_column][vc_column width=&#8221;2\/3&#8243;][vc_column_text] Zastanawiasz si\u0119 co podarowa\u0107 bliskiej\" \/>\n<meta property=\"og:url\" content=\"https:\/\/www.hotelrestart.cz\/pl\/bony-upominkowe-la-favorita\/\" \/>\n<meta property=\"og:site_name\" content=\"Hotel reSTART\" \/>\n<meta name=\"twitter:card\" content=\"summary_large_image\" \/>\n<meta name=\"twitter:label1\" content=\"Szacowany czas czytania\" \/>\n\t<meta name=\"twitter:data1\" content=\"1 minuta\" \/>\n<script type=\"application\/ld+json\" class=\"yoast-schema-graph\">{\"@context\":\"https:\/\/schema.org\",\"@graph\":[{\"@type\":\"WebPage\",\"@id\":\"https:\/\/www.hotelrestart.cz\/pl\/bony-upominkowe-la-favorita\/\",\"url\":\"https:\/\/www.hotelrestart.cz\/pl\/bony-upominkowe-la-favorita\/\",\"name\":\"Bony upominkowe La Favorita - Hotel reSTART\",\"isPartOf\":{\"@id\":\"https:\/\/www.hotelrestart.cz\/#website\"},\"datePublished\":\"2025-05-02T06:20:56+00:00\",\"dateModified\":\"2025-05-02T06:20:56+00:00\",\"breadcrumb\":{\"@id\":\"https:\/\/www.hotelrestart.cz\/pl\/bony-upominkowe-la-favorita\/#breadcrumb\"},\"inLanguage\":\"pl-PL\",\"potentialAction\":[{\"@type\":\"ReadAction\",\"target\":[\"https:\/\/www.hotelrestart.cz\/pl\/bony-upominkowe-la-favorita\/\"]}]},{\"@type\":\"BreadcrumbList\",\"@id\":\"https:\/\/www.hotelrestart.cz\/pl\/bony-upominkowe-la-favorita\/#breadcrumb\",\"itemListElement\":[{\"@type\":\"ListItem\",\"position\":1,\"name\":\"Home\",\"item\":\"https:\/\/www.hotelrestart.cz\/pl\/hotel-restart-jicin-oficjalna-strona-internetowa\/\"},{\"@type\":\"ListItem\",\"position\":2,\"name\":\"Bony upominkowe La Favorita\"}]},{\"@type\":\"WebSite\",\"@id\":\"https:\/\/www.hotelrestart.cz\/#website\",\"url\":\"https:\/\/www.hotelrestart.cz\/\",\"name\":\"Hotel reSTART\",\"description\":\"4* Hotel v Ji\u010d\u00edn\u011b\",\"potentialAction\":[{\"@type\":\"SearchAction\",\"target\":{\"@type\":\"EntryPoint\",\"urlTemplate\":\"https:\/\/www.hotelrestart.cz\/?s={search_term_string}\"},\"query-input\":\"required name=search_term_string\"}],\"inLanguage\":\"pl-PL\"}]}<\/script>\n<!-- \/ Yoast SEO plugin. -->","yoast_head_json":{"title":"Bony upominkowe La Favorita - Hotel reSTART","robots":{"index":"index","follow":"follow","max-snippet":"max-snippet:-1","max-image-preview":"max-image-preview:large","max-video-preview":"max-video-preview:-1"},"canonical":"https:\/\/www.hotelrestart.cz\/pl\/bony-upominkowe-la-favorita\/","og_locale":"pl_PL","og_type":"article","og_title":"Bony upominkowe La Favorita - Hotel reSTART","og_description":"[vc_row full_width=&#8221;stretch_row&#8221; content_placement=&#8221;middle&#8221; el_class=&#8221;featured&#8221; css=&#8221;.vc_custom_1624877136567{background-image: url(https:\/\/www.hotelrestart.cz\/wp-content\/uploads\/2021\/06\/DP_head_2.jpg?id=9458) !important;background-position: center !important;background-repeat: no-repeat !important;background-size: cover !important;}&#8221;][vc_column][vc_column_text] Bony upominkowe La Favorita [\/vc_column_text][\/vc_column][\/vc_row][vc_row disable_element=&#8221;yes&#8221;][vc_column width=&#8221;1\/6&#8243;][\/vc_column][vc_column width=&#8221;2\/3&#8243;][vc_column_text] Zastanawiasz si\u0119 co podarowa\u0107 bliskiej","og_url":"https:\/\/www.hotelrestart.cz\/pl\/bony-upominkowe-la-favorita\/","og_site_name":"Hotel reSTART","twitter_card":"summary_large_image","twitter_misc":{"Szacowany czas czytania":"1 minuta"},"schema":{"@context":"https:\/\/schema.org","@graph":[{"@type":"WebPage","@id":"https:\/\/www.hotelrestart.cz\/pl\/bony-upominkowe-la-favorita\/","url":"https:\/\/www.hotelrestart.cz\/pl\/bony-upominkowe-la-favorita\/","name":"Bony upominkowe La Favorita - Hotel reSTART","isPartOf":{"@id":"https:\/\/www.hotelrestart.cz\/#website"},"datePublished":"2025-05-02T06:20:56+00:00","dateModified":"2025-05-02T06:20:56+00:00","breadcrumb":{"@id":"https:\/\/www.hotelrestart.cz\/pl\/bony-upominkowe-la-favorita\/#breadcrumb"},"inLanguage":"pl-PL","potentialAction":[{"@type":"ReadAction","target":["https:\/\/www.hotelrestart.cz\/pl\/bony-upominkowe-la-favorita\/"]}]},{"@type":"BreadcrumbList","@id":"https:\/\/www.hotelrestart.cz\/pl\/bony-upominkowe-la-favorita\/#breadcrumb","itemListElement":[{"@type":"ListItem","position":1,"name":"Home","item":"https:\/\/www.hotelrestart.cz\/pl\/hotel-restart-jicin-oficjalna-strona-internetowa\/"},{"@type":"ListItem","position":2,"name":"Bony upominkowe La Favorita"}]},{"@type":"WebSite","@id":"https:\/\/www.hotelrestart.cz\/#website","url":"https:\/\/www.hotelrestart.cz\/","name":"Hotel reSTART","description":"4* Hotel v Ji\u010d\u00edn\u011b","potentialAction":[{"@type":"SearchAction","target":{"@type":"EntryPoint","urlTemplate":"https:\/\/www.hotelrestart.cz\/?s={search_term_string}"},"query-input":"required name=search_term_string"}],"inLanguage":"pl-PL"}]}},"_links":{"self":[{"href":"https:\/\/www.hotelrestart.cz\/pl\/wp-json\/wp\/v2\/pages\/14548","targetHints":{"allow":["GET"]}}],"collection":[{"href":"https:\/\/www.hotelrestart.cz\/pl\/wp-json\/wp\/v2\/pages"}],"about":[{"href":"https:\/\/www.hotelrestart.cz\/pl\/wp-json\/wp\/v2\/types\/page"}],"author":[{"embeddable":true,"href":"https:\/\/www.hotelrestart.cz\/pl\/wp-json\/wp\/v2\/users\/1"}],"replies":[{"embeddable":true,"href":"https:\/\/www.hotelrestart.cz\/pl\/wp-json\/wp\/v2\/comments?post=14548"}],"version-history":[{"count":0,"href":"https:\/\/www.hotelrestart.cz\/pl\/wp-json\/wp\/v2\/pages\/14548\/revisions"}],"wp:attachment":[{"href":"https:\/\/www.hotelrestart.cz\/pl\/wp-json\/wp\/v2\/media?parent=14548"}],"wp:term":[{"taxonomy":"category","embeddable":true,"href":"https:\/\/www.hotelrestart.cz\/pl\/wp-json\/wp\/v2\/categories?post=14548"},{"taxonomy":"post_tag","embeddable":true,"href":"https:\/\/www.hotelrestart.cz\/pl\/wp-json\/wp\/v2\/tags?post=14548"}],"curies":[{"name":"wp","href":"https:\/\/api.w.org\/{rel}","templated":true}]}}