{"id":14227,"date":"2019-05-31T09:05:41","date_gmt":"2019-05-31T07:05:41","guid":{"rendered":"https:\/\/www.hotelrestart.cz\/pokoje\/pokoj-jednoosobowy\/"},"modified":"2026-01-28T15:38:51","modified_gmt":"2026-01-28T14:38:51","slug":"pokoj-jednoosobowy","status":"publish","type":"page","link":"https:\/\/www.hotelrestart.cz\/pl\/pokoje\/pokoj-jednoosobowy\/","title":{"rendered":"Pok\u00f3j jednoosobowy"},"content":{"rendered":"<div class=\"wpb-content-wrapper\"><p>[vc_row full_width=&#8221;stretch_row&#8221; content_placement=&#8221;middle&#8221; el_class=&#8221;featured&#8221;][vc_column][vc_column_text]<\/p>\n<h1>Pok\u00f3j jednoosobowy<\/h1>\n<p>[\/vc_column_text][\/vc_column][\/vc_row][vc_row][vc_column width=&#8221;1\/2&#8243;][vc_video link=&#8221;https:\/\/vimeo.com\/345663399&#8243;][vc_empty_space][vc_row_inner][vc_column_inner width=&#8221;1\/3&#8243;][vc_column_text]<strong>LICZBA POKOI<\/strong> : 8[\/vc_column_text][\/vc_column_inner] [vc_column_inner width=&#8221;1\/3&#8243;][vc_column_text]<strong>WIELKO\u015a\u0106<\/strong> : 22 m2[\/vc_column_text][\/vc_column_inner][vc_column_inner width=&#8221;1\/3&#8243;][vc_btn title=&#8221;Zarezerwuj pok\u00f3j&#8221; color=&#8221;default&#8221; align=&#8221;center&#8221; link=&#8221;url:https%3A%2F%2Fwww.hotelrestart.cz%2Fpl%2Frezerwacja%2F&#8221;][\/vc_column_inner][\/vc_row_inner][\/vc_column][vc_column width=&#8221;1\/2&#8243;][vc_column_text]Niekt\u00f3rzy ludzie podr\u00f3\u017cuj\u0105 samotnie w celach s\u0142u\u017cbowych, podczas gdy inni lubi\u0105 cieszy\u0107 si\u0119 spokojnymi wakacjami, gdzie nikt im nie b\u0119dzie przeszkadza\u0142. W hotelu reSTART zapewnimy Ci nocleg w nowoczesnym pokoju jednoosobowym, w kt\u00f3rym b\u0119dziesz m\u00f3g\u0142 wypocz\u0105\u0107 po ci\u0119\u017ckim dniu pracy lub po ca\u0142odniowej wycieczce po pi\u0119knych zak\u0105tkach Czeskiego Raju. Pok\u00f3j jednoosobowy oferuje du\u017ce, wygodne \u0142\u00f3\u017cko z niezwykle wygodnym materacem, mn\u00f3stwo miejsca na baga\u017ce i najwy\u017cszej jako\u015bci udogodnienia, kt\u00f3re zapewni\u0105 Ci beztroski pobyt.  [\/vc_column_text][vc_column_text]<b>Sprz\u0119t<\/b>[\/vc_column_text][vc_row_inner][vc_column_inner width=&#8221;1\/2&#8243;][vc_column_text]<\/p>\n<ul>\n<li>klimatyzacja<\/li>\n<li>Telewizory LED 101 (40)<\/li>\n<li>Ekspres do kawy Nespresso<\/li>\n<li>zestaw do herbaty<\/li>\n<li>mini-bar<\/li>\n<li>st\u00f3\u0142 konferencyjny<\/li>\n<li>bezpieczna<\/li>\n<li>suszarka do w\u0142os\u00f3w<\/li>\n<li>kapcie<\/li>\n<\/ul>\n<p>[\/vc_column_text][\/vc_column_inner][vc_column_inner width=&#8221;1\/2&#8243;][vc_column_text]<\/p>\n<ul>\n<li>Kosmetyki BOTANICA z olejkiem arganowym<\/li>\n<li>kabina prysznicowa<\/li>\n<li>lusterko kosmetyczne<\/li>\n<li>waga<\/li>\n<li>zas\u0142ony zaciemniaj\u0105ce<\/li>\n<li>\u0142\u00f3\u017cko superior z wygodnym materacem medycznym<\/li>\n<li>maksymalna pojemno\u015b\u0107 sali 2 osoby <\/li>\n<\/ul>\n<p>[\/vc_column_text][\/vc_column_inner][\/vc_row_inner][vc_empty_space][\/vc_column][\/vc_row][vc_row][vc_column][vc_empty_space][vc_column_text]<\/p>\n\t\t\t<style>\r\n                #foogallery-gallery-7467.fg-justified .fg-item {\r\n                    margin-right: 1px;\r\n                    margin-bottom: 1px;\r\n                }\r\n\r\n                #foogallery-gallery-7467.fg-justified .fg-image {\r\n                    height: 200px;\r\n                }\r\n\t\t\t<\/style>\r\n\t\t\t\t\t\t<style>\r\n                #foogallery-gallery-7467_1.fg-justified .fg-item {\r\n                    margin-right: 1px;\r\n                    margin-bottom: 1px;\r\n                }\r\n\r\n                #foogallery-gallery-7467_1.fg-justified .fg-image {\r\n                    height: 200px;\r\n                }\r\n\t\t\t<\/style>\r\n\t\t\t<div class=\"foogallery foogallery-container foogallery-justified foogallery-lightbox-dfactory fg-justified fg-light fg-shadow-outline fg-loading-default fg-loaded-fade-in fg-caption-always fg-hover-fade fg-hover-zoom2 fg-ready\" id=\"foogallery-gallery-7467_1\" data-foogallery=\"{&quot;item&quot;:{&quot;showCaptionTitle&quot;:true,&quot;showCaptionDescription&quot;:false},&quot;lazy&quot;:true,&quot;template&quot;:{&quot;rowHeight&quot;:200,&quot;maxRowHeight&quot;:300,&quot;margins&quot;:1,&quot;align&quot;:&quot;center&quot;,&quot;lastRow&quot;:&quot;smart&quot;}}\" >\r\n\t<div class=\"fg-item fg-type-image fg-idle\"><figure class=\"fg-item-inner\"><a href=\"https:\/\/www.hotelrestart.cz\/wp-content\/uploads\/2019\/06\/single-1.jpg\" data-attachment-id=\"8559\" data-rel=\"lightbox\" data-type=\"image\" class=\"fg-thumb\"><span class=\"fg-image-wrap\"><img fetchpriority=\"high\" decoding=\"async\" height=\"300\" width=\"450\" class=\"skip-lazy fg-image\" data-no-lazy=\"1\" data-src-fg=\"https:\/\/www.hotelrestart.cz\/wp-content\/uploads\/cache\/2019\/06\/single-1\/4021058076.jpg\" src=\"data:image\/svg+xml,%3Csvg%20xmlns%3D%22http%3A%2F%2Fwww.w3.org%2F2000%2Fsvg%22%20width%3D%22450%22%20height%3D%22300%22%20viewBox%3D%220%200%20450%20300%22%3E%3C%2Fsvg%3E\" loading=\"eager\"><\/span><span class=\"fg-image-overlay\"><\/span><\/a><figcaption class=\"fg-caption\"><div class=\"fg-caption-inner\"><\/div><\/figcaption><\/figure><div class=\"fg-loader\"><\/div><\/div><div class=\"fg-item fg-type-image fg-idle\"><figure class=\"fg-item-inner\"><a href=\"https:\/\/www.hotelrestart.cz\/wp-content\/uploads\/2019\/06\/single-2.jpg\" data-attachment-id=\"8560\" data-rel=\"lightbox\" data-type=\"image\" class=\"fg-thumb\"><span class=\"fg-image-wrap\"><img decoding=\"async\" height=\"300\" width=\"450\" class=\"skip-lazy fg-image\" data-no-lazy=\"1\" data-src-fg=\"https:\/\/www.hotelrestart.cz\/wp-content\/uploads\/cache\/2019\/06\/single-2\/2615093609.jpg\" src=\"data:image\/svg+xml,%3Csvg%20xmlns%3D%22http%3A%2F%2Fwww.w3.org%2F2000%2Fsvg%22%20width%3D%22450%22%20height%3D%22300%22%20viewBox%3D%220%200%20450%20300%22%3E%3C%2Fsvg%3E\" loading=\"eager\"><\/span><span class=\"fg-image-overlay\"><\/span><\/a><figcaption class=\"fg-caption\"><div class=\"fg-caption-inner\"><\/div><\/figcaption><\/figure><div class=\"fg-loader\"><\/div><\/div><div class=\"fg-item fg-type-image fg-idle\"><figure class=\"fg-item-inner\"><a href=\"https:\/\/www.hotelrestart.cz\/wp-content\/uploads\/2019\/06\/single-3.jpg\" data-attachment-id=\"8561\" data-rel=\"lightbox\" data-type=\"image\" class=\"fg-thumb\"><span class=\"fg-image-wrap\"><img decoding=\"async\" height=\"300\" width=\"450\" class=\"skip-lazy fg-image\" data-no-lazy=\"1\" data-src-fg=\"https:\/\/www.hotelrestart.cz\/wp-content\/uploads\/cache\/2019\/06\/single-3\/294732082.jpg\" src=\"data:image\/svg+xml,%3Csvg%20xmlns%3D%22http%3A%2F%2Fwww.w3.org%2F2000%2Fsvg%22%20width%3D%22450%22%20height%3D%22300%22%20viewBox%3D%220%200%20450%20300%22%3E%3C%2Fsvg%3E\" loading=\"eager\"><\/span><span class=\"fg-image-overlay\"><\/span><\/a><figcaption class=\"fg-caption\"><div class=\"fg-caption-inner\"><\/div><\/figcaption><\/figure><div class=\"fg-loader\"><\/div><\/div><div class=\"fg-item fg-type-image fg-idle\"><figure class=\"fg-item-inner\"><a href=\"https:\/\/www.hotelrestart.cz\/wp-content\/uploads\/2019\/06\/single-4.jpg\" data-attachment-id=\"8562\" data-rel=\"lightbox\" data-type=\"image\" class=\"fg-thumb\"><span class=\"fg-image-wrap\"><img decoding=\"async\" height=\"300\" width=\"450\" class=\"skip-lazy fg-image\" data-no-lazy=\"1\" data-src-fg=\"https:\/\/www.hotelrestart.cz\/wp-content\/uploads\/cache\/2019\/06\/single-4\/3497587044.jpg\" src=\"data:image\/svg+xml,%3Csvg%20xmlns%3D%22http%3A%2F%2Fwww.w3.org%2F2000%2Fsvg%22%20width%3D%22450%22%20height%3D%22300%22%20viewBox%3D%220%200%20450%20300%22%3E%3C%2Fsvg%3E\" loading=\"eager\"><\/span><span class=\"fg-image-overlay\"><\/span><\/a><figcaption class=\"fg-caption\"><div class=\"fg-caption-inner\"><\/div><\/figcaption><\/figure><div class=\"fg-loader\"><\/div><\/div><div class=\"fg-item fg-type-image fg-idle\"><figure class=\"fg-item-inner\"><a href=\"https:\/\/www.hotelrestart.cz\/wp-content\/uploads\/2019\/06\/single-5.jpg\" data-attachment-id=\"8563\" data-rel=\"lightbox\" data-type=\"image\" class=\"fg-thumb\"><span class=\"fg-image-wrap\"><img decoding=\"async\" height=\"300\" width=\"450\" class=\"skip-lazy fg-image\" data-no-lazy=\"1\" data-src-fg=\"https:\/\/www.hotelrestart.cz\/wp-content\/uploads\/cache\/2019\/06\/single-5\/1513527615.jpg\" src=\"data:image\/svg+xml,%3Csvg%20xmlns%3D%22http%3A%2F%2Fwww.w3.org%2F2000%2Fsvg%22%20width%3D%22450%22%20height%3D%22300%22%20viewBox%3D%220%200%20450%20300%22%3E%3C%2Fsvg%3E\" loading=\"eager\"><\/span><span class=\"fg-image-overlay\"><\/span><\/a><figcaption class=\"fg-caption\"><div class=\"fg-caption-inner\"><\/div><\/figcaption><\/figure><div class=\"fg-loader\"><\/div><\/div><div class=\"fg-item fg-type-image fg-idle\"><figure class=\"fg-item-inner\"><a href=\"https:\/\/www.hotelrestart.cz\/wp-content\/uploads\/2019\/06\/single-6.jpg\" data-attachment-id=\"8564\" data-rel=\"lightbox\" data-type=\"image\" class=\"fg-thumb\"><span class=\"fg-image-wrap\"><img decoding=\"async\" height=\"300\" width=\"441\" class=\"skip-lazy fg-image\" data-no-lazy=\"1\" data-src-fg=\"https:\/\/www.hotelrestart.cz\/wp-content\/uploads\/cache\/2019\/06\/single-6\/3749020358.jpg\" src=\"data:image\/svg+xml,%3Csvg%20xmlns%3D%22http%3A%2F%2Fwww.w3.org%2F2000%2Fsvg%22%20width%3D%22441%22%20height%3D%22300%22%20viewBox%3D%220%200%20441%20300%22%3E%3C%2Fsvg%3E\" loading=\"eager\"><\/span><span class=\"fg-image-overlay\"><\/span><\/a><figcaption class=\"fg-caption\"><div class=\"fg-caption-inner\"><\/div><\/figcaption><\/figure><div class=\"fg-loader\"><\/div><\/div><div class=\"fg-item fg-type-image fg-idle\"><figure class=\"fg-item-inner\"><a href=\"https:\/\/www.hotelrestart.cz\/wp-content\/uploads\/2019\/06\/single-7.jpg\" data-attachment-id=\"8565\" data-rel=\"lightbox\" data-type=\"image\" class=\"fg-thumb\"><span class=\"fg-image-wrap\"><img decoding=\"async\" height=\"300\" width=\"441\" class=\"skip-lazy fg-image\" data-no-lazy=\"1\" data-src-fg=\"https:\/\/www.hotelrestart.cz\/wp-content\/uploads\/cache\/2019\/06\/single-7\/1429990045.jpg\" src=\"data:image\/svg+xml,%3Csvg%20xmlns%3D%22http%3A%2F%2Fwww.w3.org%2F2000%2Fsvg%22%20width%3D%22441%22%20height%3D%22300%22%20viewBox%3D%220%200%20441%20300%22%3E%3C%2Fsvg%3E\" loading=\"eager\"><\/span><span class=\"fg-image-overlay\"><\/span><\/a><figcaption class=\"fg-caption\"><div class=\"fg-caption-inner\"><\/div><\/figcaption><\/figure><div class=\"fg-loader\"><\/div><\/div><div class=\"fg-item fg-type-image fg-idle\"><figure class=\"fg-item-inner\"><a href=\"https:\/\/www.hotelrestart.cz\/wp-content\/uploads\/2019\/06\/301-jednol\u016f\u017eko.jpg\" data-attachment-id=\"8611\" data-rel=\"lightbox\" data-type=\"image\" class=\"fg-thumb\"><span class=\"fg-image-wrap\"><img decoding=\"async\" height=\"300\" width=\"313\" class=\"skip-lazy fg-image\" data-no-lazy=\"1\" data-src-fg=\"https:\/\/www.hotelrestart.cz\/wp-content\/uploads\/cache\/2019\/06\/301-jednol\u016f\u017eko\/45530024.jpg\" src=\"data:image\/svg+xml,%3Csvg%20xmlns%3D%22http%3A%2F%2Fwww.w3.org%2F2000%2Fsvg%22%20width%3D%22313%22%20height%3D%22300%22%20viewBox%3D%220%200%20313%20300%22%3E%3C%2Fsvg%3E\" loading=\"eager\"><\/span><span class=\"fg-image-overlay\"><\/span><\/a><figcaption class=\"fg-caption\"><div class=\"fg-caption-inner\"><\/div><\/figcaption><\/figure><div class=\"fg-loader\"><\/div><\/div><\/div>\r\n\n<p>[\/vc_column_text][vc_empty_space][\/vc_column][\/vc_row][vc_row full_width=&#8221;stretch_row&#8221; el_class=&#8221;brown&#8221;][vc_column][vc_column_text]<\/p>\n<h2 style=\"text-align: center;\">Czy chcesz inny typ pokoju?<\/h2>\n<p>[\/vc_column_text][vc_column_text]<div class=\"toppackages\"><div class=\"toppackage xzoom\"><a href=\"https:\/\/www.hotelrestart.cz\/pl\/pokoj-dwuosobowy\/\"><div class=\"intoppackage toproom\" style=\"\r\nbackground-image:url('https:\/\/www.hotelrestart.cz\/wp-content\/uploads\/2020\/08\/Pokoj_dvouluzkovy.jpg');\r\nbackground-size: cover\">\r\n<div class=\"intopx\"><h3>Pok\u00f3j dwuosobowy<\/h3><span class=\"splink\">V\u00edce o pokoji >><\/span><\/div><\/div><\/a><\/div><div class=\"toppackage xzoom\"><a href=\"https:\/\/www.hotelrestart.cz\/pl\/pokoje\/pokoj-rodzinny\/\"><div class=\"intoppackage toproom\" style=\"\r\nbackground-image:url('https:\/\/www.hotelrestart.cz\/wp-content\/uploads\/2020\/08\/Pokoj_rodinny.jpg');\r\nbackground-size: cover\">\r\n<div class=\"intopx\"><h3>Pok\u00f3j rodzinny<\/h3><span class=\"splink\">V\u00edce o pokoji >><\/span><\/div><\/div><\/a><\/div><div class=\"toppackage xzoom\"><a href=\"https:\/\/www.hotelrestart.cz\/pl\/apartament\/\"><div class=\"intoppackage toproom\" style=\"\r\nbackground-image:url('https:\/\/www.hotelrestart.cz\/wp-content\/uploads\/2020\/08\/Pokoj_apartman.jpg');\r\nbackground-size: cover\">\r\n<div class=\"intopx\"><h3>Apartament<\/h3><span class=\"splink\">V\u00edce o pokoji >><\/span><\/div><\/div><\/a><\/div><div class=\"toppackage xzoom\"><a href=\"https:\/\/www.hotelrestart.cz\/pl\/pokoje\/pokoj-dostepny-dla-osob-niepelnosprawnych\/\"><div class=\"intoppackage toproom\" style=\"\r\nbackground-image:url('https:\/\/www.hotelrestart.cz\/wp-content\/uploads\/2020\/09\/Pokoj_bezbarier.jpg');\r\nbackground-size: cover\">\r\n<div class=\"intopx\"><h3>Pok\u00f3j dost\u0119pny dla os\u00f3b niepe\u0142nosprawnych<\/h3><span class=\"splink\">V\u00edce o pokoji >><\/span><\/div><\/div><\/a><\/div><br style=\"clear:both;\" \/><\/div>[\/vc_column_text][\/vc_column][\/vc_row]<\/p>\n<\/div>","protected":false},"excerpt":{"rendered":"<p>[vc_row full_width=&#8221;stretch_row&#8221; content_placement=&#8221;middle&#8221; el_class=&#8221;featured&#8221;][vc_column][vc_column_text] Pok\u00f3j jednoosobowy [\/vc_column_text][\/vc_column][\/vc_row][vc_row][vc_column width=&#8221;1\/2&#8243;][vc_video link=&#8221;https:\/\/vimeo.com\/345663399&#8243;][vc_empty_space][vc_row_inner][vc_column_inner width=&#8221;1\/3&#8243;][vc_column_text]LICZBA POKOI : 8[\/vc_column_text][\/vc_column_inner] [vc_column_inner width=&#8221;1\/3&#8243;][vc_column_text]WIELKO\u015a\u0106 : 22 m2[\/vc_column_text][\/vc_column_inner][vc_column_inner width=&#8221;1\/3&#8243;][vc_btn title=&#8221;Zarezerwuj pok\u00f3j&#8221; color=&#8221;default&#8221; align=&#8221;center&#8221; link=&#8221;url:https%3A%2F%2Fwww.hotelrestart.cz%2Fpl%2Frezerwacja%2F&#8221;][\/vc_column_inner][\/vc_row_inner][\/vc_column][vc_column width=&#8221;1\/2&#8243;][vc_column_text]Niekt\u00f3rzy ludzie<\/p>\n","protected":false},"author":6,"featured_media":14274,"parent":13892,"menu_order":1,"comment_status":"closed","ping_status":"closed","template":"","meta":{"footnotes":""},"categories":[213],"tags":[214],"class_list":["post-14227","page","type-page","status-publish","has-post-thumbnail","hentry","category-pokoje-en","tag-pokoje-pl"],"acf":[],"yoast_head":"<!-- This site is optimized with the Yoast SEO plugin v21.8 - https:\/\/yoast.com\/wordpress\/plugins\/seo\/ -->\n<title>Pok\u00f3j jednoosobowy - Hotel reSTART<\/title>\n<meta name=\"robots\" content=\"index, follow, max-snippet:-1, max-image-preview:large, max-video-preview:-1\" \/>\n<link rel=\"canonical\" href=\"https:\/\/www.hotelrestart.cz\/pokoje\/pokoj-1\/\" \/>\n<meta property=\"og:locale\" content=\"pl_PL\" \/>\n<meta property=\"og:type\" content=\"article\" \/>\n<meta property=\"og:title\" content=\"Pok\u00f3j jednoosobowy - Hotel reSTART\" \/>\n<meta property=\"og:description\" content=\"[vc_row full_width=&#8221;stretch_row&#8221; content_placement=&#8221;middle&#8221; el_class=&#8221;featured&#8221;][vc_column][vc_column_text] Pok\u00f3j jednoosobowy [\/vc_column_text][\/vc_column][\/vc_row][vc_row][vc_column width=&#8221;1\/2&#8243;][vc_video link=&#8221;https:\/\/vimeo.com\/345663399&#8243;][vc_empty_space][vc_row_inner][vc_column_inner width=&#8221;1\/3&#8243;][vc_column_text]LICZBA POKOI : 8[\/vc_column_text][\/vc_column_inner] [vc_column_inner width=&#8221;1\/3&#8243;][vc_column_text]WIELKO\u015a\u0106 : 22 m2[\/vc_column_text][\/vc_column_inner][vc_column_inner width=&#8221;1\/3&#8243;][vc_btn title=&#8221;Zarezerwuj pok\u00f3j&#8221; color=&#8221;default&#8221; align=&#8221;center&#8221; link=&#8221;url:https%3A%2F%2Fwww.hotelrestart.cz%2Fpl%2Frezerwacja%2F&#8221;][\/vc_column_inner][\/vc_row_inner][\/vc_column][vc_column width=&#8221;1\/2&#8243;][vc_column_text]Niekt\u00f3rzy ludzie\" \/>\n<meta property=\"og:url\" content=\"https:\/\/www.hotelrestart.cz\/pokoje\/pokoj-1\/\" \/>\n<meta property=\"og:site_name\" content=\"Hotel reSTART\" \/>\n<meta property=\"article:modified_time\" content=\"2026-01-28T14:38:51+00:00\" \/>\n<meta property=\"og:image\" content=\"https:\/\/www.hotelrestart.cz\/wp-content\/uploads\/2020\/08\/Pokoj_jednoluzkovy.jpg\" \/>\n\t<meta property=\"og:image:width\" content=\"317\" \/>\n\t<meta property=\"og:image:height\" content=\"463\" \/>\n\t<meta property=\"og:image:type\" content=\"image\/jpeg\" \/>\n<meta name=\"twitter:card\" content=\"summary_large_image\" \/>\n<meta name=\"twitter:label1\" content=\"Szacowany czas czytania\" \/>\n\t<meta name=\"twitter:data1\" content=\"2 minuty\" \/>\n<script type=\"application\/ld+json\" class=\"yoast-schema-graph\">{\"@context\":\"https:\/\/schema.org\",\"@graph\":[{\"@type\":\"WebPage\",\"@id\":\"https:\/\/www.hotelrestart.cz\/pokoje\/pokoj-1\/\",\"url\":\"https:\/\/www.hotelrestart.cz\/pokoje\/pokoj-1\/\",\"name\":\"Pok\u00f3j jednoosobowy - Hotel reSTART\",\"isPartOf\":{\"@id\":\"https:\/\/www.hotelrestart.cz\/#website\"},\"datePublished\":\"2019-05-31T07:05:41+00:00\",\"dateModified\":\"2026-01-28T14:38:51+00:00\",\"breadcrumb\":{\"@id\":\"https:\/\/www.hotelrestart.cz\/pokoje\/pokoj-1\/#breadcrumb\"},\"inLanguage\":\"pl-PL\",\"potentialAction\":[{\"@type\":\"ReadAction\",\"target\":[\"https:\/\/www.hotelrestart.cz\/pokoje\/pokoj-1\/\"]}]},{\"@type\":\"BreadcrumbList\",\"@id\":\"https:\/\/www.hotelrestart.cz\/pokoje\/pokoj-1\/#breadcrumb\",\"itemListElement\":[{\"@type\":\"ListItem\",\"position\":1,\"name\":\"Home\",\"item\":\"https:\/\/www.hotelrestart.cz\/pl\/hotel-restart-jicin-oficjalna-strona-internetowa\/\"},{\"@type\":\"ListItem\",\"position\":2,\"name\":\"Pokoje\",\"item\":\"https:\/\/www.hotelrestart.cz\/pl\/pokoje\/\"},{\"@type\":\"ListItem\",\"position\":3,\"name\":\"Pok\u00f3j jednoosobowy\"}]},{\"@type\":\"WebSite\",\"@id\":\"https:\/\/www.hotelrestart.cz\/#website\",\"url\":\"https:\/\/www.hotelrestart.cz\/\",\"name\":\"Hotel reSTART\",\"description\":\"4* Hotel v Ji\u010d\u00edn\u011b\",\"potentialAction\":[{\"@type\":\"SearchAction\",\"target\":{\"@type\":\"EntryPoint\",\"urlTemplate\":\"https:\/\/www.hotelrestart.cz\/?s={search_term_string}\"},\"query-input\":\"required name=search_term_string\"}],\"inLanguage\":\"pl-PL\"}]}<\/script>\n<!-- \/ Yoast SEO plugin. -->","yoast_head_json":{"title":"Pok\u00f3j jednoosobowy - Hotel reSTART","robots":{"index":"index","follow":"follow","max-snippet":"max-snippet:-1","max-image-preview":"max-image-preview:large","max-video-preview":"max-video-preview:-1"},"canonical":"https:\/\/www.hotelrestart.cz\/pokoje\/pokoj-1\/","og_locale":"pl_PL","og_type":"article","og_title":"Pok\u00f3j jednoosobowy - Hotel reSTART","og_description":"[vc_row full_width=&#8221;stretch_row&#8221; content_placement=&#8221;middle&#8221; el_class=&#8221;featured&#8221;][vc_column][vc_column_text] Pok\u00f3j jednoosobowy [\/vc_column_text][\/vc_column][\/vc_row][vc_row][vc_column width=&#8221;1\/2&#8243;][vc_video link=&#8221;https:\/\/vimeo.com\/345663399&#8243;][vc_empty_space][vc_row_inner][vc_column_inner width=&#8221;1\/3&#8243;][vc_column_text]LICZBA POKOI : 8[\/vc_column_text][\/vc_column_inner] [vc_column_inner width=&#8221;1\/3&#8243;][vc_column_text]WIELKO\u015a\u0106 : 22 m2[\/vc_column_text][\/vc_column_inner][vc_column_inner width=&#8221;1\/3&#8243;][vc_btn title=&#8221;Zarezerwuj pok\u00f3j&#8221; color=&#8221;default&#8221; align=&#8221;center&#8221; link=&#8221;url:https%3A%2F%2Fwww.hotelrestart.cz%2Fpl%2Frezerwacja%2F&#8221;][\/vc_column_inner][\/vc_row_inner][\/vc_column][vc_column width=&#8221;1\/2&#8243;][vc_column_text]Niekt\u00f3rzy ludzie","og_url":"https:\/\/www.hotelrestart.cz\/pokoje\/pokoj-1\/","og_site_name":"Hotel reSTART","article_modified_time":"2026-01-28T14:38:51+00:00","og_image":[{"width":317,"height":463,"url":"https:\/\/www.hotelrestart.cz\/wp-content\/uploads\/2020\/08\/Pokoj_jednoluzkovy.jpg","type":"image\/jpeg"}],"twitter_card":"summary_large_image","twitter_misc":{"Szacowany czas czytania":"2 minuty"},"schema":{"@context":"https:\/\/schema.org","@graph":[{"@type":"WebPage","@id":"https:\/\/www.hotelrestart.cz\/pokoje\/pokoj-1\/","url":"https:\/\/www.hotelrestart.cz\/pokoje\/pokoj-1\/","name":"Pok\u00f3j jednoosobowy - Hotel reSTART","isPartOf":{"@id":"https:\/\/www.hotelrestart.cz\/#website"},"datePublished":"2019-05-31T07:05:41+00:00","dateModified":"2026-01-28T14:38:51+00:00","breadcrumb":{"@id":"https:\/\/www.hotelrestart.cz\/pokoje\/pokoj-1\/#breadcrumb"},"inLanguage":"pl-PL","potentialAction":[{"@type":"ReadAction","target":["https:\/\/www.hotelrestart.cz\/pokoje\/pokoj-1\/"]}]},{"@type":"BreadcrumbList","@id":"https:\/\/www.hotelrestart.cz\/pokoje\/pokoj-1\/#breadcrumb","itemListElement":[{"@type":"ListItem","position":1,"name":"Home","item":"https:\/\/www.hotelrestart.cz\/pl\/hotel-restart-jicin-oficjalna-strona-internetowa\/"},{"@type":"ListItem","position":2,"name":"Pokoje","item":"https:\/\/www.hotelrestart.cz\/pl\/pokoje\/"},{"@type":"ListItem","position":3,"name":"Pok\u00f3j jednoosobowy"}]},{"@type":"WebSite","@id":"https:\/\/www.hotelrestart.cz\/#website","url":"https:\/\/www.hotelrestart.cz\/","name":"Hotel reSTART","description":"4* Hotel v Ji\u010d\u00edn\u011b","potentialAction":[{"@type":"SearchAction","target":{"@type":"EntryPoint","urlTemplate":"https:\/\/www.hotelrestart.cz\/?s={search_term_string}"},"query-input":"required name=search_term_string"}],"inLanguage":"pl-PL"}]}},"_links":{"self":[{"href":"https:\/\/www.hotelrestart.cz\/pl\/wp-json\/wp\/v2\/pages\/14227","targetHints":{"allow":["GET"]}}],"collection":[{"href":"https:\/\/www.hotelrestart.cz\/pl\/wp-json\/wp\/v2\/pages"}],"about":[{"href":"https:\/\/www.hotelrestart.cz\/pl\/wp-json\/wp\/v2\/types\/page"}],"author":[{"embeddable":true,"href":"https:\/\/www.hotelrestart.cz\/pl\/wp-json\/wp\/v2\/users\/6"}],"replies":[{"embeddable":true,"href":"https:\/\/www.hotelrestart.cz\/pl\/wp-json\/wp\/v2\/comments?post=14227"}],"version-history":[{"count":1,"href":"https:\/\/www.hotelrestart.cz\/pl\/wp-json\/wp\/v2\/pages\/14227\/revisions"}],"predecessor-version":[{"id":15618,"href":"https:\/\/www.hotelrestart.cz\/pl\/wp-json\/wp\/v2\/pages\/14227\/revisions\/15618"}],"up":[{"embeddable":true,"href":"https:\/\/www.hotelrestart.cz\/pl\/wp-json\/wp\/v2\/pages\/13892"}],"wp:featuredmedia":[{"embeddable":true,"href":"https:\/\/www.hotelrestart.cz\/pl\/wp-json\/wp\/v2\/media\/14274"}],"wp:attachment":[{"href":"https:\/\/www.hotelrestart.cz\/pl\/wp-json\/wp\/v2\/media?parent=14227"}],"wp:term":[{"taxonomy":"category","embeddable":true,"href":"https:\/\/www.hotelrestart.cz\/pl\/wp-json\/wp\/v2\/categories?post=14227"},{"taxonomy":"post_tag","embeddable":true,"href":"https:\/\/www.hotelrestart.cz\/pl\/wp-json\/wp\/v2\/tags?post=14227"}],"curies":[{"name":"wp","href":"https:\/\/api.w.org\/{rel}","templated":true}]}}