{"id":14188,"date":"2019-06-11T11:05:32","date_gmt":"2019-06-11T09:05:32","guid":{"rendered":"https:\/\/www.hotelrestart.cz\/polityka-plikow-cookie\/"},"modified":"2019-06-11T11:05:32","modified_gmt":"2019-06-11T09:05:32","slug":"polityka-plikow-cookie","status":"publish","type":"page","link":"https:\/\/www.hotelrestart.cz\/pl\/polityka-plikow-cookie\/","title":{"rendered":"Polityka plik\u00f3w cookie"},"content":{"rendered":"<p><strong>O\u015bwiadczenie dotycz\u0105ce plik\u00f3w cookie i opcje zapobiegania ich u\u017cywaniu<\/strong><\/p>\n<p>Je\u015bli chcesz uzyska\u0107 wi\u0119cej informacji o tym, jak przetwarzamy Twoje dane osobowe, zapoznaj si\u0119 z <strong><a href=\"https:\/\/semtix.cz\/osobni-udaje\/\">Polityk\u0105 Prywatno\u015bci<\/a><\/strong> .<\/p>\n<p><strong>Czym s\u0105 pliki cookie?<\/strong><\/p>\n<p>Pliki cookie to niewielkie pliki danych, kt\u00f3re umo\u017cliwiaj\u0105 odwiedzanym stronom internetowym zapami\u0119tywanie Twoich dzia\u0142a\u0144 i ustawie\u0144, jakie na nich wprowadzi\u0142e\u015b. Za ka\u017cdym razem, gdy odwiedzasz witryn\u0119, przegl\u0105darka wysy\u0142a dane zapisane w pliku z powrotem na serwer. Ten niewielki plik nazywa si\u0119 \u201ecookie\u201d i jest kr\u00f3tkim plikiem tekstowym zawieraj\u0105cym okre\u015blony ci\u0105g znak\u00f3w z unikalnymi informacjami. U\u017cywamy plik\u00f3w cookie w celu zapewnienia jako\u015bci naszych us\u0142ug i lepszego zrozumienia, w jaki spos\u00f3b ludzie korzystaj\u0105 z naszej witryny. Dlatego przechowujemy preferencje u\u017cytkownik\u00f3w w plikach cookie i wykorzystujemy je do \u015bledzenia trend\u00f3w u\u017cytkownik\u00f3w oraz sposobu, w jaki ludzie zachowuj\u0105 si\u0119 na naszych stronach i je przegl\u0105daj\u0105. Pliki cookie nie stanowi\u0105 zagro\u017cenia, jednak s\u0105 wa\u017cne dla ochrony prywatno\u015bci. Pliki cookie nie mog\u0105 by\u0107 u\u017cyte do identyfikacji u\u017cytkownik\u00f3w witryny ani do niew\u0142a\u015bciwego wykorzystania danych logowania.      <\/p>\n<p><strong>Jakich plik\u00f3w cookie u\u017cywamy?<\/strong><\/p>\n<p>Nasze strony internetowe u\u017cywaj\u0105 wy\u0142\u0105cznie plik\u00f3w cookie \u201ew\u0142asnych\u201d, tzn. plik\u00f3w cookie u\u017cywanych tylko przez nasze strony internetowe (zwanych dalej plikami cookie w\u0142asnych) oraz plik\u00f3w cookie \u201etrzecich stron\u201d (tzn. plik\u00f3w cookie pochodz\u0105cych ze stron internetowych os\u00f3b trzecich). U\u017cywamy plik\u00f3w cookie pierwszej kategorii w celu przechowywania preferencji u\u017cytkownika i danych potrzebnych podczas wizyty na stronie internetowej, w tym \u015bledzenia anonimowych statystyk, g\u0142osowania w ankietach, prze\u0142\u0105czania si\u0119 z urz\u0105dze\u0144 mobilnych na wersj\u0119 strony przeznaczon\u0105 na komputery PC oraz logowania si\u0119 jako zarejestrowany u\u017cytkownik. U\u017cywamy plik\u00f3w cookie stron trzecich do \u015bledzenia trend\u00f3w i wzorc\u00f3w zachowa\u0144 u\u017cytkownik\u00f3w oraz do kierowania reklam za pomoc\u0105 stron trzecich \u2014 dostawc\u00f3w statystyk internetowych. Pliki cookie stron trzecich s\u0142u\u017c\u0105ce do \u015bledzenia trend\u00f3w i wzorc\u00f3w zachowa\u0144 s\u0105 wykorzystywane wy\u0142\u0105cznie przez nasz\u0105 witryn\u0119 internetow\u0105 oraz dostawc\u0119 statystyk internetowych i nie s\u0105 udost\u0119pniane \u017cadnym innym stronom trzecim.   <\/p>\n<p><strong>Zgoda na przechowywanie plik\u00f3w cookies<\/strong><\/p>\n<p>Wi\u0119kszo\u015b\u0107 przegl\u0105darek automatycznie akceptuje pliki cookie, chyba \u017ce przegl\u0105darka ma inne ustawienia. Korzystaj\u0105c z tej witryny wyra\u017casz zgod\u0119 na przechowywanie plik\u00f3w cookie. <\/p>\n<p><strong>Co zrobi\u0107, je\u015bli nie wyra\u017casz zgody na u\u017cywanie plik\u00f3w cookies?<\/strong><\/p>\n<p>Mo\u017cesz ograniczy\u0107 lub zablokowa\u0107 u\u017cywanie plik\u00f3w cookie w ustawieniach swojej przegl\u0105darki internetowej. Informacje na temat ustawie\u0144 poszczeg\u00f3lnych przegl\u0105darek mo\u017cna znale\u017a\u0107 pod nast\u0119puj\u0105cymi adresami: <\/p>\n<ul>\n<li>Internet Explorer: <a href=\"http:\/\/windows.microsoft.com\/\">windows.microsoft.com<\/a><\/li>\n<li>Google Chrome: <a href=\"http:\/\/support.google.com\/\">support.google.com<\/a><\/li>\n<li>Mozilla Firefox: <a href=\"http:\/\/support.mozilla.org\/\">support.mozilla.org<\/a><\/li>\n<li>Opera: <a href=\"http:\/\/help.opera.com\/\">pomoc.opera.com<\/a><\/li>\n<\/ul>\n","protected":false},"excerpt":{"rendered":"<p>O\u015bwiadczenie dotycz\u0105ce plik\u00f3w cookie i opcje zapobiegania ich u\u017cywaniu Je\u015bli chcesz uzyska\u0107 wi\u0119cej informacji o tym, jak przetwarzamy Twoje dane osobowe, zapoznaj si\u0119 z Polityk\u0105 Prywatno\u015bci<\/p>\n","protected":false},"author":6,"featured_media":0,"parent":0,"menu_order":0,"comment_status":"closed","ping_status":"closed","template":"","meta":{"footnotes":""},"categories":[],"tags":[],"class_list":["post-14188","page","type-page","status-publish","hentry"],"acf":[],"yoast_head":"<!-- This site is optimized with the Yoast SEO plugin v21.8 - https:\/\/yoast.com\/wordpress\/plugins\/seo\/ -->\n<title>Polityka plik\u00f3w cookie - Hotel reSTART<\/title>\n<meta name=\"robots\" content=\"index, follow, max-snippet:-1, max-image-preview:large, max-video-preview:-1\" \/>\n<link rel=\"canonical\" href=\"https:\/\/www.hotelrestart.cz\/polityka-plikow-cookie\/\" \/>\n<meta property=\"og:locale\" content=\"pl_PL\" \/>\n<meta property=\"og:type\" content=\"article\" \/>\n<meta property=\"og:title\" content=\"Polityka plik\u00f3w cookie - Hotel reSTART\" \/>\n<meta property=\"og:description\" content=\"O\u015bwiadczenie dotycz\u0105ce plik\u00f3w cookie i opcje zapobiegania ich u\u017cywaniu Je\u015bli chcesz uzyska\u0107 wi\u0119cej informacji o tym, jak przetwarzamy Twoje dane osobowe, zapoznaj si\u0119 z Polityk\u0105 Prywatno\u015bci\" \/>\n<meta property=\"og:url\" content=\"https:\/\/www.hotelrestart.cz\/polityka-plikow-cookie\/\" \/>\n<meta property=\"og:site_name\" content=\"Hotel reSTART\" \/>\n<meta name=\"twitter:card\" content=\"summary_large_image\" \/>\n<meta name=\"twitter:label1\" content=\"Szacowany czas czytania\" \/>\n\t<meta name=\"twitter:data1\" content=\"2 minuty\" \/>\n<script type=\"application\/ld+json\" class=\"yoast-schema-graph\">{\"@context\":\"https:\/\/schema.org\",\"@graph\":[{\"@type\":\"WebPage\",\"@id\":\"https:\/\/www.hotelrestart.cz\/polityka-plikow-cookie\/\",\"url\":\"https:\/\/www.hotelrestart.cz\/polityka-plikow-cookie\/\",\"name\":\"Polityka plik\u00f3w cookie - Hotel reSTART\",\"isPartOf\":{\"@id\":\"https:\/\/www.hotelrestart.cz\/#website\"},\"datePublished\":\"2019-06-11T09:05:32+00:00\",\"dateModified\":\"2019-06-11T09:05:32+00:00\",\"breadcrumb\":{\"@id\":\"https:\/\/www.hotelrestart.cz\/polityka-plikow-cookie\/#breadcrumb\"},\"inLanguage\":\"pl-PL\",\"potentialAction\":[{\"@type\":\"ReadAction\",\"target\":[\"https:\/\/www.hotelrestart.cz\/polityka-plikow-cookie\/\"]}]},{\"@type\":\"BreadcrumbList\",\"@id\":\"https:\/\/www.hotelrestart.cz\/polityka-plikow-cookie\/#breadcrumb\",\"itemListElement\":[{\"@type\":\"ListItem\",\"position\":1,\"name\":\"Home\",\"item\":\"https:\/\/www.hotelrestart.cz\/pl\/hotel-restart-jicin-oficjalna-strona-internetowa\/\"},{\"@type\":\"ListItem\",\"position\":2,\"name\":\"Polityka plik\u00f3w cookie\"}]},{\"@type\":\"WebSite\",\"@id\":\"https:\/\/www.hotelrestart.cz\/#website\",\"url\":\"https:\/\/www.hotelrestart.cz\/\",\"name\":\"Hotel reSTART\",\"description\":\"4* Hotel v Ji\u010d\u00edn\u011b\",\"potentialAction\":[{\"@type\":\"SearchAction\",\"target\":{\"@type\":\"EntryPoint\",\"urlTemplate\":\"https:\/\/www.hotelrestart.cz\/?s={search_term_string}\"},\"query-input\":\"required name=search_term_string\"}],\"inLanguage\":\"pl-PL\"}]}<\/script>\n<!-- \/ Yoast SEO plugin. -->","yoast_head_json":{"title":"Polityka plik\u00f3w cookie - Hotel reSTART","robots":{"index":"index","follow":"follow","max-snippet":"max-snippet:-1","max-image-preview":"max-image-preview:large","max-video-preview":"max-video-preview:-1"},"canonical":"https:\/\/www.hotelrestart.cz\/polityka-plikow-cookie\/","og_locale":"pl_PL","og_type":"article","og_title":"Polityka plik\u00f3w cookie - Hotel reSTART","og_description":"O\u015bwiadczenie dotycz\u0105ce plik\u00f3w cookie i opcje zapobiegania ich u\u017cywaniu Je\u015bli chcesz uzyska\u0107 wi\u0119cej informacji o tym, jak przetwarzamy Twoje dane osobowe, zapoznaj si\u0119 z Polityk\u0105 Prywatno\u015bci","og_url":"https:\/\/www.hotelrestart.cz\/polityka-plikow-cookie\/","og_site_name":"Hotel reSTART","twitter_card":"summary_large_image","twitter_misc":{"Szacowany czas czytania":"2 minuty"},"schema":{"@context":"https:\/\/schema.org","@graph":[{"@type":"WebPage","@id":"https:\/\/www.hotelrestart.cz\/polityka-plikow-cookie\/","url":"https:\/\/www.hotelrestart.cz\/polityka-plikow-cookie\/","name":"Polityka plik\u00f3w cookie - Hotel reSTART","isPartOf":{"@id":"https:\/\/www.hotelrestart.cz\/#website"},"datePublished":"2019-06-11T09:05:32+00:00","dateModified":"2019-06-11T09:05:32+00:00","breadcrumb":{"@id":"https:\/\/www.hotelrestart.cz\/polityka-plikow-cookie\/#breadcrumb"},"inLanguage":"pl-PL","potentialAction":[{"@type":"ReadAction","target":["https:\/\/www.hotelrestart.cz\/polityka-plikow-cookie\/"]}]},{"@type":"BreadcrumbList","@id":"https:\/\/www.hotelrestart.cz\/polityka-plikow-cookie\/#breadcrumb","itemListElement":[{"@type":"ListItem","position":1,"name":"Home","item":"https:\/\/www.hotelrestart.cz\/pl\/hotel-restart-jicin-oficjalna-strona-internetowa\/"},{"@type":"ListItem","position":2,"name":"Polityka plik\u00f3w cookie"}]},{"@type":"WebSite","@id":"https:\/\/www.hotelrestart.cz\/#website","url":"https:\/\/www.hotelrestart.cz\/","name":"Hotel reSTART","description":"4* Hotel v Ji\u010d\u00edn\u011b","potentialAction":[{"@type":"SearchAction","target":{"@type":"EntryPoint","urlTemplate":"https:\/\/www.hotelrestart.cz\/?s={search_term_string}"},"query-input":"required name=search_term_string"}],"inLanguage":"pl-PL"}]}},"_links":{"self":[{"href":"https:\/\/www.hotelrestart.cz\/pl\/wp-json\/wp\/v2\/pages\/14188","targetHints":{"allow":["GET"]}}],"collection":[{"href":"https:\/\/www.hotelrestart.cz\/pl\/wp-json\/wp\/v2\/pages"}],"about":[{"href":"https:\/\/www.hotelrestart.cz\/pl\/wp-json\/wp\/v2\/types\/page"}],"author":[{"embeddable":true,"href":"https:\/\/www.hotelrestart.cz\/pl\/wp-json\/wp\/v2\/users\/6"}],"replies":[{"embeddable":true,"href":"https:\/\/www.hotelrestart.cz\/pl\/wp-json\/wp\/v2\/comments?post=14188"}],"version-history":[{"count":0,"href":"https:\/\/www.hotelrestart.cz\/pl\/wp-json\/wp\/v2\/pages\/14188\/revisions"}],"wp:attachment":[{"href":"https:\/\/www.hotelrestart.cz\/pl\/wp-json\/wp\/v2\/media?parent=14188"}],"wp:term":[{"taxonomy":"category","embeddable":true,"href":"https:\/\/www.hotelrestart.cz\/pl\/wp-json\/wp\/v2\/categories?post=14188"},{"taxonomy":"post_tag","embeddable":true,"href":"https:\/\/www.hotelrestart.cz\/pl\/wp-json\/wp\/v2\/tags?post=14188"}],"curies":[{"name":"wp","href":"https:\/\/api.w.org\/{rel}","templated":true}]}}