{"id":14172,"date":"2019-06-11T11:07:18","date_gmt":"2019-06-11T09:07:18","guid":{"rendered":"https:\/\/www.hotelrestart.cz\/polityka-prywatnosci\/"},"modified":"2019-06-11T11:07:18","modified_gmt":"2019-06-11T09:07:18","slug":"polityka-prywatnosci","status":"publish","type":"page","link":"https:\/\/www.hotelrestart.cz\/pl\/polityka-prywatnosci\/","title":{"rendered":"Polityka prywatno\u015bci"},"content":{"rendered":"<h1 class=\"post-title\">Polityka prywatno\u015bci<\/h1>\n<div class=\"social\">Niniejsza polityka prywatno\u015bci dotyczy sp\u00f3\u0142ki Hotel Start Ji\u010d\u00edn, sro Revolu\u010dn\u00ed 1267 506 01 JI\u010c\u00cdN 1, REGON: 27552233, NIP: CZ27552233, zwanej dalej HOTELEM<\/div>\n<p><strong>Informacje o przetwarzaniu danych osobowych<\/strong><\/p>\n<p>HOTEL zobowi\u0105zuje si\u0119 do ochrony danych osobowych, kt\u00f3re nam przekazujesz. Chcemy, aby\u015b wiedzia\u0142, \u017ce przetwarzamy Twoje dane osobowe w spos\u00f3b odpowiedzialny, przejrzysty i zgodnie z Rozporz\u0105dzeniem Parlamentu Europejskiego i Rady (UE) 2016\/679. Masz prawo \u017c\u0105da\u0107 informacji o Twoich zarejestrowanych danych osobowych, ich sprostowania lub usuni\u0119cia, je\u017celi s\u0105 one udost\u0119pniane na podstawie Twojej zgody. W przypadku przetwarzania zautomatyzowanego masz prawo do przenoszenia danych i niepodlegania decyzji opartej wy\u0142\u0105cznie na tej decyzji. Wszelkie pytania i pro\u015bby dotycz\u0105ce przetwarzania Twoich danych osobowych mo\u017cesz kierowa\u0107 do nas pisemnie, wysy\u0142aj\u0105c wiadomo\u015b\u0107 na adres siedziby sp\u00f3\u0142ki.    <\/p>\n<p><strong>Zabezpieczanie Twoich danych osobowych<\/strong><\/p>\n<p>HOTEL zapewnia bezpiecze\u0144stwo danych osobowych, kt\u00f3re nam przekazujesz. \u017badna osoba nieuprawniona nie ma dost\u0119pu do Twoich danych osobowych, kt\u00f3re od Ciebie uzyskali\u015bmy. Nie przekazujemy ich r\u00f3wnie\u017c innym podmiotom do dalszego przetwarzania bez Twojej zgody, chyba \u017ce wymaga tego prawo lub jest to konieczne do ochrony naszych prawnych interes\u00f3w. <\/p>\n<p><strong>Prawo do informacji<\/strong><\/p>\n<p>Masz prawo za\u017c\u0105da\u0107 od Sp\u00f3\u0142ki HOTELOWEJ informacji o tym, jakie dane osobowe na Tw\u00f3j temat przetwarzamy, w jakim zakresie i w jakim celu. Informacje te przeka\u017cemy Ci bezp\u0142atnie w ci\u0105gu 30 dni lub, w wyj\u0105tkowych sytuacjach, najp\u00f3\u017aniej w ci\u0105gu 90 dni. W wyj\u0105tkowych przypadkach o ka\u017cdym przed\u0142u\u017ceniu terminu poinformujemy Ci\u0119 w odpowiednim czasie. Je\u015bli poprosisz o ujawnienie informacji, kt\u00f3re o Tobie przechowujemy, najpierw b\u0119dziemy musieli zweryfikowa\u0107, czy jeste\u015b rzeczywi\u015bcie osob\u0105, do kt\u00f3rej te informacje nale\u017c\u0105. Prosz\u0119 poda\u0107 w zg\u0142oszeniu odpowiednie dane identyfikacyjne. W razie konieczno\u015bci mamy prawo za\u017c\u0105da\u0107 dodatkowych informacji umo\u017cliwiaj\u0105cych Twoj\u0105 identyfikacj\u0119, zanim przeka\u017cemy Ci dane osobowe, kt\u00f3re przetwarzamy na Tw\u00f3j temat. Mamy prawo odrzuci\u0107 wnioski o udost\u0119pnienie informacji, kt\u00f3re s\u0105 bezpodstawne lub powtarzaj\u0105 si\u0119 w spos\u00f3b nieuzasadniony, wymagaj\u0105 niewsp\u00f3\u0142miernie du\u017cego wysi\u0142ku w celu ich uzyskania lub by\u0142yby trudne do uzyskania (zazwyczaj z kopii zapasowych, archiw\u00f3w itp.).      <\/p>\n<p><strong>Prawo do przenoszenia danych<\/strong><\/p>\n<p>Masz prawo otrzyma\u0107 dane osobowe, kt\u00f3re o Tobie przechowujemy, w ustrukturyzowanym, powszechnie u\u017cywanym formacie nadaj\u0105cym si\u0119 do odczytu maszynowego. Na Twoje \u017c\u0105danie dane te mog\u0105 zosta\u0107 przekazane innemu administratorowi. <\/p>\n<p><strong>Aktualizacja danych, prawo do korekty<\/strong><\/p>\n<p>Poniewa\u017c dane osobowe mog\u0105 z czasem ulega\u0107 zmianie (na przyk\u0142ad w przypadku zmiany nazwiska), b\u0119dziemy wdzi\u0119czni, je\u015bli poinformujesz nas o zmianie Twojej sytuacji, dzi\u0119ki czemu b\u0119dziemy mogli aktualizowa\u0107 Twoje dane osobowe i unikn\u0105\u0107 b\u0142\u0119d\u00f3w. Podanie informacji o zmianie Twoich danych jest niezb\u0119dne do prawid\u0142owego wykonywania przez nas dzia\u0142a\u0144 Administratora. Obejmuje to r\u00f3wnie\u017c Twoje prawo do poprawiania danych osobowych, kt\u00f3re o Tobie przechowujemy. Je\u017celi uwa\u017casz, \u017ce nasze dane s\u0105 nieaktualne, masz prawo za\u017c\u0105da\u0107 ich poprawienia. Mo\u017cesz sprawdzi\u0107 lub zmieni\u0107 swoje dane po zalogowaniu si\u0119 na tej stronie. Je\u015bli masz w\u0105tpliwo\u015bci, skontaktuj si\u0119 z nami za pomoc\u0105 formularza kontaktowego.     <\/p>\n<p><strong>Sprzeciwy<\/strong><\/p>\n<p>Je\u017celi uwa\u017casz, \u017ce przetwarzamy Twoje dane osobowe niezgodnie z obowi\u0105zuj\u0105cymi przepisami prawa czeskiego i unijnego, masz prawo wnie\u015b\u0107 sprzeciw, a my zweryfikujemy zasadno\u015b\u0107 Twojego \u017c\u0105dania. W momencie wniesienia sprzeciwu przetwarzanie Twoich danych osobowych zostanie ograniczone do czasu ustalenia, czy sprzeciw jest zasadny. Informujemy, \u017ce przys\u0142uguje Pa\u0144stwu r\u00f3wnie\u017c prawo wniesienia sprzeciwu wobec przetwarzania przez nas danych osobowych Pa\u0144stwa dotycz\u0105cych do w\u0142a\u015bciwego organu nadzorczego ds. ochrony danych osobowych pod adresem: Urz\u0105d Ochrony Danych Osobowych, Pplk. Sochora 27 170 00 Praga 7.   <\/p>\n<p><strong>Prawo do ograniczenia przetwarzania<\/strong><\/p>\n<p>Masz prawo do ograniczenia przetwarzania Twoich danych osobowych, je\u017celi uwa\u017casz, \u017ce zapisane w ten spos\u00f3b dane s\u0105 niedok\u0142adne lub przetwarzamy je niezgodnie z prawem, a tak\u017ce je\u015bli uwa\u017casz, \u017ce nie potrzebujemy ju\u017c tych danych do cel\u00f3w, w kt\u00f3rych s\u0105 przetwarzane.<\/p>\n<p><strong>Prawo do usuni\u0119cia<\/strong><\/p>\n<p>Je\u017celi kiedykolwiek wyrazi\u0142e\u015b zgod\u0119 na przetwarzanie Twoich danych osobowych, masz prawo j\u0105 w ka\u017cdej chwili wycofa\u0107, a my jeste\u015bmy zobowi\u0105zani usun\u0105\u0107 dane, kt\u00f3re przetwarzamy wy\u0142\u0105cznie na podstawie Twojej zgody. Prawo do usuni\u0119cia danych nie ma zastosowania do danych przetwarzanych w ramach obowi\u0105zku wykonania umowy, ze wzgl\u0119d\u00f3w prawnych lub uzasadnionych interes\u00f3w. <\/p>\n<p><strong>Gdzie mo\u017cesz si\u0119 zwr\u00f3ci\u0107?<\/strong><\/p>\n<p>W przypadku pyta\u0144 dotycz\u0105cych ochrony danych osobowych mo\u017cesz si\u0119 z nami skontaktowa\u0107 r\u00f3wnie\u017c za pomoc\u0105 formularza kontaktowego lub pisz\u0105c na adres kontaktowy podany w kontaktach firmy.<\/p>\n<p><strong>Formularz kontaktowy<\/strong><\/p>\n<p>Je\u015bli skontaktujesz si\u0119 z nami za po\u015brednictwem formularza internetowego, zapiszemy pewne podstawowe informacje. S\u0105 to: <\/p>\n<p><strong>*<\/strong> Nazwa<br \/>\n<strong>*<\/strong> Adres e-mail<br \/>\n<strong>*<\/strong> Czas wysy\u0142ki<br \/>\n<strong>*<\/strong> Adres IP<\/p>\n<p>Podane dane s\u0105 nam potrzebne do skontaktowania si\u0119 z Tob\u0105 oraz udokumentowania \u017ar\u00f3d\u0142a komunikacji w rozumieniu Rozporz\u0105dzenia Parlamentu Europejskiego i Rady (UE) 2016\/679.<\/p>\n<p><strong>Strony internetowe<\/strong><\/p>\n<p>Je\u015bli odwiedzasz nasz\u0105 stron\u0119 internetow\u0105 i j\u0105 przegl\u0105dasz, przetwarzamy nast\u0119puj\u0105ce pliki dziennika i przechowujemy je na naszych serwerach. Przechowujemy nast\u0119puj\u0105ce informacje: <\/p>\n<ul>\n<li>Tw\u00f3j adres IP<\/li>\n<li>Czas Twojej wizyty<\/li>\n<li>Otw\u00f3rz strony naszej witryny<\/li>\n<li>Kod odpowiedzi HTTP<\/li>\n<li>Identyfikacja przegl\u0105darki<\/li>\n<li>Informacje o konwersji (wype\u0142nienie formularza, zam\u00f3wienie, klikni\u0119cie e-maila, po\u0142\u0105czenie)<\/li>\n<\/ul>\n<p>Przetwarzamy te informacje wy\u0142\u0105cznie w celach ochrony prawnej i pomiaru wydajno\u015bci witryny przez maksymalnie 10 lat.<\/p>\n<p>Odwiedzaj\u0105c nasz\u0105 stron\u0119 internetow\u0105, informujemy, \u017ce u\u017cywamy plik\u00f3w cookie. Wi\u0119cej informacji mo\u017cna znale\u017a\u0107 w <strong><a href=\"https:\/\/www.hotelrestart.cz\/pl\/polityka-plikow-cookie\/\">O\u015bwiadczeniu dotycz\u0105cym plik\u00f3w cookie i opcjach rezygnacji<\/a><\/strong> . <\/p>\n","protected":false},"excerpt":{"rendered":"<p>Polityka prywatno\u015bci Niniejsza polityka prywatno\u015bci dotyczy sp\u00f3\u0142ki Hotel Start Ji\u010d\u00edn, sro Revolu\u010dn\u00ed 1267 506 01 JI\u010c\u00cdN 1, REGON: 27552233, NIP: CZ27552233, zwanej dalej HOTELEM Informacje o<\/p>\n","protected":false},"author":6,"featured_media":0,"parent":0,"menu_order":0,"comment_status":"closed","ping_status":"closed","template":"","meta":{"footnotes":""},"categories":[],"tags":[],"class_list":["post-14172","page","type-page","status-publish","hentry"],"acf":[],"yoast_head":"<!-- This site is optimized with the Yoast SEO plugin v21.8 - https:\/\/yoast.com\/wordpress\/plugins\/seo\/ -->\n<title>Polityka prywatno\u015bci - Hotel reSTART<\/title>\n<meta name=\"robots\" content=\"index, follow, max-snippet:-1, max-image-preview:large, max-video-preview:-1\" \/>\n<link rel=\"canonical\" href=\"https:\/\/www.hotelrestart.cz\/pl\/polityka-prywatnosci\/\" \/>\n<meta property=\"og:locale\" content=\"pl_PL\" \/>\n<meta property=\"og:type\" content=\"article\" \/>\n<meta property=\"og:title\" content=\"Polityka prywatno\u015bci - Hotel reSTART\" \/>\n<meta property=\"og:description\" content=\"Polityka prywatno\u015bci Niniejsza polityka prywatno\u015bci dotyczy sp\u00f3\u0142ki Hotel Start Ji\u010d\u00edn, sro Revolu\u010dn\u00ed 1267 506 01 JI\u010c\u00cdN 1, REGON: 27552233, NIP: CZ27552233, zwanej dalej HOTELEM Informacje o\" \/>\n<meta property=\"og:url\" content=\"https:\/\/www.hotelrestart.cz\/pl\/polityka-prywatnosci\/\" \/>\n<meta property=\"og:site_name\" content=\"Hotel reSTART\" \/>\n<meta name=\"twitter:card\" content=\"summary_large_image\" \/>\n<meta name=\"twitter:label1\" content=\"Szacowany czas czytania\" \/>\n\t<meta name=\"twitter:data1\" content=\"5 minut\" \/>\n<script type=\"application\/ld+json\" class=\"yoast-schema-graph\">{\"@context\":\"https:\/\/schema.org\",\"@graph\":[{\"@type\":\"WebPage\",\"@id\":\"https:\/\/www.hotelrestart.cz\/pl\/polityka-prywatnosci\/\",\"url\":\"https:\/\/www.hotelrestart.cz\/pl\/polityka-prywatnosci\/\",\"name\":\"Polityka prywatno\u015bci - Hotel reSTART\",\"isPartOf\":{\"@id\":\"https:\/\/www.hotelrestart.cz\/#website\"},\"datePublished\":\"2019-06-11T09:07:18+00:00\",\"dateModified\":\"2019-06-11T09:07:18+00:00\",\"breadcrumb\":{\"@id\":\"https:\/\/www.hotelrestart.cz\/pl\/polityka-prywatnosci\/#breadcrumb\"},\"inLanguage\":\"pl-PL\",\"potentialAction\":[{\"@type\":\"ReadAction\",\"target\":[\"https:\/\/www.hotelrestart.cz\/pl\/polityka-prywatnosci\/\"]}]},{\"@type\":\"BreadcrumbList\",\"@id\":\"https:\/\/www.hotelrestart.cz\/pl\/polityka-prywatnosci\/#breadcrumb\",\"itemListElement\":[{\"@type\":\"ListItem\",\"position\":1,\"name\":\"Home\",\"item\":\"https:\/\/www.hotelrestart.cz\/pl\/hotel-restart-jicin-oficjalna-strona-internetowa\/\"},{\"@type\":\"ListItem\",\"position\":2,\"name\":\"Polityka prywatno\u015bci\"}]},{\"@type\":\"WebSite\",\"@id\":\"https:\/\/www.hotelrestart.cz\/#website\",\"url\":\"https:\/\/www.hotelrestart.cz\/\",\"name\":\"Hotel reSTART\",\"description\":\"4* Hotel v Ji\u010d\u00edn\u011b\",\"potentialAction\":[{\"@type\":\"SearchAction\",\"target\":{\"@type\":\"EntryPoint\",\"urlTemplate\":\"https:\/\/www.hotelrestart.cz\/?s={search_term_string}\"},\"query-input\":\"required name=search_term_string\"}],\"inLanguage\":\"pl-PL\"}]}<\/script>\n<!-- \/ Yoast SEO plugin. -->","yoast_head_json":{"title":"Polityka prywatno\u015bci - Hotel reSTART","robots":{"index":"index","follow":"follow","max-snippet":"max-snippet:-1","max-image-preview":"max-image-preview:large","max-video-preview":"max-video-preview:-1"},"canonical":"https:\/\/www.hotelrestart.cz\/pl\/polityka-prywatnosci\/","og_locale":"pl_PL","og_type":"article","og_title":"Polityka prywatno\u015bci - Hotel reSTART","og_description":"Polityka prywatno\u015bci Niniejsza polityka prywatno\u015bci dotyczy sp\u00f3\u0142ki Hotel Start Ji\u010d\u00edn, sro Revolu\u010dn\u00ed 1267 506 01 JI\u010c\u00cdN 1, REGON: 27552233, NIP: CZ27552233, zwanej dalej HOTELEM Informacje o","og_url":"https:\/\/www.hotelrestart.cz\/pl\/polityka-prywatnosci\/","og_site_name":"Hotel reSTART","twitter_card":"summary_large_image","twitter_misc":{"Szacowany czas czytania":"5 minut"},"schema":{"@context":"https:\/\/schema.org","@graph":[{"@type":"WebPage","@id":"https:\/\/www.hotelrestart.cz\/pl\/polityka-prywatnosci\/","url":"https:\/\/www.hotelrestart.cz\/pl\/polityka-prywatnosci\/","name":"Polityka prywatno\u015bci - Hotel reSTART","isPartOf":{"@id":"https:\/\/www.hotelrestart.cz\/#website"},"datePublished":"2019-06-11T09:07:18+00:00","dateModified":"2019-06-11T09:07:18+00:00","breadcrumb":{"@id":"https:\/\/www.hotelrestart.cz\/pl\/polityka-prywatnosci\/#breadcrumb"},"inLanguage":"pl-PL","potentialAction":[{"@type":"ReadAction","target":["https:\/\/www.hotelrestart.cz\/pl\/polityka-prywatnosci\/"]}]},{"@type":"BreadcrumbList","@id":"https:\/\/www.hotelrestart.cz\/pl\/polityka-prywatnosci\/#breadcrumb","itemListElement":[{"@type":"ListItem","position":1,"name":"Home","item":"https:\/\/www.hotelrestart.cz\/pl\/hotel-restart-jicin-oficjalna-strona-internetowa\/"},{"@type":"ListItem","position":2,"name":"Polityka prywatno\u015bci"}]},{"@type":"WebSite","@id":"https:\/\/www.hotelrestart.cz\/#website","url":"https:\/\/www.hotelrestart.cz\/","name":"Hotel reSTART","description":"4* Hotel v Ji\u010d\u00edn\u011b","potentialAction":[{"@type":"SearchAction","target":{"@type":"EntryPoint","urlTemplate":"https:\/\/www.hotelrestart.cz\/?s={search_term_string}"},"query-input":"required name=search_term_string"}],"inLanguage":"pl-PL"}]}},"_links":{"self":[{"href":"https:\/\/www.hotelrestart.cz\/pl\/wp-json\/wp\/v2\/pages\/14172","targetHints":{"allow":["GET"]}}],"collection":[{"href":"https:\/\/www.hotelrestart.cz\/pl\/wp-json\/wp\/v2\/pages"}],"about":[{"href":"https:\/\/www.hotelrestart.cz\/pl\/wp-json\/wp\/v2\/types\/page"}],"author":[{"embeddable":true,"href":"https:\/\/www.hotelrestart.cz\/pl\/wp-json\/wp\/v2\/users\/6"}],"replies":[{"embeddable":true,"href":"https:\/\/www.hotelrestart.cz\/pl\/wp-json\/wp\/v2\/comments?post=14172"}],"version-history":[{"count":0,"href":"https:\/\/www.hotelrestart.cz\/pl\/wp-json\/wp\/v2\/pages\/14172\/revisions"}],"wp:attachment":[{"href":"https:\/\/www.hotelrestart.cz\/pl\/wp-json\/wp\/v2\/media?parent=14172"}],"wp:term":[{"taxonomy":"category","embeddable":true,"href":"https:\/\/www.hotelrestart.cz\/pl\/wp-json\/wp\/v2\/categories?post=14172"},{"taxonomy":"post_tag","embeddable":true,"href":"https:\/\/www.hotelrestart.cz\/pl\/wp-json\/wp\/v2\/tags?post=14172"}],"curies":[{"name":"wp","href":"https:\/\/api.w.org\/{rel}","templated":true}]}}