{"id":13786,"date":"2019-06-01T20:15:59","date_gmt":"2019-06-01T18:15:59","guid":{"rendered":"https:\/\/www.hotelrestart.cz\/historia-hotelu-restart\/"},"modified":"2025-03-24T10:37:07","modified_gmt":"2025-03-24T09:37:07","slug":"historia-hotelu-restart","status":"publish","type":"page","link":"https:\/\/www.hotelrestart.cz\/pl\/o-hotelu\/historia-hotelu-restart\/","title":{"rendered":"Historia hotelu reSTART"},"content":{"rendered":"<div class=\"wpb-content-wrapper\"><p>[vc_row full_width=&#8221;stretch_row&#8221; content_placement=&#8221;middle&#8221; el_class=&#8221;featured&#8221; css=&#8221;.vc_custom_1599051441764{background-image: url(https:\/\/www.hotelrestart.cz\/wp-content\/uploads\/2020\/09\/O_hotelu.jpg?id=9101) !important;background-position: center !important;background-repeat: no-repeat !important;background-size: cover !important;}&#8221;][vc_column][vc_column_text]<\/p>\n<h1>Historia hotelu<\/h1>\n<p>[\/vc_column_text][\/vc_column][\/vc_row][vc_row][vc_column][vc_column_text]Budow\u0119 obiektu uko\u0144czono na pocz\u0105tku 1976 roku, a jego realizacja planowana by\u0142a w ramach tzw. akcji \u201e <strong>Z<\/strong> \u201d, czyli \u201edobrowolnej, przymusowej\u201d pracy lokalnych mieszka\u0144c\u00f3w na rzecz poprawy miasta. W czasie swojej dzia\u0142alno\u015bci \u00f3wczesny \u201eHotel Start\u201d zyska\u0142 bardzo dobr\u0105 renom\u0119 i by\u0142 jednym z najwa\u017cniejszych obiekt\u00f3w noclegowych w regionie. W tamtym czasie hotel, doskonale wyposa\u017cony, po\u0142o\u017cony w spokojnej cz\u0119\u015bci miasta, po\u0142\u0105czony z kompleksem sportowym, stanowi\u0142 popularn\u0105 atrakcj\u0119 dla wszystkich podr\u00f3\u017cnych udaj\u0105cych si\u0119 do Czeskiego Raju. Obiekt cieszy\u0142 si\u0119 r\u00f3wnie\u017c popularno\u015bci\u0105 w\u015br\u00f3d klub\u00f3w sportowych, kt\u00f3re wykorzystywa\u0142y go do trening\u00f3w swoich zawodnik\u00f3w zim\u0105 i latem. Hotel kilkakrotnie przechodzi\u0142 z r\u0105k do r\u0105k, ale przez prawie 30 lat nie przeprowadzono w nim \u017cadnej wi\u0119kszej przebudowy ani szeroko zakrojonych prac konserwacyjnych. Czas zrobi\u0142 swoje i budynek popad\u0142 niemal ca\u0142kowicie w ruin\u0119. Miasto Jiczyn rozwa\u017ca\u0142o jego renowacj\u0119 ze \u015brodk\u00f3w w\u0142asnych, jednak ostatecznie radni zadecydowali o jego sprzeda\u017cy prywatnemu w\u0142a\u015bcicielowi. W 2010 roku nowymi w\u0142a\u015bcicielami budynku zostali do\u015bwiadczeni przedsi\u0119biorcy z Ji\u010d\u00edna, pan Brusak i Pan Ent, kt\u00f3ry ju\u017c w\u00f3wczas odnosi\u0142 sukcesy jako w\u0142a\u015bciciel hotelu rodzinnego. Budynek przeszed\u0142 generalny remont w latach 2010-2018. W\u0142a\u015bciciele nazwali sw\u00f3j nowy projekt trafnie \u201ehotel reSTART****\u201d, aby przypomnie\u0107 o wspania\u0142ej historii i pomy\u015blnej przysz\u0142o\u015bci, kt\u00f3ra go czeka.          [\/vc_column_text][vc_empty_space][\/vc_column][\/vc_row][vc_row][vc_column width=&#8221;1\/2&#8243;][vc_column_text]<\/p>\n<p style=\"text-align: center;\"><strong>Przed remontem<\/strong><\/p>\n<p>[\/vc_column_text][vc_single_image image=&#8221;7027&#8243; img_size=&#8221;large&#8221; alignment=&#8221;center&#8221;][\/vc_column][vc_column width=&#8221;1\/2&#8243;][vc_column_text]<\/p>\n<p style=\"text-align: center;\"><strong>Po rekonstrukcji<\/strong><\/p>\n<p>[\/vc_column_text][vc_single_image image=&#8221;7028&#8243; img_size=&#8221;large&#8221; alignment=&#8221;center&#8221;][\/vc_column][\/vc_row][vc_row][vc_column][vc_empty_space][\/vc_column][\/vc_row][vc_row][vc_column width=&#8221;1\/2&#8243;][vc_column_text]<\/p>\n<p style=\"text-align: center;\"><strong>Przed remontem<\/strong><\/p>\n<p>[\/vc_column_text][vc_single_image image=&#8221;7029&#8243; img_size=&#8221;large&#8221; alignment=&#8221;center&#8221;][\/vc_column][vc_column width=&#8221;1\/2&#8243;][vc_column_text]<\/p>\n<p style=\"text-align: center;\"><strong>Po rekonstrukcji<\/strong><\/p>\n<p>[\/vc_column_text][vc_single_image image=&#8221;7030&#8243; img_size=&#8221;large&#8221; alignment=&#8221;center&#8221;][\/vc_column][\/vc_row][vc_row][vc_column][vc_empty_space][\/vc_column][\/vc_row][vc_row][vc_column width=&#8221;1\/2&#8243;][vc_column_text]<\/p>\n<p style=\"text-align: center;\"><strong>Przed remontem<\/strong><\/p>\n<p>[\/vc_column_text][vc_single_image image=&#8221;7510&#8243; img_size=&#8221;large&#8221; alignment=&#8221;center&#8221;][\/vc_column][vc_column width=&#8221;1\/2&#8243;][vc_column_text]<\/p>\n<p style=\"text-align: center;\"><strong>Po rekonstrukcji<\/strong><\/p>\n<p>[\/vc_column_text][vc_single_image image=&#8221;7511&#8243; img_size=&#8221;large&#8221; alignment=&#8221;center&#8221;][\/vc_column][\/vc_row][vc_row][vc_column][vc_empty_space][\/vc_column][\/vc_row]<\/p>\n<\/div>","protected":false},"excerpt":{"rendered":"<p>[vc_row full_width=&#8221;stretch_row&#8221; content_placement=&#8221;middle&#8221; el_class=&#8221;featured&#8221; css=&#8221;.vc_custom_1599051441764{background-image: url(https:\/\/www.hotelrestart.cz\/wp-content\/uploads\/2020\/09\/O_hotelu.jpg?id=9101) !important;background-position: center !important;background-repeat: no-repeat !important;background-size: cover !important;}&#8221;][vc_column][vc_column_text] Historia hotelu [\/vc_column_text][\/vc_column][\/vc_row][vc_row][vc_column][vc_column_text]Budow\u0119 obiektu uko\u0144czono na pocz\u0105tku 1976 roku, a jego realizacja planowana<\/p>\n","protected":false},"author":6,"featured_media":13826,"parent":14365,"menu_order":0,"comment_status":"closed","ping_status":"closed","template":"","meta":{"footnotes":""},"categories":[202],"tags":[210],"class_list":["post-13786","page","type-page","status-publish","has-post-thumbnail","hentry","category-o-hotelu-cs-pl","tag-o-pl"],"acf":[],"yoast_head":"<!-- This site is optimized with the Yoast SEO plugin v21.8 - https:\/\/yoast.com\/wordpress\/plugins\/seo\/ -->\n<title>Historia hotelu reSTART - Hotel reSTART<\/title>\n<meta name=\"robots\" content=\"index, follow, max-snippet:-1, max-image-preview:large, max-video-preview:-1\" \/>\n<link rel=\"canonical\" href=\"https:\/\/www.hotelrestart.cz\/pl\/o-hotelu\/historia-hotelu-restart\/\" \/>\n<meta property=\"og:locale\" content=\"pl_PL\" \/>\n<meta property=\"og:type\" content=\"article\" \/>\n<meta property=\"og:title\" content=\"Historia hotelu reSTART - Hotel reSTART\" \/>\n<meta property=\"og:description\" content=\"[vc_row full_width=&#8221;stretch_row&#8221; content_placement=&#8221;middle&#8221; el_class=&#8221;featured&#8221; css=&#8221;.vc_custom_1599051441764{background-image: url(https:\/\/www.hotelrestart.cz\/wp-content\/uploads\/2020\/09\/O_hotelu.jpg?id=9101) !important;background-position: center !important;background-repeat: no-repeat !important;background-size: cover !important;}&#8221;][vc_column][vc_column_text] Historia hotelu [\/vc_column_text][\/vc_column][\/vc_row][vc_row][vc_column][vc_column_text]Budow\u0119 obiektu uko\u0144czono na pocz\u0105tku 1976 roku, a jego realizacja planowana\" \/>\n<meta property=\"og:url\" content=\"https:\/\/www.hotelrestart.cz\/pl\/o-hotelu\/historia-hotelu-restart\/\" \/>\n<meta property=\"og:site_name\" content=\"Hotel reSTART\" \/>\n<meta property=\"article:modified_time\" content=\"2025-03-24T09:37:07+00:00\" \/>\n<meta property=\"og:image\" content=\"https:\/\/www.hotelrestart.cz\/wp-content\/uploads\/2018\/12\/Image00031.jpg\" \/>\n\t<meta property=\"og:image:width\" content=\"1000\" \/>\n\t<meta property=\"og:image:height\" content=\"667\" \/>\n\t<meta property=\"og:image:type\" content=\"image\/jpeg\" \/>\n<meta name=\"twitter:card\" content=\"summary_large_image\" \/>\n<meta name=\"twitter:label1\" content=\"Szacowany czas czytania\" \/>\n\t<meta name=\"twitter:data1\" content=\"2 minuty\" \/>\n<script type=\"application\/ld+json\" class=\"yoast-schema-graph\">{\"@context\":\"https:\/\/schema.org\",\"@graph\":[{\"@type\":\"WebPage\",\"@id\":\"https:\/\/www.hotelrestart.cz\/pl\/o-hotelu\/historia-hotelu-restart\/\",\"url\":\"https:\/\/www.hotelrestart.cz\/pl\/o-hotelu\/historia-hotelu-restart\/\",\"name\":\"Historia hotelu reSTART - Hotel reSTART\",\"isPartOf\":{\"@id\":\"https:\/\/www.hotelrestart.cz\/#website\"},\"datePublished\":\"2019-06-01T18:15:59+00:00\",\"dateModified\":\"2025-03-24T09:37:07+00:00\",\"breadcrumb\":{\"@id\":\"https:\/\/www.hotelrestart.cz\/pl\/o-hotelu\/historia-hotelu-restart\/#breadcrumb\"},\"inLanguage\":\"pl-PL\",\"potentialAction\":[{\"@type\":\"ReadAction\",\"target\":[\"https:\/\/www.hotelrestart.cz\/pl\/o-hotelu\/historia-hotelu-restart\/\"]}]},{\"@type\":\"BreadcrumbList\",\"@id\":\"https:\/\/www.hotelrestart.cz\/pl\/o-hotelu\/historia-hotelu-restart\/#breadcrumb\",\"itemListElement\":[{\"@type\":\"ListItem\",\"position\":1,\"name\":\"Home\",\"item\":\"https:\/\/www.hotelrestart.cz\/pl\/hotel-restart-jicin-oficjalna-strona-internetowa\/\"},{\"@type\":\"ListItem\",\"position\":2,\"name\":\"O hotelu\",\"item\":\"https:\/\/www.hotelrestart.cz\/pl\/o-hotelu\/\"},{\"@type\":\"ListItem\",\"position\":3,\"name\":\"Historia hotelu reSTART\"}]},{\"@type\":\"WebSite\",\"@id\":\"https:\/\/www.hotelrestart.cz\/#website\",\"url\":\"https:\/\/www.hotelrestart.cz\/\",\"name\":\"Hotel reSTART\",\"description\":\"4* Hotel v Ji\u010d\u00edn\u011b\",\"potentialAction\":[{\"@type\":\"SearchAction\",\"target\":{\"@type\":\"EntryPoint\",\"urlTemplate\":\"https:\/\/www.hotelrestart.cz\/?s={search_term_string}\"},\"query-input\":\"required name=search_term_string\"}],\"inLanguage\":\"pl-PL\"}]}<\/script>\n<!-- \/ Yoast SEO plugin. -->","yoast_head_json":{"title":"Historia hotelu reSTART - Hotel reSTART","robots":{"index":"index","follow":"follow","max-snippet":"max-snippet:-1","max-image-preview":"max-image-preview:large","max-video-preview":"max-video-preview:-1"},"canonical":"https:\/\/www.hotelrestart.cz\/pl\/o-hotelu\/historia-hotelu-restart\/","og_locale":"pl_PL","og_type":"article","og_title":"Historia hotelu reSTART - Hotel reSTART","og_description":"[vc_row full_width=&#8221;stretch_row&#8221; content_placement=&#8221;middle&#8221; el_class=&#8221;featured&#8221; css=&#8221;.vc_custom_1599051441764{background-image: url(https:\/\/www.hotelrestart.cz\/wp-content\/uploads\/2020\/09\/O_hotelu.jpg?id=9101) !important;background-position: center !important;background-repeat: no-repeat !important;background-size: cover !important;}&#8221;][vc_column][vc_column_text] Historia hotelu [\/vc_column_text][\/vc_column][\/vc_row][vc_row][vc_column][vc_column_text]Budow\u0119 obiektu uko\u0144czono na pocz\u0105tku 1976 roku, a jego realizacja planowana","og_url":"https:\/\/www.hotelrestart.cz\/pl\/o-hotelu\/historia-hotelu-restart\/","og_site_name":"Hotel reSTART","article_modified_time":"2025-03-24T09:37:07+00:00","og_image":[{"width":1000,"height":667,"url":"https:\/\/www.hotelrestart.cz\/wp-content\/uploads\/2018\/12\/Image00031.jpg","type":"image\/jpeg"}],"twitter_card":"summary_large_image","twitter_misc":{"Szacowany czas czytania":"2 minuty"},"schema":{"@context":"https:\/\/schema.org","@graph":[{"@type":"WebPage","@id":"https:\/\/www.hotelrestart.cz\/pl\/o-hotelu\/historia-hotelu-restart\/","url":"https:\/\/www.hotelrestart.cz\/pl\/o-hotelu\/historia-hotelu-restart\/","name":"Historia hotelu reSTART - Hotel reSTART","isPartOf":{"@id":"https:\/\/www.hotelrestart.cz\/#website"},"datePublished":"2019-06-01T18:15:59+00:00","dateModified":"2025-03-24T09:37:07+00:00","breadcrumb":{"@id":"https:\/\/www.hotelrestart.cz\/pl\/o-hotelu\/historia-hotelu-restart\/#breadcrumb"},"inLanguage":"pl-PL","potentialAction":[{"@type":"ReadAction","target":["https:\/\/www.hotelrestart.cz\/pl\/o-hotelu\/historia-hotelu-restart\/"]}]},{"@type":"BreadcrumbList","@id":"https:\/\/www.hotelrestart.cz\/pl\/o-hotelu\/historia-hotelu-restart\/#breadcrumb","itemListElement":[{"@type":"ListItem","position":1,"name":"Home","item":"https:\/\/www.hotelrestart.cz\/pl\/hotel-restart-jicin-oficjalna-strona-internetowa\/"},{"@type":"ListItem","position":2,"name":"O hotelu","item":"https:\/\/www.hotelrestart.cz\/pl\/o-hotelu\/"},{"@type":"ListItem","position":3,"name":"Historia hotelu reSTART"}]},{"@type":"WebSite","@id":"https:\/\/www.hotelrestart.cz\/#website","url":"https:\/\/www.hotelrestart.cz\/","name":"Hotel reSTART","description":"4* Hotel v Ji\u010d\u00edn\u011b","potentialAction":[{"@type":"SearchAction","target":{"@type":"EntryPoint","urlTemplate":"https:\/\/www.hotelrestart.cz\/?s={search_term_string}"},"query-input":"required name=search_term_string"}],"inLanguage":"pl-PL"}]}},"_links":{"self":[{"href":"https:\/\/www.hotelrestart.cz\/pl\/wp-json\/wp\/v2\/pages\/13786","targetHints":{"allow":["GET"]}}],"collection":[{"href":"https:\/\/www.hotelrestart.cz\/pl\/wp-json\/wp\/v2\/pages"}],"about":[{"href":"https:\/\/www.hotelrestart.cz\/pl\/wp-json\/wp\/v2\/types\/page"}],"author":[{"embeddable":true,"href":"https:\/\/www.hotelrestart.cz\/pl\/wp-json\/wp\/v2\/users\/6"}],"replies":[{"embeddable":true,"href":"https:\/\/www.hotelrestart.cz\/pl\/wp-json\/wp\/v2\/comments?post=13786"}],"version-history":[{"count":1,"href":"https:\/\/www.hotelrestart.cz\/pl\/wp-json\/wp\/v2\/pages\/13786\/revisions"}],"predecessor-version":[{"id":14370,"href":"https:\/\/www.hotelrestart.cz\/pl\/wp-json\/wp\/v2\/pages\/13786\/revisions\/14370"}],"up":[{"embeddable":true,"href":"https:\/\/www.hotelrestart.cz\/pl\/wp-json\/wp\/v2\/pages\/14365"}],"wp:featuredmedia":[{"embeddable":true,"href":"https:\/\/www.hotelrestart.cz\/pl\/wp-json\/wp\/v2\/media\/13826"}],"wp:attachment":[{"href":"https:\/\/www.hotelrestart.cz\/pl\/wp-json\/wp\/v2\/media?parent=13786"}],"wp:term":[{"taxonomy":"category","embeddable":true,"href":"https:\/\/www.hotelrestart.cz\/pl\/wp-json\/wp\/v2\/categories?post=13786"},{"taxonomy":"post_tag","embeddable":true,"href":"https:\/\/www.hotelrestart.cz\/pl\/wp-json\/wp\/v2\/tags?post=13786"}],"curies":[{"name":"wp","href":"https:\/\/api.w.org\/{rel}","templated":true}]}}