{"id":13736,"date":"2020-02-20T09:07:18","date_gmt":"2020-02-20T08:07:18","guid":{"rendered":"https:\/\/www.hotelrestart.cz\/wstac\/"},"modified":"2020-02-20T09:07:18","modified_gmt":"2020-02-20T08:07:18","slug":"wstac","status":"publish","type":"page","link":"https:\/\/www.hotelrestart.cz\/pl\/wstac\/","title":{"rendered":"Wsta\u0107"},"content":{"rendered":"<p style=\"text-align: center;\">W pi\u0105tek 3.4. Przyjd\u017a i zrestartuj swoj\u0105 g\u0142ow\u0119 razem z nami w 2020 roku!<br \/>\nCzy mocny alkohol lub spektakl Na Stoj\u00e1ka pomog\u0105? Najpierw poka\u017c, potem sta\u0144 si\u0119 twardy!<br \/>\nTowarzyszy\u0107 Ci b\u0119d\u0105 Luk\u00e1\u0161 Pavl\u00e1sek, Petr Vydra i Arno\u0161t Frauenberg.<\/p>\n<p style=\"text-align: center;\">Bilety mo\u017cna ju\u017c naby\u0107 w recepcji naszego hotelu!<\/p>\n<p><img loading=\"lazy\" decoding=\"async\" class=\"size-medium wp-image-8711 aligncenter\" src=\"https:\/\/www.hotelrestart.cz\/wp-content\/uploads\/2020\/06\/960x960-2000-1-300x296.png\" alt=\"\" width=\"300\" height=\"296\"><\/p>\n","protected":false},"excerpt":{"rendered":"<p>Lorem Ipsum jest po prostu tekstem zast\u0119pczym u\u017cywanym w przemy\u015ble poligraficznym. Lorem Ipsum jest tekstem stosowanym jako przyk\u0142adowy wype\u0142niacz w przemy\u015ble poligraficznym po raz pierwszy w XV wieku <\/p>\n","protected":false},"author":9,"featured_media":13620,"parent":0,"menu_order":0,"comment_status":"closed","ping_status":"closed","template":"","meta":{"footnotes":""},"categories":[],"tags":[],"class_list":["post-13736","page","type-page","status-publish","has-post-thumbnail","hentry"],"acf":[],"yoast_head":"<!-- This site is optimized with the Yoast SEO plugin v21.8 - https:\/\/yoast.com\/wordpress\/plugins\/seo\/ -->\n<title>Wsta\u0107 - Hotel reSTART<\/title>\n<meta name=\"robots\" content=\"index, follow, max-snippet:-1, max-image-preview:large, max-video-preview:-1\" \/>\n<link rel=\"canonical\" href=\"https:\/\/www.hotelrestart.cz\/pl\/wstac\/\" \/>\n<meta property=\"og:locale\" content=\"pl_PL\" \/>\n<meta property=\"og:type\" content=\"article\" \/>\n<meta property=\"og:title\" content=\"Wsta\u0107 - Hotel reSTART\" \/>\n<meta property=\"og:description\" content=\"Lorem Ipsum jest po prostu tekstem zast\u0119pczym u\u017cywanym w przemy\u015ble poligraficznym. Lorem Ipsum jest tekstem stosowanym jako przyk\u0142adowy wype\u0142niacz w przemy\u015ble poligraficznym po raz pierwszy w XV wieku\" \/>\n<meta property=\"og:url\" content=\"https:\/\/www.hotelrestart.cz\/pl\/wstac\/\" \/>\n<meta property=\"og:site_name\" content=\"Hotel reSTART\" \/>\n<meta property=\"og:image\" content=\"https:\/\/www.hotelrestart.cz\/wp-content\/uploads\/2020\/06\/960x960-2000-1-1.png\" \/>\n\t<meta property=\"og:image:width\" content=\"976\" \/>\n\t<meta property=\"og:image:height\" content=\"964\" \/>\n\t<meta property=\"og:image:type\" content=\"image\/png\" \/>\n<meta name=\"twitter:card\" content=\"summary_large_image\" \/>\n<script type=\"application\/ld+json\" class=\"yoast-schema-graph\">{\"@context\":\"https:\/\/schema.org\",\"@graph\":[{\"@type\":\"WebPage\",\"@id\":\"https:\/\/www.hotelrestart.cz\/pl\/wstac\/\",\"url\":\"https:\/\/www.hotelrestart.cz\/pl\/wstac\/\",\"name\":\"Wsta\u0107 - Hotel reSTART\",\"isPartOf\":{\"@id\":\"https:\/\/www.hotelrestart.cz\/#website\"},\"datePublished\":\"2020-02-20T08:07:18+00:00\",\"dateModified\":\"2020-02-20T08:07:18+00:00\",\"breadcrumb\":{\"@id\":\"https:\/\/www.hotelrestart.cz\/pl\/wstac\/#breadcrumb\"},\"inLanguage\":\"pl-PL\",\"potentialAction\":[{\"@type\":\"ReadAction\",\"target\":[\"https:\/\/www.hotelrestart.cz\/pl\/wstac\/\"]}]},{\"@type\":\"BreadcrumbList\",\"@id\":\"https:\/\/www.hotelrestart.cz\/pl\/wstac\/#breadcrumb\",\"itemListElement\":[{\"@type\":\"ListItem\",\"position\":1,\"name\":\"Home\",\"item\":\"https:\/\/www.hotelrestart.cz\/pl\/hotel-restart-jicin-oficjalna-strona-internetowa\/\"},{\"@type\":\"ListItem\",\"position\":2,\"name\":\"Wsta\u0107\"}]},{\"@type\":\"WebSite\",\"@id\":\"https:\/\/www.hotelrestart.cz\/#website\",\"url\":\"https:\/\/www.hotelrestart.cz\/\",\"name\":\"Hotel reSTART\",\"description\":\"4* Hotel v Ji\u010d\u00edn\u011b\",\"potentialAction\":[{\"@type\":\"SearchAction\",\"target\":{\"@type\":\"EntryPoint\",\"urlTemplate\":\"https:\/\/www.hotelrestart.cz\/?s={search_term_string}\"},\"query-input\":\"required name=search_term_string\"}],\"inLanguage\":\"pl-PL\"}]}<\/script>\n<!-- \/ Yoast SEO plugin. -->","yoast_head_json":{"title":"Wsta\u0107 - Hotel reSTART","robots":{"index":"index","follow":"follow","max-snippet":"max-snippet:-1","max-image-preview":"max-image-preview:large","max-video-preview":"max-video-preview:-1"},"canonical":"https:\/\/www.hotelrestart.cz\/pl\/wstac\/","og_locale":"pl_PL","og_type":"article","og_title":"Wsta\u0107 - Hotel reSTART","og_description":"Lorem Ipsum jest po prostu tekstem zast\u0119pczym u\u017cywanym w przemy\u015ble poligraficznym. Lorem Ipsum jest tekstem stosowanym jako przyk\u0142adowy wype\u0142niacz w przemy\u015ble poligraficznym po raz pierwszy w XV wieku","og_url":"https:\/\/www.hotelrestart.cz\/pl\/wstac\/","og_site_name":"Hotel reSTART","og_image":[{"width":976,"height":964,"url":"https:\/\/www.hotelrestart.cz\/wp-content\/uploads\/2020\/06\/960x960-2000-1-1.png","type":"image\/png"}],"twitter_card":"summary_large_image","schema":{"@context":"https:\/\/schema.org","@graph":[{"@type":"WebPage","@id":"https:\/\/www.hotelrestart.cz\/pl\/wstac\/","url":"https:\/\/www.hotelrestart.cz\/pl\/wstac\/","name":"Wsta\u0107 - Hotel reSTART","isPartOf":{"@id":"https:\/\/www.hotelrestart.cz\/#website"},"datePublished":"2020-02-20T08:07:18+00:00","dateModified":"2020-02-20T08:07:18+00:00","breadcrumb":{"@id":"https:\/\/www.hotelrestart.cz\/pl\/wstac\/#breadcrumb"},"inLanguage":"pl-PL","potentialAction":[{"@type":"ReadAction","target":["https:\/\/www.hotelrestart.cz\/pl\/wstac\/"]}]},{"@type":"BreadcrumbList","@id":"https:\/\/www.hotelrestart.cz\/pl\/wstac\/#breadcrumb","itemListElement":[{"@type":"ListItem","position":1,"name":"Home","item":"https:\/\/www.hotelrestart.cz\/pl\/hotel-restart-jicin-oficjalna-strona-internetowa\/"},{"@type":"ListItem","position":2,"name":"Wsta\u0107"}]},{"@type":"WebSite","@id":"https:\/\/www.hotelrestart.cz\/#website","url":"https:\/\/www.hotelrestart.cz\/","name":"Hotel reSTART","description":"4* Hotel v Ji\u010d\u00edn\u011b","potentialAction":[{"@type":"SearchAction","target":{"@type":"EntryPoint","urlTemplate":"https:\/\/www.hotelrestart.cz\/?s={search_term_string}"},"query-input":"required name=search_term_string"}],"inLanguage":"pl-PL"}]}},"_links":{"self":[{"href":"https:\/\/www.hotelrestart.cz\/pl\/wp-json\/wp\/v2\/pages\/13736","targetHints":{"allow":["GET"]}}],"collection":[{"href":"https:\/\/www.hotelrestart.cz\/pl\/wp-json\/wp\/v2\/pages"}],"about":[{"href":"https:\/\/www.hotelrestart.cz\/pl\/wp-json\/wp\/v2\/types\/page"}],"author":[{"embeddable":true,"href":"https:\/\/www.hotelrestart.cz\/pl\/wp-json\/wp\/v2\/users\/9"}],"replies":[{"embeddable":true,"href":"https:\/\/www.hotelrestart.cz\/pl\/wp-json\/wp\/v2\/comments?post=13736"}],"version-history":[{"count":0,"href":"https:\/\/www.hotelrestart.cz\/pl\/wp-json\/wp\/v2\/pages\/13736\/revisions"}],"wp:featuredmedia":[{"embeddable":true,"href":"https:\/\/www.hotelrestart.cz\/pl\/wp-json\/wp\/v2\/media\/13620"}],"wp:attachment":[{"href":"https:\/\/www.hotelrestart.cz\/pl\/wp-json\/wp\/v2\/media?parent=13736"}],"wp:term":[{"taxonomy":"category","embeddable":true,"href":"https:\/\/www.hotelrestart.cz\/pl\/wp-json\/wp\/v2\/categories?post=13736"},{"taxonomy":"post_tag","embeddable":true,"href":"https:\/\/www.hotelrestart.cz\/pl\/wp-json\/wp\/v2\/tags?post=13736"}],"curies":[{"name":"wp","href":"https:\/\/api.w.org\/{rel}","templated":true}]}}