{"id":13697,"date":"2020-06-04T12:56:52","date_gmt":"2020-06-04T10:56:52","guid":{"rendered":"https:\/\/www.hotelrestart.cz\/dobra-kondycja\/"},"modified":"2025-06-23T22:50:22","modified_gmt":"2025-06-23T20:50:22","slug":"dobra-kondycja","status":"publish","type":"page","link":"https:\/\/www.hotelrestart.cz\/pl\/dobra-kondycja\/","title":{"rendered":"Dobra kondycja"},"content":{"rendered":"<div class=\"wpb-content-wrapper\"><p>[vc_row full_width=&#8221;stretch_row&#8221; el_class=&#8221;featured&#8221; css=&#8221;.vc_custom_1598521766788{background-image: url(https:\/\/www.hotelrestart.cz\/wp-content\/uploads\/2020\/08\/Wellness_head.jpg?id=9005) !important;background-position: center !important;background-repeat: no-repeat !important;background-size: cover !important;}&#8221;][vc_column][vc_column_text]<\/p>\n<h1><span style=\"color: #ffffff;\">zrelaksuj si\u0119 w pe\u0142ni<\/span><\/h1>\n<p>[\/vc_column_text][\/vc_column][\/vc_row][vc_row][vc_column width=&#8221;1\/6&#8243;][\/vc_column][vc_column width=&#8221;2\/3&#8243;][vc_column_text]<\/p>\n<h2 class=\"western\" style=\"text-align: center;\">Pobyt wellness w Czeskim Raju<\/h2>\n<p style=\"text-align: center;\">Czy t\u0119sknisz za niezak\u0142\u00f3conym odpoczynkiem? Chcesz uciec od codziennych zmartwie\u0144 i od\u015bwie\u017cy\u0107 swoje cia\u0142o i umys\u0142? Wsi\u0105d\u017a do samochodu i jed\u017a do nowego hotelu reSTART w Jiczynie. Nowoczesne centrum odnowy biologicznej zaoferuje Pa\u0144stwu wszystko, czego potrzeba do idealnego relaksu. Przyjd\u017a do nas, zrelaksuj si\u0119 i nabierz nowej energii!    <\/p>\n<p>[\/vc_column_text][vc_empty_space][vc_empty_space][\/vc_column][vc_column width=&#8221;1\/6&#8243;][\/vc_column][\/vc_row][vc_row][vc_column width=&#8221;1\/2&#8243;][vc_column_text]<\/p>\n<h2 class=\"western\">Rozgrzej swoje cia\u0142o w naszych saunach<\/h2>\n<p>Pozw\u00f3l, aby Twoje cia\u0142o rozgrza\u0142o si\u0119 \u017cyciodajnym, leczniczym ciep\u0142em w popularnych saunach. W hotelu reSTART przygotowali\u015bmy dla Pa\u0144stwa klasyczn\u0105 saun\u0119 fi\u0144sk\u0105, kt\u00f3ra przyczynia si\u0119 do skutecznej regeneracji ca\u0142ego organizmu, a tak\u017ce stymuluje ludzk\u0105 psychik\u0119. Efekt ten mo\u017cemy wzmocni\u0107 stosuj\u0105c w naszej saunie aromatycznej esencje zapachowe. Para w saunie aromatycznej wype\u0142ni Twoje cia\u0142o zapachem, zapewni korzystny relaks i pomo\u017ce Ci ca\u0142kowicie si\u0119 odpr\u0119\u017cy\u0107.   <\/p>\n<h5>Sauna fi\u0144ska<\/h5>\n<p>Temperatura pracy: 90 \u2013 100\u00b0C<br \/>\n Zalecany czas pobytu: 5 &#8211; 15 min.<\/p>\n<p>Maks. liczba os\u00f3b: 6 <\/p>\n<h5>Sauna aromatyczna<\/h5>\n<p>Temperatura pracy: 65\u00b0C<br \/>\n Zalecany czas pobytu: 15 &#8211; 20 min.<\/p>\n<p>Maks. liczba os\u00f3b: 6 [\/vc_column_text][\/vc_column][vc_column width=&#8221;1\/2&#8243;][vc_single_image image=&#8221;9049&#8243; img_size=&#8221;large&#8221;][\/vc_column][\/vc_row][vc_row content_placement=&#8221;middle&#8221;][vc_column width=&#8221;1\/2&#8243;][vc_single_image image=&#8221;9074&#8243; img_size=&#8221;large&#8221;][\/vc_column][vc_column width=&#8221;1\/2&#8243;][vc_column_text]<\/p>\n<h2 class=\"western\">Ciesz si\u0119 relaksuj\u0105cymi masa\u017cami<\/h2>\n<p>Wybierz spo\u015br\u00f3d szerokiej gamy tajskich masa\u017cy, kt\u00f3re pozwol\u0105 Ci szybko zregenerowa\u0107 zm\u0119czone mi\u0119\u015bnie. Po\u0142\u00f3\u017c si\u0119 na wygodnym stole do masa\u017cu i oddaj swoje cia\u0142o w r\u0119ce tajskiej masa\u017cystki. W naszym centrum odnowy biologicznej oferujemy masa\u017ce relaksacyjne i aromaterapeutyczne, ale mo\u017cesz u nas r\u00f3wnie\u017c zapisa\u0107 si\u0119 na relaksuj\u0105cy masa\u017c sportowy.  [\/vc_column_text][\/vc_column][\/vc_row][vc_row content_placement=&#8221;middle&#8221;][vc_column width=&#8221;1\/2&#8243;][vc_column_text]<\/p>\n<h2 class=\"western\">Zrelaksowa\u0107 si\u0119\u2026<\/h2>\n<p>Zapomnij na chwil\u0119 o zmartwieniach zwi\u0105zanych z prac\u0105 i uwolnij si\u0119 od codziennych stereotyp\u00f3w. W pokoju relaksu hotelu reSTART \u017cycie p\u0142ynie swoim w\u0142asnym tempem, a Ty znajdziesz wszystko, czego potrzebujesz na wymarzone wakacje. Rozpie\u015bcimy Ci\u0119 tak, aby\u015b po wizycie w naszym centrum odnowy biologicznej poczu\u0142 si\u0119 jak nowo narodzony.  [\/vc_column_text][\/vc_column][vc_column width=&#8221;1\/2&#8243;][vc_single_image image=&#8221;9051&#8243; img_size=&#8221;large&#8221;][\/vc_column][\/vc_row][vc_row full_width=&#8221;stretch_row&#8221; content_placement=&#8221;middle&#8221; el_class=&#8221;brown&#8221;][vc_column][vc_column_text]<\/p>\n<h2 style=\"text-align: center;\">Cennik<\/h2>\n<p>[\/vc_column_text][vc_row_inner][vc_column_inner][vc_column_text]<\/p>\n<p style=\"text-align: center;\"><strong>Wizyta w centrum odnowy biologicznej (go\u015b\u0107 hotelowy): 250 CZK\/doros\u0142y \/ 100 CZK\/dziecko<br \/>\n<\/strong><strong>Wizyta w centrum odnowy biologicznej (wst\u0119p publiczny): 350 CZK\/doros\u0142y \/ 200 CZK\/dziecko<br \/>\n<\/strong><strong>Wynajem prywatnej sauny: 5000 CZK\/godzina<br \/>\n<\/strong><\/p>\n<p>[\/vc_column_text][vc_empty_space][\/vc_column_inner][\/vc_row_inner][vc_column_text]<\/p>\n<p style=\"text-align: center;\">Dla go\u015bci hotelowych mamy<br \/>\n <b>Otwarte codziennie od 16:00 do 22:00<\/b> .<\/p>\n<p>[\/vc_column_text][vc_empty_space][vc_column_text]<\/p>\n<h2 style=\"text-align: center;\">Ciesz si\u0119 relaksuj\u0105cymi masa\u017cami<\/h2>\n<p style=\"text-align: center;\">Wybierz spo\u015br\u00f3d szerokiej gamy masa\u017cy, kt\u00f3re pozwol\u0105 Ci szybko zregenerowa\u0107 zm\u0119czone mi\u0119\u015bnie. Po\u0142\u00f3\u017c si\u0119 na wygodnym stole do masa\u017cu i oddaj swoje cia\u0142o w r\u0119ce profesjonalnego masa\u017cysty. W naszym centrum odnowy biologicznej oferujemy masa\u017ce relaksacyjne i aromaterapeutyczne, ale mo\u017cesz u nas r\u00f3wnie\u017c zapisa\u0107 si\u0119 na relaksuj\u0105cy masa\u017c sportowy.  <\/p>\n<p style=\"text-align: center;\"><a class=\"splink\" href=\"https:\/\/www.hotelrestart.cz\/pl\/masaze-tajskie\/#dl\" rel=\"noopener noreferrer\">Cennik masa\u017cy do pobrania<\/a><\/p>\n<p>[\/vc_column_text][\/vc_column][\/vc_row][vc_row][vc_column][vc_empty_space][vc_empty_space][\/vc_column][\/vc_row][vc_row][vc_column][vc_column_text]<\/p>\n\t\t\t<style>\r\n                #foogallery-gallery-8702.fg-justified .fg-item {\r\n                    margin-right: 1px;\r\n                    margin-bottom: 1px;\r\n                }\r\n\r\n                #foogallery-gallery-8702.fg-justified .fg-image {\r\n                    height: 200px;\r\n                }\r\n\t\t\t<\/style>\r\n\t\t\t\t\t\t<style>\r\n                #foogallery-gallery-8702_1.fg-justified .fg-item {\r\n                    margin-right: 1px;\r\n                    margin-bottom: 1px;\r\n                }\r\n\r\n                #foogallery-gallery-8702_1.fg-justified .fg-image {\r\n                    height: 200px;\r\n                }\r\n\t\t\t<\/style>\r\n\t\t\t<div class=\"foogallery foogallery-container foogallery-justified foogallery-lightbox-dfactory fg-justified fg-light fg-shadow-outline fg-loading-default fg-loaded-fade-in fg-caption-always fg-hover-fade fg-hover-zoom2 fg-ready\" id=\"foogallery-gallery-8702_1\" data-foogallery=\"{&quot;item&quot;:{&quot;showCaptionTitle&quot;:true,&quot;showCaptionDescription&quot;:false},&quot;lazy&quot;:true,&quot;template&quot;:{&quot;rowHeight&quot;:200,&quot;maxRowHeight&quot;:300,&quot;margins&quot;:1,&quot;align&quot;:&quot;center&quot;,&quot;lastRow&quot;:&quot;smart&quot;}}\" >\r\n\t<div class=\"fg-item fg-type-image fg-idle\"><figure class=\"fg-item-inner\"><a href=\"https:\/\/www.hotelrestart.cz\/wp-content\/uploads\/2020\/04\/1536-1024-6-1.jpg\" data-attachment-id=\"8699\" data-rel=\"lightbox\" data-type=\"image\" class=\"fg-thumb\"><span class=\"fg-image-wrap\"><img fetchpriority=\"high\" decoding=\"async\" height=\"300\" width=\"450\" class=\"skip-lazy fg-image\" data-no-lazy=\"1\" data-src-fg=\"https:\/\/www.hotelrestart.cz\/wp-content\/uploads\/cache\/2020\/04\/1536-1024-6-1\/891304102.jpg\" src=\"data:image\/svg+xml,%3Csvg%20xmlns%3D%22http%3A%2F%2Fwww.w3.org%2F2000%2Fsvg%22%20width%3D%22450%22%20height%3D%22300%22%20viewBox%3D%220%200%20450%20300%22%3E%3C%2Fsvg%3E\" loading=\"eager\"><\/span><span class=\"fg-image-overlay\"><\/span><\/a><figcaption class=\"fg-caption\"><div class=\"fg-caption-inner\"><\/div><\/figcaption><\/figure><div class=\"fg-loader\"><\/div><\/div><div class=\"fg-item fg-type-image fg-idle\"><figure class=\"fg-item-inner\"><a href=\"https:\/\/www.hotelrestart.cz\/wp-content\/uploads\/2020\/04\/1536-1024-4.jpg\" data-attachment-id=\"8700\" data-rel=\"lightbox\" data-type=\"image\" class=\"fg-thumb\"><span class=\"fg-image-wrap\"><img decoding=\"async\" height=\"300\" width=\"450\" class=\"skip-lazy fg-image\" data-no-lazy=\"1\" data-src-fg=\"https:\/\/www.hotelrestart.cz\/wp-content\/uploads\/cache\/2020\/04\/1536-1024-4\/3872387974.jpg\" src=\"data:image\/svg+xml,%3Csvg%20xmlns%3D%22http%3A%2F%2Fwww.w3.org%2F2000%2Fsvg%22%20width%3D%22450%22%20height%3D%22300%22%20viewBox%3D%220%200%20450%20300%22%3E%3C%2Fsvg%3E\" loading=\"eager\"><\/span><span class=\"fg-image-overlay\"><\/span><\/a><figcaption class=\"fg-caption\"><div class=\"fg-caption-inner\"><\/div><\/figcaption><\/figure><div class=\"fg-loader\"><\/div><\/div><div class=\"fg-item fg-type-image fg-idle\"><figure class=\"fg-item-inner\"><a href=\"https:\/\/www.hotelrestart.cz\/wp-content\/uploads\/2020\/04\/1536-1024-12-1.jpg\" data-attachment-id=\"8696\" data-rel=\"lightbox\" data-type=\"image\" class=\"fg-thumb\"><span class=\"fg-image-wrap\"><img decoding=\"async\" height=\"300\" width=\"450\" class=\"skip-lazy fg-image\" data-no-lazy=\"1\" data-src-fg=\"https:\/\/www.hotelrestart.cz\/wp-content\/uploads\/cache\/2020\/04\/1536-1024-12-1\/2423537948.jpg\" src=\"data:image\/svg+xml,%3Csvg%20xmlns%3D%22http%3A%2F%2Fwww.w3.org%2F2000%2Fsvg%22%20width%3D%22450%22%20height%3D%22300%22%20viewBox%3D%220%200%20450%20300%22%3E%3C%2Fsvg%3E\" loading=\"eager\"><\/span><span class=\"fg-image-overlay\"><\/span><\/a><figcaption class=\"fg-caption\"><div class=\"fg-caption-inner\"><\/div><\/figcaption><\/figure><div class=\"fg-loader\"><\/div><\/div><div class=\"fg-item fg-type-image fg-idle\"><figure class=\"fg-item-inner\"><a href=\"https:\/\/www.hotelrestart.cz\/wp-content\/uploads\/2020\/04\/1536-1024-7-1.jpg\" data-attachment-id=\"8698\" data-rel=\"lightbox\" data-type=\"image\" class=\"fg-thumb\"><span class=\"fg-image-wrap\"><img decoding=\"async\" height=\"300\" width=\"450\" class=\"skip-lazy fg-image\" data-no-lazy=\"1\" data-src-fg=\"https:\/\/www.hotelrestart.cz\/wp-content\/uploads\/cache\/2020\/04\/1536-1024-7-1\/223181600.jpg\" src=\"data:image\/svg+xml,%3Csvg%20xmlns%3D%22http%3A%2F%2Fwww.w3.org%2F2000%2Fsvg%22%20width%3D%22450%22%20height%3D%22300%22%20viewBox%3D%220%200%20450%20300%22%3E%3C%2Fsvg%3E\" loading=\"eager\"><\/span><span class=\"fg-image-overlay\"><\/span><\/a><figcaption class=\"fg-caption\"><div class=\"fg-caption-inner\"><\/div><\/figcaption><\/figure><div class=\"fg-loader\"><\/div><\/div><div class=\"fg-item fg-type-image fg-idle\"><figure class=\"fg-item-inner\"><a href=\"https:\/\/www.hotelrestart.cz\/wp-content\/uploads\/2020\/04\/1536-1024-9.jpg\" data-attachment-id=\"8678\" data-rel=\"lightbox\" data-type=\"image\" class=\"fg-thumb\"><span class=\"fg-image-wrap\"><img decoding=\"async\" height=\"300\" width=\"450\" class=\"skip-lazy fg-image\" data-no-lazy=\"1\" data-src-fg=\"https:\/\/www.hotelrestart.cz\/wp-content\/uploads\/cache\/2020\/04\/1536-1024-9\/1115352660.jpg\" src=\"data:image\/svg+xml,%3Csvg%20xmlns%3D%22http%3A%2F%2Fwww.w3.org%2F2000%2Fsvg%22%20width%3D%22450%22%20height%3D%22300%22%20viewBox%3D%220%200%20450%20300%22%3E%3C%2Fsvg%3E\" loading=\"eager\"><\/span><span class=\"fg-image-overlay\"><\/span><\/a><figcaption class=\"fg-caption\"><div class=\"fg-caption-inner\"><\/div><\/figcaption><\/figure><div class=\"fg-loader\"><\/div><\/div><\/div>\r\n\n<p>[\/vc_column_text][\/vc_column][\/vc_row][vc_row][vc_column][vc_empty_space][vc_empty_space][\/vc_column][\/vc_row][vc_row][vc_column width=&#8221;1\/6&#8243;][\/vc_column][vc_column width=&#8221;2\/3&#8243;][vc_column_text]<\/p>\n<h2 style=\"text-align: center;\">Skontaktuj si\u0119 z nami i um\u00f3w si\u0119 na niesamowity relaks.<\/h2>\n<p>[\/vc_column_text][vc_empty_space][\/vc_column][vc_column width=&#8221;1\/6&#8243;][\/vc_column][\/vc_row]<\/p>\n<\/div>","protected":false},"excerpt":{"rendered":"<p>W\u0142a\u015bnie si\u0119 zar\u0119czasz i zaczynasz si\u0119 zastanawia\u0107, gdzie zorganizowa\u0107 najlepsze wesele? Dost\u0119pnych jest tysi\u0105ce miejsc. Kt\u00f3re wi\u0119c wybra\u0107? Jedno jest dla Was jasne od samego pocz\u0105tku: Wasze wesele musi by\u0107 niezapomniane, zar\u00f3wno dla Was jako pary m\u0142odej, jak i dla go\u015bci weselnych.    <\/p>\n","protected":false},"author":1,"featured_media":0,"parent":0,"menu_order":0,"comment_status":"closed","ping_status":"closed","template":"","meta":{"footnotes":""},"categories":[],"tags":[],"class_list":["post-13697","page","type-page","status-publish","hentry"],"acf":[],"yoast_head":"<!-- This site is optimized with the Yoast SEO plugin v21.8 - https:\/\/yoast.com\/wordpress\/plugins\/seo\/ -->\n<title>Dobra kondycja - Hotel reSTART<\/title>\n<meta name=\"robots\" content=\"index, follow, max-snippet:-1, max-image-preview:large, max-video-preview:-1\" \/>\n<link rel=\"canonical\" href=\"https:\/\/www.hotelrestart.cz\/pl\/dobra-kondycja\/\" \/>\n<meta property=\"og:locale\" content=\"pl_PL\" \/>\n<meta property=\"og:type\" content=\"article\" \/>\n<meta property=\"og:title\" content=\"Dobra kondycja - Hotel reSTART\" \/>\n<meta property=\"og:description\" content=\"W\u0142a\u015bnie si\u0119 zar\u0119czasz i zaczynasz si\u0119 zastanawia\u0107, gdzie zorganizowa\u0107 najlepsze wesele? Dost\u0119pnych jest tysi\u0105ce miejsc. Kt\u00f3re wi\u0119c wybra\u0107? Jedno jest dla Was jasne od samego pocz\u0105tku: Wasze wesele musi by\u0107 niezapomniane, zar\u00f3wno dla Was jako pary m\u0142odej, jak i dla go\u015bci weselnych.\" \/>\n<meta property=\"og:url\" content=\"https:\/\/www.hotelrestart.cz\/pl\/dobra-kondycja\/\" \/>\n<meta property=\"og:site_name\" content=\"Hotel reSTART\" \/>\n<meta property=\"article:modified_time\" content=\"2025-06-23T20:50:22+00:00\" \/>\n<meta name=\"twitter:card\" content=\"summary_large_image\" \/>\n<meta name=\"twitter:label1\" content=\"Szacowany czas czytania\" \/>\n\t<meta name=\"twitter:data1\" content=\"4 minuty\" \/>\n<script type=\"application\/ld+json\" class=\"yoast-schema-graph\">{\"@context\":\"https:\/\/schema.org\",\"@graph\":[{\"@type\":\"WebPage\",\"@id\":\"https:\/\/www.hotelrestart.cz\/pl\/dobra-kondycja\/\",\"url\":\"https:\/\/www.hotelrestart.cz\/pl\/dobra-kondycja\/\",\"name\":\"Dobra kondycja - Hotel reSTART\",\"isPartOf\":{\"@id\":\"https:\/\/www.hotelrestart.cz\/#website\"},\"datePublished\":\"2020-06-04T10:56:52+00:00\",\"dateModified\":\"2025-06-23T20:50:22+00:00\",\"breadcrumb\":{\"@id\":\"https:\/\/www.hotelrestart.cz\/pl\/dobra-kondycja\/#breadcrumb\"},\"inLanguage\":\"pl-PL\",\"potentialAction\":[{\"@type\":\"ReadAction\",\"target\":[\"https:\/\/www.hotelrestart.cz\/pl\/dobra-kondycja\/\"]}]},{\"@type\":\"BreadcrumbList\",\"@id\":\"https:\/\/www.hotelrestart.cz\/pl\/dobra-kondycja\/#breadcrumb\",\"itemListElement\":[{\"@type\":\"ListItem\",\"position\":1,\"name\":\"Home\",\"item\":\"https:\/\/www.hotelrestart.cz\/pl\/hotel-restart-jicin-oficjalna-strona-internetowa\/\"},{\"@type\":\"ListItem\",\"position\":2,\"name\":\"Dobra kondycja\"}]},{\"@type\":\"WebSite\",\"@id\":\"https:\/\/www.hotelrestart.cz\/#website\",\"url\":\"https:\/\/www.hotelrestart.cz\/\",\"name\":\"Hotel reSTART\",\"description\":\"4* Hotel v Ji\u010d\u00edn\u011b\",\"potentialAction\":[{\"@type\":\"SearchAction\",\"target\":{\"@type\":\"EntryPoint\",\"urlTemplate\":\"https:\/\/www.hotelrestart.cz\/?s={search_term_string}\"},\"query-input\":\"required name=search_term_string\"}],\"inLanguage\":\"pl-PL\"}]}<\/script>\n<!-- \/ Yoast SEO plugin. -->","yoast_head_json":{"title":"Dobra kondycja - Hotel reSTART","robots":{"index":"index","follow":"follow","max-snippet":"max-snippet:-1","max-image-preview":"max-image-preview:large","max-video-preview":"max-video-preview:-1"},"canonical":"https:\/\/www.hotelrestart.cz\/pl\/dobra-kondycja\/","og_locale":"pl_PL","og_type":"article","og_title":"Dobra kondycja - Hotel reSTART","og_description":"W\u0142a\u015bnie si\u0119 zar\u0119czasz i zaczynasz si\u0119 zastanawia\u0107, gdzie zorganizowa\u0107 najlepsze wesele? Dost\u0119pnych jest tysi\u0105ce miejsc. Kt\u00f3re wi\u0119c wybra\u0107? Jedno jest dla Was jasne od samego pocz\u0105tku: Wasze wesele musi by\u0107 niezapomniane, zar\u00f3wno dla Was jako pary m\u0142odej, jak i dla go\u015bci weselnych.","og_url":"https:\/\/www.hotelrestart.cz\/pl\/dobra-kondycja\/","og_site_name":"Hotel reSTART","article_modified_time":"2025-06-23T20:50:22+00:00","twitter_card":"summary_large_image","twitter_misc":{"Szacowany czas czytania":"4 minuty"},"schema":{"@context":"https:\/\/schema.org","@graph":[{"@type":"WebPage","@id":"https:\/\/www.hotelrestart.cz\/pl\/dobra-kondycja\/","url":"https:\/\/www.hotelrestart.cz\/pl\/dobra-kondycja\/","name":"Dobra kondycja - Hotel reSTART","isPartOf":{"@id":"https:\/\/www.hotelrestart.cz\/#website"},"datePublished":"2020-06-04T10:56:52+00:00","dateModified":"2025-06-23T20:50:22+00:00","breadcrumb":{"@id":"https:\/\/www.hotelrestart.cz\/pl\/dobra-kondycja\/#breadcrumb"},"inLanguage":"pl-PL","potentialAction":[{"@type":"ReadAction","target":["https:\/\/www.hotelrestart.cz\/pl\/dobra-kondycja\/"]}]},{"@type":"BreadcrumbList","@id":"https:\/\/www.hotelrestart.cz\/pl\/dobra-kondycja\/#breadcrumb","itemListElement":[{"@type":"ListItem","position":1,"name":"Home","item":"https:\/\/www.hotelrestart.cz\/pl\/hotel-restart-jicin-oficjalna-strona-internetowa\/"},{"@type":"ListItem","position":2,"name":"Dobra kondycja"}]},{"@type":"WebSite","@id":"https:\/\/www.hotelrestart.cz\/#website","url":"https:\/\/www.hotelrestart.cz\/","name":"Hotel reSTART","description":"4* Hotel v Ji\u010d\u00edn\u011b","potentialAction":[{"@type":"SearchAction","target":{"@type":"EntryPoint","urlTemplate":"https:\/\/www.hotelrestart.cz\/?s={search_term_string}"},"query-input":"required name=search_term_string"}],"inLanguage":"pl-PL"}]}},"_links":{"self":[{"href":"https:\/\/www.hotelrestart.cz\/pl\/wp-json\/wp\/v2\/pages\/13697","targetHints":{"allow":["GET"]}}],"collection":[{"href":"https:\/\/www.hotelrestart.cz\/pl\/wp-json\/wp\/v2\/pages"}],"about":[{"href":"https:\/\/www.hotelrestart.cz\/pl\/wp-json\/wp\/v2\/types\/page"}],"author":[{"embeddable":true,"href":"https:\/\/www.hotelrestart.cz\/pl\/wp-json\/wp\/v2\/users\/1"}],"replies":[{"embeddable":true,"href":"https:\/\/www.hotelrestart.cz\/pl\/wp-json\/wp\/v2\/comments?post=13697"}],"version-history":[{"count":3,"href":"https:\/\/www.hotelrestart.cz\/pl\/wp-json\/wp\/v2\/pages\/13697\/revisions"}],"predecessor-version":[{"id":14645,"href":"https:\/\/www.hotelrestart.cz\/pl\/wp-json\/wp\/v2\/pages\/13697\/revisions\/14645"}],"wp:attachment":[{"href":"https:\/\/www.hotelrestart.cz\/pl\/wp-json\/wp\/v2\/media?parent=13697"}],"wp:term":[{"taxonomy":"category","embeddable":true,"href":"https:\/\/www.hotelrestart.cz\/pl\/wp-json\/wp\/v2\/categories?post=13697"},{"taxonomy":"post_tag","embeddable":true,"href":"https:\/\/www.hotelrestart.cz\/pl\/wp-json\/wp\/v2\/tags?post=13697"}],"curies":[{"name":"wp","href":"https:\/\/api.w.org\/{rel}","templated":true}]}}