{"id":13692,"date":"2020-04-27T15:44:42","date_gmt":"2020-04-27T13:44:42","guid":{"rendered":"https:\/\/www.hotelrestart.cz\/sluby\/"},"modified":"2020-04-27T15:44:42","modified_gmt":"2020-04-27T13:44:42","slug":"sluby","status":"publish","type":"page","link":"https:\/\/www.hotelrestart.cz\/pl\/sluby\/","title":{"rendered":"\u015aluby"},"content":{"rendered":"<div class=\"wpb-content-wrapper\"><p>[vc_row full_width=&#8221;stretch_row&#8221; css=&#8221;.vc_custom_1598522214474{background-image: url(https:\/\/www.hotelrestart.cz\/wp-content\/uploads\/2020\/08\/Svatby_head.jpg?id=9009) !important;background-position: center !important;background-repeat: no-repeat !important;background-size: cover !important;}&#8221; el_class=&#8221;featured&#8221;][vc_column][vc_column_text]<\/p>\n<h1>Marzysz o \u015blubie?<\/h1>\n<p>[\/vc_column_text][\/vc_column][\/vc_row][vc_row][vc_column width=&#8221;1\/6&#8243;][\/vc_column][vc_column width=&#8221;2\/3&#8243;][vc_column_text]<\/p>\n<h2 style=\"text-align: center;\">W takim razie polecamy Czeski Raj!<\/h2>\n<p style=\"text-align: center;\">W\u0142a\u015bnie si\u0119 zar\u0119czasz i zaczynasz si\u0119 zastanawia\u0107, gdzie zorganizowa\u0107 najlepsze wesele? Dost\u0119pnych jest tysi\u0105ce miejsc. Kt\u00f3re wi\u0119c wybra\u0107? Jedno jest dla Was jasne od samego pocz\u0105tku: Wasze wesele musi by\u0107 niezapomniane, zar\u00f3wno dla Was jako pary m\u0142odej, jak i dla go\u015bci weselnych.  <\/p>\n<p style=\"text-align: center;\">Zorganizuj wesele w Czeskim Raju. Zakochaj\u0105 si\u0119 Pa\u0144stwo od razu w malowniczym Jiczynie, a dla naszego reSTART hotelu b\u0119dzie wielkim zaszczytem m\u00f3c tam by\u0107 z Pa\u0144stwem. Nie wahaj si\u0119 skontaktowa\u0107 z nami, a pomo\u017cemy Ci zorganizowa\u0107 \u015blub Twoich marze\u0144. Od A do Z.   <\/p>\n<p>[\/vc_column_text][vc_empty_space][vc_empty_space][\/vc_column][vc_column width=&#8221;1\/6&#8243;][\/vc_column][\/vc_row][vc_row content_placement=&#8221;middle&#8221;][vc_column width=&#8221;1\/2&#8243;][vc_column_text]<\/p>\n<h2>Przygotujemy legendarn\u0105 uczt\u0119<\/h2>\n<p>Wystawny bankiet dla nawet 100 go\u015bci? Tradycyjne menu weselne czy mo\u017ce wolisz nieformalne grillowanie na \u015bwie\u017cym powietrzu ze wszystkim? To zale\u017cy od Ciebie. Opowiedz nam o swoim pomy\u015ble, a my zrealizujemy go co do joty.   [\/vc_column_text][\/vc_column][vc_column width=&#8221;1\/2&#8243;][vc_single_image image=&#8221;8500&#8243; img_size=&#8221;large&#8221;][\/vc_column][\/vc_row][vc_row content_placement=&#8221;middle&#8221;][vc_column width=&#8221;1\/2&#8243;][vc_single_image image=&#8221;8581&#8243; img_size=&#8221;large&#8221;][\/vc_column][vc_column width=&#8221;1\/2&#8243;][vc_column_text]<\/p>\n<h2>Dostosujemy si\u0119 do Twoich go\u015bci<\/h2>\n<p>W komfortowych pokojach naszego hotelu mo\u017cemy pomie\u015bci\u0107 nawet sto os\u00f3b na wesele. Ale oczywi\u015bcie rezerwujemy najlepszy apartament dla nowo\u017ce\u0144c\u00f3w. Mo\u017cesz liczy\u0107 na romantyczny wystr\u00f3j, magiczny widok i wspania\u0142e \u015bniadanie podawane do \u0142\u00f3\u017cka.  [\/vc_column_text][\/vc_column][\/vc_row][vc_row content_placement=&#8221;middle&#8221;][vc_column width=&#8221;1\/2&#8243;][vc_column_text]<\/p>\n<h2>My zajmiemy si\u0119 zabaw\u0105<\/h2>\n<p>Wsp\u00f3lnie z Pa\u0144stwem zaplanujemy program ca\u0142ego dnia \u015blubu. Zorganizujemy romantyczn\u0105 przeja\u017cd\u017ck\u0119 bryczk\u0105, zam\u00f3wimy DJ-a i zesp\u00f3\u0142 graj\u0105cy na \u017cywo, a tak\u017ce zapewnimy niezawodn\u0105 rozrywk\u0119 dla dzieci wszystkich go\u015bci w k\u0105ciku dla dzieci. Czy poci\u0105gaj\u0105 Ci\u0119 tradycje \u015blubne? Powiedz nam po prostu, a my przygotujemy wszystko dla Ciebie.   [\/vc_column_text][\/vc_column][vc_column width=&#8221;1\/2&#8243;][vc_single_image image=&#8221;9077&#8243; img_size=&#8221;large&#8221;][\/vc_column][\/vc_row][vc_row full_width=&#8221;stretch_row&#8221; content_placement=&#8221;middle&#8221; el_class=&#8221;brown&#8221;][vc_column][vc_empty_space][vc_empty_space][vc_column_text]<\/p>\n<h2 style=\"text-align: center;\">Co dalej?<\/h2>\n<p style=\"text-align: center;\">Zrobimy wszystko, co w naszej mocy, aby\u015bcie mogli cieszy\u0107 si\u0119 swoim \u015blubem od rana do p\u00f3\u017anej nocy. Pozostaw nam wszelkie ustalenia. Mo\u017cemy zorganizowa\u0107 koordynatora \u015blubu, wiza\u017cyst\u0119, fotografa i kierowc\u0119 do transportu go\u015bci. Wybierzemy z Tob\u0105 najlepszy tort weselny. Zaplanujemy dekoracj\u0119 w najdrobniejszych szczeg\u00f3\u0142ach. Po prostu ciesz si\u0119 swoim wielkim dniem.     <\/p>\n<p>[\/vc_column_text][vc_empty_space][vc_column_text]<\/p>\n<h2 style=\"text-align: center;\">Wiecz\u00f3r kawalerski<\/h2>\n<p style=\"text-align: center;\">Nie tylko prze\u017cycia \u015blubne powinny by\u0107 niezapomniane. Oczywi\u015bcie, perfekcyjnie przygotowany wiecz\u00f3r kawalerski to r\u00f3wnie\u017c jedna z ulubionych tradycji. Przyjd\u017a i baw si\u0119 dobrze na tej imprezie ze znajomymi w Ji\u010d\u00ednie<br \/>\n w hotelu reSTART! Zorganizujemy dla Pa\u0144stwa program i rozrywk\u0119 dok\u0142adnie wed\u0142ug Pa\u0144stwa \u017cycze\u0144, zaproponujemy ekskluzywne pocz\u0119stunki i wzniesiemy toast na jednym z najwy\u017cszych pi\u0119ter hotelu. Z kieliszkiem w r\u0119ku mo\u017cesz cieszy\u0107 si\u0119 pi\u0119knym widokiem Czeskiego Raju w towarzystwie swoich bliskich. Zaplanujmy razem Tw\u00f3j wiecz\u00f3r panie\u0144ski w Jiczynie.     <\/p>\n<p>[\/vc_column_text][vc_empty_space][vc_empty_space][\/vc_column][\/vc_row][vc_row][vc_column][vc_empty_space][\/vc_column][\/vc_row][vc_row][vc_column width=&#8221;1\/6&#8243;][\/vc_column][vc_column width=&#8221;2\/3&#8243;][vc_empty_space][vc_column_text]<\/p>\n<h2 style=\"text-align: center;\">Skontaktuj si\u0119 z nami<\/h2>\n<p>[\/vc_column_text][vc_empty_space]\n<div class=\"wpcf7 no-js\" id=\"wpcf7-f7570-o1\" lang=\"cs-CZ\" dir=\"ltr\">\n<div class=\"screen-reader-response\"><p role=\"status\" aria-live=\"polite\" aria-atomic=\"true\"><\/p> <ul><\/ul><\/div>\n<form action=\"\/pl\/wp-json\/wp\/v2\/pages\/13692#wpcf7-f7570-o1\" method=\"post\" class=\"wpcf7-form init\" aria-label=\"Kontaktn\u00ed formul\u00e1\u0159\" novalidate=\"novalidate\" data-status=\"init\">\n<div style=\"display: none;\">\n<input type=\"hidden\" name=\"_wpcf7\" value=\"7570\" \/>\n<input type=\"hidden\" name=\"_wpcf7_version\" value=\"5.8.6\" \/>\n<input type=\"hidden\" name=\"_wpcf7_locale\" value=\"cs_CZ\" \/>\n<input type=\"hidden\" name=\"_wpcf7_unit_tag\" value=\"wpcf7-f7570-o1\" \/>\n<input type=\"hidden\" name=\"_wpcf7_container_post\" value=\"0\" \/>\n<input type=\"hidden\" name=\"_wpcf7_posted_data_hash\" value=\"\" \/>\n<input type=\"hidden\" name=\"_wpcf7_recaptcha_response\" value=\"\" \/>\n<\/div>\n<div class=\"xform\">\n\t<div class=\"xforml\">\n\t\t<div class=\"xin xinl\">\n\t\t\t<p><span class=\"wpcf7-form-control-wrap\" data-name=\"firma\"><input size=\"40\" class=\"wpcf7-form-control wpcf7-text wpcf7-validates-as-required\" aria-required=\"true\" aria-invalid=\"false\" placeholder=\"Firma\" value=\"\" type=\"text\" name=\"firma\" \/><\/span><br \/>\n<span class=\"wpcf7-form-control-wrap\" data-name=\"your-name\"><input size=\"40\" class=\"wpcf7-form-control wpcf7-text wpcf7-validates-as-required\" aria-required=\"true\" aria-invalid=\"false\" placeholder=\"Va\u0161e jm\u00e9no\" value=\"\" type=\"text\" name=\"your-name\" \/><\/span><br \/>\n<span class=\"wpcf7-form-control-wrap\" data-name=\"your-email\"><input size=\"40\" class=\"wpcf7-form-control wpcf7-email wpcf7-validates-as-required wpcf7-text wpcf7-validates-as-email\" aria-required=\"true\" aria-invalid=\"false\" placeholder=\"Emailov\u00e1 adresa\" value=\"\" type=\"email\" name=\"your-email\" \/><\/span><br \/>\n<span class=\"wpcf7-form-control-wrap\" data-name=\"your-phone\"><input size=\"40\" class=\"wpcf7-form-control wpcf7-tel wpcf7-validates-as-required wpcf7-text wpcf7-validates-as-tel\" aria-required=\"true\" aria-invalid=\"false\" placeholder=\"Telefonn\u00ed \u010d\u00edslo\" value=\"\" type=\"tel\" name=\"your-phone\" \/><\/span><br \/>\n<span class=\"wpcf7-form-control-wrap\" data-name=\"your-name\"><input size=\"40\" class=\"wpcf7-form-control wpcf7-text wpcf7-validates-as-required\" aria-required=\"true\" aria-invalid=\"false\" placeholder=\"Typ akce\" value=\"\" type=\"text\" name=\"your-name\" \/><\/span><br \/>\n<span class=\"wpcf7-form-control-wrap\" data-name=\"osob\"><input size=\"40\" class=\"wpcf7-form-control wpcf7-text wpcf7-validates-as-required\" aria-required=\"true\" aria-invalid=\"false\" placeholder=\"Po\u010det osob\" value=\"\" type=\"text\" name=\"osob\" \/><\/span><br \/>\n<span class=\"wpcf7-form-control-wrap\" data-name=\"check-in\"><input size=\"40\" class=\"wpcf7-form-control wpcf7-text\" aria-invalid=\"false\" value=\"Datum kon\u00e1n\u00ed\" type=\"text\" name=\"check-in\" \/><\/span>\n\t\t\t<\/p>\n\t\t<\/div>\n\t<\/div>\n\t<div class=\"xformr\">\n\t\t<div class=\"xin xinr\">\n\t\t\t<p>Chcete n\u00e1m n\u011bco vzk\u00e1zat?\n\t\t\t<\/p>\n\t\t\t<p><span class=\"wpcf7-form-control-wrap\" data-name=\"zprava\"><textarea cols=\"40\" rows=\"15\" class=\"wpcf7-form-control wpcf7-textarea\" aria-invalid=\"false\" name=\"zprava\"><\/textarea><\/span>\n\t\t\t<\/p>\n\t\t<\/div>\n\t<\/div>\n\t<p><br style=\"clear:both;\" \/>\n\t<\/p>\n<\/div>\n<div class=\"xforms\">\n\t<p><input class=\"wpcf7-form-control wpcf7-submit has-spinner\" type=\"submit\" value=\"Odeslat nez\u00e1vaznou popt\u00e1vku\" \/>\n\t<\/p>\n<\/div><div class=\"wpcf7-response-output\" aria-hidden=\"true\"><\/div>\n<\/form>\n<\/div>\n[vc_empty_space][vc_empty_space][\/vc_column][vc_column width=&#8221;1\/6&#8243;][\/vc_column][\/vc_row][vc_row][vc_column][vc_empty_space][\/vc_column][\/vc_row][vc_row][vc_column][vc_column_text]<\/p>\n\t\t\t<style>\r\n                #foogallery-gallery-8511.fg-justified .fg-item {\r\n                    margin-right: 3px;\r\n                    margin-bottom: 3px;\r\n                }\r\n\r\n                #foogallery-gallery-8511.fg-justified .fg-image {\r\n                    height: 220px;\r\n                }\r\n\t\t\t<\/style>\r\n\t\t\t\t\t\t<style>\r\n                #foogallery-gallery-8511_1.fg-justified .fg-item {\r\n                    margin-right: 3px;\r\n                    margin-bottom: 3px;\r\n                }\r\n\r\n                #foogallery-gallery-8511_1.fg-justified .fg-image {\r\n                    height: 220px;\r\n                }\r\n\t\t\t<\/style>\r\n\t\t\t<div class=\"foogallery foogallery-container foogallery-justified foogallery-lightbox-dfactory fg-justified fg-light fg-shadow-outline fg-loading-default fg-loaded-fade-in fg-caption-always fg-hover-fade fg-hover-zoom2 fg-ready\" id=\"foogallery-gallery-8511_1\" data-foogallery=\"{&quot;item&quot;:{&quot;showCaptionTitle&quot;:true,&quot;showCaptionDescription&quot;:false},&quot;lazy&quot;:true,&quot;template&quot;:{&quot;rowHeight&quot;:220,&quot;maxRowHeight&quot;:330,&quot;margins&quot;:3,&quot;align&quot;:&quot;center&quot;,&quot;lastRow&quot;:&quot;smart&quot;}}\" >\r\n\t<div class=\"fg-item fg-type-image fg-idle\"><figure class=\"fg-item-inner\"><a href=\"https:\/\/www.hotelrestart.cz\/wp-content\/uploads\/2020\/04\/IMG_6712.jpg\" data-attachment-id=\"9093\" data-rel=\"lightbox\" data-type=\"image\" class=\"fg-thumb\"><span class=\"fg-image-wrap\"><img fetchpriority=\"high\" decoding=\"async\" height=\"330\" width=\"495\" class=\"skip-lazy fg-image\" data-no-lazy=\"1\" data-src-fg=\"https:\/\/www.hotelrestart.cz\/wp-content\/uploads\/cache\/2020\/04\/IMG_6712\/3455078139.jpg\" src=\"data:image\/svg+xml,%3Csvg%20xmlns%3D%22http%3A%2F%2Fwww.w3.org%2F2000%2Fsvg%22%20width%3D%22495%22%20height%3D%22330%22%20viewBox%3D%220%200%20495%20330%22%3E%3C%2Fsvg%3E\" loading=\"eager\"><\/span><span class=\"fg-image-overlay\"><\/span><\/a><figcaption class=\"fg-caption\"><div class=\"fg-caption-inner\"><\/div><\/figcaption><\/figure><div class=\"fg-loader\"><\/div><\/div><div class=\"fg-item fg-type-image fg-idle\"><figure class=\"fg-item-inner\"><a href=\"https:\/\/www.hotelrestart.cz\/wp-content\/uploads\/2020\/04\/IMG_6527.jpg\" data-attachment-id=\"9094\" data-rel=\"lightbox\" data-type=\"image\" class=\"fg-thumb\"><span class=\"fg-image-wrap\"><img decoding=\"async\" height=\"330\" width=\"495\" class=\"skip-lazy fg-image\" data-no-lazy=\"1\" data-src-fg=\"https:\/\/www.hotelrestart.cz\/wp-content\/uploads\/cache\/2020\/04\/IMG_6527\/3013914749.jpg\" src=\"data:image\/svg+xml,%3Csvg%20xmlns%3D%22http%3A%2F%2Fwww.w3.org%2F2000%2Fsvg%22%20width%3D%22495%22%20height%3D%22330%22%20viewBox%3D%220%200%20495%20330%22%3E%3C%2Fsvg%3E\" loading=\"eager\"><\/span><span class=\"fg-image-overlay\"><\/span><\/a><figcaption class=\"fg-caption\"><div class=\"fg-caption-inner\"><\/div><\/figcaption><\/figure><div class=\"fg-loader\"><\/div><\/div><div class=\"fg-item fg-type-image fg-idle\"><figure class=\"fg-item-inner\"><a href=\"https:\/\/www.hotelrestart.cz\/wp-content\/uploads\/2020\/04\/IMG_6600-scaled.jpg\" data-attachment-id=\"8502\" data-rel=\"lightbox\" data-type=\"image\" class=\"fg-thumb\"><span class=\"fg-image-wrap\"><img decoding=\"async\" height=\"330\" width=\"495\" class=\"skip-lazy fg-image\" data-no-lazy=\"1\" data-src-fg=\"https:\/\/www.hotelrestart.cz\/wp-content\/uploads\/cache\/2020\/04\/IMG_6600-scaled\/2592445831.jpg\" src=\"data:image\/svg+xml,%3Csvg%20xmlns%3D%22http%3A%2F%2Fwww.w3.org%2F2000%2Fsvg%22%20width%3D%22495%22%20height%3D%22330%22%20viewBox%3D%220%200%20495%20330%22%3E%3C%2Fsvg%3E\" loading=\"eager\"><\/span><span class=\"fg-image-overlay\"><\/span><\/a><figcaption class=\"fg-caption\"><div class=\"fg-caption-inner\"><\/div><\/figcaption><\/figure><div class=\"fg-loader\"><\/div><\/div><div class=\"fg-item fg-type-image fg-idle\"><figure class=\"fg-item-inner\"><a href=\"https:\/\/www.hotelrestart.cz\/wp-content\/uploads\/2020\/04\/IMG_6437.jpg\" data-attachment-id=\"9095\" data-rel=\"lightbox\" data-type=\"image\" class=\"fg-thumb\"><span class=\"fg-image-wrap\"><img decoding=\"async\" height=\"330\" width=\"495\" class=\"skip-lazy fg-image\" data-no-lazy=\"1\" data-src-fg=\"https:\/\/www.hotelrestart.cz\/wp-content\/uploads\/cache\/2020\/04\/IMG_6437\/234465221.jpg\" src=\"data:image\/svg+xml,%3Csvg%20xmlns%3D%22http%3A%2F%2Fwww.w3.org%2F2000%2Fsvg%22%20width%3D%22495%22%20height%3D%22330%22%20viewBox%3D%220%200%20495%20330%22%3E%3C%2Fsvg%3E\" loading=\"eager\"><\/span><span class=\"fg-image-overlay\"><\/span><\/a><figcaption class=\"fg-caption\"><div class=\"fg-caption-inner\"><\/div><\/figcaption><\/figure><div class=\"fg-loader\"><\/div><\/div><div class=\"fg-item fg-type-image fg-idle\"><figure class=\"fg-item-inner\"><a href=\"https:\/\/www.hotelrestart.cz\/wp-content\/uploads\/2020\/04\/IMG_6819-1.jpg\" data-attachment-id=\"9096\" data-rel=\"lightbox\" data-type=\"image\" class=\"fg-thumb\"><span class=\"fg-image-wrap\"><img decoding=\"async\" height=\"330\" width=\"495\" class=\"skip-lazy fg-image\" data-no-lazy=\"1\" data-src-fg=\"https:\/\/www.hotelrestart.cz\/wp-content\/uploads\/cache\/2020\/04\/IMG_6819-1\/3737401517.jpg\" src=\"data:image\/svg+xml,%3Csvg%20xmlns%3D%22http%3A%2F%2Fwww.w3.org%2F2000%2Fsvg%22%20width%3D%22495%22%20height%3D%22330%22%20viewBox%3D%220%200%20495%20330%22%3E%3C%2Fsvg%3E\" loading=\"eager\"><\/span><span class=\"fg-image-overlay\"><\/span><\/a><figcaption class=\"fg-caption\"><div class=\"fg-caption-inner\"><\/div><\/figcaption><\/figure><div class=\"fg-loader\"><\/div><\/div><div class=\"fg-item fg-type-image fg-idle\"><figure class=\"fg-item-inner\"><a href=\"https:\/\/www.hotelrestart.cz\/wp-content\/uploads\/2020\/04\/IMG_6808.jpg\" data-attachment-id=\"9097\" data-rel=\"lightbox\" data-type=\"image\" class=\"fg-thumb\"><span class=\"fg-image-wrap\"><img decoding=\"async\" height=\"330\" width=\"495\" class=\"skip-lazy fg-image\" data-no-lazy=\"1\" data-src-fg=\"https:\/\/www.hotelrestart.cz\/wp-content\/uploads\/cache\/2020\/04\/IMG_6808\/2057353384.jpg\" src=\"data:image\/svg+xml,%3Csvg%20xmlns%3D%22http%3A%2F%2Fwww.w3.org%2F2000%2Fsvg%22%20width%3D%22495%22%20height%3D%22330%22%20viewBox%3D%220%200%20495%20330%22%3E%3C%2Fsvg%3E\" loading=\"eager\"><\/span><span class=\"fg-image-overlay\"><\/span><\/a><figcaption class=\"fg-caption\"><div class=\"fg-caption-inner\"><\/div><\/figcaption><\/figure><div class=\"fg-loader\"><\/div><\/div><div class=\"fg-item fg-type-image fg-idle\"><figure class=\"fg-item-inner\"><a href=\"https:\/\/www.hotelrestart.cz\/wp-content\/uploads\/2020\/04\/IMG_6742-1.jpg\" data-attachment-id=\"9100\" data-rel=\"lightbox\" data-type=\"image\" class=\"fg-thumb\"><span class=\"fg-image-wrap\"><img decoding=\"async\" height=\"330\" width=\"220\" class=\"skip-lazy fg-image\" data-no-lazy=\"1\" data-src-fg=\"https:\/\/www.hotelrestart.cz\/wp-content\/uploads\/cache\/2020\/04\/IMG_6742-1\/2045286632.jpg\" src=\"data:image\/svg+xml,%3Csvg%20xmlns%3D%22http%3A%2F%2Fwww.w3.org%2F2000%2Fsvg%22%20width%3D%22220%22%20height%3D%22330%22%20viewBox%3D%220%200%20220%20330%22%3E%3C%2Fsvg%3E\" loading=\"eager\"><\/span><span class=\"fg-image-overlay\"><\/span><\/a><figcaption class=\"fg-caption\"><div class=\"fg-caption-inner\"><\/div><\/figcaption><\/figure><div class=\"fg-loader\"><\/div><\/div><div class=\"fg-item fg-type-image fg-idle\"><figure class=\"fg-item-inner\"><a href=\"https:\/\/www.hotelrestart.cz\/wp-content\/uploads\/2020\/04\/IMG_6876.jpg\" data-attachment-id=\"9098\" data-rel=\"lightbox\" data-type=\"image\" class=\"fg-thumb\"><span class=\"fg-image-wrap\"><img decoding=\"async\" height=\"330\" width=\"495\" class=\"skip-lazy fg-image\" data-no-lazy=\"1\" data-src-fg=\"https:\/\/www.hotelrestart.cz\/wp-content\/uploads\/cache\/2020\/04\/IMG_6876\/1513592738.jpg\" src=\"data:image\/svg+xml,%3Csvg%20xmlns%3D%22http%3A%2F%2Fwww.w3.org%2F2000%2Fsvg%22%20width%3D%22495%22%20height%3D%22330%22%20viewBox%3D%220%200%20495%20330%22%3E%3C%2Fsvg%3E\" loading=\"eager\"><\/span><span class=\"fg-image-overlay\"><\/span><\/a><figcaption class=\"fg-caption\"><div class=\"fg-caption-inner\"><\/div><\/figcaption><\/figure><div class=\"fg-loader\"><\/div><\/div><div class=\"fg-item fg-type-image fg-idle\"><figure class=\"fg-item-inner\"><a href=\"https:\/\/www.hotelrestart.cz\/wp-content\/uploads\/2020\/04\/IMG_6433.jpg\" data-attachment-id=\"9099\" data-rel=\"lightbox\" data-type=\"image\" class=\"fg-thumb\"><span class=\"fg-image-wrap\"><img decoding=\"async\" height=\"330\" width=\"495\" class=\"skip-lazy fg-image\" data-no-lazy=\"1\" data-src-fg=\"https:\/\/www.hotelrestart.cz\/wp-content\/uploads\/cache\/2020\/04\/IMG_6433\/333660289.jpg\" src=\"data:image\/svg+xml,%3Csvg%20xmlns%3D%22http%3A%2F%2Fwww.w3.org%2F2000%2Fsvg%22%20width%3D%22495%22%20height%3D%22330%22%20viewBox%3D%220%200%20495%20330%22%3E%3C%2Fsvg%3E\" loading=\"eager\"><\/span><span class=\"fg-image-overlay\"><\/span><\/a><figcaption class=\"fg-caption\"><div class=\"fg-caption-inner\"><\/div><\/figcaption><\/figure><div class=\"fg-loader\"><\/div><\/div><div class=\"fg-item fg-type-image fg-idle\"><figure class=\"fg-item-inner\"><a href=\"https:\/\/www.hotelrestart.cz\/wp-content\/uploads\/2020\/04\/IMG_6417.jpg\" data-attachment-id=\"9170\" data-rel=\"lightbox\" data-type=\"image\" class=\"fg-thumb\"><span class=\"fg-image-wrap\"><img decoding=\"async\" height=\"330\" width=\"495\" class=\"skip-lazy fg-image\" data-no-lazy=\"1\" data-src-fg=\"https:\/\/www.hotelrestart.cz\/wp-content\/uploads\/cache\/2020\/04\/IMG_6417\/1900847835.jpg\" src=\"data:image\/svg+xml,%3Csvg%20xmlns%3D%22http%3A%2F%2Fwww.w3.org%2F2000%2Fsvg%22%20width%3D%22495%22%20height%3D%22330%22%20viewBox%3D%220%200%20495%20330%22%3E%3C%2Fsvg%3E\" loading=\"eager\"><\/span><span class=\"fg-image-overlay\"><\/span><\/a><figcaption class=\"fg-caption\"><div class=\"fg-caption-inner\"><\/div><\/figcaption><\/figure><div class=\"fg-loader\"><\/div><\/div><\/div>\r\n\n<p>[\/vc_column_text][\/vc_column][\/vc_row]<\/p>\n<\/div>","protected":false},"excerpt":{"rendered":"<p>W\u0142a\u015bnie si\u0119 zar\u0119czasz i zaczynasz si\u0119 zastanawia\u0107, gdzie zorganizowa\u0107 najlepsze wesele? Dost\u0119pnych jest tysi\u0105ce miejsc. Kt\u00f3re wi\u0119c wybra\u0107? Jedno jest dla Was jasne od samego pocz\u0105tku: Wasze wesele musi by\u0107 niezapomniane, zar\u00f3wno dla Was jako pary m\u0142odej, jak i dla go\u015bci weselnych.    <\/p>\n","protected":false},"author":1,"featured_media":13705,"parent":0,"menu_order":0,"comment_status":"closed","ping_status":"closed","template":"","meta":{"footnotes":""},"class_list":["post-13692","page","type-page","status-publish","has-post-thumbnail","hentry"],"acf":[],"yoast_head":"<!-- This site is optimized with the Yoast SEO plugin v21.8 - https:\/\/yoast.com\/wordpress\/plugins\/seo\/ -->\n<title>\u015aluby - Hotel reSTART<\/title>\n<meta name=\"robots\" content=\"index, follow, max-snippet:-1, max-image-preview:large, max-video-preview:-1\" \/>\n<link rel=\"canonical\" href=\"https:\/\/www.hotelrestart.cz\/pl\/sluby\/\" \/>\n<meta property=\"og:locale\" content=\"pl_PL\" \/>\n<meta property=\"og:type\" content=\"article\" \/>\n<meta property=\"og:title\" content=\"\u015aluby - Hotel reSTART\" \/>\n<meta property=\"og:description\" content=\"W\u0142a\u015bnie si\u0119 zar\u0119czasz i zaczynasz si\u0119 zastanawia\u0107, gdzie zorganizowa\u0107 najlepsze wesele? Dost\u0119pnych jest tysi\u0105ce miejsc. Kt\u00f3re wi\u0119c wybra\u0107? Jedno jest dla Was jasne od samego pocz\u0105tku: Wasze wesele musi by\u0107 niezapomniane, zar\u00f3wno dla Was jako pary m\u0142odej, jak i dla go\u015bci weselnych.\" \/>\n<meta property=\"og:url\" content=\"https:\/\/www.hotelrestart.cz\/pl\/sluby\/\" \/>\n<meta property=\"og:site_name\" content=\"Hotel reSTART\" \/>\n<meta property=\"og:image\" content=\"https:\/\/www.hotelrestart.cz\/wp-content\/uploads\/2020\/08\/Tesit_wellness.jpg\" \/>\n\t<meta property=\"og:image:width\" content=\"465\" \/>\n\t<meta property=\"og:image:height\" content=\"313\" \/>\n\t<meta property=\"og:image:type\" content=\"image\/jpeg\" \/>\n<meta name=\"twitter:card\" content=\"summary_large_image\" \/>\n<meta name=\"twitter:label1\" content=\"Szacowany czas czytania\" \/>\n\t<meta name=\"twitter:data1\" content=\"4 minuty\" \/>\n<script type=\"application\/ld+json\" class=\"yoast-schema-graph\">{\"@context\":\"https:\/\/schema.org\",\"@graph\":[{\"@type\":\"WebPage\",\"@id\":\"https:\/\/www.hotelrestart.cz\/pl\/sluby\/\",\"url\":\"https:\/\/www.hotelrestart.cz\/pl\/sluby\/\",\"name\":\"\u015aluby - Hotel reSTART\",\"isPartOf\":{\"@id\":\"https:\/\/www.hotelrestart.cz\/#website\"},\"datePublished\":\"2020-04-27T13:44:42+00:00\",\"dateModified\":\"2020-04-27T13:44:42+00:00\",\"breadcrumb\":{\"@id\":\"https:\/\/www.hotelrestart.cz\/pl\/sluby\/#breadcrumb\"},\"inLanguage\":\"pl-PL\",\"potentialAction\":[{\"@type\":\"ReadAction\",\"target\":[\"https:\/\/www.hotelrestart.cz\/pl\/sluby\/\"]}]},{\"@type\":\"BreadcrumbList\",\"@id\":\"https:\/\/www.hotelrestart.cz\/pl\/sluby\/#breadcrumb\",\"itemListElement\":[{\"@type\":\"ListItem\",\"position\":1,\"name\":\"Home\",\"item\":\"https:\/\/www.hotelrestart.cz\/pl\/hotel-restart-jicin-oficjalna-strona-internetowa\/\"},{\"@type\":\"ListItem\",\"position\":2,\"name\":\"\u015aluby\"}]},{\"@type\":\"WebSite\",\"@id\":\"https:\/\/www.hotelrestart.cz\/#website\",\"url\":\"https:\/\/www.hotelrestart.cz\/\",\"name\":\"Hotel reSTART\",\"description\":\"4* Hotel v Ji\u010d\u00edn\u011b\",\"potentialAction\":[{\"@type\":\"SearchAction\",\"target\":{\"@type\":\"EntryPoint\",\"urlTemplate\":\"https:\/\/www.hotelrestart.cz\/?s={search_term_string}\"},\"query-input\":\"required name=search_term_string\"}],\"inLanguage\":\"pl-PL\"}]}<\/script>\n<!-- \/ Yoast SEO plugin. -->","yoast_head_json":{"title":"\u015aluby - Hotel reSTART","robots":{"index":"index","follow":"follow","max-snippet":"max-snippet:-1","max-image-preview":"max-image-preview:large","max-video-preview":"max-video-preview:-1"},"canonical":"https:\/\/www.hotelrestart.cz\/pl\/sluby\/","og_locale":"pl_PL","og_type":"article","og_title":"\u015aluby - Hotel reSTART","og_description":"W\u0142a\u015bnie si\u0119 zar\u0119czasz i zaczynasz si\u0119 zastanawia\u0107, gdzie zorganizowa\u0107 najlepsze wesele? Dost\u0119pnych jest tysi\u0105ce miejsc. Kt\u00f3re wi\u0119c wybra\u0107? Jedno jest dla Was jasne od samego pocz\u0105tku: Wasze wesele musi by\u0107 niezapomniane, zar\u00f3wno dla Was jako pary m\u0142odej, jak i dla go\u015bci weselnych.","og_url":"https:\/\/www.hotelrestart.cz\/pl\/sluby\/","og_site_name":"Hotel reSTART","og_image":[{"width":465,"height":313,"url":"https:\/\/www.hotelrestart.cz\/wp-content\/uploads\/2020\/08\/Tesit_wellness.jpg","type":"image\/jpeg"}],"twitter_card":"summary_large_image","twitter_misc":{"Szacowany czas czytania":"4 minuty"},"schema":{"@context":"https:\/\/schema.org","@graph":[{"@type":"WebPage","@id":"https:\/\/www.hotelrestart.cz\/pl\/sluby\/","url":"https:\/\/www.hotelrestart.cz\/pl\/sluby\/","name":"\u015aluby - Hotel reSTART","isPartOf":{"@id":"https:\/\/www.hotelrestart.cz\/#website"},"datePublished":"2020-04-27T13:44:42+00:00","dateModified":"2020-04-27T13:44:42+00:00","breadcrumb":{"@id":"https:\/\/www.hotelrestart.cz\/pl\/sluby\/#breadcrumb"},"inLanguage":"pl-PL","potentialAction":[{"@type":"ReadAction","target":["https:\/\/www.hotelrestart.cz\/pl\/sluby\/"]}]},{"@type":"BreadcrumbList","@id":"https:\/\/www.hotelrestart.cz\/pl\/sluby\/#breadcrumb","itemListElement":[{"@type":"ListItem","position":1,"name":"Home","item":"https:\/\/www.hotelrestart.cz\/pl\/hotel-restart-jicin-oficjalna-strona-internetowa\/"},{"@type":"ListItem","position":2,"name":"\u015aluby"}]},{"@type":"WebSite","@id":"https:\/\/www.hotelrestart.cz\/#website","url":"https:\/\/www.hotelrestart.cz\/","name":"Hotel reSTART","description":"4* Hotel v Ji\u010d\u00edn\u011b","potentialAction":[{"@type":"SearchAction","target":{"@type":"EntryPoint","urlTemplate":"https:\/\/www.hotelrestart.cz\/?s={search_term_string}"},"query-input":"required name=search_term_string"}],"inLanguage":"pl-PL"}]}},"_links":{"self":[{"href":"https:\/\/www.hotelrestart.cz\/pl\/wp-json\/wp\/v2\/pages\/13692","targetHints":{"allow":["GET"]}}],"collection":[{"href":"https:\/\/www.hotelrestart.cz\/pl\/wp-json\/wp\/v2\/pages"}],"about":[{"href":"https:\/\/www.hotelrestart.cz\/pl\/wp-json\/wp\/v2\/types\/page"}],"author":[{"embeddable":true,"href":"https:\/\/www.hotelrestart.cz\/pl\/wp-json\/wp\/v2\/users\/1"}],"replies":[{"embeddable":true,"href":"https:\/\/www.hotelrestart.cz\/pl\/wp-json\/wp\/v2\/comments?post=13692"}],"version-history":[{"count":0,"href":"https:\/\/www.hotelrestart.cz\/pl\/wp-json\/wp\/v2\/pages\/13692\/revisions"}],"wp:featuredmedia":[{"embeddable":true,"href":"https:\/\/www.hotelrestart.cz\/pl\/wp-json\/wp\/v2\/media\/13705"}],"wp:attachment":[{"href":"https:\/\/www.hotelrestart.cz\/pl\/wp-json\/wp\/v2\/media?parent=13692"}],"curies":[{"name":"wp","href":"https:\/\/api.w.org\/{rel}","templated":true}]}}