{"id":13628,"date":"2023-05-16T09:24:27","date_gmt":"2023-05-16T07:24:27","guid":{"rendered":"https:\/\/www.hotelrestart.cz\/hotel-restart-jicin-oficjalna-strona-internetowa\/"},"modified":"2023-05-16T09:24:27","modified_gmt":"2023-05-16T07:24:27","slug":"hotel-restart-jicin-oficjalna-strona-internetowa","status":"publish","type":"page","link":"https:\/\/www.hotelrestart.cz\/pl\/","title":{"rendered":"Hotel reSTART **** Ji\u010d\u00edn &#8211; oficjalna strona internetowa"},"content":{"rendered":"<div class=\"wpb-content-wrapper\"><p>[vc_row full_width=&#8221;stretch_row_content&#8221; el_class=&#8221;.hpvid&#8221;][vc_column][vc_column_text]<\/p>\n<div style=\"padding: 56.25% 0 0 0; position: relative;\"><iframe style=\"position: absolute; top: 0; left: 0; width: 100%; height: 100%;\" title=\"Hotel reSTART Ji\u010d\u00edn - wprowadzenie do hotelu\" src=\"https:\/\/player.vimeo.com\/video\/837719023?background=1\" frameborder=\"0\" allowfullscreen=\"allowfullscreen\"><\/iframe><\/div>\n<p><script src=\"https:\/\/player.vimeo.com\/api\/player.js\"><\/script>[\/vc_column_text][\/vc_column][\/vc_row][vc_row full_width=&#8221;stretch_row_content&#8221; el_class=&#8221;hpvidw&#8221;][vc_column][vc_raw_html]JTNDZGl2JTIwaWQlM0QlMjJ2aWRpY29ucyUyMiUyMGNsYXNzJTNEJTIydmlkaWNvbnMlMjIlM0UlMEElM0NpbWclMjBzcmMlM0QlMjIlMkZ3cC1jb250ZW50JTJGdXBsb2FkcyUyRjIwMjQlMkYwOSUyRmhwaWNvbnMyLnBuZyUyMiUyMCUyRiUzRSUwQSUzQyUyRmRpdiUzRSUwQSUwQSUz Q2RpdiUyMGlkJTNEJTIydmlkaWNvbnNfbW9iaWxlJTIyJTIwY2xhc3MlM0QlMjJ2aWRpY29ucyUyMiUzRSUwQSUzQ2ltZyUyMHNyYyUzRCUyMiUyRndwLWNvbnRlbnQlMkZ1cGxvYWRzJTJGMjAyNCUyRjA5JTJGaHBpY29uc19tb2IucG5nJTIyJTIwJTJGJTNFJTBBJTNDJTJGZGl2JTNF[\/vc_raw_html][\/vc_column][\/vc_row][vc_row el_class=&#8221;hidmob&#8221;][vc_column][vc_empty_space height=&#8221;52px&#8221;][\/vc_column][\/vc_row][vc_row content_placement=&#8221;middle&#8221;][vc_column width=&#8221;1\/2&#8243;][vc_column_text]<\/p>\n<h1 class=\"hph1\">Witamy w hotelu<br \/>\n reSTART **** Wy\u017cszy<\/h1>\n<p>[\/vc_column_text][vc_column_text]<\/p>\n<p class=\"hptext\">Szukasz zas\u0142u\u017conego relaksu na wakacjach, czy mo\u017ce preferujesz aktywny wypoczynek z w\u0119dr\u00f3wkami, rozrywk\u0105 i prze\u017cyciami sportowymi? Wybierasz si\u0119 s\u0142u\u017cbowo do Czeskiego Raju? Je\u015bli zg\u0142odniejesz, odwied\u017a s\u0142ynn\u0105 restauracj\u0119 La Favorita, kt\u00f3ra oferuje specja\u0142y kuchni regionalnej, w\u0142oskiej i mi\u0119dzynarodowej.  <\/p>\n<p>[\/vc_column_text][vc_empty_space height=&#8221;12px&#8221;][vc_column_text]<\/p>\n<p style=\"text-align: left;\"><a class=\"splink\" href=\"https:\/\/www.hotelrestart.cz\/o-hotelu\/\">Wi\u0119cej o hotelu &gt;&gt;<\/a><\/p>\n<p>[\/vc_column_text][\/vc_column][vc_column width=&#8221;1\/2&#8243;][vc_single_image image=&#8221;10481&#8243; img_size=&#8221;large&#8221; alignment=&#8221;center&#8221;][\/vc_column][\/vc_row][vc_row][vc_column][vc_empty_space height=&#8221;52px&#8221;][\/vc_column][\/vc_row][vc_row full_width=&#8221;stretch_row&#8221; content_placement=&#8221;middle&#8221; css=&#8221;.vc_custom_1594372040568{background-color: #f2ede9 !important;}&#8221;][vc_column][vc_empty_space][vc_column_text]<\/p>\n<h2 style=\"text-align: center;\">4 obecnie najcz\u0119\u015bciej zamawiane pakiety<\/h2>\n<p>[\/vc_column_text][vc_empty_space][vc_column_text el_class=&#8221;topadiv&#8221;]<div class=\"toppackages\"><div class=\"toppackage xzoom\"><a href=\"https:\/\/www.hotelrestart.cz\/pl\/balicek\/pobyt-z-prosecco-i-wellness-50-znizki-na-tajskie-masaze\/\"><div class=\"intoppackage\" style=\"background-image:url('https:\/\/www.hotelrestart.cz\/wp-content\/uploads\/2020\/07\/Balicek_wellness.jpg');;background-size: cover\"><h3>Pobyt z prosecco i wellness, 50% zni\u017cki na tajskie masa\u017ce<\/h3><p>Wkr\u00f3tce, jak odrodzenie...<\/p><div class=\"pprice\">na zapytanie<\/div><span class=\"splink\">Wi\u0119cej o pakiecie >><\/span><\/div><\/a><\/div><div class=\"toppackage xzoom\"><a href=\"https:\/\/www.hotelrestart.cz\/pl\/balicek\/pobyt-rodzinny-z-aquaparkiem-i-polpensjonatem-2\/\"><div class=\"intoppackage\" style=\"background-image:url('https:\/\/www.hotelrestart.cz\/wp-content\/uploads\/2025\/08\/Balicek_Rodinny-pobyt-s-aquaparkem-a-polopenzi.jpg');;background-size: cover\"><h3>Pobyt rodzinny z aquaparkiem i p\u00f3\u0142pensjonatem<\/h3><p>Czas, gdy marzenia staj\u0105 si\u0119 rzeczywisto\u015bci\u0105...<\/p><div class=\"pprice\">na zapytanie<\/div><span class=\"splink\">Wi\u0119cej o pakiecie >><\/span><\/div><\/a><\/div><br style=\"clear:both;\" \/><\/div>[\/vc_column_text][vc_empty_space][vc_btn title=&#8221;Wszystkie \u015bwietne pakiety&#8221; shape=&#8221;square&#8221; align=&#8221;center&#8221; link=&#8221;url:%2Fpobytove-balicky%2F|||&#8221;][vc_empty_space][\/vc_column][\/vc_row][vc_row][vc_column][vc_empty_space][vc_column_text]<\/p>\n<h2 style=\"text-align: center;\">Czego mo\u017cesz si\u0119 spodziewa\u0107?<\/h2>\n<p>[\/vc_column_text][vc_empty_space][\/vc_column][\/vc_row][vc_row el_class=&#8221;hpcar&#8221;][vc_column][vc_row_inner][vc_column_inner el_class=&#8221;hpc&#8221; width=&#8221;1\/3&#8243; url=&#8221;url:%2Fwellness%2F|||&#8221; css=&#8221;.vc_custom_1597390596206{background-image: url(https:\/\/www.hotelrestart.cz\/wp-content\/uploads\/2020\/08\/Tesit_wellness.jpg?id=8861) !important;}&#8221;][vc_empty_space height=&#8221;80&#8243;][vc_column_text]<\/p>\n<h3>Dobra kondycja<\/h3>\n<p>Oaza ca\u0142kowitego spokoju[\/vc_column_text][vc_empty_space height=&#8221;80&#8243;][\/vc_column_inner][vc_column_inner el_class=&#8221;hpc&#8221; width=&#8221;1\/3&#8243; css=&#8221;.vc_custom_1597841958300{background-image: url(https:\/\/www.hotelrestart.cz\/wp-content\/uploads\/2020\/08\/Tesit_fitness.jpg?id=8983) !important;}&#8221;][vc_empty_space height=&#8221;80&#8243;][vc_column_text]<\/p>\n<h3>Zdatno\u015b\u0107<\/h3>\n<p>Aktywny wypoczynek[\/vc_column_text][vc_empty_space height=&#8221;80&#8243;][\/vc_column_inner][vc_column_inner el_class=&#8221;hpc&#8221; width=&#8221;1\/3&#8243; url=&#8221;url:%2Fdetska-herna%2F|||&#8221; css=&#8221;.vc_custom_1597841985782{background-image: url(https:\/\/www.hotelrestart.cz\/wp-content\/uploads\/2020\/08\/Tesit_koutek.jpg?id=8984) !important;}&#8221;][vc_empty_space height=&#8221;80&#8243;][vc_column_text]<\/p>\n<h3>K\u0105cik dla dzieci<\/h3>\n<p>\u015awiat pe\u0142en zabawy[\/vc_column_text][vc_empty_space height=&#8221;80&#8243;][\/vc_column_inner][\/vc_row_inner][vc_row_inner][vc_column_inner el_class=&#8221;hpc&#8221; width=&#8221;1\/2&#8243; url=&#8221;url:%2Fpokoje%2F|||&#8221; css=&#8221;.vc_custom_1597841051148{background-image: url(https:\/\/www.hotelrestart.cz\/wp-content\/uploads\/2020\/08\/Tesit_pokoje.jpg?id=8976) !important;}&#8221;][vc_empty_space height=&#8221;130&#8243;][vc_column_text]<\/p>\n<h3>Pokoje<\/h3>\n<p>Magia komfortu[\/vc_column_text][vc_empty_space height=&#8221;130&#8243;][\/vc_column_inner][vc_column_inner el_class=&#8221;hpc&#8221; width=&#8221;1\/2&#8243; url=&#8221;url:%2Fgastronomie%2F|||&#8221; css=&#8221;.vc_custom_1597842007538{background-image: url(https:\/\/www.hotelrestart.cz\/wp-content\/uploads\/2020\/08\/Tesit_restaurace.jpg?id=8985) !important;}&#8221;][vc_empty_space height=&#8221;130&#8243;][vc_column_text]<\/p>\n<h3>Restauracja<\/h3>\n<p>Smaki z ca\u0142ego \u015bwiata[\/vc_column_text][vc_empty_space height=&#8221;130&#8243;][\/vc_column_inner][\/vc_row_inner][vc_row_inner][vc_column_inner el_class=&#8221;hpc&#8221; width=&#8221;1\/3&#8243; css=&#8221;.vc_custom_1687429369811{background-image: url(https:\/\/www.hotelrestart.cz\/wp-content\/uploads\/2023\/06\/Tesit_snidane_2.jpg?id=10487) !important;}&#8221;][vc_empty_space height=&#8221;80&#8243;][vc_column_text]<\/p>\n<h3>\u015aniadanie<\/h3>\n<p>Idealny pocz\u0105tek dnia[\/vc_column_text][vc_empty_space height=&#8221;80&#8243;][\/vc_column_inner][vc_column_inner el_class=&#8221;hpc&#8221; width=&#8221;1\/3&#8243; url=&#8221;url:%2Fkonference-2%2F|||&#8221; css=&#8221;.vc_custom_1687429056101{background-image: url(https:\/\/www.hotelrestart.cz\/wp-content\/uploads\/2023\/06\/Tesit_konference_22.jpg?id=10485) !important;}&#8221;][vc_empty_space height=&#8221;80&#8243;][vc_column_text]<\/p>\n<h3>Konferencja<\/h3>\n<p>Wydarzenia wed\u0142ug Twoich \u017cycze\u0144[\/vc_column_text][vc_empty_space height=&#8221;80&#8243;][\/vc_column_inner][vc_column_inner el_class=&#8221;hpc&#8221; width=&#8221;1\/3&#8243; url=&#8221;url:%2Fsvatby%2F|||&#8221; css=&#8221;.vc_custom_1687431086296{background-image: url(https:\/\/www.hotelrestart.cz\/wp-content\/uploads\/2023\/06\/Tesit_svatby_2.jpg?id=10489) !important;}&#8221;][vc_empty_space height=&#8221;80&#8243;][vc_column_text]<\/p>\n<h3>\u015aluby<\/h3>\n<p>Tw\u00f3j niezapomniany dzie\u0144[\/vc_column_text][vc_empty_space height=&#8221;80&#8243;][\/vc_column_inner][\/vc_row_inner][vc_row_inner][vc_column_inner][vc_empty_space height=&#8221;60&#8243;][\/vc_column_inner][\/vc_row_inner][\/vc_column][\/vc_row][vc_row full_width=&#8221;stretch_row&#8221; content_placement=&#8221;middle&#8221; css=&#8221;.vc_custom_1594372040568{background-color: #f2ede9 !important;}&#8221;][vc_column][vc_column_text]<\/p>\n<h2 style=\"text-align: center;\">Napisali o nas<\/h2>\n<p>[\/vc_column_text][vc_column_text]<div><br style=\"clear:both;\" \/><\/div>[\/vc_column_text][vc_empty_space][vc_empty_space][\/vc_column][\/vc_row][vc_row full_width=&#8221;stretch_row&#8221; content_placement=&#8221;middle&#8221; disable_element=&#8221;yes&#8221;][vc_column][vc_empty_space][vc_column_text]<\/p>\n<h2 style=\"text-align: center;\">Aktualno\u015bci<\/h2>\n<p>[\/vc_column_text][vc_empty_space][vc_column_text]<div class=\"topnews\"><div class=\"topnew xzoom\" ><div class=\"innew\" ><div class=\"innewtn\" ><a title=\"G\u00e4nsefest\" href=\"https:\/\/www.hotelrestart.cz\/de\/gansefest\/\"><img decoding=\"async\" alt=\"G\u00e4nsefest\" src=\"https:\/\/www.hotelrestart.cz\/wp-content\/uploads\/2021\/11\/FB_post_lafa-1-1.jpg\" class=\"inimg\" \/><\/a><\/div><a href=\"https:\/\/www.hotelrestart.cz\/de\/gansefest\/\"><div class=\"innewx\" ><h3>G\u00e4nsefest<\/h3><div>03.11.2021<\/div><p><\/p><span class=\"splink\">p\u0159e\u010d\u00edst cel\u00e9 >><\/span><br style=\"clear:both;;\" \/><\/div><\/a><\/div><\/div><div class=\"topnew xzoom\" ><div class=\"innew\" ><div class=\"innewtn\" ><a title=\"Uczta z g\u0119si\" href=\"https:\/\/www.hotelrestart.cz\/pl\/uczta-z-gesi\/\"><img decoding=\"async\" alt=\"Uczta z g\u0119si\" src=\"https:\/\/www.hotelrestart.cz\/wp-content\/uploads\/2021\/11\/FB_post_lafa-1-1.jpg\" class=\"inimg\" \/><\/a><\/div><a href=\"https:\/\/www.hotelrestart.cz\/pl\/uczta-z-gesi\/\"><div class=\"innewx\" ><h3>Uczta z g\u0119si<\/h3><div>03.11.2021<\/div><p><\/p><span class=\"splink\">p\u0159e\u010d\u00edst cel\u00e9 >><\/span><br style=\"clear:both;;\" \/><\/div><\/a><\/div><\/div><div class=\"topnew xzoom\" ><div class=\"innew\" ><div class=\"innewtn\" ><a title=\"Goose feast\" href=\"https:\/\/www.hotelrestart.cz\/en\/goose-feast\/\"><img decoding=\"async\" alt=\"Goose feast\" src=\"https:\/\/www.hotelrestart.cz\/wp-content\/uploads\/2021\/11\/FB_post_lafa-1-1.jpg\" class=\"inimg\" \/><\/a><\/div><a href=\"https:\/\/www.hotelrestart.cz\/en\/goose-feast\/\"><div class=\"innewx\" ><h3>Goose feast<\/h3><div>03.11.2021<\/div><p><\/p><span class=\"splink\">p\u0159e\u010d\u00edst cel\u00e9 >><\/span><br style=\"clear:both;;\" \/><\/div><\/a><\/div><\/div><div class=\"topnew xzoom\" ><div class=\"innew\" ><div class=\"innewtn\" ><a title=\"Hus\u00ed hody\" href=\"https:\/\/www.hotelrestart.cz\/husi-hody\/\"><img decoding=\"async\" alt=\"Hus\u00ed hody\" src=\"https:\/\/www.hotelrestart.cz\/wp-content\/uploads\/2021\/11\/FB_post_lafa-1-1.jpg\" class=\"inimg\" \/><\/a><\/div><a href=\"https:\/\/www.hotelrestart.cz\/husi-hody\/\"><div class=\"innewx\" ><h3>Hus\u00ed hody<\/h3><div>03.11.2021<\/div><p><\/p><span class=\"splink\">p\u0159e\u010d\u00edst cel\u00e9 >><\/span><br style=\"clear:both;;\" \/><\/div><\/a><\/div><\/div><br style=\"clear:both;;\" \/><\/div>[\/vc_column_text][vc_empty_space][vc_btn title=&#8221;Wszystkie wiadomo\u015bci&#8221; shape=&#8221;square&#8221; align=&#8221;center&#8221; link=&#8221;url:%2Fblog%2F|||&#8221;][vc_empty_space][vc_empty_space][\/vc_column][\/vc_row][vc_row full_width=&#8221;stretch_row&#8221; content_placement=&#8221;middle&#8221; disable_element=&#8221;yes&#8221;][vc_column][vc_empty_space][vc_column_text]<\/p>\n<h2 style=\"text-align: center;\">Aktualno\u015bci<\/h2>\n<p>[\/vc_column_text][vc_column_text][ff id=&#8221;1&#8243;][\/vc_column_text][vc_empty_space][\/vc_column][\/vc_row]<\/p>\n<\/div>","protected":false},"excerpt":{"rendered":"<p>[vc_row full_width=&#8221;stretch_row_content&#8221; el_class=&#8221;.hpvid&#8221;][vc_column][vc_column_text] [\/vc_column_text][\/vc_column][\/vc_row][vc_row full_width=&#8221;stretch_row_content&#8221; el_class=&#8221;hpvidw&#8221;][vc_column][vc_raw_html]JTNDZGl2JTIwaWQlM0QlMjJ2aWRpY29ucyUyMiUyMGNsYXNzJTNEJTIydmlkaWNvbnMlMjIlM0UlMEElM0NpbWclMjBzcmMlM0QlMjIlMkZ3cC1jb250ZW50JTJGdXBsb2FkcyUyRjIwMjQlMkYwOSUyRmhwaWNvbnMyLnBuZyUyMiUyMCUyRiUzRSUwQSUzQyUyRmRpdiUzRSUwQSUwQSUz Q2RpdiUyMGlkJTNEJTIydmlkaWNvbnNfbW9iaWxlJTIyJTIwY2xhc3MlM0QlMjJ2aWRpY29ucyUyMiUzRSUwQSUzQ2ltZyUyMHNyYyUzRCUyMiUyRndwLWNvbnRlbnQlMkZ1cGxvYWRzJTJGMjAyNCUyRjA5JTJGaHBpY29uc19tb2IucG5nJTIyJTIwJTJGJTNFJTBBJTNDJTJGZGl2JTNF[\/vc_raw_html][\/vc_column][\/vc_row][vc_row el_class=&#8221;hidmob&#8221;][vc_column][vc_empty_space height=&#8221;52px&#8221;][\/vc_column][\/vc_row][vc_row content_placement=&#8221;middle&#8221;][vc_column width=&#8221;1\/2&#8243;][vc_column_text] Witamy w hotelu reSTART **** Wy\u017cszy [\/vc_column_text][vc_column_text] Szukasz zas\u0142u\u017conego relaksu na wakacjach, czy mo\u017ce preferujesz<\/p>\n","protected":false},"author":1,"featured_media":13641,"parent":0,"menu_order":0,"comment_status":"closed","ping_status":"closed","template":"","meta":{"footnotes":""},"categories":[],"tags":[],"class_list":["post-13628","page","type-page","status-publish","has-post-thumbnail","hentry"],"acf":[],"yoast_head":"<!-- This site is optimized with the Yoast SEO plugin v21.8 - https:\/\/yoast.com\/wordpress\/plugins\/seo\/ -->\n<title>Hotel reSTART **** Ji\u010d\u00edn - oficjalna strona internetowa - Hotel reSTART<\/title>\n<meta name=\"robots\" content=\"index, follow, max-snippet:-1, max-image-preview:large, max-video-preview:-1\" \/>\n<link rel=\"canonical\" href=\"https:\/\/www.hotelrestart.cz\/pl\/hotel-restart-jicin-oficjalna-strona-internetowa\/\" \/>\n<meta property=\"og:locale\" content=\"pl_PL\" \/>\n<meta property=\"og:type\" content=\"article\" \/>\n<meta property=\"og:title\" content=\"Hotel reSTART **** Ji\u010d\u00edn - oficjalna strona internetowa - Hotel reSTART\" \/>\n<meta property=\"og:description\" content=\"[vc_row full_width=&#8221;stretch_row_content&#8221; el_class=&#8221;.hpvid&#8221;][vc_column][vc_column_text] [\/vc_column_text][\/vc_column][\/vc_row][vc_row full_width=&#8221;stretch_row_content&#8221; el_class=&#8221;hpvidw&#8221;][vc_column][vc_raw_html]JTNDZGl2JTIwaWQlM0QlMjJ2aWRpY29ucyUyMiUyMGNsYXNzJTNEJTIydmlkaWNvbnMlMjIlM0UlMEElM0NpbWclMjBzcmMlM0QlMjIlMkZ3cC1jb250ZW50JTJGdXBsb2FkcyUyRjIwMjQlMkYwOSUyRmhwaWNvbnMyLnBuZyUyMiUyMCUyRiUzRSUwQSUzQyUyRmRpdiUzRSUwQSUwQSUz Q2RpdiUyMGlkJTNEJTIydmlkaWNvbnNfbW9iaWxlJTIyJTIwY2xhc3MlM0QlMjJ2aWRpY29ucyUyMiUzRSUwQSUzQ2ltZyUyMHNyYyUzRCUyMiUyRndwLWNvbnRlbnQlMkZ1cGxvYWRzJTJGMjAyNCUyRjA5JTJGaHBpY29uc19tb2IucG5nJTIyJTIwJTJGJTNFJTBBJTNDJTJGZGl2JTNF[\/vc_raw_html][\/vc_column][\/vc_row][vc_row el_class=&#8221;hidmob&#8221;][vc_column][vc_empty_space height=&#8221;52px&#8221;][\/vc_column][\/vc_row][vc_row content_placement=&#8221;middle&#8221;][vc_column width=&#8221;1\/2&#8243;][vc_column_text] Witamy w hotelu reSTART **** Wy\u017cszy [\/vc_column_text][vc_column_text] Szukasz zas\u0142u\u017conego relaksu na wakacjach, czy mo\u017ce preferujesz\" \/>\n<meta property=\"og:url\" content=\"https:\/\/www.hotelrestart.cz\/pl\/hotel-restart-jicin-oficjalna-strona-internetowa\/\" \/>\n<meta property=\"og:site_name\" content=\"Hotel reSTART\" \/>\n<meta property=\"og:image\" content=\"https:\/\/www.hotelrestart.cz\/wp-content\/uploads\/2019\/09\/111hp.jpg\" \/>\n\t<meta property=\"og:image:width\" content=\"1920\" \/>\n\t<meta property=\"og:image:height\" content=\"1124\" \/>\n\t<meta property=\"og:image:type\" content=\"image\/jpeg\" \/>\n<meta name=\"twitter:card\" content=\"summary_large_image\" \/>\n<meta name=\"twitter:label1\" content=\"Szacowany czas czytania\" \/>\n\t<meta name=\"twitter:data1\" content=\"4 minuty\" \/>\n<script type=\"application\/ld+json\" class=\"yoast-schema-graph\">{\"@context\":\"https:\/\/schema.org\",\"@graph\":[{\"@type\":\"WebPage\",\"@id\":\"https:\/\/www.hotelrestart.cz\/pl\/hotel-restart-jicin-oficjalna-strona-internetowa\/\",\"url\":\"https:\/\/www.hotelrestart.cz\/pl\/hotel-restart-jicin-oficjalna-strona-internetowa\/\",\"name\":\"Hotel reSTART **** Ji\u010d\u00edn - oficjalna strona internetowa - Hotel reSTART\",\"isPartOf\":{\"@id\":\"https:\/\/www.hotelrestart.cz\/#website\"},\"datePublished\":\"2023-05-16T07:24:27+00:00\",\"dateModified\":\"2023-05-16T07:24:27+00:00\",\"breadcrumb\":{\"@id\":\"https:\/\/www.hotelrestart.cz\/pl\/hotel-restart-jicin-oficjalna-strona-internetowa\/#breadcrumb\"},\"inLanguage\":\"pl-PL\",\"potentialAction\":[{\"@type\":\"ReadAction\",\"target\":[\"https:\/\/www.hotelrestart.cz\/pl\/hotel-restart-jicin-oficjalna-strona-internetowa\/\"]}]},{\"@type\":\"BreadcrumbList\",\"@id\":\"https:\/\/www.hotelrestart.cz\/pl\/hotel-restart-jicin-oficjalna-strona-internetowa\/#breadcrumb\",\"itemListElement\":[{\"@type\":\"ListItem\",\"position\":1,\"name\":\"Home\",\"item\":\"https:\/\/www.hotelrestart.cz\/pl\/hotel-restart-jicin-oficjalna-strona-internetowa\/\"},{\"@type\":\"ListItem\",\"position\":2,\"name\":\"Hotel reSTART **** Ji\u010d\u00edn &#8211; oficjalna strona internetowa\"}]},{\"@type\":\"WebSite\",\"@id\":\"https:\/\/www.hotelrestart.cz\/#website\",\"url\":\"https:\/\/www.hotelrestart.cz\/\",\"name\":\"Hotel reSTART\",\"description\":\"4* Hotel v Ji\u010d\u00edn\u011b\",\"potentialAction\":[{\"@type\":\"SearchAction\",\"target\":{\"@type\":\"EntryPoint\",\"urlTemplate\":\"https:\/\/www.hotelrestart.cz\/?s={search_term_string}\"},\"query-input\":\"required name=search_term_string\"}],\"inLanguage\":\"pl-PL\"}]}<\/script>\n<!-- \/ Yoast SEO plugin. -->","yoast_head_json":{"title":"Hotel reSTART **** Ji\u010d\u00edn - oficjalna strona internetowa - Hotel reSTART","robots":{"index":"index","follow":"follow","max-snippet":"max-snippet:-1","max-image-preview":"max-image-preview:large","max-video-preview":"max-video-preview:-1"},"canonical":"https:\/\/www.hotelrestart.cz\/pl\/hotel-restart-jicin-oficjalna-strona-internetowa\/","og_locale":"pl_PL","og_type":"article","og_title":"Hotel reSTART **** Ji\u010d\u00edn - oficjalna strona internetowa - Hotel reSTART","og_description":"[vc_row full_width=&#8221;stretch_row_content&#8221; el_class=&#8221;.hpvid&#8221;][vc_column][vc_column_text] [\/vc_column_text][\/vc_column][\/vc_row][vc_row full_width=&#8221;stretch_row_content&#8221; el_class=&#8221;hpvidw&#8221;][vc_column][vc_raw_html]JTNDZGl2JTIwaWQlM0QlMjJ2aWRpY29ucyUyMiUyMGNsYXNzJTNEJTIydmlkaWNvbnMlMjIlM0UlMEElM0NpbWclMjBzcmMlM0QlMjIlMkZ3cC1jb250ZW50JTJGdXBsb2FkcyUyRjIwMjQlMkYwOSUyRmhwaWNvbnMyLnBuZyUyMiUyMCUyRiUzRSUwQSUzQyUyRmRpdiUzRSUwQSUwQSUz Q2RpdiUyMGlkJTNEJTIydmlkaWNvbnNfbW9iaWxlJTIyJTIwY2xhc3MlM0QlMjJ2aWRpY29ucyUyMiUzRSUwQSUzQ2ltZyUyMHNyYyUzRCUyMiUyRndwLWNvbnRlbnQlMkZ1cGxvYWRzJTJGMjAyNCUyRjA5JTJGaHBpY29uc19tb2IucG5nJTIyJTIwJTJGJTNFJTBBJTNDJTJGZGl2JTNF[\/vc_raw_html][\/vc_column][\/vc_row][vc_row el_class=&#8221;hidmob&#8221;][vc_column][vc_empty_space height=&#8221;52px&#8221;][\/vc_column][\/vc_row][vc_row content_placement=&#8221;middle&#8221;][vc_column width=&#8221;1\/2&#8243;][vc_column_text] Witamy w hotelu reSTART **** Wy\u017cszy [\/vc_column_text][vc_column_text] Szukasz zas\u0142u\u017conego relaksu na wakacjach, czy mo\u017ce preferujesz","og_url":"https:\/\/www.hotelrestart.cz\/pl\/hotel-restart-jicin-oficjalna-strona-internetowa\/","og_site_name":"Hotel reSTART","og_image":[{"width":1920,"height":1124,"url":"https:\/\/www.hotelrestart.cz\/wp-content\/uploads\/2019\/09\/111hp.jpg","type":"image\/jpeg"}],"twitter_card":"summary_large_image","twitter_misc":{"Szacowany czas czytania":"4 minuty"},"schema":{"@context":"https:\/\/schema.org","@graph":[{"@type":"WebPage","@id":"https:\/\/www.hotelrestart.cz\/pl\/hotel-restart-jicin-oficjalna-strona-internetowa\/","url":"https:\/\/www.hotelrestart.cz\/pl\/hotel-restart-jicin-oficjalna-strona-internetowa\/","name":"Hotel reSTART **** Ji\u010d\u00edn - oficjalna strona internetowa - Hotel reSTART","isPartOf":{"@id":"https:\/\/www.hotelrestart.cz\/#website"},"datePublished":"2023-05-16T07:24:27+00:00","dateModified":"2023-05-16T07:24:27+00:00","breadcrumb":{"@id":"https:\/\/www.hotelrestart.cz\/pl\/hotel-restart-jicin-oficjalna-strona-internetowa\/#breadcrumb"},"inLanguage":"pl-PL","potentialAction":[{"@type":"ReadAction","target":["https:\/\/www.hotelrestart.cz\/pl\/hotel-restart-jicin-oficjalna-strona-internetowa\/"]}]},{"@type":"BreadcrumbList","@id":"https:\/\/www.hotelrestart.cz\/pl\/hotel-restart-jicin-oficjalna-strona-internetowa\/#breadcrumb","itemListElement":[{"@type":"ListItem","position":1,"name":"Home","item":"https:\/\/www.hotelrestart.cz\/pl\/hotel-restart-jicin-oficjalna-strona-internetowa\/"},{"@type":"ListItem","position":2,"name":"Hotel reSTART **** Ji\u010d\u00edn &#8211; oficjalna strona internetowa"}]},{"@type":"WebSite","@id":"https:\/\/www.hotelrestart.cz\/#website","url":"https:\/\/www.hotelrestart.cz\/","name":"Hotel reSTART","description":"4* Hotel v Ji\u010d\u00edn\u011b","potentialAction":[{"@type":"SearchAction","target":{"@type":"EntryPoint","urlTemplate":"https:\/\/www.hotelrestart.cz\/?s={search_term_string}"},"query-input":"required name=search_term_string"}],"inLanguage":"pl-PL"}]}},"_links":{"self":[{"href":"https:\/\/www.hotelrestart.cz\/pl\/wp-json\/wp\/v2\/pages\/13628","targetHints":{"allow":["GET"]}}],"collection":[{"href":"https:\/\/www.hotelrestart.cz\/pl\/wp-json\/wp\/v2\/pages"}],"about":[{"href":"https:\/\/www.hotelrestart.cz\/pl\/wp-json\/wp\/v2\/types\/page"}],"author":[{"embeddable":true,"href":"https:\/\/www.hotelrestart.cz\/pl\/wp-json\/wp\/v2\/users\/1"}],"replies":[{"embeddable":true,"href":"https:\/\/www.hotelrestart.cz\/pl\/wp-json\/wp\/v2\/comments?post=13628"}],"version-history":[{"count":0,"href":"https:\/\/www.hotelrestart.cz\/pl\/wp-json\/wp\/v2\/pages\/13628\/revisions"}],"wp:featuredmedia":[{"embeddable":true,"href":"https:\/\/www.hotelrestart.cz\/pl\/wp-json\/wp\/v2\/media\/13641"}],"wp:attachment":[{"href":"https:\/\/www.hotelrestart.cz\/pl\/wp-json\/wp\/v2\/media?parent=13628"}],"wp:term":[{"taxonomy":"category","embeddable":true,"href":"https:\/\/www.hotelrestart.cz\/pl\/wp-json\/wp\/v2\/categories?post=13628"},{"taxonomy":"post_tag","embeddable":true,"href":"https:\/\/www.hotelrestart.cz\/pl\/wp-json\/wp\/v2\/tags?post=13628"}],"curies":[{"name":"wp","href":"https:\/\/api.w.org\/{rel}","templated":true}]}}