{"id":14546,"date":"2025-05-02T08:20:56","date_gmt":"2025-05-02T06:20:56","guid":{"rendered":"https:\/\/www.hotelrestart.cz\/la-favorita-gift-vouchers\/"},"modified":"2025-05-02T08:20:56","modified_gmt":"2025-05-02T06:20:56","slug":"la-favorita-gift-vouchers","status":"publish","type":"page","link":"https:\/\/www.hotelrestart.cz\/en\/la-favorita-gift-vouchers\/","title":{"rendered":"La Favorita gift vouchers"},"content":{"rendered":"<div class=\"wpb-content-wrapper\"><p>[vc_row full_width=&#8221;stretch_row&#8221; content_placement=&#8221;middle&#8221; el_class=&#8221;featured&#8221; css=&#8221;.vc_custom_1624877136567{background-image: url(https:\/\/www.hotelrestart.cz\/wp-content\/uploads\/2021\/06\/DP_head_2.jpg?id=9458) !important;background-position: center !important;background-repeat: no-repeat !important;background-size: cover !important;}&#8221;][vc_column][vc_column_text]<\/p>\n<h1>La Favorita gift vouchers<\/h1>\n<p>[\/vc_column_text][\/vc_column][\/vc_row][vc_row disable_element=&#8221;yes&#8221;][vc_column width=&#8221;1\/6&#8243;][\/vc_column][vc_column width=&#8221;2\/3&#8243;][vc_column_text]<\/p>\n<h2 class=\"western\" style=\"text-align: center;\">Are you wondering what to give your loved ones for their birthday, Christmas, wedding anniversary&#8230;?<\/h2>\n<p style=\"text-align: center;\"><strong>Bet on gift vouchers for the reSTART Ji\u010d\u00edn hotel in the Bohemian Paradise!<\/strong>  You can easily combine the best we can offer you &#8211; comfortable accommodation, wellness, buffet breakfasts, lunches and dinners served in your room, culinary experiences with a tasting menu for two in the La Favorita restaurant, royal Thai massages, bike rental and other modern services.<\/p>\n<p style=\"text-align: center;\">All gift vouchers are valid for 12 months from the date of sale, which is indicated on them. Thanks to this unique gift provided by the reSTART hotel, your loved ones will relax in a literal corner of paradise in the Czech Republic. The fairy-tale town of Ji\u010d\u00edn, the attractive Prachovsk\u00e9 sk\u00e1ly (Prachov Rocks), lookout towers and a whole range of castles and chateaux await them. If you have an individual wish, please contact our reception with confidence (+420 498 019 400) and together we will create <strong>a tailor-made gift voucher.<\/strong>   <\/p>\n<p>[\/vc_column_text][vc_empty_space][\/vc_column][vc_column width=&#8221;1\/6&#8243;][\/vc_column][\/vc_row][vc_row][vc_column][vc_column_text]<\/p>\n<h2 style=\"text-align: center;\">Gift vouchers for La Favorita restaurant<\/h2>\n<p>[\/vc_column_text][vc_empty_space][vc_column_text]<div class=\"toppackages\"><script>status7445= false;<\/script><a href=\"#\" id=\"a7445\"><\/a><div class=\"toppackage xzoom  \" ><a href=\"https:\/\/www.hotelrestart.cz\/en\/product\/gift-voucher-500-czk\/\"><div class=\"intoppackage\" style=\"background-image:url('https:\/\/www.hotelrestart.cz\/wp-content\/uploads\/2021\/11\/Restaurace5.jpg');;background-size: cover\"><h3>Gift voucher 500 CZK<\/h3><p><\/p><div class=\"pprice\">on request<\/div><span  class=\"splink\">More info >><\/span><\/div><\/a><\/div><div class=\"toppackage xzoom  \" ><a href=\"https:\/\/www.hotelrestart.cz\/en\/product\/tasting-menu-with-wine-pairing\/\"><div class=\"intoppackage\" style=\"background-image:url('https:\/\/www.hotelrestart.cz\/wp-content\/uploads\/2021\/12\/Restaurace6.jpg');;background-size: cover\"><h3>Tasting menu with wine pairing<\/h3><p><\/p><div class=\"pprice\">on request<\/div><span  class=\"splink\">More info >><\/span><\/div><\/a><\/div><div class=\"toppackage xzoom  \" ><a href=\"https:\/\/www.hotelrestart.cz\/en\/product\/tasting-menu\/\"><div class=\"intoppackage\" style=\"background-image:url('https:\/\/www.hotelrestart.cz\/wp-content\/uploads\/2021\/04\/Restaurace.jpg');;background-size: cover\"><h3>Tasting menu<\/h3><p><\/p><div class=\"pprice\">on request<\/div><span  class=\"splink\">More info >><\/span><\/div><\/a><\/div><div class=\"toppackage xzoom  \" ><a href=\"https:\/\/www.hotelrestart.cz\/en\/product\/gift-voucher-1500-czk\/\"><div class=\"intoppackage\" style=\"background-image:url('https:\/\/www.hotelrestart.cz\/wp-content\/uploads\/2021\/09\/Restaurace2.jpg');;background-size: cover\"><h3>Gift voucher 1500 CZK<\/h3><p><\/p><div class=\"pprice\">on request<\/div><span  class=\"splink\">More info >><\/span><\/div><\/a><\/div><div class=\"toppackage xzoom  prd7445\" style=\"display:none;\" ><a href=\"https:\/\/www.hotelrestart.cz\/en\/product\/gift-voucher-1000-czk\/\"><div class=\"intoppackage\" style=\"background-image:url('https:\/\/www.hotelrestart.cz\/wp-content\/uploads\/2021\/09\/Restaurace3.jpg');;background-size: cover\"><h3>Gift voucher 1000 CZK<\/h3><p><\/p><div class=\"pprice\">on request<\/div><span  class=\"splink\">More info >><\/span><\/div><\/a><\/div><br style=\"clear:both;;\" \/><\/div><p style=\"text-align:center;padding:20px 0;\"><a \r\nonclick=\"\r\nif (status7445==false) {\r\n    status7445=true;\r\n    jQuery('.prd7445' ).slideDown();;\r\n    jQuery(this).html('Skr\u00fdt >>');\r\n} else {\r\n    jQuery('.prd7445' ).slideUp();;\r\n    status7445=false;\r\n    jQuery(this).html('Zobrazit v\u0161echny >>');\r\n    jQuery([document.documentElement, document.body]).animate({\r\n        scrollTop: (jQuery('#a7445').offset().top-200)\r\n    }, 1000);\r\n}\r\nreturn false;\"\r\n\r\nclass=\"vc_general vc_btn3 vc_btn3-size-md vc_btn3-shape-square vc_btn3-style-modern vc_btn3-color-grey\" \r\nhref=\"#\">Show all >><\/a><\/p>[\/vc_column_text][vc_empty_space height=&#8221;128&#8243;][\/vc_column][\/vc_row]<\/p>\n<\/div>","protected":false},"excerpt":{"rendered":"<p>[vc_row full_width=&#8221;stretch_row&#8221; content_placement=&#8221;middle&#8221; el_class=&#8221;featured&#8221; css=&#8221;.vc_custom_1624877136567{background-image: url(https:\/\/www.hotelrestart.cz\/wp-content\/uploads\/2021\/06\/DP_head_2.jpg?id=9458) !important;background-position: center !important;background-repeat: no-repeat !important;background-size: cover !important;}&#8221;][vc_column][vc_column_text] La Favorita gift vouchers [\/vc_column_text][\/vc_column][\/vc_row][vc_row disable_element=&#8221;yes&#8221;][vc_column width=&#8221;1\/6&#8243;][\/vc_column][vc_column width=&#8221;2\/3&#8243;][vc_column_text] Are you wondering what to<\/p>\n","protected":false},"author":1,"featured_media":0,"parent":0,"menu_order":0,"comment_status":"closed","ping_status":"closed","template":"","meta":{"footnotes":""},"categories":[],"tags":[],"class_list":["post-14546","page","type-page","status-publish","hentry"],"acf":[],"yoast_head":"<!-- This site is optimized with the Yoast SEO plugin v21.8 - https:\/\/yoast.com\/wordpress\/plugins\/seo\/ -->\n<title>La Favorita gift vouchers - Hotel reSTART<\/title>\n<meta name=\"robots\" content=\"index, follow, max-snippet:-1, max-image-preview:large, max-video-preview:-1\" \/>\n<link rel=\"canonical\" href=\"https:\/\/www.hotelrestart.cz\/en\/la-favorita-gift-vouchers\/\" \/>\n<meta property=\"og:locale\" content=\"en_US\" \/>\n<meta property=\"og:type\" content=\"article\" \/>\n<meta property=\"og:title\" content=\"La Favorita gift vouchers - Hotel reSTART\" \/>\n<meta property=\"og:description\" content=\"[vc_row full_width=&#8221;stretch_row&#8221; content_placement=&#8221;middle&#8221; el_class=&#8221;featured&#8221; css=&#8221;.vc_custom_1624877136567{background-image: url(https:\/\/www.hotelrestart.cz\/wp-content\/uploads\/2021\/06\/DP_head_2.jpg?id=9458) !important;background-position: center !important;background-repeat: no-repeat !important;background-size: cover !important;}&#8221;][vc_column][vc_column_text] La Favorita gift vouchers [\/vc_column_text][\/vc_column][\/vc_row][vc_row disable_element=&#8221;yes&#8221;][vc_column width=&#8221;1\/6&#8243;][\/vc_column][vc_column width=&#8221;2\/3&#8243;][vc_column_text] Are you wondering what to\" \/>\n<meta property=\"og:url\" content=\"https:\/\/www.hotelrestart.cz\/en\/la-favorita-gift-vouchers\/\" \/>\n<meta property=\"og:site_name\" content=\"Hotel reSTART\" \/>\n<meta name=\"twitter:card\" content=\"summary_large_image\" \/>\n<meta name=\"twitter:label1\" content=\"Est. reading time\" \/>\n\t<meta name=\"twitter:data1\" content=\"1 minute\" \/>\n<script type=\"application\/ld+json\" class=\"yoast-schema-graph\">{\"@context\":\"https:\/\/schema.org\",\"@graph\":[{\"@type\":\"WebPage\",\"@id\":\"https:\/\/www.hotelrestart.cz\/en\/la-favorita-gift-vouchers\/\",\"url\":\"https:\/\/www.hotelrestart.cz\/en\/la-favorita-gift-vouchers\/\",\"name\":\"La Favorita gift vouchers - Hotel reSTART\",\"isPartOf\":{\"@id\":\"https:\/\/www.hotelrestart.cz\/#website\"},\"datePublished\":\"2025-05-02T06:20:56+00:00\",\"dateModified\":\"2025-05-02T06:20:56+00:00\",\"breadcrumb\":{\"@id\":\"https:\/\/www.hotelrestart.cz\/en\/la-favorita-gift-vouchers\/#breadcrumb\"},\"inLanguage\":\"en-US\",\"potentialAction\":[{\"@type\":\"ReadAction\",\"target\":[\"https:\/\/www.hotelrestart.cz\/en\/la-favorita-gift-vouchers\/\"]}]},{\"@type\":\"BreadcrumbList\",\"@id\":\"https:\/\/www.hotelrestart.cz\/en\/la-favorita-gift-vouchers\/#breadcrumb\",\"itemListElement\":[{\"@type\":\"ListItem\",\"position\":1,\"name\":\"Home\",\"item\":\"https:\/\/www.hotelrestart.cz\/hotel-restart-jicin-official-website\/\"},{\"@type\":\"ListItem\",\"position\":2,\"name\":\"La Favorita gift vouchers\"}]},{\"@type\":\"WebSite\",\"@id\":\"https:\/\/www.hotelrestart.cz\/#website\",\"url\":\"https:\/\/www.hotelrestart.cz\/\",\"name\":\"Hotel reSTART\",\"description\":\"4* Hotel v Ji\u010d\u00edn\u011b\",\"potentialAction\":[{\"@type\":\"SearchAction\",\"target\":{\"@type\":\"EntryPoint\",\"urlTemplate\":\"https:\/\/www.hotelrestart.cz\/?s={search_term_string}\"},\"query-input\":\"required name=search_term_string\"}],\"inLanguage\":\"en-US\"}]}<\/script>\n<!-- \/ Yoast SEO plugin. -->","yoast_head_json":{"title":"La Favorita gift vouchers - Hotel reSTART","robots":{"index":"index","follow":"follow","max-snippet":"max-snippet:-1","max-image-preview":"max-image-preview:large","max-video-preview":"max-video-preview:-1"},"canonical":"https:\/\/www.hotelrestart.cz\/en\/la-favorita-gift-vouchers\/","og_locale":"en_US","og_type":"article","og_title":"La Favorita gift vouchers - Hotel reSTART","og_description":"[vc_row full_width=&#8221;stretch_row&#8221; content_placement=&#8221;middle&#8221; el_class=&#8221;featured&#8221; css=&#8221;.vc_custom_1624877136567{background-image: url(https:\/\/www.hotelrestart.cz\/wp-content\/uploads\/2021\/06\/DP_head_2.jpg?id=9458) !important;background-position: center !important;background-repeat: no-repeat !important;background-size: cover !important;}&#8221;][vc_column][vc_column_text] La Favorita gift vouchers [\/vc_column_text][\/vc_column][\/vc_row][vc_row disable_element=&#8221;yes&#8221;][vc_column width=&#8221;1\/6&#8243;][\/vc_column][vc_column width=&#8221;2\/3&#8243;][vc_column_text] Are you wondering what to","og_url":"https:\/\/www.hotelrestart.cz\/en\/la-favorita-gift-vouchers\/","og_site_name":"Hotel reSTART","twitter_card":"summary_large_image","twitter_misc":{"Est. reading time":"1 minute"},"schema":{"@context":"https:\/\/schema.org","@graph":[{"@type":"WebPage","@id":"https:\/\/www.hotelrestart.cz\/en\/la-favorita-gift-vouchers\/","url":"https:\/\/www.hotelrestart.cz\/en\/la-favorita-gift-vouchers\/","name":"La Favorita gift vouchers - Hotel reSTART","isPartOf":{"@id":"https:\/\/www.hotelrestart.cz\/#website"},"datePublished":"2025-05-02T06:20:56+00:00","dateModified":"2025-05-02T06:20:56+00:00","breadcrumb":{"@id":"https:\/\/www.hotelrestart.cz\/en\/la-favorita-gift-vouchers\/#breadcrumb"},"inLanguage":"en-US","potentialAction":[{"@type":"ReadAction","target":["https:\/\/www.hotelrestart.cz\/en\/la-favorita-gift-vouchers\/"]}]},{"@type":"BreadcrumbList","@id":"https:\/\/www.hotelrestart.cz\/en\/la-favorita-gift-vouchers\/#breadcrumb","itemListElement":[{"@type":"ListItem","position":1,"name":"Home","item":"https:\/\/www.hotelrestart.cz\/hotel-restart-jicin-official-website\/"},{"@type":"ListItem","position":2,"name":"La Favorita gift vouchers"}]},{"@type":"WebSite","@id":"https:\/\/www.hotelrestart.cz\/#website","url":"https:\/\/www.hotelrestart.cz\/","name":"Hotel reSTART","description":"4* Hotel v Ji\u010d\u00edn\u011b","potentialAction":[{"@type":"SearchAction","target":{"@type":"EntryPoint","urlTemplate":"https:\/\/www.hotelrestart.cz\/?s={search_term_string}"},"query-input":"required name=search_term_string"}],"inLanguage":"en-US"}]}},"_links":{"self":[{"href":"https:\/\/www.hotelrestart.cz\/en\/wp-json\/wp\/v2\/pages\/14546","targetHints":{"allow":["GET"]}}],"collection":[{"href":"https:\/\/www.hotelrestart.cz\/en\/wp-json\/wp\/v2\/pages"}],"about":[{"href":"https:\/\/www.hotelrestart.cz\/en\/wp-json\/wp\/v2\/types\/page"}],"author":[{"embeddable":true,"href":"https:\/\/www.hotelrestart.cz\/en\/wp-json\/wp\/v2\/users\/1"}],"replies":[{"embeddable":true,"href":"https:\/\/www.hotelrestart.cz\/en\/wp-json\/wp\/v2\/comments?post=14546"}],"version-history":[{"count":0,"href":"https:\/\/www.hotelrestart.cz\/en\/wp-json\/wp\/v2\/pages\/14546\/revisions"}],"wp:attachment":[{"href":"https:\/\/www.hotelrestart.cz\/en\/wp-json\/wp\/v2\/media?parent=14546"}],"wp:term":[{"taxonomy":"category","embeddable":true,"href":"https:\/\/www.hotelrestart.cz\/en\/wp-json\/wp\/v2\/categories?post=14546"},{"taxonomy":"post_tag","embeddable":true,"href":"https:\/\/www.hotelrestart.cz\/en\/wp-json\/wp\/v2\/tags?post=14546"}],"curies":[{"name":"wp","href":"https:\/\/api.w.org\/{rel}","templated":true}]}}