{"id":13155,"date":"2019-07-19T16:49:37","date_gmt":"2019-07-19T14:49:37","guid":{"rendered":"https:\/\/www.hotelrestart.cz\/hotel-restart-jicin\/"},"modified":"2019-07-19T16:49:37","modified_gmt":"2019-07-19T14:49:37","slug":"hotel-restart-jicin","status":"publish","type":"page","link":"https:\/\/www.hotelrestart.cz\/en\/hotel-restart-jicin\/","title":{"rendered":"Hotel reSTART **** Jicin"},"content":{"rendered":"<div class=\"wpb-content-wrapper\"><p>[vc_row][vc_column][vc_empty_space height=&#8221;52px&#8221;][\/vc_column][\/vc_row][vc_row content_placement=&#8221;middle&#8221;][vc_column width=&#8221;1\/2&#8243;][vc_column_text]<\/p>\n<h1 class=\"hph1\">Welcome<br \/>\n at the reSTART hotel ****<\/h1>\n<p>[\/vc_column_text][vc_column_text]<\/p>\n<p class=\"hptext\">Are you looking for well-deserved relaxation on vacation, or do you prefer active rest with hiking, entertainment and sports experiences? Are you heading to the Bohemian Paradise area for work? Whenever you get hungry, visit the renowned La Favorita restaurant, which offers regional, Italian and international specialties.  <\/p>\n<p>[\/vc_column_text][vc_empty_space height=&#8221;12px&#8221;][vc_column_text]<\/p>\n<p style=\"text-align: left;\"><a class=\"splink\" href=\"https:\/\/www.hotelrestart.cz\/en\/about-the-hotel\/\">More about the hotel  &gt;&gt;<\/a><\/p>\n<p>[\/vc_column_text][\/vc_column][vc_column width=&#8221;1\/2&#8243;][vc_single_image image=&#8221;8758&#8243; img_size=&#8221;large&#8221; alignment=&#8221;center&#8221;][\/vc_column][\/vc_row][vc_row][vc_column][vc_empty_space height=&#8221;52px&#8221;][\/vc_column][\/vc_row][vc_row full_width=&#8221;stretch_row&#8221; content_placement=&#8221;middle&#8221; css=&#8221;.vc_custom_1594372040568{background-color: #f2ede9 !important;}&#8221;][vc_column][vc_empty_space][vc_column_text]<\/p>\n<h2 style=\"text-align: center;\">4 currently most requested packages<\/h2>\n<p>[\/vc_column_text][vc_empty_space][vc_column_text el_class=&#8221;topadiv&#8221;]<div class=\"toppackages\"><div class=\"toppackage xzoom\"><a href=\"https:\/\/www.hotelrestart.cz\/en\/balicek\/spring-break-children-free-2-adults-2\/\"><div class=\"intoppackage\" style=\"background-image:url('https:\/\/www.hotelrestart.cz\/wp-content\/uploads\/2023\/05\/Balicek_aktivni.jpg');;background-size: cover\"><h3>Spring Break &#8211; children FREE (2 adults)<\/h3><p>Don't care about the lines, you're in a fairy tale!<\/p><div class=\"pprice\">on request<\/div><span class=\"splink\">More info >><\/span><\/div><\/a><\/div><div class=\"toppackage xzoom\"><a href=\"https:\/\/www.hotelrestart.cz\/en\/balicek\/last-minute\/\"><div class=\"intoppackage\" style=\"background-image:url('https:\/\/www.hotelrestart.cz\/wp-content\/uploads\/2022\/11\/Balicek_3_noci_20_sleva-1.jpg');;background-size: cover\"><h3>Last minute<\/h3><p>Quickly recharge your energy.<\/p><div class=\"pprice\">on request<\/div><span class=\"splink\">More info >><\/span><\/div><\/a><\/div><div class=\"toppackage xzoom\"><a href=\"https:\/\/www.hotelrestart.cz\/en\/balicek\/stay-with-prosecco-and-wellness-50-discount-on-thai-massages-2\/\"><div class=\"intoppackage\" style=\"background-image:url('https:\/\/www.hotelrestart.cz\/wp-content\/uploads\/2020\/07\/Balicek_wellness.jpg');;background-size: cover\"><h3>Stay with prosecco and wellness, 50% discount on Thai massages<\/h3><p>Soon, like a rebirth...<\/p><div class=\"pprice\">on request<\/div><span class=\"splink\">More info >><\/span><\/div><\/a><\/div><div class=\"toppackage xzoom\"><a href=\"https:\/\/www.hotelrestart.cz\/en\/balicek\/family-stay-with-aquapark-and-half-board-2\/\"><div class=\"intoppackage\" style=\"background-image:url('https:\/\/www.hotelrestart.cz\/wp-content\/uploads\/2025\/08\/Balicek_Rodinny-pobyt-s-aquaparkem-a-polopenzi.jpg');;background-size: cover\"><h3>Family stay with aquapark and half board<\/h3><p>A time when dreams become reality...<\/p><div class=\"pprice\">on request<\/div><span class=\"splink\">More info >><\/span><\/div><\/a><\/div><br style=\"clear:both;\" \/><\/div>[\/vc_column_text][vc_empty_space][vc_btn title=&#8221;All great packages&#8221; shape=&#8221;square&#8221; align=&#8221;center&#8221; link=&#8221;url:%2Fpobytove-balicky%2F|||&#8221;][vc_empty_space][\/vc_column][\/vc_row][vc_row][vc_column][vc_empty_space][vc_column_text]<\/p>\n<h2 style=\"text-align: center;\">What can you look forward to?<\/h2>\n<p>[\/vc_column_text][vc_empty_space][\/vc_column][\/vc_row][vc_row el_class=&#8221;hpcar&#8221;][vc_column][vc_row_inner][vc_column_inner el_class=&#8221;hpc&#8221; width=&#8221;1\/3&#8243; url=&#8221;url:%2Fwellness%2F|||&#8221; css=&#8221;.vc_custom_1597390596206{background-image: url(https:\/\/www.hotelrestart.cz\/wp-content\/uploads\/2020\/08\/Tesit_wellness.jpg?id=8861) !important;}&#8221;][vc_empty_space height=&#8221;80&#8243;][vc_column_text]<\/p>\n<h3>Wellness<\/h3>\n<p>An oasis of complete peace[\/vc_column_text][vc_empty_space height=&#8221;80&#8243;][\/vc_column_inner][vc_column_inner el_class=&#8221;hpc&#8221; width=&#8221;1\/3&#8243; css=&#8221;.vc_custom_1597841958300{background-image: url(https:\/\/www.hotelrestart.cz\/wp-content\/uploads\/2020\/08\/Tesit_fitness.jpg?id=8983) !important;}&#8221;][vc_empty_space height=&#8221;80&#8243;][vc_column_text]<\/p>\n<h3>Fitness<\/h3>\n<p>Active rest[\/vc_column_text][vc_empty_space height=&#8221;80&#8243;][\/vc_column_inner][vc_column_inner el_class=&#8221;hpc&#8221; width=&#8221;1\/3&#8243; url=&#8221;url:%2Fdetska-herna%2F|||&#8221; css=&#8221;.vc_custom_1597841985782{background-image: url(https:\/\/www.hotelrestart.cz\/wp-content\/uploads\/2020\/08\/Tesit_koutek.jpg?id=8984) !important;}&#8221;][vc_empty_space height=&#8221;80&#8243;][vc_column_text]<\/p>\n<h3>Children&#8217;s corner<\/h3>\n<p>A world full of fun[\/vc_column_text][vc_empty_space height=&#8221;80&#8243;][\/vc_column_inner][\/vc_row_inner][vc_row_inner][vc_column_inner el_class=&#8221;hpc&#8221; width=&#8221;1\/2&#8243; url=&#8221;url:%2Fpokoje%2F|||&#8221; css=&#8221;.vc_custom_1597841051148{background-image: url(https:\/\/www.hotelrestart.cz\/wp-content\/uploads\/2020\/08\/Tesit_pokoje.jpg?id=8976) !important;}&#8221;][vc_empty_space height=&#8221;130&#8243;][vc_column_text]<\/p>\n<h3>Rooms<\/h3>\n<p>The magic of comfort[\/vc_column_text][vc_empty_space height=&#8221;130&#8243;][\/vc_column_inner][vc_column_inner el_class=&#8221;hpc&#8221; width=&#8221;1\/2&#8243; url=&#8221;url:%2Fgastronomie%2F|||&#8221; css=&#8221;.vc_custom_1597842007538{background-image: url(https:\/\/www.hotelrestart.cz\/wp-content\/uploads\/2020\/08\/Tesit_restaurace.jpg?id=8985) !important;}&#8221;][vc_empty_space height=&#8221;130&#8243;][vc_column_text]<\/p>\n<h3>Restaurant<\/h3>\n<p>Flavors from around the world[\/vc_column_text][vc_empty_space height=&#8221;130&#8243;][\/vc_column_inner][\/vc_row_inner][vc_row_inner][vc_column_inner el_class=&#8221;hpc&#8221; width=&#8221;1\/3&#8243; css=&#8221;.vc_custom_1597842031188{background-image: url(https:\/\/www.hotelrestart.cz\/wp-content\/uploads\/2020\/08\/Tesit_snidane.jpg?id=8986) !important;}&#8221;][vc_empty_space height=&#8221;80&#8243;][vc_column_text]<\/p>\n<h3>Breakfast<\/h3>\n<p>The ideal start to the day[\/vc_column_text][vc_empty_space height=&#8221;80&#8243;][\/vc_column_inner][vc_column_inner el_class=&#8221;hpc&#8221; width=&#8221;1\/3&#8243; url=&#8221;url:%2Fkonference-2%2F|||&#8221; css=&#8221;.vc_custom_1597842061990{background-image: url(https:\/\/www.hotelrestart.cz\/wp-content\/uploads\/2020\/08\/Tesit_konference.jpg?id=8987) !important;}&#8221;][vc_empty_space height=&#8221;80&#8243;][vc_column_text]<\/p>\n<h3>Conference<\/h3>\n<p>Events according to your wishes[\/vc_column_text][vc_empty_space height=&#8221;80&#8243;][\/vc_column_inner][vc_column_inner el_class=&#8221;hpc&#8221; width=&#8221;1\/3&#8243; url=&#8221;url:%2Fsvatby%2F|||&#8221; css=&#8221;.vc_custom_1597842080871{background-image: url(https:\/\/www.hotelrestart.cz\/wp-content\/uploads\/2020\/08\/Tesit_svatby.jpg?id=8989) !important;}&#8221;][vc_empty_space height=&#8221;80&#8243;][vc_column_text]<\/p>\n<h3>Weddings<\/h3>\n<p>Your unforgettable day[\/vc_column_text][vc_empty_space height=&#8221;80&#8243;][\/vc_column_inner][\/vc_row_inner][vc_row_inner][vc_column_inner][vc_empty_space height=&#8221;60&#8243;][\/vc_column_inner][\/vc_row_inner][\/vc_column][\/vc_row][vc_row full_width=&#8221;stretch_row&#8221; content_placement=&#8221;middle&#8221; css=&#8221;.vc_custom_1594372040568{background-color: #f2ede9 !important;}&#8221;][vc_column][vc_column_text]<\/p>\n<h2 style=\"text-align: center;\">They wrote about us<\/h2>\n<p>[\/vc_column_text][vc_column_text]<div><br style=\"clear:both;\" \/><\/div>[\/vc_column_text][vc_empty_space][vc_empty_space][\/vc_column][\/vc_row][vc_row full_width=&#8221;stretch_row&#8221; content_placement=&#8221;middle&#8221; disable_element=&#8221;yes&#8221;][vc_column][vc_empty_space][vc_column_text]<\/p>\n<h2 style=\"text-align: center;\">News<\/h2>\n<p>[\/vc_column_text][vc_empty_space][vc_column_text]<div class=\"topnews\"><div class=\"topnew xzoom\" ><div class=\"innew\" ><div class=\"innewtn\" ><a title=\"G\u00e4nsefest\" href=\"https:\/\/www.hotelrestart.cz\/de\/gansefest\/\"><img decoding=\"async\" alt=\"G\u00e4nsefest\" src=\"https:\/\/www.hotelrestart.cz\/wp-content\/uploads\/2021\/11\/FB_post_lafa-1-1.jpg\" class=\"inimg\" \/><\/a><\/div><a href=\"https:\/\/www.hotelrestart.cz\/de\/gansefest\/\"><div class=\"innewx\" ><h3>G\u00e4nsefest<\/h3><div>03.11.2021<\/div><p><\/p><span class=\"splink\">p\u0159e\u010d\u00edst cel\u00e9 >><\/span><br style=\"clear:both;;\" \/><\/div><\/a><\/div><\/div><div class=\"topnew xzoom\" ><div class=\"innew\" ><div class=\"innewtn\" ><a title=\"Uczta z g\u0119si\" href=\"https:\/\/www.hotelrestart.cz\/pl\/uczta-z-gesi\/\"><img decoding=\"async\" alt=\"Uczta z g\u0119si\" src=\"https:\/\/www.hotelrestart.cz\/wp-content\/uploads\/2021\/11\/FB_post_lafa-1-1.jpg\" class=\"inimg\" \/><\/a><\/div><a href=\"https:\/\/www.hotelrestart.cz\/pl\/uczta-z-gesi\/\"><div class=\"innewx\" ><h3>Uczta z g\u0119si<\/h3><div>03.11.2021<\/div><p><\/p><span class=\"splink\">p\u0159e\u010d\u00edst cel\u00e9 >><\/span><br style=\"clear:both;;\" \/><\/div><\/a><\/div><\/div><div class=\"topnew xzoom\" ><div class=\"innew\" ><div class=\"innewtn\" ><a title=\"Goose feast\" href=\"https:\/\/www.hotelrestart.cz\/en\/goose-feast\/\"><img decoding=\"async\" alt=\"Goose feast\" src=\"https:\/\/www.hotelrestart.cz\/wp-content\/uploads\/2021\/11\/FB_post_lafa-1-1.jpg\" class=\"inimg\" \/><\/a><\/div><a href=\"https:\/\/www.hotelrestart.cz\/en\/goose-feast\/\"><div class=\"innewx\" ><h3>Goose feast<\/h3><div>03.11.2021<\/div><p><\/p><span class=\"splink\">p\u0159e\u010d\u00edst cel\u00e9 >><\/span><br style=\"clear:both;;\" \/><\/div><\/a><\/div><\/div><div class=\"topnew xzoom\" ><div class=\"innew\" ><div class=\"innewtn\" ><a title=\"Hus\u00ed hody\" href=\"https:\/\/www.hotelrestart.cz\/husi-hody\/\"><img decoding=\"async\" alt=\"Hus\u00ed hody\" src=\"https:\/\/www.hotelrestart.cz\/wp-content\/uploads\/2021\/11\/FB_post_lafa-1-1.jpg\" class=\"inimg\" \/><\/a><\/div><a href=\"https:\/\/www.hotelrestart.cz\/husi-hody\/\"><div class=\"innewx\" ><h3>Hus\u00ed hody<\/h3><div>03.11.2021<\/div><p><\/p><span class=\"splink\">p\u0159e\u010d\u00edst cel\u00e9 >><\/span><br style=\"clear:both;;\" \/><\/div><\/a><\/div><\/div><br style=\"clear:both;;\" \/><\/div>[\/vc_column_text][vc_empty_space][vc_btn title=&#8221;All news&#8221; shape=&#8221;square&#8221; align=&#8221;center&#8221; link=&#8221;url:%2Fblog%2F|||&#8221;][vc_empty_space][vc_empty_space][\/vc_column][\/vc_row][vc_row full_width=&#8221;stretch_row&#8221; content_placement=&#8221;middle&#8221; disable_element=&#8221;yes&#8221;][vc_column][vc_empty_space][vc_column_text]<\/p>\n<h2 style=\"text-align: center;\">News<\/h2>\n<p>[\/vc_column_text][vc_column_text][ff id=&#8221;1&#8243;][\/vc_column_text][vc_empty_space][\/vc_column][\/vc_row]<\/p>\n<\/div>","protected":false},"excerpt":{"rendered":"<p>[vc_row][vc_column][vc_empty_space height=&#8221;52px&#8221;][\/vc_column][\/vc_row][vc_row content_placement=&#8221;middle&#8221;][vc_column width=&#8221;1\/2&#8243;][vc_column_text] Welcome at the reSTART hotel **** [\/vc_column_text][vc_column_text] Are you looking for well-deserved relaxation on vacation, or do you prefer active rest with<\/p>\n","protected":false},"author":1,"featured_media":12247,"parent":0,"menu_order":0,"comment_status":"closed","ping_status":"closed","template":"","meta":{"footnotes":""},"categories":[],"tags":[],"class_list":["post-13155","page","type-page","status-publish","has-post-thumbnail","hentry"],"acf":[],"yoast_head":"<!-- This site is optimized with the Yoast SEO plugin v21.8 - https:\/\/yoast.com\/wordpress\/plugins\/seo\/ -->\n<title>Hotel reSTART **** Jicin - Hotel reSTART<\/title>\n<meta name=\"robots\" content=\"index, follow, max-snippet:-1, max-image-preview:large, max-video-preview:-1\" \/>\n<link rel=\"canonical\" href=\"https:\/\/www.hotelrestart.cz\/hotel-restart-jicin\/\" \/>\n<meta property=\"og:locale\" content=\"en_US\" \/>\n<meta property=\"og:type\" content=\"article\" \/>\n<meta property=\"og:title\" content=\"Hotel reSTART **** Jicin - Hotel reSTART\" \/>\n<meta property=\"og:description\" content=\"[vc_row][vc_column][vc_empty_space height=&#8221;52px&#8221;][\/vc_column][\/vc_row][vc_row content_placement=&#8221;middle&#8221;][vc_column width=&#8221;1\/2&#8243;][vc_column_text] Welcome at the reSTART hotel **** [\/vc_column_text][vc_column_text] Are you looking for well-deserved relaxation on vacation, or do you prefer active rest with\" \/>\n<meta property=\"og:url\" content=\"https:\/\/www.hotelrestart.cz\/hotel-restart-jicin\/\" \/>\n<meta property=\"og:site_name\" content=\"Hotel reSTART\" \/>\n<meta name=\"twitter:card\" content=\"summary_large_image\" \/>\n<meta name=\"twitter:label1\" content=\"Est. reading time\" \/>\n\t<meta name=\"twitter:data1\" content=\"4 minutes\" \/>\n<script type=\"application\/ld+json\" class=\"yoast-schema-graph\">{\"@context\":\"https:\/\/schema.org\",\"@graph\":[{\"@type\":\"WebPage\",\"@id\":\"https:\/\/www.hotelrestart.cz\/hotel-restart-jicin\/\",\"url\":\"https:\/\/www.hotelrestart.cz\/hotel-restart-jicin\/\",\"name\":\"Hotel reSTART **** Jicin - Hotel reSTART\",\"isPartOf\":{\"@id\":\"https:\/\/www.hotelrestart.cz\/#website\"},\"datePublished\":\"2019-07-19T14:49:37+00:00\",\"dateModified\":\"2019-07-19T14:49:37+00:00\",\"breadcrumb\":{\"@id\":\"https:\/\/www.hotelrestart.cz\/hotel-restart-jicin\/#breadcrumb\"},\"inLanguage\":\"en-US\",\"potentialAction\":[{\"@type\":\"ReadAction\",\"target\":[\"https:\/\/www.hotelrestart.cz\/hotel-restart-jicin\/\"]}]},{\"@type\":\"BreadcrumbList\",\"@id\":\"https:\/\/www.hotelrestart.cz\/hotel-restart-jicin\/#breadcrumb\",\"itemListElement\":[{\"@type\":\"ListItem\",\"position\":1,\"name\":\"Home\",\"item\":\"https:\/\/www.hotelrestart.cz\/hotel-restart-jicin-official-website\/\"},{\"@type\":\"ListItem\",\"position\":2,\"name\":\"Hotel reSTART **** Jicin\"}]},{\"@type\":\"WebSite\",\"@id\":\"https:\/\/www.hotelrestart.cz\/#website\",\"url\":\"https:\/\/www.hotelrestart.cz\/\",\"name\":\"Hotel reSTART\",\"description\":\"4* Hotel v Ji\u010d\u00edn\u011b\",\"potentialAction\":[{\"@type\":\"SearchAction\",\"target\":{\"@type\":\"EntryPoint\",\"urlTemplate\":\"https:\/\/www.hotelrestart.cz\/?s={search_term_string}\"},\"query-input\":\"required name=search_term_string\"}],\"inLanguage\":\"en-US\"}]}<\/script>\n<!-- \/ Yoast SEO plugin. -->","yoast_head_json":{"title":"Hotel reSTART **** Jicin - Hotel reSTART","robots":{"index":"index","follow":"follow","max-snippet":"max-snippet:-1","max-image-preview":"max-image-preview:large","max-video-preview":"max-video-preview:-1"},"canonical":"https:\/\/www.hotelrestart.cz\/hotel-restart-jicin\/","og_locale":"en_US","og_type":"article","og_title":"Hotel reSTART **** Jicin - Hotel reSTART","og_description":"[vc_row][vc_column][vc_empty_space height=&#8221;52px&#8221;][\/vc_column][\/vc_row][vc_row content_placement=&#8221;middle&#8221;][vc_column width=&#8221;1\/2&#8243;][vc_column_text] Welcome at the reSTART hotel **** [\/vc_column_text][vc_column_text] Are you looking for well-deserved relaxation on vacation, or do you prefer active rest with","og_url":"https:\/\/www.hotelrestart.cz\/hotel-restart-jicin\/","og_site_name":"Hotel reSTART","twitter_card":"summary_large_image","twitter_misc":{"Est. reading time":"4 minutes"},"schema":{"@context":"https:\/\/schema.org","@graph":[{"@type":"WebPage","@id":"https:\/\/www.hotelrestart.cz\/hotel-restart-jicin\/","url":"https:\/\/www.hotelrestart.cz\/hotel-restart-jicin\/","name":"Hotel reSTART **** Jicin - Hotel reSTART","isPartOf":{"@id":"https:\/\/www.hotelrestart.cz\/#website"},"datePublished":"2019-07-19T14:49:37+00:00","dateModified":"2019-07-19T14:49:37+00:00","breadcrumb":{"@id":"https:\/\/www.hotelrestart.cz\/hotel-restart-jicin\/#breadcrumb"},"inLanguage":"en-US","potentialAction":[{"@type":"ReadAction","target":["https:\/\/www.hotelrestart.cz\/hotel-restart-jicin\/"]}]},{"@type":"BreadcrumbList","@id":"https:\/\/www.hotelrestart.cz\/hotel-restart-jicin\/#breadcrumb","itemListElement":[{"@type":"ListItem","position":1,"name":"Home","item":"https:\/\/www.hotelrestart.cz\/hotel-restart-jicin-official-website\/"},{"@type":"ListItem","position":2,"name":"Hotel reSTART **** Jicin"}]},{"@type":"WebSite","@id":"https:\/\/www.hotelrestart.cz\/#website","url":"https:\/\/www.hotelrestart.cz\/","name":"Hotel reSTART","description":"4* Hotel v Ji\u010d\u00edn\u011b","potentialAction":[{"@type":"SearchAction","target":{"@type":"EntryPoint","urlTemplate":"https:\/\/www.hotelrestart.cz\/?s={search_term_string}"},"query-input":"required name=search_term_string"}],"inLanguage":"en-US"}]}},"_links":{"self":[{"href":"https:\/\/www.hotelrestart.cz\/en\/wp-json\/wp\/v2\/pages\/13155","targetHints":{"allow":["GET"]}}],"collection":[{"href":"https:\/\/www.hotelrestart.cz\/en\/wp-json\/wp\/v2\/pages"}],"about":[{"href":"https:\/\/www.hotelrestart.cz\/en\/wp-json\/wp\/v2\/types\/page"}],"author":[{"embeddable":true,"href":"https:\/\/www.hotelrestart.cz\/en\/wp-json\/wp\/v2\/users\/1"}],"replies":[{"embeddable":true,"href":"https:\/\/www.hotelrestart.cz\/en\/wp-json\/wp\/v2\/comments?post=13155"}],"version-history":[{"count":0,"href":"https:\/\/www.hotelrestart.cz\/en\/wp-json\/wp\/v2\/pages\/13155\/revisions"}],"wp:featuredmedia":[{"embeddable":true,"href":"https:\/\/www.hotelrestart.cz\/en\/wp-json\/wp\/v2\/media\/12247"}],"wp:attachment":[{"href":"https:\/\/www.hotelrestart.cz\/en\/wp-json\/wp\/v2\/media?parent=13155"}],"wp:term":[{"taxonomy":"category","embeddable":true,"href":"https:\/\/www.hotelrestart.cz\/en\/wp-json\/wp\/v2\/categories?post=13155"},{"taxonomy":"post_tag","embeddable":true,"href":"https:\/\/www.hotelrestart.cz\/en\/wp-json\/wp\/v2\/tags?post=13155"}],"curies":[{"name":"wp","href":"https:\/\/api.w.org\/{rel}","templated":true}]}}