{"id":13146,"date":"2018-12-18T12:15:46","date_gmt":"2018-12-18T11:15:46","guid":{"rendered":"https:\/\/www.hotelrestart.cz\/contact\/"},"modified":"2018-12-18T12:15:46","modified_gmt":"2018-12-18T11:15:46","slug":"contact","status":"publish","type":"page","link":"https:\/\/www.hotelrestart.cz\/en\/contact\/","title":{"rendered":"Contact"},"content":{"rendered":"<div class=\"wpb-content-wrapper\"><p>[vc_row full_width=&#8221;stretch_row&#8221; content_placement=&#8221;middle&#8221; el_class=&#8221;featured&#8221; css=&#8221;.vc_custom_1598522560621{background-image: url(https:\/\/www.hotelrestart.cz\/wp-content\/uploads\/2020\/08\/Kontakt_head.jpg?id=9011) !important;background-position: center !important;background-repeat: no-repeat !important;background-size: cover !important;}&#8221;][vc_column][vc_column_text]<\/p>\n<h1>Contact us<\/h1>\n<p>[\/vc_column_text][\/vc_column][\/vc_row][vc_row][vc_column width=&#8221;1\/2&#8243;][vc_column_text]<strong>Hotel reSTART<\/strong><\/p>\n<div class=\"mobb\"><i class=\"fas fa-map-marker-alt\"><\/i>  Revolucni 1267, Jicin<br \/>\n <a href=\"https:\/\/www.google.com\/maps\/place\/Hotel+reSTART\/@50.4407296,15.3607313,17z\/data=!3m1!4b1!4m8!3m7!1s0x470ea477bbdac9af:0x24427112dc6112f!5m2!4m1!1i2!8m2!3d50.4407262!4d15.36292\" target=\"_blank\" rel=\"noopener noreferrer\">Google Maps<\/a> , <a href=\"https:\/\/mapy.cz\/zakladni?x=15.3629131&amp;y=50.4407682&amp;z=17&amp;source=firm&amp;id=13192869\" target=\"_blank\" rel=\"noopener noreferrer\">Mapy.cz<\/a><br \/>\n<i class=\"fas fa-phone-square-alt\"><\/i> <a href=\"tel:498019400\">498 019 400<\/a><br \/>\n <a href=\"mailto:recepce@hotelrestart.cz\">reception@hotelrestart.cz<\/a><\/div>\n<p>[\/vc_column_text][vc_empty_space height=&#8221;15px&#8221;][vc_btn title=&#8221;Price list&#8221; style=&#8221;classic&#8221; shape=&#8221;square&#8221; color=&#8221;default&#8221; link=&#8221;url:%2Fcenik|||&#8221;][vc_btn title=&#8221;Online booking&#8221; style=&#8221;classic&#8221; shape=&#8221;square&#8221; color=&#8221;default&#8221; link=&#8221;url:%2Frezervace|||&#8221;][vc_empty_space height=&#8221;15px&#8221;][vc_column_text]<i class=\"fas fa-file-invoice\"><\/i> <strong>Billing information<\/strong><br \/>\n Hotel Start Jicin, sro<br \/>\n Revolutionary 1267<br \/>\n 506 01 JICIN 1<\/p>\n<p> ID: 27552233<br \/>\n VAT number: CZ27552233<\/p>\n<p> <i>The company Hotel Start Ji\u010d\u00edn, sro is registered at the Regional Court in Hradec Kr\u00e1lov\u00e9 under file number C 25689<\/i>[\/vc_column_text][\/vc_column][vc_column width=&#8221;1\/2&#8243;][vc_column_text]<iframe loading=\"lazy\" class=\"embed\" style=\"border: 0;\" src=\"https:\/\/www.google.com\/maps\/embed\/v1\/place?key=AIzaSyAOPdQn5jSccL3fPly1IU_Z1tbP9XMMkek&amp;q=Revolu%C4%8Dn%C3%AD+1267++Ji%C4%8D%C3%ADn++%C4%8CR&amp;zoom=13\" width=\"100%\" height=\"400\" frameborder=\"0\" allowfullscreen=\"allowfullscreen\"><\/iframe>[\/vc_column_text][\/vc_column][\/vc_row][vc_row][vc_column][vc_column_text]<\/p>\n<h2>Google Street View<\/h2>\n<p><iframe loading=\"lazy\" style=\"border: 0;\" src=\"https:\/\/www.google.com\/maps\/embed?pb=!4v1561465724599!6m8!1m7!1sU5uc2-XKi0zD4At2SjXe7A!2m2!1d50.4411332850157!2d15.36238130952144!3f146.41383972866916!4f8.806929133744319!5f0.7820865974627469\" width=\"100%\" height=\"450\" frameborder=\"0\" allowfullscreen=\"allowfullscreen\"><\/iframe>[\/vc_column_text][\/vc_column][\/vc_row]<\/p>\n<\/div>","protected":false},"excerpt":{"rendered":"<p>[vc_row full_width=&#8221;stretch_row&#8221; content_placement=&#8221;middle&#8221; el_class=&#8221;featured&#8221; css=&#8221;.vc_custom_1598522560621{background-image: url(https:\/\/www.hotelrestart.cz\/wp-content\/uploads\/2020\/08\/Kontakt_head.jpg?id=9011) !important;background-position: center !important;background-repeat: no-repeat !important;background-size: cover !important;}&#8221;][vc_column][vc_column_text] Contact us [\/vc_column_text][\/vc_column][\/vc_row][vc_row][vc_column width=&#8221;1\/2&#8243;][vc_column_text]Hotel reSTART Revolucni 1267, Jicin Google Maps , Mapy.cz 498<\/p>\n","protected":false},"author":1,"featured_media":0,"parent":0,"menu_order":0,"comment_status":"closed","ping_status":"closed","template":"","meta":{"footnotes":""},"categories":[],"tags":[],"class_list":["post-13146","page","type-page","status-publish","hentry"],"acf":[],"yoast_head":"<!-- This site is optimized with the Yoast SEO plugin v21.8 - https:\/\/yoast.com\/wordpress\/plugins\/seo\/ -->\n<title>Contact - Hotel reSTART<\/title>\n<meta name=\"robots\" content=\"index, follow, max-snippet:-1, max-image-preview:large, max-video-preview:-1\" \/>\n<link rel=\"canonical\" href=\"https:\/\/www.hotelrestart.cz\/en\/contact\/\" \/>\n<meta property=\"og:locale\" content=\"en_US\" \/>\n<meta property=\"og:type\" content=\"article\" \/>\n<meta property=\"og:title\" content=\"Contact - Hotel reSTART\" \/>\n<meta property=\"og:description\" content=\"[vc_row full_width=&#8221;stretch_row&#8221; content_placement=&#8221;middle&#8221; el_class=&#8221;featured&#8221; css=&#8221;.vc_custom_1598522560621{background-image: url(https:\/\/www.hotelrestart.cz\/wp-content\/uploads\/2020\/08\/Kontakt_head.jpg?id=9011) !important;background-position: center !important;background-repeat: no-repeat !important;background-size: cover !important;}&#8221;][vc_column][vc_column_text] Contact us [\/vc_column_text][\/vc_column][\/vc_row][vc_row][vc_column width=&#8221;1\/2&#8243;][vc_column_text]Hotel reSTART Revolucni 1267, Jicin Google Maps , Mapy.cz 498\" \/>\n<meta property=\"og:url\" content=\"https:\/\/www.hotelrestart.cz\/en\/contact\/\" \/>\n<meta property=\"og:site_name\" content=\"Hotel reSTART\" \/>\n<meta name=\"twitter:card\" content=\"summary_large_image\" \/>\n<meta name=\"twitter:label1\" content=\"Est. reading time\" \/>\n\t<meta name=\"twitter:data1\" content=\"1 minute\" \/>\n<script type=\"application\/ld+json\" class=\"yoast-schema-graph\">{\"@context\":\"https:\/\/schema.org\",\"@graph\":[{\"@type\":\"WebPage\",\"@id\":\"https:\/\/www.hotelrestart.cz\/en\/contact\/\",\"url\":\"https:\/\/www.hotelrestart.cz\/en\/contact\/\",\"name\":\"Contact - Hotel reSTART\",\"isPartOf\":{\"@id\":\"https:\/\/www.hotelrestart.cz\/#website\"},\"datePublished\":\"2018-12-18T11:15:46+00:00\",\"dateModified\":\"2018-12-18T11:15:46+00:00\",\"breadcrumb\":{\"@id\":\"https:\/\/www.hotelrestart.cz\/en\/contact\/#breadcrumb\"},\"inLanguage\":\"en-US\",\"potentialAction\":[{\"@type\":\"ReadAction\",\"target\":[\"https:\/\/www.hotelrestart.cz\/en\/contact\/\"]}]},{\"@type\":\"BreadcrumbList\",\"@id\":\"https:\/\/www.hotelrestart.cz\/en\/contact\/#breadcrumb\",\"itemListElement\":[{\"@type\":\"ListItem\",\"position\":1,\"name\":\"Home\",\"item\":\"https:\/\/www.hotelrestart.cz\/hotel-restart-jicin-official-website\/\"},{\"@type\":\"ListItem\",\"position\":2,\"name\":\"Contact\"}]},{\"@type\":\"WebSite\",\"@id\":\"https:\/\/www.hotelrestart.cz\/#website\",\"url\":\"https:\/\/www.hotelrestart.cz\/\",\"name\":\"Hotel reSTART\",\"description\":\"4* Hotel v Ji\u010d\u00edn\u011b\",\"potentialAction\":[{\"@type\":\"SearchAction\",\"target\":{\"@type\":\"EntryPoint\",\"urlTemplate\":\"https:\/\/www.hotelrestart.cz\/?s={search_term_string}\"},\"query-input\":\"required name=search_term_string\"}],\"inLanguage\":\"en-US\"}]}<\/script>\n<!-- \/ Yoast SEO plugin. -->","yoast_head_json":{"title":"Contact - Hotel reSTART","robots":{"index":"index","follow":"follow","max-snippet":"max-snippet:-1","max-image-preview":"max-image-preview:large","max-video-preview":"max-video-preview:-1"},"canonical":"https:\/\/www.hotelrestart.cz\/en\/contact\/","og_locale":"en_US","og_type":"article","og_title":"Contact - Hotel reSTART","og_description":"[vc_row full_width=&#8221;stretch_row&#8221; content_placement=&#8221;middle&#8221; el_class=&#8221;featured&#8221; css=&#8221;.vc_custom_1598522560621{background-image: url(https:\/\/www.hotelrestart.cz\/wp-content\/uploads\/2020\/08\/Kontakt_head.jpg?id=9011) !important;background-position: center !important;background-repeat: no-repeat !important;background-size: cover !important;}&#8221;][vc_column][vc_column_text] Contact us [\/vc_column_text][\/vc_column][\/vc_row][vc_row][vc_column width=&#8221;1\/2&#8243;][vc_column_text]Hotel reSTART Revolucni 1267, Jicin Google Maps , Mapy.cz 498","og_url":"https:\/\/www.hotelrestart.cz\/en\/contact\/","og_site_name":"Hotel reSTART","twitter_card":"summary_large_image","twitter_misc":{"Est. reading time":"1 minute"},"schema":{"@context":"https:\/\/schema.org","@graph":[{"@type":"WebPage","@id":"https:\/\/www.hotelrestart.cz\/en\/contact\/","url":"https:\/\/www.hotelrestart.cz\/en\/contact\/","name":"Contact - Hotel reSTART","isPartOf":{"@id":"https:\/\/www.hotelrestart.cz\/#website"},"datePublished":"2018-12-18T11:15:46+00:00","dateModified":"2018-12-18T11:15:46+00:00","breadcrumb":{"@id":"https:\/\/www.hotelrestart.cz\/en\/contact\/#breadcrumb"},"inLanguage":"en-US","potentialAction":[{"@type":"ReadAction","target":["https:\/\/www.hotelrestart.cz\/en\/contact\/"]}]},{"@type":"BreadcrumbList","@id":"https:\/\/www.hotelrestart.cz\/en\/contact\/#breadcrumb","itemListElement":[{"@type":"ListItem","position":1,"name":"Home","item":"https:\/\/www.hotelrestart.cz\/hotel-restart-jicin-official-website\/"},{"@type":"ListItem","position":2,"name":"Contact"}]},{"@type":"WebSite","@id":"https:\/\/www.hotelrestart.cz\/#website","url":"https:\/\/www.hotelrestart.cz\/","name":"Hotel reSTART","description":"4* Hotel v Ji\u010d\u00edn\u011b","potentialAction":[{"@type":"SearchAction","target":{"@type":"EntryPoint","urlTemplate":"https:\/\/www.hotelrestart.cz\/?s={search_term_string}"},"query-input":"required name=search_term_string"}],"inLanguage":"en-US"}]}},"_links":{"self":[{"href":"https:\/\/www.hotelrestart.cz\/en\/wp-json\/wp\/v2\/pages\/13146","targetHints":{"allow":["GET"]}}],"collection":[{"href":"https:\/\/www.hotelrestart.cz\/en\/wp-json\/wp\/v2\/pages"}],"about":[{"href":"https:\/\/www.hotelrestart.cz\/en\/wp-json\/wp\/v2\/types\/page"}],"author":[{"embeddable":true,"href":"https:\/\/www.hotelrestart.cz\/en\/wp-json\/wp\/v2\/users\/1"}],"replies":[{"embeddable":true,"href":"https:\/\/www.hotelrestart.cz\/en\/wp-json\/wp\/v2\/comments?post=13146"}],"version-history":[{"count":0,"href":"https:\/\/www.hotelrestart.cz\/en\/wp-json\/wp\/v2\/pages\/13146\/revisions"}],"wp:attachment":[{"href":"https:\/\/www.hotelrestart.cz\/en\/wp-json\/wp\/v2\/media?parent=13146"}],"wp:term":[{"taxonomy":"category","embeddable":true,"href":"https:\/\/www.hotelrestart.cz\/en\/wp-json\/wp\/v2\/categories?post=13146"},{"taxonomy":"post_tag","embeddable":true,"href":"https:\/\/www.hotelrestart.cz\/en\/wp-json\/wp\/v2\/tags?post=13146"}],"curies":[{"name":"wp","href":"https:\/\/api.w.org\/{rel}","templated":true}]}}