{"id":13124,"date":"2019-05-31T09:07:17","date_gmt":"2019-05-31T07:07:17","guid":{"rendered":"https:\/\/www.hotelrestart.cz\/gastronomy\/"},"modified":"2025-09-25T10:36:09","modified_gmt":"2025-09-25T08:36:09","slug":"gastronomy","status":"publish","type":"page","link":"https:\/\/www.hotelrestart.cz\/en\/gastronomy\/","title":{"rendered":"Restaurant"},"content":{"rendered":"<div class=\"wpb-content-wrapper\"><p>[vc_row full_width=&#8221;stretch_row&#8221; content_placement=&#8221;middle&#8221; el_class=&#8221;featured&#8221; css=&#8221;.vc_custom_1698267616684{background-image: url(https:\/\/www.hotelrestart.cz\/wp-content\/uploads\/2023\/10\/Restaurace_head_3.jpg?id=10633) !important;background-position: center !important;background-repeat: no-repeat !important;background-size: cover !important;}&#8221;][vc_column][vc_column_text]<\/p>\n<h1><span style=\"color: #000000;\">Restaurant La Favorita<\/span><\/h1>\n<p>[\/vc_column_text][\/vc_column][\/vc_row][vc_row][vc_column][vc_empty_space][vc_empty_space][\/vc_column][\/vc_row][vc_row full_width=&#8221;stretch_row&#8221; content_placement=&#8221;middle&#8221;][vc_column width=&#8221;1\/2&#8243;][vc_column_text]<\/p>\n<h2 class=\"western\">Restaurant<\/h2>\n<h3 class=\"western\">La Favorita Ji\u010d\u00edn \u2013 a paradise for all gourmets<\/h3>\n<p>The renowned <span style=\"color: #0000ff;\"><u><a href=\"https:\/\/www.lafavoritajc.cz\/\">La Favorita<\/a><\/u><\/span> restaurant attracts tastes from all over the world. For family and corporate clients, it prepares <b>Czech classics and international specialties, including Italian pizza<\/b> . La Favorita will also organize a &#8220;tailor-made&#8221; banquet for you, for example a wedding. You can wish for a rich banquet for up to 100 guests, either traditionally or in the form of an informal outdoor barbecue. If you are looking for undisturbed romance, the pleasant staff will serve you lunch and dinner right in your room. And with a glass of wine or a chilled pint, you can sit in the summer garden.       <b>It is barely an hour&#8217;s drive from Prague to the reSTART Ji\u010d\u00edn hotel and its La Favorita restaurant.<\/b>  You can also get here barrier-free through the entrance to Aquapark Ji\u010d\u00edn.[\/vc_column_text][vc_empty_space height=&#8221;15px&#8221;][vc_btn title=&#8221;La Favorita&#8221; align=&#8221;right&#8221; link=&#8221;url:https%3A%2F%2Fwww.lafavoritajc.cz%2F|title:La%20Favorita&#8221; css=&#8221;.vc_custom_1753365574744{margin-right: 40px !important;}&#8221;][\/vc_column][vc_column width=&#8221;1\/2&#8243;][vc_single_image image=&#8221;8142&#8243; img_size=&#8221;large&#8221;][\/vc_column][\/vc_row][vc_row content_placement=&#8221;middle&#8221;][vc_column width=&#8221;1\/2&#8243;][vc_single_image image=&#8221;8143&#8243; img_size=&#8221;large&#8221;][\/vc_column][vc_column width=&#8221;1\/2&#8243;][vc_column_text]<\/p>\n<h3 class=\"western\">What lunch special did the chef prepare this week?<\/h3>\n<p>In addition to the permanent <span style=\"color: #0000ff;\"><u><a href=\"https:\/\/www.lafavoritajc.cz\/menu\/\">menu,<\/a><\/u><\/span> guests <b>of the La Favorita restaurant at the reSTART Ji\u010d\u00edn hotel can also enjoy a special menu from Monday to Friday.<\/b>  <b> <\/b><span style=\"color: #0000ff;\"><u><a href=\"https:\/\/www.lafavoritajc.cz\/poledni-menu\/\">daily menu<\/a><\/u><\/span> at discounted prices. You can also look forward to the chef&#8217;s lunch special, crowning the entire offer of Czech and international cuisine, including pizza. The menu includes soup: chicken or beef broth, tomato, carrot and others, different every day. Don&#8217;t hesitate and go to the restaurant of the reSTART hotel in Ji\u010d\u00edn with your friends for lunch. You will find it easily, because with its height of 42 meters it towers over all the buildings of Ji\u010d\u00edn. Even the seemingly most ordinary daily menu is prepared for you by the staff of the La Favorita restaurant <b>from selected ingredients and, above all, with love and precision<\/b> !     [\/vc_column_text][\/vc_column][\/vc_row][vc_row content_placement=&#8221;middle&#8221;][vc_column width=&#8221;1\/2&#8243;][vc_column_text]<\/p>\n<h2 class=\"western\">Children&#8217;s playroom<\/h2>\n<h3 class=\"western\">Feast and have fun \u2013 the children are taken care of in the playroom full of attractions<\/h3>\n<p>Who plays, not naughty! You will love the Hotel reSTART Ji\u010d\u00edn also for the comfort without the eternal solution of children&#8217;s needs. Do you want to entertain your children during the day, or before they prepare a meal for you in <span style=\"color: #0000ff;\"><u><a href=\"https:\/\/www.lafavoritajc.cz\/\">the restaurant<\/a><\/u><\/span> ? Send them to explore the popular <span style=\"color: #0000ff;\"><u><a href=\"https:\/\/www.hotelrestart.cz\/en\/childrens-playroom\/\">children&#8217;s playroom<\/a><\/u><\/span> . Boys and girls up to 150 cm tall will have a great time here in the bouncy castle, on the slide, they will show off their culinary skills in the mini kitchens and little handymen will surely captivate the children&#8217;s ponchos. The playroom of the Hotel reSTART is open daily from 11:00 to 19:00. Young hotel guests have free admission, other children for 100 CZK. You can also organize a children&#8217;s birthday party here. Arrange details by phone ( <span style=\"color: #0000ff;\"><u><a href=\"tel:498019400\">498 019 400<\/a><\/u><\/span> ) or by e-mail ( <span style=\"color: #0000ff;\"><u><a href=\"mailto:recepce@www.hotelrestart.cz\">recepce@hotelrestart.cz<\/a><\/u><\/span> ).        [\/vc_column_text][vc_empty_space][\/vc_column][vc_column width=&#8221;1\/2&#8243;][vc_single_image image=&#8221;10499&#8243; img_size=&#8221;large&#8221;][\/vc_column][\/vc_row][vc_row content_placement=&#8221;middle&#8221;][vc_column width=&#8221;1\/2&#8243;][vc_single_image image=&#8221;8221&#8243; img_size=&#8221;large&#8221;][\/vc_column][vc_column width=&#8221;1\/2&#8243;][vc_column_text]<\/p>\n<h2 class=\"western\">Breakfast at the reSTART Hotel<\/h2>\n<h3 class=\"western\">An energetic step into a new day<\/h3>\n<p>Have you heard of the buffet breakfasts at the Ji\u010d\u00edn reSTART hotel? The breakfast board here <b>is full of variety, imagination, and nutrition<\/b> , and it has <b>great reviews<\/b> online. For example: <i>\u201cEspecially delicious pancakes, croissants, and the absolute best semolina porridge I\u2019ve ever had.\u201d<\/i> Of course, lovers of eggs, sausages, and sausages will also find something to their liking. There are also gluten-free pastries, vegetables, and a wide selection of drinks. <b>A separate restaurant for daily fresh breakfasts for hotel guests<\/b> is located on the ground floor right <b>next to the reception<\/b> . You can have breakfast on weekdays from 6:30 a.m. to 10 a.m., and on weekends from 7 a.m. to 10 a.m. Start your day with a smile thanks to the magnificent breakfast at the reSTART hotel!     [\/vc_column_text][\/vc_column][\/vc_row][vc_row][vc_column][vc_empty_space][vc_empty_space][\/vc_column][\/vc_row]<\/p>\n<\/div>","protected":false},"excerpt":{"rendered":"<p>[vc_row full_width=&#8221;stretch_row&#8221; content_placement=&#8221;middle&#8221; el_class=&#8221;featured&#8221; css=&#8221;.vc_custom_1698267616684{background-image: url(https:\/\/www.hotelrestart.cz\/wp-content\/uploads\/2023\/10\/Restaurace_head_3.jpg?id=10633) !important;background-position: center !important;background-repeat: no-repeat !important;background-size: cover !important;}&#8221;][vc_column][vc_column_text] Restaurant La Favorita [\/vc_column_text][\/vc_column][\/vc_row][vc_row][vc_column][vc_empty_space][vc_empty_space][\/vc_column][\/vc_row][vc_row full_width=&#8221;stretch_row&#8221; content_placement=&#8221;middle&#8221;][vc_column width=&#8221;1\/2&#8243;][vc_column_text] Restaurant La Favorita Ji\u010d\u00edn \u2013 a<\/p>\n","protected":false},"author":6,"featured_media":0,"parent":0,"menu_order":0,"comment_status":"closed","ping_status":"closed","template":"","meta":{"footnotes":""},"categories":[],"tags":[],"class_list":["post-13124","page","type-page","status-publish","hentry"],"acf":[],"yoast_head":"<!-- This site is optimized with the Yoast SEO plugin v21.8 - https:\/\/yoast.com\/wordpress\/plugins\/seo\/ -->\n<title>Restaurant - Hotel reSTART<\/title>\n<meta name=\"robots\" content=\"index, follow, max-snippet:-1, max-image-preview:large, max-video-preview:-1\" \/>\n<link rel=\"canonical\" href=\"https:\/\/www.hotelrestart.cz\/en\/gastronomy\/\" \/>\n<meta property=\"og:locale\" content=\"en_US\" \/>\n<meta property=\"og:type\" content=\"article\" \/>\n<meta property=\"og:title\" content=\"Restaurant - Hotel reSTART\" \/>\n<meta property=\"og:description\" content=\"[vc_row full_width=&#8221;stretch_row&#8221; content_placement=&#8221;middle&#8221; el_class=&#8221;featured&#8221; css=&#8221;.vc_custom_1698267616684{background-image: url(https:\/\/www.hotelrestart.cz\/wp-content\/uploads\/2023\/10\/Restaurace_head_3.jpg?id=10633) !important;background-position: center !important;background-repeat: no-repeat !important;background-size: cover !important;}&#8221;][vc_column][vc_column_text] Restaurant La Favorita [\/vc_column_text][\/vc_column][\/vc_row][vc_row][vc_column][vc_empty_space][vc_empty_space][\/vc_column][\/vc_row][vc_row full_width=&#8221;stretch_row&#8221; content_placement=&#8221;middle&#8221;][vc_column width=&#8221;1\/2&#8243;][vc_column_text] Restaurant La Favorita Ji\u010d\u00edn \u2013 a\" \/>\n<meta property=\"og:url\" content=\"https:\/\/www.hotelrestart.cz\/en\/gastronomy\/\" \/>\n<meta property=\"og:site_name\" content=\"Hotel reSTART\" \/>\n<meta property=\"article:modified_time\" content=\"2025-09-25T08:36:09+00:00\" \/>\n<meta name=\"twitter:card\" content=\"summary_large_image\" \/>\n<meta name=\"twitter:label1\" content=\"Est. reading time\" \/>\n\t<meta name=\"twitter:data1\" content=\"4 minutes\" \/>\n<script type=\"application\/ld+json\" class=\"yoast-schema-graph\">{\"@context\":\"https:\/\/schema.org\",\"@graph\":[{\"@type\":\"WebPage\",\"@id\":\"https:\/\/www.hotelrestart.cz\/en\/gastronomy\/\",\"url\":\"https:\/\/www.hotelrestart.cz\/en\/gastronomy\/\",\"name\":\"Restaurant - Hotel reSTART\",\"isPartOf\":{\"@id\":\"https:\/\/www.hotelrestart.cz\/#website\"},\"datePublished\":\"2019-05-31T07:07:17+00:00\",\"dateModified\":\"2025-09-25T08:36:09+00:00\",\"breadcrumb\":{\"@id\":\"https:\/\/www.hotelrestart.cz\/en\/gastronomy\/#breadcrumb\"},\"inLanguage\":\"en-US\",\"potentialAction\":[{\"@type\":\"ReadAction\",\"target\":[\"https:\/\/www.hotelrestart.cz\/en\/gastronomy\/\"]}]},{\"@type\":\"BreadcrumbList\",\"@id\":\"https:\/\/www.hotelrestart.cz\/en\/gastronomy\/#breadcrumb\",\"itemListElement\":[{\"@type\":\"ListItem\",\"position\":1,\"name\":\"Home\",\"item\":\"https:\/\/www.hotelrestart.cz\/hotel-restart-jicin-official-website\/\"},{\"@type\":\"ListItem\",\"position\":2,\"name\":\"Restaurant\"}]},{\"@type\":\"WebSite\",\"@id\":\"https:\/\/www.hotelrestart.cz\/#website\",\"url\":\"https:\/\/www.hotelrestart.cz\/\",\"name\":\"Hotel reSTART\",\"description\":\"4* Hotel v Ji\u010d\u00edn\u011b\",\"potentialAction\":[{\"@type\":\"SearchAction\",\"target\":{\"@type\":\"EntryPoint\",\"urlTemplate\":\"https:\/\/www.hotelrestart.cz\/?s={search_term_string}\"},\"query-input\":\"required name=search_term_string\"}],\"inLanguage\":\"en-US\"}]}<\/script>\n<!-- \/ Yoast SEO plugin. -->","yoast_head_json":{"title":"Restaurant - Hotel reSTART","robots":{"index":"index","follow":"follow","max-snippet":"max-snippet:-1","max-image-preview":"max-image-preview:large","max-video-preview":"max-video-preview:-1"},"canonical":"https:\/\/www.hotelrestart.cz\/en\/gastronomy\/","og_locale":"en_US","og_type":"article","og_title":"Restaurant - Hotel reSTART","og_description":"[vc_row full_width=&#8221;stretch_row&#8221; content_placement=&#8221;middle&#8221; el_class=&#8221;featured&#8221; css=&#8221;.vc_custom_1698267616684{background-image: url(https:\/\/www.hotelrestart.cz\/wp-content\/uploads\/2023\/10\/Restaurace_head_3.jpg?id=10633) !important;background-position: center !important;background-repeat: no-repeat !important;background-size: cover !important;}&#8221;][vc_column][vc_column_text] Restaurant La Favorita [\/vc_column_text][\/vc_column][\/vc_row][vc_row][vc_column][vc_empty_space][vc_empty_space][\/vc_column][\/vc_row][vc_row full_width=&#8221;stretch_row&#8221; content_placement=&#8221;middle&#8221;][vc_column width=&#8221;1\/2&#8243;][vc_column_text] Restaurant La Favorita Ji\u010d\u00edn \u2013 a","og_url":"https:\/\/www.hotelrestart.cz\/en\/gastronomy\/","og_site_name":"Hotel reSTART","article_modified_time":"2025-09-25T08:36:09+00:00","twitter_card":"summary_large_image","twitter_misc":{"Est. reading time":"4 minutes"},"schema":{"@context":"https:\/\/schema.org","@graph":[{"@type":"WebPage","@id":"https:\/\/www.hotelrestart.cz\/en\/gastronomy\/","url":"https:\/\/www.hotelrestart.cz\/en\/gastronomy\/","name":"Restaurant - Hotel reSTART","isPartOf":{"@id":"https:\/\/www.hotelrestart.cz\/#website"},"datePublished":"2019-05-31T07:07:17+00:00","dateModified":"2025-09-25T08:36:09+00:00","breadcrumb":{"@id":"https:\/\/www.hotelrestart.cz\/en\/gastronomy\/#breadcrumb"},"inLanguage":"en-US","potentialAction":[{"@type":"ReadAction","target":["https:\/\/www.hotelrestart.cz\/en\/gastronomy\/"]}]},{"@type":"BreadcrumbList","@id":"https:\/\/www.hotelrestart.cz\/en\/gastronomy\/#breadcrumb","itemListElement":[{"@type":"ListItem","position":1,"name":"Home","item":"https:\/\/www.hotelrestart.cz\/hotel-restart-jicin-official-website\/"},{"@type":"ListItem","position":2,"name":"Restaurant"}]},{"@type":"WebSite","@id":"https:\/\/www.hotelrestart.cz\/#website","url":"https:\/\/www.hotelrestart.cz\/","name":"Hotel reSTART","description":"4* Hotel v Ji\u010d\u00edn\u011b","potentialAction":[{"@type":"SearchAction","target":{"@type":"EntryPoint","urlTemplate":"https:\/\/www.hotelrestart.cz\/?s={search_term_string}"},"query-input":"required name=search_term_string"}],"inLanguage":"en-US"}]}},"_links":{"self":[{"href":"https:\/\/www.hotelrestart.cz\/en\/wp-json\/wp\/v2\/pages\/13124","targetHints":{"allow":["GET"]}}],"collection":[{"href":"https:\/\/www.hotelrestart.cz\/en\/wp-json\/wp\/v2\/pages"}],"about":[{"href":"https:\/\/www.hotelrestart.cz\/en\/wp-json\/wp\/v2\/types\/page"}],"author":[{"embeddable":true,"href":"https:\/\/www.hotelrestart.cz\/en\/wp-json\/wp\/v2\/users\/6"}],"replies":[{"embeddable":true,"href":"https:\/\/www.hotelrestart.cz\/en\/wp-json\/wp\/v2\/comments?post=13124"}],"version-history":[{"count":5,"href":"https:\/\/www.hotelrestart.cz\/en\/wp-json\/wp\/v2\/pages\/13124\/revisions"}],"predecessor-version":[{"id":15041,"href":"https:\/\/www.hotelrestart.cz\/en\/wp-json\/wp\/v2\/pages\/13124\/revisions\/15041"}],"wp:attachment":[{"href":"https:\/\/www.hotelrestart.cz\/en\/wp-json\/wp\/v2\/media?parent=13124"}],"wp:term":[{"taxonomy":"category","embeddable":true,"href":"https:\/\/www.hotelrestart.cz\/en\/wp-json\/wp\/v2\/categories?post=13124"},{"taxonomy":"post_tag","embeddable":true,"href":"https:\/\/www.hotelrestart.cz\/en\/wp-json\/wp\/v2\/tags?post=13124"}],"curies":[{"name":"wp","href":"https:\/\/api.w.org\/{rel}","templated":true}]}}