{"id":13120,"date":"2019-06-01T20:15:59","date_gmt":"2019-06-01T18:15:59","guid":{"rendered":"https:\/\/www.hotelrestart.cz\/history-of-the-restart-hotel\/"},"modified":"2025-02-26T10:59:38","modified_gmt":"2025-02-26T09:59:38","slug":"history-of-the-restart-hotel","status":"publish","type":"page","link":"https:\/\/www.hotelrestart.cz\/en\/about-the-hotel\/history-of-the-restart-hotel\/","title":{"rendered":"History of the reSTART hotel"},"content":{"rendered":"<div class=\"wpb-content-wrapper\"><p>[vc_row full_width=&#8221;stretch_row&#8221; content_placement=&#8221;middle&#8221; el_class=&#8221;featured&#8221; css=&#8221;.vc_custom_1599051441764{background-image: url(https:\/\/www.hotelrestart.cz\/wp-content\/uploads\/2020\/09\/O_hotelu.jpg?id=9101) !important;background-position: center !important;background-repeat: no-repeat !important;background-size: cover !important;}&#8221;][vc_column][vc_column_text]<\/p>\n<h1>Hotel history<\/h1>\n<p>[\/vc_column_text][\/vc_column][\/vc_row][vc_row][vc_column][vc_column_text]The construction of the building was completed in early 1976, when its implementation was planned as part of the so-called &#8221; <strong>Z<\/strong> &#8221; action, i.e. &#8220;voluntary involuntary&#8221;, unpaid work activities of local citizens for the purpose of improving the city. During its operation, the then &#8220;Start hotel&#8221; gained a very good reputation and was one of the most important accommodation facilities in the region. At that time, the well-equipped hotel in a quiet part of the city, connected to the sports complex, was a popular place for all travelers heading to the Bohemian Paradise. It was also popular with sports clubs, which used it for winter and summer training of their wards. The hotel changed owners several times, but for almost 30 years there was no major reconstruction or extensive maintenance work, so time took its toll and the building almost completely fell into disrepair. The city of Ji\u010d\u00edn considered reconstruction from its own resources, but in the end, the councilors decided to sell it to a private owner. The new owners of the building in 2010 were experienced Ji\u010d\u00edn entrepreneurs Mr. Brus\u00e1k and Mr. Ent, who were already successful family hotel operators at that time. The general reconstruction of the building took place between 2010 and 2018. The owners named their new project characteristically \u201chotel reSTART****\u201d as a reminder of the glorious history and successful future that lies ahead.          [\/vc_column_text][vc_empty_space][\/vc_column][\/vc_row][vc_row][vc_column width=&#8221;1\/2&#8243;][vc_column_text]<\/p>\n<p style=\"text-align: center;\"><strong>Before renovation<\/strong><\/p>\n<p>[\/vc_column_text][vc_single_image image=&#8221;7027&#8243; img_size=&#8221;large&#8221; alignment=&#8221;center&#8221;][\/vc_column][vc_column width=&#8221;1\/2&#8243;][vc_column_text]<\/p>\n<p style=\"text-align: center;\"><strong>After reconstruction<\/strong><\/p>\n<p>[\/vc_column_text][vc_single_image image=&#8221;7028&#8243; img_size=&#8221;large&#8221; alignment=&#8221;center&#8221;][\/vc_column][\/vc_row][vc_row][vc_column][vc_empty_space][\/vc_column][\/vc_row][vc_row][vc_column width=&#8221;1\/2&#8243;][vc_column_text]<\/p>\n<p style=\"text-align: center;\"><strong>Before renovation<\/strong><\/p>\n<p>[\/vc_column_text][vc_single_image image=&#8221;7029&#8243; img_size=&#8221;large&#8221; alignment=&#8221;center&#8221;][\/vc_column][vc_column width=&#8221;1\/2&#8243;][vc_column_text]<\/p>\n<p style=\"text-align: center;\"><strong>After reconstruction<\/strong><\/p>\n<p>[\/vc_column_text][vc_single_image image=&#8221;7030&#8243; img_size=&#8221;large&#8221; alignment=&#8221;center&#8221;][\/vc_column][\/vc_row][vc_row][vc_column][vc_empty_space][\/vc_column][\/vc_row][vc_row][vc_column width=&#8221;1\/2&#8243;][vc_column_text]<\/p>\n<p style=\"text-align: center;\"><strong>Before renovation<\/strong><\/p>\n<p>[\/vc_column_text][vc_single_image image=&#8221;7510&#8243; img_size=&#8221;large&#8221; alignment=&#8221;center&#8221;][\/vc_column][vc_column width=&#8221;1\/2&#8243;][vc_column_text]<\/p>\n<p style=\"text-align: center;\"><strong>After reconstruction<\/strong><\/p>\n<p>[\/vc_column_text][vc_single_image image=&#8221;7511&#8243; img_size=&#8221;large&#8221; alignment=&#8221;center&#8221;][\/vc_column][\/vc_row][vc_row][vc_column][vc_empty_space][\/vc_column][\/vc_row]<\/p>\n<\/div>","protected":false},"excerpt":{"rendered":"<p>[vc_row full_width=&#8221;stretch_row&#8221; content_placement=&#8221;middle&#8221; el_class=&#8221;featured&#8221; css=&#8221;.vc_custom_1599051441764{background-image: url(https:\/\/www.hotelrestart.cz\/wp-content\/uploads\/2020\/09\/O_hotelu.jpg?id=9101) !important;background-position: center !important;background-repeat: no-repeat !important;background-size: cover !important;}&#8221;][vc_column][vc_column_text] Hotel history [\/vc_column_text][\/vc_column][\/vc_row][vc_row][vc_column][vc_column_text]The construction of the building was completed in early 1976, when<\/p>\n","protected":false},"author":6,"featured_media":11675,"parent":13133,"menu_order":0,"comment_status":"closed","ping_status":"closed","template":"","meta":{"footnotes":""},"categories":[],"tags":[],"class_list":["post-13120","page","type-page","status-publish","has-post-thumbnail","hentry"],"acf":[],"yoast_head":"<!-- This site is optimized with the Yoast SEO plugin v21.8 - https:\/\/yoast.com\/wordpress\/plugins\/seo\/ -->\n<title>History of the reSTART hotel - Hotel reSTART<\/title>\n<meta name=\"robots\" content=\"index, follow, max-snippet:-1, max-image-preview:large, max-video-preview:-1\" \/>\n<link rel=\"canonical\" href=\"https:\/\/www.hotelrestart.cz\/en\/about-the-hotel\/history-of-the-restart-hotel\/\" \/>\n<meta property=\"og:locale\" content=\"en_US\" \/>\n<meta property=\"og:type\" content=\"article\" \/>\n<meta property=\"og:title\" content=\"History of the reSTART hotel - Hotel reSTART\" \/>\n<meta property=\"og:description\" content=\"[vc_row full_width=&#8221;stretch_row&#8221; content_placement=&#8221;middle&#8221; el_class=&#8221;featured&#8221; css=&#8221;.vc_custom_1599051441764{background-image: url(https:\/\/www.hotelrestart.cz\/wp-content\/uploads\/2020\/09\/O_hotelu.jpg?id=9101) !important;background-position: center !important;background-repeat: no-repeat !important;background-size: cover !important;}&#8221;][vc_column][vc_column_text] Hotel history [\/vc_column_text][\/vc_column][\/vc_row][vc_row][vc_column][vc_column_text]The construction of the building was completed in early 1976, when\" \/>\n<meta property=\"og:url\" content=\"https:\/\/www.hotelrestart.cz\/en\/about-the-hotel\/history-of-the-restart-hotel\/\" \/>\n<meta property=\"og:site_name\" content=\"Hotel reSTART\" \/>\n<meta property=\"article:modified_time\" content=\"2025-02-26T09:59:38+00:00\" \/>\n<meta property=\"og:image\" content=\"https:\/\/www.hotelrestart.cz\/wp-content\/uploads\/2018\/12\/Image00031.jpg\" \/>\n\t<meta property=\"og:image:width\" content=\"1000\" \/>\n\t<meta property=\"og:image:height\" content=\"667\" \/>\n\t<meta property=\"og:image:type\" content=\"image\/jpeg\" \/>\n<meta name=\"twitter:card\" content=\"summary_large_image\" \/>\n<meta name=\"twitter:label1\" content=\"Est. reading time\" \/>\n\t<meta name=\"twitter:data1\" content=\"2 minutes\" \/>\n<script type=\"application\/ld+json\" class=\"yoast-schema-graph\">{\"@context\":\"https:\/\/schema.org\",\"@graph\":[{\"@type\":\"WebPage\",\"@id\":\"https:\/\/www.hotelrestart.cz\/en\/about-the-hotel\/history-of-the-restart-hotel\/\",\"url\":\"https:\/\/www.hotelrestart.cz\/en\/about-the-hotel\/history-of-the-restart-hotel\/\",\"name\":\"History of the reSTART hotel - Hotel reSTART\",\"isPartOf\":{\"@id\":\"https:\/\/www.hotelrestart.cz\/#website\"},\"datePublished\":\"2019-06-01T18:15:59+00:00\",\"dateModified\":\"2025-02-26T09:59:38+00:00\",\"breadcrumb\":{\"@id\":\"https:\/\/www.hotelrestart.cz\/en\/about-the-hotel\/history-of-the-restart-hotel\/#breadcrumb\"},\"inLanguage\":\"en-US\",\"potentialAction\":[{\"@type\":\"ReadAction\",\"target\":[\"https:\/\/www.hotelrestart.cz\/en\/about-the-hotel\/history-of-the-restart-hotel\/\"]}]},{\"@type\":\"BreadcrumbList\",\"@id\":\"https:\/\/www.hotelrestart.cz\/en\/about-the-hotel\/history-of-the-restart-hotel\/#breadcrumb\",\"itemListElement\":[{\"@type\":\"ListItem\",\"position\":1,\"name\":\"Home\",\"item\":\"https:\/\/www.hotelrestart.cz\/hotel-restart-jicin-official-website\/\"},{\"@type\":\"ListItem\",\"position\":2,\"name\":\"About the hotel\",\"item\":\"https:\/\/www.hotelrestart.cz\/about-the-hotel\/\"},{\"@type\":\"ListItem\",\"position\":3,\"name\":\"History of the reSTART hotel\"}]},{\"@type\":\"WebSite\",\"@id\":\"https:\/\/www.hotelrestart.cz\/#website\",\"url\":\"https:\/\/www.hotelrestart.cz\/\",\"name\":\"Hotel reSTART\",\"description\":\"4* Hotel v Ji\u010d\u00edn\u011b\",\"potentialAction\":[{\"@type\":\"SearchAction\",\"target\":{\"@type\":\"EntryPoint\",\"urlTemplate\":\"https:\/\/www.hotelrestart.cz\/?s={search_term_string}\"},\"query-input\":\"required name=search_term_string\"}],\"inLanguage\":\"en-US\"}]}<\/script>\n<!-- \/ Yoast SEO plugin. -->","yoast_head_json":{"title":"History of the reSTART hotel - Hotel reSTART","robots":{"index":"index","follow":"follow","max-snippet":"max-snippet:-1","max-image-preview":"max-image-preview:large","max-video-preview":"max-video-preview:-1"},"canonical":"https:\/\/www.hotelrestart.cz\/en\/about-the-hotel\/history-of-the-restart-hotel\/","og_locale":"en_US","og_type":"article","og_title":"History of the reSTART hotel - Hotel reSTART","og_description":"[vc_row full_width=&#8221;stretch_row&#8221; content_placement=&#8221;middle&#8221; el_class=&#8221;featured&#8221; css=&#8221;.vc_custom_1599051441764{background-image: url(https:\/\/www.hotelrestart.cz\/wp-content\/uploads\/2020\/09\/O_hotelu.jpg?id=9101) !important;background-position: center !important;background-repeat: no-repeat !important;background-size: cover !important;}&#8221;][vc_column][vc_column_text] Hotel history [\/vc_column_text][\/vc_column][\/vc_row][vc_row][vc_column][vc_column_text]The construction of the building was completed in early 1976, when","og_url":"https:\/\/www.hotelrestart.cz\/en\/about-the-hotel\/history-of-the-restart-hotel\/","og_site_name":"Hotel reSTART","article_modified_time":"2025-02-26T09:59:38+00:00","og_image":[{"width":1000,"height":667,"url":"https:\/\/www.hotelrestart.cz\/wp-content\/uploads\/2018\/12\/Image00031.jpg","type":"image\/jpeg"}],"twitter_card":"summary_large_image","twitter_misc":{"Est. reading time":"2 minutes"},"schema":{"@context":"https:\/\/schema.org","@graph":[{"@type":"WebPage","@id":"https:\/\/www.hotelrestart.cz\/en\/about-the-hotel\/history-of-the-restart-hotel\/","url":"https:\/\/www.hotelrestart.cz\/en\/about-the-hotel\/history-of-the-restart-hotel\/","name":"History of the reSTART hotel - Hotel reSTART","isPartOf":{"@id":"https:\/\/www.hotelrestart.cz\/#website"},"datePublished":"2019-06-01T18:15:59+00:00","dateModified":"2025-02-26T09:59:38+00:00","breadcrumb":{"@id":"https:\/\/www.hotelrestart.cz\/en\/about-the-hotel\/history-of-the-restart-hotel\/#breadcrumb"},"inLanguage":"en-US","potentialAction":[{"@type":"ReadAction","target":["https:\/\/www.hotelrestart.cz\/en\/about-the-hotel\/history-of-the-restart-hotel\/"]}]},{"@type":"BreadcrumbList","@id":"https:\/\/www.hotelrestart.cz\/en\/about-the-hotel\/history-of-the-restart-hotel\/#breadcrumb","itemListElement":[{"@type":"ListItem","position":1,"name":"Home","item":"https:\/\/www.hotelrestart.cz\/hotel-restart-jicin-official-website\/"},{"@type":"ListItem","position":2,"name":"About the hotel","item":"https:\/\/www.hotelrestart.cz\/about-the-hotel\/"},{"@type":"ListItem","position":3,"name":"History of the reSTART hotel"}]},{"@type":"WebSite","@id":"https:\/\/www.hotelrestart.cz\/#website","url":"https:\/\/www.hotelrestart.cz\/","name":"Hotel reSTART","description":"4* Hotel v Ji\u010d\u00edn\u011b","potentialAction":[{"@type":"SearchAction","target":{"@type":"EntryPoint","urlTemplate":"https:\/\/www.hotelrestart.cz\/?s={search_term_string}"},"query-input":"required name=search_term_string"}],"inLanguage":"en-US"}]}},"_links":{"self":[{"href":"https:\/\/www.hotelrestart.cz\/en\/wp-json\/wp\/v2\/pages\/13120","targetHints":{"allow":["GET"]}}],"collection":[{"href":"https:\/\/www.hotelrestart.cz\/en\/wp-json\/wp\/v2\/pages"}],"about":[{"href":"https:\/\/www.hotelrestart.cz\/en\/wp-json\/wp\/v2\/types\/page"}],"author":[{"embeddable":true,"href":"https:\/\/www.hotelrestart.cz\/en\/wp-json\/wp\/v2\/users\/6"}],"replies":[{"embeddable":true,"href":"https:\/\/www.hotelrestart.cz\/en\/wp-json\/wp\/v2\/comments?post=13120"}],"version-history":[{"count":1,"href":"https:\/\/www.hotelrestart.cz\/en\/wp-json\/wp\/v2\/pages\/13120\/revisions"}],"predecessor-version":[{"id":13137,"href":"https:\/\/www.hotelrestart.cz\/en\/wp-json\/wp\/v2\/pages\/13120\/revisions\/13137"}],"up":[{"embeddable":true,"href":"https:\/\/www.hotelrestart.cz\/en\/wp-json\/wp\/v2\/pages\/13133"}],"wp:featuredmedia":[{"embeddable":true,"href":"https:\/\/www.hotelrestart.cz\/en\/wp-json\/wp\/v2\/media\/11675"}],"wp:attachment":[{"href":"https:\/\/www.hotelrestart.cz\/en\/wp-json\/wp\/v2\/media?parent=13120"}],"wp:term":[{"taxonomy":"category","embeddable":true,"href":"https:\/\/www.hotelrestart.cz\/en\/wp-json\/wp\/v2\/categories?post=13120"},{"taxonomy":"post_tag","embeddable":true,"href":"https:\/\/www.hotelrestart.cz\/en\/wp-json\/wp\/v2\/tags?post=13120"}],"curies":[{"name":"wp","href":"https:\/\/api.w.org\/{rel}","templated":true}]}}