{"id":14052,"date":"2021-04-20T12:24:38","date_gmt":"2021-04-20T10:24:38","guid":{"rendered":"https:\/\/www.hotelrestart.cz\/product\/vorlage-1-variante\/"},"modified":"2021-04-20T12:24:38","modified_gmt":"2021-04-20T10:24:38","slug":"vorlage-1-variante","status":"publish","type":"product","link":"https:\/\/www.hotelrestart.cz\/de\/product\/vorlage-1-variante\/","title":{"rendered":"Vorlage &#8211; 1 Variante"},"content":{"rendered":"<div class=\"wpb-content-wrapper\"><p>[vc_row full_width=&#8221;stretch_row&#8221; css=&#8221;.vc_custom_1608031051728{background-image: url(https:\/\/www.hotelrestart.cz\/wp-content\/uploads\/2020\/09\/Balicek_head_romantika_ve_dvou.jpg?id=9308) !important;background-position: center !important;background-repeat: no-repeat !important;background-size: cover !important;}&#8221; el_class=&#8221;featured&#8221;][vc_column][vc_column_text]<\/p>\n<h1><span style=\"color: #ffffff;\">Romantik f\u00fcr zwei<\/span><\/h1>\n<p>[\/vc_column_text][\/vc_column][\/vc_row][vc_row][vc_column width=&#8221;1\/6&#8243;][\/vc_column][vc_column width=&#8221;2\/3&#8243;][vc_column_text]<\/p>\n<h2 class=\"western\" style=\"text-align: center;\">Zum Verw\u00f6hnen im B\u00f6hmischen Paradies&#8230;<\/h2>\n<p style=\"text-align: center;\">Sie m\u00f6chten im Alltagsstress innehalten und <b>Ihrer Beziehung neuen Schwung verleihen?<\/b> G\u00f6nnen Sie sich Romantik im B\u00f6hmischen Paradies, <b>im renommierten Hotel reSTART Ji\u010d\u00edn<\/b> . Die malerische Landschaft und die gesunde Luft wirken hier Wunder! Abgerundet wird das Ganze durch die F\u00fcrsorge des Hotelpersonals, das Ihnen das Fr\u00fchst\u00fcck aufs Zimmer bringt oder f\u00fcr Entspannung im Wellnesscenter sorgt. G\u00f6nnen Sie sich <b>eine erholsame Erholung vor der Kulisse des B\u00f6hmischen Paradieses und in den Armen Ihres Liebsten<\/b> . Von Prag aus ist es kaum eine Autostunde bis zum reSTART Ji\u010d\u00edn Hotel und seinem ausgezeichneten Restaurant La Favorita. Es gibt auch einen barrierefreien Eingang durch den Aquapark Ji\u010d\u00edn.     <\/p>\n<p>[\/vc_column_text][vc_empty_space][\/vc_column][vc_column width=&#8221;1\/6&#8243;][\/vc_column][\/vc_row][vc_row][vc_column width=&#8221;1\/6&#8243;][\/vc_column][vc_column width=&#8221;2\/3&#8243;][vc_btn title=&#8221;Kaufen f\u00fcr #PRICE#,-&#8221; shape=&#8221;square&#8221; align=&#8221;center&#8221; link=&#8221;url:%23gobuy%23|||&#8221;][vc_empty_space][\/vc_column][vc_column width=&#8221;1\/6&#8243;][\/vc_column][\/vc_row][vc_row full_width=&#8221;stretch_row&#8221; content_placement=&#8221;middle&#8221; el_class=&#8221;brown&#8221;][vc_column width=&#8221;1\/6&#8243;][\/vc_column][vc_column width=&#8221;2\/3&#8243;][vc_empty_space][vc_column_text]<\/p>\n<h2 class=\"western\" style=\"text-align: center;\">Das B\u00f6hmische Paradies tr\u00e4gt seinen Namen mit Ehre<\/h2>\n<p style=\"text-align: center;\">Der Legende nach erhielt das B\u00f6hmische Paradies seinen Namen im 19. Jahrhundert von zufriedenen G\u00e4sten des Kurorts Sedmihorky. Die erste Erw\u00e4hnung erfolgte durch den Herausgeber V\u00e1clav Durych im Jahr 1886. Der Name machte sich f\u00fcr dieses malerische Gebiet in der zentralen Region Pojize\u0159\u00ed sofort einen Namen. Das B\u00f6hmische Paradies erstreckt sich etwa <b>90 km nord\u00f6stlich von Prag<\/b> . Es wird vom Berg Koz\u00e1kov und den Ruinen der Burg Trosky dominiert. Von gro\u00dfem Interesse sind die \u00f6rtlichen Felsenst\u00e4dte, insbesondere Prachovsk\u00e9 sk\u00e1ly, und die Teiche.        <b>In einer touristisch noch nicht \u00fcberlaufenen Landschaft findet jeder etwas f\u00fcr sich.<\/b>  Entdecken Sie das B\u00f6hmische Paradies, einen magischen Ort und zugleich ein gesch\u00fctztes Landschaftsgebiet voller Natur- und historischer Denkm\u00e4ler. Im Jahr 2005 wurde das B\u00f6hmische Paradies in das europ\u00e4ische Netzwerk der UNESCO-Geoparks aufgenommen. Seit 2015 stehen die historische Stadt Ji\u010d\u00edn und ihre Umgebung auch unter der Schirmherrschaft der UNESCO. <b>Nutzen Sie<\/b> <b>das hoch bewertete reSTART Hotel und sein<\/b> <b>Aufenthaltspaket \u201eRomantik f\u00fcr Zwei\u201c als Ausgangspunkt f\u00fcr Ihre G\u00e4ste!<\/b>  <\/p>\n<p>[\/vc_column_text][vc_empty_space][\/vc_column][vc_column width=&#8221;1\/6&#8243;][\/vc_column][\/vc_row][vc_row][vc_column width=&#8221;1\/6&#8243;][\/vc_column][vc_column width=&#8221;2\/3&#8243;][vc_empty_space][vc_btn title=&#8221;Kaufen f\u00fcr #PRICE#,-&#8221; shape=&#8221;square&#8221; align=&#8221;center&#8221; link=&#8221;url:%23gobuy%23|||&#8221;][vc_empty_space][\/vc_column][vc_column width=&#8221;1\/6&#8243;][\/vc_column][\/vc_row][vc_row][vc_column][vc_empty_space][\/vc_column][\/vc_row][vc_row][vc_column][vc_empty_space][\/vc_column][\/vc_row][vc_row][vc_column][vc_column_text]<\/p>\n<h2 style=\"text-align: center;\">Hast du nicht gew\u00e4hlt?<\/h2>\n<p style=\"text-align: center;\">Probieren Sie eines der anderen Pakete aus.<\/p>\n<p>[\/vc_column_text][vc_empty_space][vc_column_text]<div class=\"toppackages\"><br style=\"clear:both;\" \/><\/div>[\/vc_column_text][\/vc_column][\/vc_row][vc_row disable_element=&#8221;yes&#8221;][vc_column width=&#8221;1\/6&#8243;][\/vc_column][vc_column width=&#8221;2\/3&#8243;][vc_empty_space][vc_column_text]<\/p>\n<h2 style=\"text-align: center;\">Kontaktieren Sie uns<\/h2>\n<p>[\/vc_column_text][vc_empty_space]\n<div class=\"wpcf7 no-js\" id=\"wpcf7-f7570-o1\" lang=\"cs-CZ\" dir=\"ltr\">\n<div class=\"screen-reader-response\"><p role=\"status\" aria-live=\"polite\" aria-atomic=\"true\"><\/p> <ul><\/ul><\/div>\n<form action=\"\/de\/wp-json\/wp\/v2\/product\/14052#wpcf7-f7570-o1\" method=\"post\" class=\"wpcf7-form init\" aria-label=\"Kontaktn\u00ed formul\u00e1\u0159\" novalidate=\"novalidate\" data-status=\"init\">\n<div style=\"display: none;\">\n<input type=\"hidden\" name=\"_wpcf7\" value=\"7570\" \/>\n<input type=\"hidden\" name=\"_wpcf7_version\" value=\"5.8.6\" \/>\n<input type=\"hidden\" name=\"_wpcf7_locale\" value=\"cs_CZ\" \/>\n<input type=\"hidden\" name=\"_wpcf7_unit_tag\" value=\"wpcf7-f7570-o1\" \/>\n<input type=\"hidden\" name=\"_wpcf7_container_post\" value=\"0\" \/>\n<input type=\"hidden\" name=\"_wpcf7_posted_data_hash\" value=\"\" \/>\n<input type=\"hidden\" name=\"_wpcf7_recaptcha_response\" value=\"\" \/>\n<\/div>\n<div class=\"xform\">\n\t<div class=\"xforml\">\n\t\t<div class=\"xin xinl\">\n\t\t\t<p><span class=\"wpcf7-form-control-wrap\" data-name=\"firma\"><input size=\"40\" class=\"wpcf7-form-control wpcf7-text wpcf7-validates-as-required\" aria-required=\"true\" aria-invalid=\"false\" placeholder=\"Firma\" value=\"\" type=\"text\" name=\"firma\" \/><\/span><br \/>\n<span class=\"wpcf7-form-control-wrap\" data-name=\"your-name\"><input size=\"40\" class=\"wpcf7-form-control wpcf7-text wpcf7-validates-as-required\" aria-required=\"true\" aria-invalid=\"false\" placeholder=\"Va\u0161e jm\u00e9no\" value=\"\" type=\"text\" name=\"your-name\" \/><\/span><br \/>\n<span class=\"wpcf7-form-control-wrap\" data-name=\"your-email\"><input size=\"40\" class=\"wpcf7-form-control wpcf7-email wpcf7-validates-as-required wpcf7-text wpcf7-validates-as-email\" aria-required=\"true\" aria-invalid=\"false\" placeholder=\"Emailov\u00e1 adresa\" value=\"\" type=\"email\" name=\"your-email\" \/><\/span><br \/>\n<span class=\"wpcf7-form-control-wrap\" data-name=\"your-phone\"><input size=\"40\" class=\"wpcf7-form-control wpcf7-tel wpcf7-validates-as-required wpcf7-text wpcf7-validates-as-tel\" aria-required=\"true\" aria-invalid=\"false\" placeholder=\"Telefonn\u00ed \u010d\u00edslo\" value=\"\" type=\"tel\" name=\"your-phone\" \/><\/span><br \/>\n<span class=\"wpcf7-form-control-wrap\" data-name=\"your-name\"><input size=\"40\" class=\"wpcf7-form-control wpcf7-text wpcf7-validates-as-required\" aria-required=\"true\" aria-invalid=\"false\" placeholder=\"Typ akce\" value=\"\" type=\"text\" name=\"your-name\" \/><\/span><br \/>\n<span class=\"wpcf7-form-control-wrap\" data-name=\"osob\"><input size=\"40\" class=\"wpcf7-form-control wpcf7-text wpcf7-validates-as-required\" aria-required=\"true\" aria-invalid=\"false\" placeholder=\"Po\u010det osob\" value=\"\" type=\"text\" name=\"osob\" \/><\/span><br \/>\n<span class=\"wpcf7-form-control-wrap\" data-name=\"check-in\"><input size=\"40\" class=\"wpcf7-form-control wpcf7-text\" aria-invalid=\"false\" value=\"Datum kon\u00e1n\u00ed\" type=\"text\" name=\"check-in\" \/><\/span>\n\t\t\t<\/p>\n\t\t<\/div>\n\t<\/div>\n\t<div class=\"xformr\">\n\t\t<div class=\"xin xinr\">\n\t\t\t<p>Chcete n\u00e1m n\u011bco vzk\u00e1zat?\n\t\t\t<\/p>\n\t\t\t<p><span class=\"wpcf7-form-control-wrap\" data-name=\"zprava\"><textarea cols=\"40\" rows=\"15\" class=\"wpcf7-form-control wpcf7-textarea\" aria-invalid=\"false\" name=\"zprava\"><\/textarea><\/span>\n\t\t\t<\/p>\n\t\t<\/div>\n\t<\/div>\n\t<p><br style=\"clear:both;\" \/>\n\t<\/p>\n<\/div>\n<div class=\"xforms\">\n\t<p><input class=\"wpcf7-form-control wpcf7-submit has-spinner\" type=\"submit\" value=\"Odeslat nez\u00e1vaznou popt\u00e1vku\" \/>\n\t<\/p>\n<\/div><div class=\"wpcf7-response-output\" aria-hidden=\"true\"><\/div>\n<\/form>\n<\/div>\n[vc_empty_space][vc_empty_space][\/vc_column][vc_column width=&#8221;1\/6&#8243;][\/vc_column][\/vc_row]<\/p>\n<\/div>","protected":false},"excerpt":{"rendered":"<p>[vc_row full_width=&#8221;stretch_row&#8221; css=&#8221;.vc_custom_1608031051728{background-image: url(https:\/\/www.hotelrestart.cz\/wp-content\/uploads\/2020\/09\/Balicek_head_romantika_ve_dvou.jpg?id=9308) !important;background-position: center !important;background-repeat: no-repeat !important;background-size: cover !important;}&#8221; el_class=&#8221;featured&#8221;][vc_column][vc_column_text] Romantik f\u00fcr zwei [\/vc_column_text][\/vc_column][\/vc_row][vc_row][vc_column width=&#8221;1\/6&#8243;][\/vc_column][vc_column width=&#8221;2\/3&#8243;][vc_column_text] Zum Verw\u00f6hnen im B\u00f6hmischen Paradies&#8230; Sie m\u00f6chten im<\/p>\n","protected":false},"featured_media":14054,"template":"","meta":[],"product_brand":[],"product_cat":[15],"product_tag":[],"class_list":{"0":"post-14052","1":"product","2":"type-product","3":"status-publish","4":"has-post-thumbnail","6":"product_cat-uncategorized","8":"first","9":"instock","10":"taxable","11":"shipping-taxable","12":"product-type-variable"},"acf":[],"yoast_head":"<!-- This site is optimized with the Yoast SEO plugin v21.8 - https:\/\/yoast.com\/wordpress\/plugins\/seo\/ -->\n<title>Vorlage - 1 Variante - Hotel reSTART<\/title>\n<meta name=\"robots\" content=\"index, follow, max-snippet:-1, max-image-preview:large, max-video-preview:-1\" \/>\n<link rel=\"canonical\" href=\"https:\/\/www.hotelrestart.cz\/de\/product\/vorlage-1-variante\/\" \/>\n<meta property=\"og:locale\" content=\"de_DE\" \/>\n<meta property=\"og:type\" content=\"article\" \/>\n<meta property=\"og:title\" content=\"Vorlage - 1 Variante - Hotel reSTART\" \/>\n<meta property=\"og:description\" content=\"[vc_row full_width=&#8221;stretch_row&#8221; css=&#8221;.vc_custom_1608031051728{background-image: url(https:\/\/www.hotelrestart.cz\/wp-content\/uploads\/2020\/09\/Balicek_head_romantika_ve_dvou.jpg?id=9308) !important;background-position: center !important;background-repeat: no-repeat !important;background-size: cover !important;}&#8221; el_class=&#8221;featured&#8221;][vc_column][vc_column_text] Romantik f\u00fcr zwei [\/vc_column_text][\/vc_column][\/vc_row][vc_row][vc_column width=&#8221;1\/6&#8243;][\/vc_column][vc_column width=&#8221;2\/3&#8243;][vc_column_text] Zum Verw\u00f6hnen im B\u00f6hmischen Paradies&#8230; Sie m\u00f6chten im\" \/>\n<meta property=\"og:url\" content=\"https:\/\/www.hotelrestart.cz\/de\/product\/vorlage-1-variante\/\" \/>\n<meta property=\"og:site_name\" content=\"Hotel reSTART\" \/>\n<meta property=\"og:image\" content=\"https:\/\/www.hotelrestart.cz\/wp-content\/uploads\/2021\/04\/Masaze2.jpg\" \/>\n\t<meta property=\"og:image:width\" content=\"317\" \/>\n\t<meta property=\"og:image:height\" content=\"463\" \/>\n\t<meta property=\"og:image:type\" content=\"image\/jpeg\" \/>\n<meta name=\"twitter:card\" content=\"summary_large_image\" \/>\n<meta name=\"twitter:label1\" content=\"Gesch\u00e4tzte Lesezeit\" \/>\n\t<meta name=\"twitter:data1\" content=\"3\u00a0Minuten\" \/>\n<script type=\"application\/ld+json\" class=\"yoast-schema-graph\">{\"@context\":\"https:\/\/schema.org\",\"@graph\":[{\"@type\":\"WebPage\",\"@id\":\"https:\/\/www.hotelrestart.cz\/de\/product\/vorlage-1-variante\/\",\"url\":\"https:\/\/www.hotelrestart.cz\/de\/product\/vorlage-1-variante\/\",\"name\":\"Vorlage - 1 Variante - Hotel reSTART\",\"isPartOf\":{\"@id\":\"https:\/\/www.hotelrestart.cz\/#website\"},\"datePublished\":\"2021-04-20T10:24:38+00:00\",\"dateModified\":\"2021-04-20T10:24:38+00:00\",\"breadcrumb\":{\"@id\":\"https:\/\/www.hotelrestart.cz\/de\/product\/vorlage-1-variante\/#breadcrumb\"},\"inLanguage\":\"de\",\"potentialAction\":[{\"@type\":\"ReadAction\",\"target\":[\"https:\/\/www.hotelrestart.cz\/de\/product\/vorlage-1-variante\/\"]}]},{\"@type\":\"BreadcrumbList\",\"@id\":\"https:\/\/www.hotelrestart.cz\/de\/product\/vorlage-1-variante\/#breadcrumb\",\"itemListElement\":[{\"@type\":\"ListItem\",\"position\":1,\"name\":\"Home\",\"item\":\"https:\/\/www.hotelrestart.cz\/de\/hotel-restart-jicin-offizielle-website\/\"},{\"@type\":\"ListItem\",\"position\":2,\"name\":\"test\",\"item\":\"https:\/\/www.hotelrestart.cz\/test\/\"},{\"@type\":\"ListItem\",\"position\":3,\"name\":\"Vorlage &#8211; 1 Variante\"}]},{\"@type\":\"WebSite\",\"@id\":\"https:\/\/www.hotelrestart.cz\/#website\",\"url\":\"https:\/\/www.hotelrestart.cz\/\",\"name\":\"Hotel reSTART\",\"description\":\"4* Hotel v Ji\u010d\u00edn\u011b\",\"potentialAction\":[{\"@type\":\"SearchAction\",\"target\":{\"@type\":\"EntryPoint\",\"urlTemplate\":\"https:\/\/www.hotelrestart.cz\/?s={search_term_string}\"},\"query-input\":\"required name=search_term_string\"}],\"inLanguage\":\"de\"}]}<\/script>\n<!-- \/ Yoast SEO plugin. -->","yoast_head_json":{"title":"Vorlage - 1 Variante - Hotel reSTART","robots":{"index":"index","follow":"follow","max-snippet":"max-snippet:-1","max-image-preview":"max-image-preview:large","max-video-preview":"max-video-preview:-1"},"canonical":"https:\/\/www.hotelrestart.cz\/de\/product\/vorlage-1-variante\/","og_locale":"de_DE","og_type":"article","og_title":"Vorlage - 1 Variante - Hotel reSTART","og_description":"[vc_row full_width=&#8221;stretch_row&#8221; css=&#8221;.vc_custom_1608031051728{background-image: url(https:\/\/www.hotelrestart.cz\/wp-content\/uploads\/2020\/09\/Balicek_head_romantika_ve_dvou.jpg?id=9308) !important;background-position: center !important;background-repeat: no-repeat !important;background-size: cover !important;}&#8221; el_class=&#8221;featured&#8221;][vc_column][vc_column_text] Romantik f\u00fcr zwei [\/vc_column_text][\/vc_column][\/vc_row][vc_row][vc_column width=&#8221;1\/6&#8243;][\/vc_column][vc_column width=&#8221;2\/3&#8243;][vc_column_text] Zum Verw\u00f6hnen im B\u00f6hmischen Paradies&#8230; Sie m\u00f6chten im","og_url":"https:\/\/www.hotelrestart.cz\/de\/product\/vorlage-1-variante\/","og_site_name":"Hotel reSTART","og_image":[{"width":317,"height":463,"url":"https:\/\/www.hotelrestart.cz\/wp-content\/uploads\/2021\/04\/Masaze2.jpg","type":"image\/jpeg"}],"twitter_card":"summary_large_image","twitter_misc":{"Gesch\u00e4tzte Lesezeit":"3\u00a0Minuten"},"schema":{"@context":"https:\/\/schema.org","@graph":[{"@type":"WebPage","@id":"https:\/\/www.hotelrestart.cz\/de\/product\/vorlage-1-variante\/","url":"https:\/\/www.hotelrestart.cz\/de\/product\/vorlage-1-variante\/","name":"Vorlage - 1 Variante - Hotel reSTART","isPartOf":{"@id":"https:\/\/www.hotelrestart.cz\/#website"},"datePublished":"2021-04-20T10:24:38+00:00","dateModified":"2021-04-20T10:24:38+00:00","breadcrumb":{"@id":"https:\/\/www.hotelrestart.cz\/de\/product\/vorlage-1-variante\/#breadcrumb"},"inLanguage":"de","potentialAction":[{"@type":"ReadAction","target":["https:\/\/www.hotelrestart.cz\/de\/product\/vorlage-1-variante\/"]}]},{"@type":"BreadcrumbList","@id":"https:\/\/www.hotelrestart.cz\/de\/product\/vorlage-1-variante\/#breadcrumb","itemListElement":[{"@type":"ListItem","position":1,"name":"Home","item":"https:\/\/www.hotelrestart.cz\/de\/hotel-restart-jicin-offizielle-website\/"},{"@type":"ListItem","position":2,"name":"test","item":"https:\/\/www.hotelrestart.cz\/test\/"},{"@type":"ListItem","position":3,"name":"Vorlage &#8211; 1 Variante"}]},{"@type":"WebSite","@id":"https:\/\/www.hotelrestart.cz\/#website","url":"https:\/\/www.hotelrestart.cz\/","name":"Hotel reSTART","description":"4* Hotel v Ji\u010d\u00edn\u011b","potentialAction":[{"@type":"SearchAction","target":{"@type":"EntryPoint","urlTemplate":"https:\/\/www.hotelrestart.cz\/?s={search_term_string}"},"query-input":"required name=search_term_string"}],"inLanguage":"de"}]}},"_links":{"self":[{"href":"https:\/\/www.hotelrestart.cz\/de\/wp-json\/wp\/v2\/product\/14052","targetHints":{"allow":["GET"]}}],"collection":[{"href":"https:\/\/www.hotelrestart.cz\/de\/wp-json\/wp\/v2\/product"}],"about":[{"href":"https:\/\/www.hotelrestart.cz\/de\/wp-json\/wp\/v2\/types\/product"}],"wp:featuredmedia":[{"embeddable":true,"href":"https:\/\/www.hotelrestart.cz\/de\/wp-json\/wp\/v2\/media\/14054"}],"wp:attachment":[{"href":"https:\/\/www.hotelrestart.cz\/de\/wp-json\/wp\/v2\/media?parent=14052"}],"wp:term":[{"taxonomy":"product_brand","embeddable":true,"href":"https:\/\/www.hotelrestart.cz\/de\/wp-json\/wp\/v2\/product_brand?post=14052"},{"taxonomy":"product_cat","embeddable":true,"href":"https:\/\/www.hotelrestart.cz\/de\/wp-json\/wp\/v2\/product_cat?post=14052"},{"taxonomy":"product_tag","embeddable":true,"href":"https:\/\/www.hotelrestart.cz\/de\/wp-json\/wp\/v2\/product_tag?post=14052"}],"curies":[{"name":"wp","href":"https:\/\/api.w.org\/{rel}","templated":true}]}}