{"id":14547,"date":"2025-05-02T08:20:56","date_gmt":"2025-05-02T06:20:56","guid":{"rendered":"https:\/\/www.hotelrestart.cz\/la-favorita-geschenkgutscheine\/"},"modified":"2025-05-02T08:20:56","modified_gmt":"2025-05-02T06:20:56","slug":"la-favorita-geschenkgutscheine","status":"publish","type":"page","link":"https:\/\/www.hotelrestart.cz\/de\/la-favorita-geschenkgutscheine\/","title":{"rendered":"La Favorita Geschenkgutscheine"},"content":{"rendered":"<div class=\"wpb-content-wrapper\"><p>[vc_row full_width=&#8221;stretch_row&#8221; content_placement=&#8221;middle&#8221; el_class=&#8221;featured&#8221; css=&#8221;.vc_custom_1624877136567{background-image: url(https:\/\/www.hotelrestart.cz\/wp-content\/uploads\/2021\/06\/DP_head_2.jpg?id=9458) !important;background-position: center !important;background-repeat: no-repeat !important;background-size: cover !important;}&#8221;][vc_column][vc_column_text]<\/p>\n<h1>La Favorita Geschenkgutscheine<\/h1>\n<p>[\/vc_column_text][\/vc_column][\/vc_row][vc_row disable_element=&#8221;yes&#8221;][vc_column width=&#8221;1\/6&#8243;][\/vc_column][vc_column width=&#8221;2\/3&#8243;][vc_column_text]<\/p>\n<h2 class=\"western\" style=\"text-align: center;\">Sie fragen sich, was Sie Ihren Lieben zum Geburtstag, zu Weihnachten, zum Hochzeitstag&#8230; schenken sollen?<\/h2>\n<p style=\"text-align: center;\"><strong>Setzen Sie auf Geschenkgutscheine f\u00fcr das Hotel reSTART Ji\u010d\u00edn im B\u00f6hmischen Paradies!<\/strong>  Sie k\u00f6nnen das Beste, was wir Ihnen bieten k\u00f6nnen, ganz einfach kombinieren \u2013 komfortable Unterkunft, Wellness, Fr\u00fchst\u00fccksbuffet, Mittag- und Abendessen auf Ihrem Zimmer, kulinarische Erlebnisse mit einem Degustationsmen\u00fc f\u00fcr zwei im Restaurant La Favorita, k\u00f6nigliche Thai-Massagen, Fahrradverleih und andere moderne Dienstleistungen.<\/p>\n<p style=\"text-align: center;\">Alle Geschenkgutscheine sind 12 Monate ab dem darauf angegebenen Verkaufsdatum g\u00fcltig. Dank dieses einzigartigen Geschenks des reSTART Hotels k\u00f6nnen Ihre Lieben in einer wahren Paradiesecke in der Tschechischen Republik entspannen. Es erwarten sie die m\u00e4rchenhafte Stadt Ji\u010d\u00edn, die attraktiven Prachovsk\u00e9-Felsen, Aussichtst\u00fcrme und eine ganze Reihe von Burgen und Schl\u00f6ssern. Wenn Sie einen individuellen Wunsch haben, wenden Sie sich vertrauensvoll an unsere Rezeption (+420 498 019 400) und wir erstellen gemeinsam <strong>einen ma\u00dfgeschneiderten Geschenkgutschein.<\/strong>   <\/p>\n<p>[\/vc_column_text][vc_empty_space][\/vc_column][vc_column width=&#8221;1\/6&#8243;][\/vc_column][\/vc_row][vc_row][vc_column][vc_column_text]<\/p>\n<h2 style=\"text-align: center;\">Geschenkgutscheine f\u00fcr das Restaurant La Favorita<\/h2>\n<p>[\/vc_column_text][vc_empty_space][vc_column_text]<div class=\"toppackages\"><script>status7868= false;<\/script><a href=\"#\" id=\"a7868\"><\/a><div class=\"toppackage xzoom  \" ><a href=\"https:\/\/www.hotelrestart.cz\/de\/product\/geschenkgutschein-500-czk\/\"><div class=\"intoppackage\" style=\"background-image:url('https:\/\/www.hotelrestart.cz\/wp-content\/uploads\/2021\/11\/Restaurace5.jpg');;background-size: cover\"><h3>Geschenkgutschein 500 CZK<\/h3><p><\/p><div class=\"pprice\">auf Anfrage<\/div><span  class=\"splink\">Mehr zum Paket >><\/span><\/div><\/a><\/div><div class=\"toppackage xzoom  \" ><a href=\"https:\/\/www.hotelrestart.cz\/de\/product\/degustationsmenu-mit-weinbegleitung\/\"><div class=\"intoppackage\" style=\"background-image:url('https:\/\/www.hotelrestart.cz\/wp-content\/uploads\/2021\/12\/Restaurace6.jpg');;background-size: cover\"><h3>Degustationsmen\u00fc mit Weinbegleitung<\/h3><p><\/p><div class=\"pprice\">auf Anfrage<\/div><span  class=\"splink\">Mehr zum Paket >><\/span><\/div><\/a><\/div><div class=\"toppackage xzoom  \" ><a href=\"https:\/\/www.hotelrestart.cz\/de\/product\/degustationsmenu\/\"><div class=\"intoppackage\" style=\"background-image:url('https:\/\/www.hotelrestart.cz\/wp-content\/uploads\/2021\/04\/Restaurace.jpg');;background-size: cover\"><h3>Degustationsmen\u00fc<\/h3><p><\/p><div class=\"pprice\">auf Anfrage<\/div><span  class=\"splink\">Mehr zum Paket >><\/span><\/div><\/a><\/div><div class=\"toppackage xzoom  \" ><a href=\"https:\/\/www.hotelrestart.cz\/de\/product\/geschenkgutschein-1500-czk\/\"><div class=\"intoppackage\" style=\"background-image:url('https:\/\/www.hotelrestart.cz\/wp-content\/uploads\/2021\/09\/Restaurace2.jpg');;background-size: cover\"><h3>Geschenkgutschein 1500 CZK<\/h3><p><\/p><div class=\"pprice\">auf Anfrage<\/div><span  class=\"splink\">Mehr zum Paket >><\/span><\/div><\/a><\/div><div class=\"toppackage xzoom  prd7868\" style=\"display:none;\" ><a href=\"https:\/\/www.hotelrestart.cz\/de\/product\/geschenkgutschein-1000-czk\/\"><div class=\"intoppackage\" style=\"background-image:url('https:\/\/www.hotelrestart.cz\/wp-content\/uploads\/2021\/09\/Restaurace3.jpg');;background-size: cover\"><h3>Geschenkgutschein 1000 CZK<\/h3><p><\/p><div class=\"pprice\">auf Anfrage<\/div><span  class=\"splink\">Mehr zum Paket >><\/span><\/div><\/a><\/div><br style=\"clear:both;;\" \/><\/div><p style=\"text-align:center;padding:20px 0;\"><a \r\nonclick=\"\r\nif (status7868==false) {\r\n    status7868=true;\r\n    jQuery('.prd7868' ).slideDown();;\r\n    jQuery(this).html('Skr\u00fdt >>');\r\n} else {\r\n    jQuery('.prd7868' ).slideUp();;\r\n    status7868=false;\r\n    jQuery(this).html('Zobrazit v\u0161echny >>');\r\n    jQuery([document.documentElement, document.body]).animate({\r\n        scrollTop: (jQuery('#a7868').offset().top-200)\r\n    }, 1000);\r\n}\r\nreturn false;\"\r\n\r\nclass=\"vc_general vc_btn3 vc_btn3-size-md vc_btn3-shape-square vc_btn3-style-modern vc_btn3-color-grey\" \r\nhref=\"#\">Alle anzeigen >><\/a><\/p>[\/vc_column_text][vc_empty_space height=&#8221;128&#8243;][\/vc_column][\/vc_row]<\/p>\n<\/div>","protected":false},"excerpt":{"rendered":"<p>[vc_row full_width=&#8221;stretch_row&#8221; content_placement=&#8221;middle&#8221; el_class=&#8221;featured&#8221; css=&#8221;.vc_custom_1624877136567{background-image: url(https:\/\/www.hotelrestart.cz\/wp-content\/uploads\/2021\/06\/DP_head_2.jpg?id=9458) !important;background-position: center !important;background-repeat: no-repeat !important;background-size: cover !important;}&#8221;][vc_column][vc_column_text] La Favorita Geschenkgutscheine [\/vc_column_text][\/vc_column][\/vc_row][vc_row disable_element=&#8221;yes&#8221;][vc_column width=&#8221;1\/6&#8243;][\/vc_column][vc_column width=&#8221;2\/3&#8243;][vc_column_text] Sie fragen sich, was Sie Ihren<\/p>\n","protected":false},"author":1,"featured_media":0,"parent":0,"menu_order":0,"comment_status":"closed","ping_status":"closed","template":"","meta":{"footnotes":""},"categories":[],"tags":[],"class_list":["post-14547","page","type-page","status-publish","hentry"],"acf":[],"yoast_head":"<!-- This site is optimized with the Yoast SEO plugin v21.8 - https:\/\/yoast.com\/wordpress\/plugins\/seo\/ -->\n<title>La Favorita Geschenkgutscheine - Hotel reSTART<\/title>\n<meta name=\"robots\" content=\"index, follow, max-snippet:-1, max-image-preview:large, max-video-preview:-1\" \/>\n<link rel=\"canonical\" href=\"https:\/\/www.hotelrestart.cz\/de\/la-favorita-geschenkgutscheine\/\" \/>\n<meta property=\"og:locale\" content=\"de_DE\" \/>\n<meta property=\"og:type\" content=\"article\" \/>\n<meta property=\"og:title\" content=\"La Favorita Geschenkgutscheine - Hotel reSTART\" \/>\n<meta property=\"og:description\" content=\"[vc_row full_width=&#8221;stretch_row&#8221; content_placement=&#8221;middle&#8221; el_class=&#8221;featured&#8221; css=&#8221;.vc_custom_1624877136567{background-image: url(https:\/\/www.hotelrestart.cz\/wp-content\/uploads\/2021\/06\/DP_head_2.jpg?id=9458) !important;background-position: center !important;background-repeat: no-repeat !important;background-size: cover !important;}&#8221;][vc_column][vc_column_text] La Favorita Geschenkgutscheine [\/vc_column_text][\/vc_column][\/vc_row][vc_row disable_element=&#8221;yes&#8221;][vc_column width=&#8221;1\/6&#8243;][\/vc_column][vc_column width=&#8221;2\/3&#8243;][vc_column_text] Sie fragen sich, was Sie Ihren\" \/>\n<meta property=\"og:url\" content=\"https:\/\/www.hotelrestart.cz\/de\/la-favorita-geschenkgutscheine\/\" \/>\n<meta property=\"og:site_name\" content=\"Hotel reSTART\" \/>\n<meta name=\"twitter:card\" content=\"summary_large_image\" \/>\n<meta name=\"twitter:label1\" content=\"Gesch\u00e4tzte Lesezeit\" \/>\n\t<meta name=\"twitter:data1\" content=\"1\u00a0Minute\" \/>\n<script type=\"application\/ld+json\" class=\"yoast-schema-graph\">{\"@context\":\"https:\/\/schema.org\",\"@graph\":[{\"@type\":\"WebPage\",\"@id\":\"https:\/\/www.hotelrestart.cz\/de\/la-favorita-geschenkgutscheine\/\",\"url\":\"https:\/\/www.hotelrestart.cz\/de\/la-favorita-geschenkgutscheine\/\",\"name\":\"La Favorita Geschenkgutscheine - Hotel reSTART\",\"isPartOf\":{\"@id\":\"https:\/\/www.hotelrestart.cz\/#website\"},\"datePublished\":\"2025-05-02T06:20:56+00:00\",\"dateModified\":\"2025-05-02T06:20:56+00:00\",\"breadcrumb\":{\"@id\":\"https:\/\/www.hotelrestart.cz\/de\/la-favorita-geschenkgutscheine\/#breadcrumb\"},\"inLanguage\":\"de\",\"potentialAction\":[{\"@type\":\"ReadAction\",\"target\":[\"https:\/\/www.hotelrestart.cz\/de\/la-favorita-geschenkgutscheine\/\"]}]},{\"@type\":\"BreadcrumbList\",\"@id\":\"https:\/\/www.hotelrestart.cz\/de\/la-favorita-geschenkgutscheine\/#breadcrumb\",\"itemListElement\":[{\"@type\":\"ListItem\",\"position\":1,\"name\":\"Home\",\"item\":\"https:\/\/www.hotelrestart.cz\/de\/hotel-restart-jicin-offizielle-website\/\"},{\"@type\":\"ListItem\",\"position\":2,\"name\":\"La Favorita Geschenkgutscheine\"}]},{\"@type\":\"WebSite\",\"@id\":\"https:\/\/www.hotelrestart.cz\/#website\",\"url\":\"https:\/\/www.hotelrestart.cz\/\",\"name\":\"Hotel reSTART\",\"description\":\"4* Hotel v Ji\u010d\u00edn\u011b\",\"potentialAction\":[{\"@type\":\"SearchAction\",\"target\":{\"@type\":\"EntryPoint\",\"urlTemplate\":\"https:\/\/www.hotelrestart.cz\/?s={search_term_string}\"},\"query-input\":\"required name=search_term_string\"}],\"inLanguage\":\"de\"}]}<\/script>\n<!-- \/ Yoast SEO plugin. -->","yoast_head_json":{"title":"La Favorita Geschenkgutscheine - Hotel reSTART","robots":{"index":"index","follow":"follow","max-snippet":"max-snippet:-1","max-image-preview":"max-image-preview:large","max-video-preview":"max-video-preview:-1"},"canonical":"https:\/\/www.hotelrestart.cz\/de\/la-favorita-geschenkgutscheine\/","og_locale":"de_DE","og_type":"article","og_title":"La Favorita Geschenkgutscheine - Hotel reSTART","og_description":"[vc_row full_width=&#8221;stretch_row&#8221; content_placement=&#8221;middle&#8221; el_class=&#8221;featured&#8221; css=&#8221;.vc_custom_1624877136567{background-image: url(https:\/\/www.hotelrestart.cz\/wp-content\/uploads\/2021\/06\/DP_head_2.jpg?id=9458) !important;background-position: center !important;background-repeat: no-repeat !important;background-size: cover !important;}&#8221;][vc_column][vc_column_text] La Favorita Geschenkgutscheine [\/vc_column_text][\/vc_column][\/vc_row][vc_row disable_element=&#8221;yes&#8221;][vc_column width=&#8221;1\/6&#8243;][\/vc_column][vc_column width=&#8221;2\/3&#8243;][vc_column_text] Sie fragen sich, was Sie Ihren","og_url":"https:\/\/www.hotelrestart.cz\/de\/la-favorita-geschenkgutscheine\/","og_site_name":"Hotel reSTART","twitter_card":"summary_large_image","twitter_misc":{"Gesch\u00e4tzte Lesezeit":"1\u00a0Minute"},"schema":{"@context":"https:\/\/schema.org","@graph":[{"@type":"WebPage","@id":"https:\/\/www.hotelrestart.cz\/de\/la-favorita-geschenkgutscheine\/","url":"https:\/\/www.hotelrestart.cz\/de\/la-favorita-geschenkgutscheine\/","name":"La Favorita Geschenkgutscheine - Hotel reSTART","isPartOf":{"@id":"https:\/\/www.hotelrestart.cz\/#website"},"datePublished":"2025-05-02T06:20:56+00:00","dateModified":"2025-05-02T06:20:56+00:00","breadcrumb":{"@id":"https:\/\/www.hotelrestart.cz\/de\/la-favorita-geschenkgutscheine\/#breadcrumb"},"inLanguage":"de","potentialAction":[{"@type":"ReadAction","target":["https:\/\/www.hotelrestart.cz\/de\/la-favorita-geschenkgutscheine\/"]}]},{"@type":"BreadcrumbList","@id":"https:\/\/www.hotelrestart.cz\/de\/la-favorita-geschenkgutscheine\/#breadcrumb","itemListElement":[{"@type":"ListItem","position":1,"name":"Home","item":"https:\/\/www.hotelrestart.cz\/de\/hotel-restart-jicin-offizielle-website\/"},{"@type":"ListItem","position":2,"name":"La Favorita Geschenkgutscheine"}]},{"@type":"WebSite","@id":"https:\/\/www.hotelrestart.cz\/#website","url":"https:\/\/www.hotelrestart.cz\/","name":"Hotel reSTART","description":"4* Hotel v Ji\u010d\u00edn\u011b","potentialAction":[{"@type":"SearchAction","target":{"@type":"EntryPoint","urlTemplate":"https:\/\/www.hotelrestart.cz\/?s={search_term_string}"},"query-input":"required name=search_term_string"}],"inLanguage":"de"}]}},"_links":{"self":[{"href":"https:\/\/www.hotelrestart.cz\/de\/wp-json\/wp\/v2\/pages\/14547","targetHints":{"allow":["GET"]}}],"collection":[{"href":"https:\/\/www.hotelrestart.cz\/de\/wp-json\/wp\/v2\/pages"}],"about":[{"href":"https:\/\/www.hotelrestart.cz\/de\/wp-json\/wp\/v2\/types\/page"}],"author":[{"embeddable":true,"href":"https:\/\/www.hotelrestart.cz\/de\/wp-json\/wp\/v2\/users\/1"}],"replies":[{"embeddable":true,"href":"https:\/\/www.hotelrestart.cz\/de\/wp-json\/wp\/v2\/comments?post=14547"}],"version-history":[{"count":0,"href":"https:\/\/www.hotelrestart.cz\/de\/wp-json\/wp\/v2\/pages\/14547\/revisions"}],"wp:attachment":[{"href":"https:\/\/www.hotelrestart.cz\/de\/wp-json\/wp\/v2\/media?parent=14547"}],"wp:term":[{"taxonomy":"category","embeddable":true,"href":"https:\/\/www.hotelrestart.cz\/de\/wp-json\/wp\/v2\/categories?post=14547"},{"taxonomy":"post_tag","embeddable":true,"href":"https:\/\/www.hotelrestart.cz\/de\/wp-json\/wp\/v2\/tags?post=14547"}],"curies":[{"name":"wp","href":"https:\/\/api.w.org\/{rel}","templated":true}]}}