{"id":14226,"date":"2019-05-31T09:19:54","date_gmt":"2019-05-31T07:19:54","guid":{"rendered":"https:\/\/www.hotelrestart.cz\/ueber-das-hotel\/sportanlagen\/"},"modified":"2019-05-31T09:19:54","modified_gmt":"2019-05-31T07:19:54","slug":"sportanlagen","status":"publish","type":"page","link":"https:\/\/www.hotelrestart.cz\/de\/ueber-das-hotel\/sportanlagen\/","title":{"rendered":"Sportanlagen"},"content":{"rendered":"<div class=\"wpb-content-wrapper\"><p>[vc_row full_width=&#8221;stretch_row&#8221; content_placement=&#8221;middle&#8221; el_class=&#8221;featured&#8221; css=&#8221;.vc_custom_1599053196935{background-image: url(https:\/\/www.hotelrestart.cz\/wp-content\/uploads\/2020\/09\/Sportovi\u0161t\u011b_head.jpg?id=9142) !important;background-position: center !important;background-repeat: no-repeat !important;background-size: cover !important;}&#8221;][vc_column][vc_column_text]<\/p>\n<h1><span style=\"color: #ffffff;\">Sportanlagen<\/span><\/h1>\n<p>[\/vc_column_text][\/vc_column][\/vc_row][vc_row content_placement=&#8221;middle&#8221;][vc_column width=&#8221;1\/2&#8243;][vc_column_text]<\/p>\n<h2>Au\u00dfenbereich<\/h2>\n<p>Dem Hotelgeb\u00e4ude ist ein neu renovierter Sportkomplex angeschlossen, der hervorragende M\u00f6glichkeiten f\u00fcr Ihre sportlichen Aktivit\u00e4ten bietet. Es erf\u00fcllt die Anforderungen von Einzelpersonen und gr\u00f6\u00dferen Gruppen von Sportteams. <\/p>\n<ul>\n<li>Laufoval (400 m, Tartanbelag, 8 Bahnen)<\/li>\n<li>2 Fu\u00dfballfelder (Natur- und Kunstrasen)<\/li>\n<li>Handballplatz im Freien (Kunststoffbelag)<\/li>\n<li>Volleyballpl\u00e4tze (2x Sand, 1x Strand)<\/li>\n<li>Tennispl\u00e4tze (7 Sandpl\u00e4tze, 1 Asphaltplatz, \u00dcbungswand)<\/li>\n<li>Netballplatz<\/li>\n<\/ul>\n<p>[\/vc_column_text][\/vc_column][vc_column width=&#8221;1\/2&#8243;][vc_single_image source=&#8221;featured_image&#8221; img_size=&#8221;large&#8221;][\/vc_column][\/vc_row][vc_row full_width=&#8221;stretch_row&#8221; content_placement=&#8221;middle&#8221;][vc_column width=&#8221;1\/2&#8243;][vc_single_image image=&#8221;10254&#8243; img_size=&#8221;large&#8221;][\/vc_column][vc_column width=&#8221;1\/2&#8243;][vc_column_text]<\/p>\n<h2>Indoor-Sportpl\u00e4tze<\/h2>\n<ul>\n<li>Sporthalle (45&#215;22 m, Trib\u00fcne f\u00fcr 650 Zuschauer)<\/li>\n<li>Turnhalle (27&#215;17 m, Trib\u00fcne f\u00fcr 150 stehende Zuschauer)<\/li>\n<li>Turnhalle f\u00fcr Kontaktsportarten (12&#215;12 m)<\/li>\n<li>Tischtennis (4 Tische, 18&#215;9,5 m)<\/li>\n<li>Aerobic-Halle (2 Spiegelw\u00e4nde, Soundsystem, viele Trainingsger\u00e4te f\u00fcr Erwachsene und Kinder, 12&#215;6 m)<\/li>\n<li>Judohalle (2 Spiegelw\u00e4nde, Soundsystem, viele Trainingsger\u00e4te f\u00fcr Erwachsene und Kinder, 12&#215;6 m)<\/li>\n<\/ul>\n<p>[\/vc_column_text][\/vc_column][\/vc_row][vc_row full_width=&#8221;stretch_row&#8221; content_placement=&#8221;middle&#8221;][vc_column][vc_empty_space][vc_empty_space][\/vc_column][\/vc_row][vc_row][vc_column][vc_column_text]<\/p>\n\t\t\t<style>\r\n                #foogallery-gallery-7078.fg-justified .fg-item {\r\n                    margin-right: 1px;\r\n                    margin-bottom: 1px;\r\n                }\r\n\r\n                #foogallery-gallery-7078.fg-justified .fg-image {\r\n                    height: 200px;\r\n                }\r\n\t\t\t<\/style>\r\n\t\t\t\t\t\t<style>\r\n                #foogallery-gallery-7078_1.fg-justified .fg-item {\r\n                    margin-right: 1px;\r\n                    margin-bottom: 1px;\r\n                }\r\n\r\n                #foogallery-gallery-7078_1.fg-justified .fg-image {\r\n                    height: 200px;\r\n                }\r\n\t\t\t<\/style>\r\n\t\t\t<div class=\"foogallery foogallery-container foogallery-justified foogallery-lightbox-dfactory fg-justified fg-light fg-shadow-outline fg-loading-default fg-loaded-fade-in fg-caption-always fg-hover-fade fg-hover-zoom2 fg-ready\" id=\"foogallery-gallery-7078_1\" data-foogallery=\"{&quot;item&quot;:{&quot;showCaptionTitle&quot;:true,&quot;showCaptionDescription&quot;:false},&quot;lazy&quot;:true,&quot;template&quot;:{&quot;rowHeight&quot;:200,&quot;maxRowHeight&quot;:300,&quot;margins&quot;:1,&quot;align&quot;:&quot;center&quot;,&quot;lastRow&quot;:&quot;smart&quot;}}\" >\r\n\t<div class=\"fg-item fg-type-image fg-idle\"><figure class=\"fg-item-inner\"><a href=\"https:\/\/www.hotelrestart.cz\/wp-content\/uploads\/2019\/06\/IMG_9082.jpg\" data-attachment-id=\"7089\" data-rel=\"lightbox\" data-type=\"image\" class=\"fg-thumb\"><span class=\"fg-image-wrap\"><img fetchpriority=\"high\" decoding=\"async\" height=\"300\" width=\"566\" class=\"skip-lazy fg-image\" data-no-lazy=\"1\" data-src-fg=\"https:\/\/www.hotelrestart.cz\/wp-content\/uploads\/cache\/2019\/06\/IMG_9082\/2017079847.jpg\" src=\"data:image\/svg+xml,%3Csvg%20xmlns%3D%22http%3A%2F%2Fwww.w3.org%2F2000%2Fsvg%22%20width%3D%22566%22%20height%3D%22300%22%20viewBox%3D%220%200%20566%20300%22%3E%3C%2Fsvg%3E\" loading=\"eager\"><\/span><span class=\"fg-image-overlay\"><\/span><\/a><figcaption class=\"fg-caption\"><div class=\"fg-caption-inner\"><\/div><\/figcaption><\/figure><div class=\"fg-loader\"><\/div><\/div><div class=\"fg-item fg-type-image fg-idle\"><figure class=\"fg-item-inner\"><a href=\"https:\/\/www.hotelrestart.cz\/wp-content\/uploads\/2019\/06\/IMG_9070.jpg\" data-attachment-id=\"7086\" data-rel=\"lightbox\" data-type=\"image\" class=\"fg-thumb\"><span class=\"fg-image-wrap\"><img decoding=\"async\" height=\"300\" width=\"473\" class=\"skip-lazy fg-image\" data-no-lazy=\"1\" data-src-fg=\"https:\/\/www.hotelrestart.cz\/wp-content\/uploads\/cache\/2019\/06\/IMG_9070\/3034229370.jpg\" src=\"data:image\/svg+xml,%3Csvg%20xmlns%3D%22http%3A%2F%2Fwww.w3.org%2F2000%2Fsvg%22%20width%3D%22473%22%20height%3D%22300%22%20viewBox%3D%220%200%20473%20300%22%3E%3C%2Fsvg%3E\" loading=\"eager\"><\/span><span class=\"fg-image-overlay\"><\/span><\/a><figcaption class=\"fg-caption\"><div class=\"fg-caption-inner\"><\/div><\/figcaption><\/figure><div class=\"fg-loader\"><\/div><\/div><div class=\"fg-item fg-type-image fg-idle\"><figure class=\"fg-item-inner\"><a href=\"https:\/\/www.hotelrestart.cz\/wp-content\/uploads\/2019\/06\/IMG_9053.jpg\" data-attachment-id=\"7079\" data-rel=\"lightbox\" data-type=\"image\" class=\"fg-thumb\"><span class=\"fg-image-wrap\"><img decoding=\"async\" height=\"300\" width=\"498\" class=\"skip-lazy fg-image\" data-no-lazy=\"1\" data-src-fg=\"https:\/\/www.hotelrestart.cz\/wp-content\/uploads\/cache\/2019\/06\/IMG_9053\/2402577204.jpg\" src=\"data:image\/svg+xml,%3Csvg%20xmlns%3D%22http%3A%2F%2Fwww.w3.org%2F2000%2Fsvg%22%20width%3D%22498%22%20height%3D%22300%22%20viewBox%3D%220%200%20498%20300%22%3E%3C%2Fsvg%3E\" loading=\"eager\"><\/span><span class=\"fg-image-overlay\"><\/span><\/a><figcaption class=\"fg-caption\"><div class=\"fg-caption-inner\"><\/div><\/figcaption><\/figure><div class=\"fg-loader\"><\/div><\/div><div class=\"fg-item fg-type-image fg-idle\"><figure class=\"fg-item-inner\"><a href=\"https:\/\/www.hotelrestart.cz\/wp-content\/uploads\/2019\/06\/2019-07-19_1254.png\" data-attachment-id=\"7635\" data-rel=\"lightbox\" data-type=\"image\" class=\"fg-thumb\"><span class=\"fg-image-wrap\"><img decoding=\"async\" height=\"300\" width=\"254\" class=\"skip-lazy fg-image\" data-no-lazy=\"1\" data-src-fg=\"https:\/\/www.hotelrestart.cz\/wp-content\/uploads\/cache\/2019\/06\/2019-07-19_1254\/466134022.png\" src=\"data:image\/svg+xml,%3Csvg%20xmlns%3D%22http%3A%2F%2Fwww.w3.org%2F2000%2Fsvg%22%20width%3D%22254%22%20height%3D%22300%22%20viewBox%3D%220%200%20254%20300%22%3E%3C%2Fsvg%3E\" loading=\"eager\"><\/span><span class=\"fg-image-overlay\"><\/span><\/a><figcaption class=\"fg-caption\"><div class=\"fg-caption-inner\"><\/div><\/figcaption><\/figure><div class=\"fg-loader\"><\/div><\/div><div class=\"fg-item fg-type-image fg-idle\"><figure class=\"fg-item-inner\"><a href=\"https:\/\/www.hotelrestart.cz\/wp-content\/uploads\/2019\/06\/ah-2028u.jpg\" data-attachment-id=\"7631\" data-rel=\"lightbox\" data-type=\"image\" class=\"fg-thumb\"><span class=\"fg-image-wrap\"><img decoding=\"async\" height=\"300\" width=\"450\" class=\"skip-lazy fg-image\" data-no-lazy=\"1\" data-src-fg=\"https:\/\/www.hotelrestart.cz\/wp-content\/uploads\/cache\/2019\/06\/ah-2028u\/1918022763.jpg\" src=\"data:image\/svg+xml,%3Csvg%20xmlns%3D%22http%3A%2F%2Fwww.w3.org%2F2000%2Fsvg%22%20width%3D%22450%22%20height%3D%22300%22%20viewBox%3D%220%200%20450%20300%22%3E%3C%2Fsvg%3E\" loading=\"eager\"><\/span><span class=\"fg-image-overlay\"><\/span><\/a><figcaption class=\"fg-caption\"><div class=\"fg-caption-inner\"><\/div><\/figcaption><\/figure><div class=\"fg-loader\"><\/div><\/div><div class=\"fg-item fg-type-image fg-idle\"><figure class=\"fg-item-inner\"><a href=\"https:\/\/www.hotelrestart.cz\/wp-content\/uploads\/2019\/06\/ah-2043.jpg\" data-attachment-id=\"7632\" data-rel=\"lightbox\" data-type=\"image\" class=\"fg-thumb\"><span class=\"fg-image-wrap\"><img decoding=\"async\" height=\"300\" width=\"450\" class=\"skip-lazy fg-image\" data-no-lazy=\"1\" data-src-fg=\"https:\/\/www.hotelrestart.cz\/wp-content\/uploads\/cache\/2019\/06\/ah-2043\/860750494.jpg\" src=\"data:image\/svg+xml,%3Csvg%20xmlns%3D%22http%3A%2F%2Fwww.w3.org%2F2000%2Fsvg%22%20width%3D%22450%22%20height%3D%22300%22%20viewBox%3D%220%200%20450%20300%22%3E%3C%2Fsvg%3E\" loading=\"eager\"><\/span><span class=\"fg-image-overlay\"><\/span><\/a><figcaption class=\"fg-caption\"><div class=\"fg-caption-inner\"><\/div><\/figcaption><\/figure><div class=\"fg-loader\"><\/div><\/div><div class=\"fg-item fg-type-image fg-idle\"><figure class=\"fg-item-inner\"><a href=\"https:\/\/www.hotelrestart.cz\/wp-content\/uploads\/2019\/06\/ah-2049.jpg\" data-attachment-id=\"7633\" data-rel=\"lightbox\" data-type=\"image\" class=\"fg-thumb\"><span class=\"fg-image-wrap\"><img decoding=\"async\" height=\"300\" width=\"450\" class=\"skip-lazy fg-image\" data-no-lazy=\"1\" data-src-fg=\"https:\/\/www.hotelrestart.cz\/wp-content\/uploads\/cache\/2019\/06\/ah-2049\/794338041.jpg\" src=\"data:image\/svg+xml,%3Csvg%20xmlns%3D%22http%3A%2F%2Fwww.w3.org%2F2000%2Fsvg%22%20width%3D%22450%22%20height%3D%22300%22%20viewBox%3D%220%200%20450%20300%22%3E%3C%2Fsvg%3E\" loading=\"eager\"><\/span><span class=\"fg-image-overlay\"><\/span><\/a><figcaption class=\"fg-caption\"><div class=\"fg-caption-inner\"><\/div><\/figcaption><\/figure><div class=\"fg-loader\"><\/div><\/div><div class=\"fg-item fg-type-image fg-idle\"><figure class=\"fg-item-inner\"><a href=\"https:\/\/www.hotelrestart.cz\/wp-content\/uploads\/2019\/06\/ah-2077.jpg\" data-attachment-id=\"7634\" data-rel=\"lightbox\" data-type=\"image\" class=\"fg-thumb\"><span class=\"fg-image-wrap\"><img decoding=\"async\" height=\"300\" width=\"450\" class=\"skip-lazy fg-image\" data-no-lazy=\"1\" data-src-fg=\"https:\/\/www.hotelrestart.cz\/wp-content\/uploads\/cache\/2019\/06\/ah-2077\/345814977.jpg\" src=\"data:image\/svg+xml,%3Csvg%20xmlns%3D%22http%3A%2F%2Fwww.w3.org%2F2000%2Fsvg%22%20width%3D%22450%22%20height%3D%22300%22%20viewBox%3D%220%200%20450%20300%22%3E%3C%2Fsvg%3E\" loading=\"eager\"><\/span><span class=\"fg-image-overlay\"><\/span><\/a><figcaption class=\"fg-caption\"><div class=\"fg-caption-inner\"><\/div><\/figcaption><\/figure><div class=\"fg-loader\"><\/div><\/div><div class=\"fg-item fg-type-image fg-idle\"><figure class=\"fg-item-inner\"><a href=\"https:\/\/www.hotelrestart.cz\/wp-content\/uploads\/2019\/06\/IMG_7079.jpg\" data-attachment-id=\"8167\" data-rel=\"lightbox\" data-type=\"image\" class=\"fg-thumb\"><span class=\"fg-image-wrap\"><img decoding=\"async\" height=\"300\" width=\"450\" class=\"skip-lazy fg-image\" data-no-lazy=\"1\" data-src-fg=\"https:\/\/www.hotelrestart.cz\/wp-content\/uploads\/cache\/2019\/06\/IMG_7079\/1011772271.jpg\" src=\"data:image\/svg+xml,%3Csvg%20xmlns%3D%22http%3A%2F%2Fwww.w3.org%2F2000%2Fsvg%22%20width%3D%22450%22%20height%3D%22300%22%20viewBox%3D%220%200%20450%20300%22%3E%3C%2Fsvg%3E\" loading=\"eager\"><\/span><span class=\"fg-image-overlay\"><\/span><\/a><figcaption class=\"fg-caption\"><div class=\"fg-caption-inner\"><\/div><\/figcaption><\/figure><div class=\"fg-loader\"><\/div><\/div><div class=\"fg-item fg-type-image fg-idle\"><figure class=\"fg-item-inner\"><a href=\"https:\/\/www.hotelrestart.cz\/wp-content\/uploads\/2019\/06\/IMG_7086.jpg\" data-attachment-id=\"8168\" data-rel=\"lightbox\" data-type=\"image\" class=\"fg-thumb\"><span class=\"fg-image-wrap\"><img decoding=\"async\" height=\"300\" width=\"450\" class=\"skip-lazy fg-image\" data-no-lazy=\"1\" data-src-fg=\"https:\/\/www.hotelrestart.cz\/wp-content\/uploads\/cache\/2019\/06\/IMG_7086\/1806427875.jpg\" src=\"data:image\/svg+xml,%3Csvg%20xmlns%3D%22http%3A%2F%2Fwww.w3.org%2F2000%2Fsvg%22%20width%3D%22450%22%20height%3D%22300%22%20viewBox%3D%220%200%20450%20300%22%3E%3C%2Fsvg%3E\" loading=\"eager\"><\/span><span class=\"fg-image-overlay\"><\/span><\/a><figcaption class=\"fg-caption\"><div class=\"fg-caption-inner\"><\/div><\/figcaption><\/figure><div class=\"fg-loader\"><\/div><\/div><div class=\"fg-item fg-type-image fg-idle\"><figure class=\"fg-item-inner\"><a href=\"https:\/\/www.hotelrestart.cz\/wp-content\/uploads\/2019\/06\/IMG_7076.jpg\" data-attachment-id=\"8170\" data-rel=\"lightbox\" data-type=\"image\" class=\"fg-thumb\"><span class=\"fg-image-wrap\"><img decoding=\"async\" height=\"300\" width=\"450\" class=\"skip-lazy fg-image\" data-no-lazy=\"1\" data-src-fg=\"https:\/\/www.hotelrestart.cz\/wp-content\/uploads\/cache\/2019\/06\/IMG_7076\/99268494.jpg\" src=\"data:image\/svg+xml,%3Csvg%20xmlns%3D%22http%3A%2F%2Fwww.w3.org%2F2000%2Fsvg%22%20width%3D%22450%22%20height%3D%22300%22%20viewBox%3D%220%200%20450%20300%22%3E%3C%2Fsvg%3E\" loading=\"eager\"><\/span><span class=\"fg-image-overlay\"><\/span><\/a><figcaption class=\"fg-caption\"><div class=\"fg-caption-inner\"><\/div><\/figcaption><\/figure><div class=\"fg-loader\"><\/div><\/div><div class=\"fg-item fg-type-image fg-idle\"><figure class=\"fg-item-inner\"><a href=\"https:\/\/www.hotelrestart.cz\/wp-content\/uploads\/2019\/06\/reSTART-hotel_221220_3590-Edit_web.jpg\" data-attachment-id=\"10251\" data-rel=\"lightbox\" data-type=\"image\" class=\"fg-thumb\"><span class=\"fg-image-wrap\"><img decoding=\"async\" height=\"300\" width=\"450\" class=\"skip-lazy fg-image\" data-no-lazy=\"1\" data-src-fg=\"https:\/\/www.hotelrestart.cz\/wp-content\/uploads\/cache\/2019\/06\/reSTART-hotel_221220_3590-Edit_web\/3699074484.jpg\" src=\"data:image\/svg+xml,%3Csvg%20xmlns%3D%22http%3A%2F%2Fwww.w3.org%2F2000%2Fsvg%22%20width%3D%22450%22%20height%3D%22300%22%20viewBox%3D%220%200%20450%20300%22%3E%3C%2Fsvg%3E\" loading=\"eager\"><\/span><span class=\"fg-image-overlay\"><\/span><\/a><figcaption class=\"fg-caption\"><div class=\"fg-caption-inner\"><\/div><\/figcaption><\/figure><div class=\"fg-loader\"><\/div><\/div><div class=\"fg-item fg-type-image fg-idle\"><figure class=\"fg-item-inner\"><a href=\"https:\/\/www.hotelrestart.cz\/wp-content\/uploads\/2019\/06\/reSTART-hotel_221220_8981_web.jpg\" data-attachment-id=\"10252\" data-rel=\"lightbox\" data-type=\"image\" class=\"fg-thumb\"><span class=\"fg-image-wrap\"><img decoding=\"async\" height=\"300\" width=\"450\" class=\"skip-lazy fg-image\" data-no-lazy=\"1\" data-src-fg=\"https:\/\/www.hotelrestart.cz\/wp-content\/uploads\/cache\/2019\/06\/reSTART-hotel_221220_8981_web\/3629415467.jpg\" src=\"data:image\/svg+xml,%3Csvg%20xmlns%3D%22http%3A%2F%2Fwww.w3.org%2F2000%2Fsvg%22%20width%3D%22450%22%20height%3D%22300%22%20viewBox%3D%220%200%20450%20300%22%3E%3C%2Fsvg%3E\" loading=\"eager\"><\/span><span class=\"fg-image-overlay\"><\/span><\/a><figcaption class=\"fg-caption\"><div class=\"fg-caption-inner\"><\/div><\/figcaption><\/figure><div class=\"fg-loader\"><\/div><\/div><div class=\"fg-item fg-type-image fg-idle\"><figure class=\"fg-item-inner\"><a href=\"https:\/\/www.hotelrestart.cz\/wp-content\/uploads\/2019\/06\/reSTART-hotel_221220_8955_web.jpg\" data-attachment-id=\"10253\" data-rel=\"lightbox\" data-type=\"image\" class=\"fg-thumb\"><span class=\"fg-image-wrap\"><img decoding=\"async\" height=\"300\" width=\"450\" class=\"skip-lazy fg-image\" data-no-lazy=\"1\" data-src-fg=\"https:\/\/www.hotelrestart.cz\/wp-content\/uploads\/cache\/2019\/06\/reSTART-hotel_221220_8955_web\/3460526062.jpg\" src=\"data:image\/svg+xml,%3Csvg%20xmlns%3D%22http%3A%2F%2Fwww.w3.org%2F2000%2Fsvg%22%20width%3D%22450%22%20height%3D%22300%22%20viewBox%3D%220%200%20450%20300%22%3E%3C%2Fsvg%3E\" loading=\"eager\"><\/span><span class=\"fg-image-overlay\"><\/span><\/a><figcaption class=\"fg-caption\"><div class=\"fg-caption-inner\"><\/div><\/figcaption><\/figure><div class=\"fg-loader\"><\/div><\/div><\/div>\r\n\n<p>[\/vc_column_text][\/vc_column][\/vc_row][vc_row][vc_column][vc_empty_space][\/vc_column][\/vc_row]<\/p>\n<\/div>","protected":false},"excerpt":{"rendered":"<p>[vc_row full_width=&#8221;stretch_row&#8221; content_placement=&#8221;middle&#8221; el_class=&#8221;featured&#8221; css=&#8221;.vc_custom_1599053196935{background-image: url(https:\/\/www.hotelrestart.cz\/wp-content\/uploads\/2020\/09\/Sportovi\u0161t\u011b_head.jpg?id=9142) !important;background-position: center !important;background-repeat: no-repeat !important;background-size: cover !important;}&#8221;][vc_column][vc_column_text] Sportanlagen [\/vc_column_text][\/vc_column][\/vc_row][vc_row content_placement=&#8221;middle&#8221;][vc_column width=&#8221;1\/2&#8243;][vc_column_text] Au\u00dfenbereich Dem Hotelgeb\u00e4ude ist ein neu renovierter Sportkomplex angeschlossen,<\/p>\n","protected":false},"author":6,"featured_media":14237,"parent":13893,"menu_order":0,"comment_status":"closed","ping_status":"closed","template":"","meta":{"footnotes":""},"categories":[200],"tags":[206],"class_list":["post-14226","page","type-page","status-publish","has-post-thumbnail","hentry","category-uber-das-hotel-cs","tag-um-de"],"acf":[],"yoast_head":"<!-- This site is optimized with the Yoast SEO plugin v21.8 - https:\/\/yoast.com\/wordpress\/plugins\/seo\/ -->\n<title>Sportanlagen - Hotel reSTART<\/title>\n<meta name=\"robots\" content=\"index, follow, max-snippet:-1, max-image-preview:large, max-video-preview:-1\" \/>\n<link rel=\"canonical\" href=\"https:\/\/www.hotelrestart.cz\/de\/ueber-das-hotel\/sportanlagen\/\" \/>\n<meta property=\"og:locale\" content=\"de_DE\" \/>\n<meta property=\"og:type\" content=\"article\" \/>\n<meta property=\"og:title\" content=\"Sportanlagen - Hotel reSTART\" \/>\n<meta property=\"og:description\" content=\"[vc_row full_width=&#8221;stretch_row&#8221; content_placement=&#8221;middle&#8221; el_class=&#8221;featured&#8221; css=&#8221;.vc_custom_1599053196935{background-image: url(https:\/\/www.hotelrestart.cz\/wp-content\/uploads\/2020\/09\/Sportovi\u0161t\u011b_head.jpg?id=9142) !important;background-position: center !important;background-repeat: no-repeat !important;background-size: cover !important;}&#8221;][vc_column][vc_column_text] Sportanlagen [\/vc_column_text][\/vc_column][\/vc_row][vc_row content_placement=&#8221;middle&#8221;][vc_column width=&#8221;1\/2&#8243;][vc_column_text] Au\u00dfenbereich Dem Hotelgeb\u00e4ude ist ein neu renovierter Sportkomplex angeschlossen,\" \/>\n<meta property=\"og:url\" content=\"https:\/\/www.hotelrestart.cz\/de\/ueber-das-hotel\/sportanlagen\/\" \/>\n<meta property=\"og:site_name\" content=\"Hotel reSTART\" \/>\n<meta property=\"og:image\" content=\"https:\/\/www.hotelrestart.cz\/wp-content\/uploads\/2019\/06\/IMG_9082-2.jpg\" \/>\n\t<meta property=\"og:image:width\" content=\"1920\" \/>\n\t<meta property=\"og:image:height\" content=\"1017\" \/>\n\t<meta property=\"og:image:type\" content=\"image\/jpeg\" \/>\n<meta name=\"twitter:card\" content=\"summary_large_image\" \/>\n<meta name=\"twitter:label1\" content=\"Gesch\u00e4tzte Lesezeit\" \/>\n\t<meta name=\"twitter:data1\" content=\"1\u00a0Minute\" \/>\n<script type=\"application\/ld+json\" class=\"yoast-schema-graph\">{\"@context\":\"https:\/\/schema.org\",\"@graph\":[{\"@type\":\"WebPage\",\"@id\":\"https:\/\/www.hotelrestart.cz\/de\/ueber-das-hotel\/sportanlagen\/\",\"url\":\"https:\/\/www.hotelrestart.cz\/de\/ueber-das-hotel\/sportanlagen\/\",\"name\":\"Sportanlagen - Hotel reSTART\",\"isPartOf\":{\"@id\":\"https:\/\/www.hotelrestart.cz\/#website\"},\"datePublished\":\"2019-05-31T07:19:54+00:00\",\"dateModified\":\"2019-05-31T07:19:54+00:00\",\"breadcrumb\":{\"@id\":\"https:\/\/www.hotelrestart.cz\/de\/ueber-das-hotel\/sportanlagen\/#breadcrumb\"},\"inLanguage\":\"de\",\"potentialAction\":[{\"@type\":\"ReadAction\",\"target\":[\"https:\/\/www.hotelrestart.cz\/de\/ueber-das-hotel\/sportanlagen\/\"]}]},{\"@type\":\"BreadcrumbList\",\"@id\":\"https:\/\/www.hotelrestart.cz\/de\/ueber-das-hotel\/sportanlagen\/#breadcrumb\",\"itemListElement\":[{\"@type\":\"ListItem\",\"position\":1,\"name\":\"Home\",\"item\":\"https:\/\/www.hotelrestart.cz\/de\/hotel-restart-jicin-offizielle-website\/\"},{\"@type\":\"ListItem\",\"position\":2,\"name\":\"\u00dcber das Hotel\",\"item\":\"https:\/\/www.hotelrestart.cz\/de\/ueber-das-hotel\/\"},{\"@type\":\"ListItem\",\"position\":3,\"name\":\"Sportanlagen\"}]},{\"@type\":\"WebSite\",\"@id\":\"https:\/\/www.hotelrestart.cz\/#website\",\"url\":\"https:\/\/www.hotelrestart.cz\/\",\"name\":\"Hotel reSTART\",\"description\":\"4* Hotel v Ji\u010d\u00edn\u011b\",\"potentialAction\":[{\"@type\":\"SearchAction\",\"target\":{\"@type\":\"EntryPoint\",\"urlTemplate\":\"https:\/\/www.hotelrestart.cz\/?s={search_term_string}\"},\"query-input\":\"required name=search_term_string\"}],\"inLanguage\":\"de\"}]}<\/script>\n<!-- \/ Yoast SEO plugin. -->","yoast_head_json":{"title":"Sportanlagen - Hotel reSTART","robots":{"index":"index","follow":"follow","max-snippet":"max-snippet:-1","max-image-preview":"max-image-preview:large","max-video-preview":"max-video-preview:-1"},"canonical":"https:\/\/www.hotelrestart.cz\/de\/ueber-das-hotel\/sportanlagen\/","og_locale":"de_DE","og_type":"article","og_title":"Sportanlagen - Hotel reSTART","og_description":"[vc_row full_width=&#8221;stretch_row&#8221; content_placement=&#8221;middle&#8221; el_class=&#8221;featured&#8221; css=&#8221;.vc_custom_1599053196935{background-image: url(https:\/\/www.hotelrestart.cz\/wp-content\/uploads\/2020\/09\/Sportovi\u0161t\u011b_head.jpg?id=9142) !important;background-position: center !important;background-repeat: no-repeat !important;background-size: cover !important;}&#8221;][vc_column][vc_column_text] Sportanlagen [\/vc_column_text][\/vc_column][\/vc_row][vc_row content_placement=&#8221;middle&#8221;][vc_column width=&#8221;1\/2&#8243;][vc_column_text] Au\u00dfenbereich Dem Hotelgeb\u00e4ude ist ein neu renovierter Sportkomplex angeschlossen,","og_url":"https:\/\/www.hotelrestart.cz\/de\/ueber-das-hotel\/sportanlagen\/","og_site_name":"Hotel reSTART","og_image":[{"width":1920,"height":1017,"url":"https:\/\/www.hotelrestart.cz\/wp-content\/uploads\/2019\/06\/IMG_9082-2.jpg","type":"image\/jpeg"}],"twitter_card":"summary_large_image","twitter_misc":{"Gesch\u00e4tzte Lesezeit":"1\u00a0Minute"},"schema":{"@context":"https:\/\/schema.org","@graph":[{"@type":"WebPage","@id":"https:\/\/www.hotelrestart.cz\/de\/ueber-das-hotel\/sportanlagen\/","url":"https:\/\/www.hotelrestart.cz\/de\/ueber-das-hotel\/sportanlagen\/","name":"Sportanlagen - Hotel reSTART","isPartOf":{"@id":"https:\/\/www.hotelrestart.cz\/#website"},"datePublished":"2019-05-31T07:19:54+00:00","dateModified":"2019-05-31T07:19:54+00:00","breadcrumb":{"@id":"https:\/\/www.hotelrestart.cz\/de\/ueber-das-hotel\/sportanlagen\/#breadcrumb"},"inLanguage":"de","potentialAction":[{"@type":"ReadAction","target":["https:\/\/www.hotelrestart.cz\/de\/ueber-das-hotel\/sportanlagen\/"]}]},{"@type":"BreadcrumbList","@id":"https:\/\/www.hotelrestart.cz\/de\/ueber-das-hotel\/sportanlagen\/#breadcrumb","itemListElement":[{"@type":"ListItem","position":1,"name":"Home","item":"https:\/\/www.hotelrestart.cz\/de\/hotel-restart-jicin-offizielle-website\/"},{"@type":"ListItem","position":2,"name":"\u00dcber das Hotel","item":"https:\/\/www.hotelrestart.cz\/de\/ueber-das-hotel\/"},{"@type":"ListItem","position":3,"name":"Sportanlagen"}]},{"@type":"WebSite","@id":"https:\/\/www.hotelrestart.cz\/#website","url":"https:\/\/www.hotelrestart.cz\/","name":"Hotel reSTART","description":"4* Hotel v Ji\u010d\u00edn\u011b","potentialAction":[{"@type":"SearchAction","target":{"@type":"EntryPoint","urlTemplate":"https:\/\/www.hotelrestart.cz\/?s={search_term_string}"},"query-input":"required name=search_term_string"}],"inLanguage":"de"}]}},"_links":{"self":[{"href":"https:\/\/www.hotelrestart.cz\/de\/wp-json\/wp\/v2\/pages\/14226","targetHints":{"allow":["GET"]}}],"collection":[{"href":"https:\/\/www.hotelrestart.cz\/de\/wp-json\/wp\/v2\/pages"}],"about":[{"href":"https:\/\/www.hotelrestart.cz\/de\/wp-json\/wp\/v2\/types\/page"}],"author":[{"embeddable":true,"href":"https:\/\/www.hotelrestart.cz\/de\/wp-json\/wp\/v2\/users\/6"}],"replies":[{"embeddable":true,"href":"https:\/\/www.hotelrestart.cz\/de\/wp-json\/wp\/v2\/comments?post=14226"}],"version-history":[{"count":0,"href":"https:\/\/www.hotelrestart.cz\/de\/wp-json\/wp\/v2\/pages\/14226\/revisions"}],"up":[{"embeddable":true,"href":"https:\/\/www.hotelrestart.cz\/de\/wp-json\/wp\/v2\/pages\/13893"}],"wp:featuredmedia":[{"embeddable":true,"href":"https:\/\/www.hotelrestart.cz\/de\/wp-json\/wp\/v2\/media\/14237"}],"wp:attachment":[{"href":"https:\/\/www.hotelrestart.cz\/de\/wp-json\/wp\/v2\/media?parent=14226"}],"wp:term":[{"taxonomy":"category","embeddable":true,"href":"https:\/\/www.hotelrestart.cz\/de\/wp-json\/wp\/v2\/categories?post=14226"},{"taxonomy":"post_tag","embeddable":true,"href":"https:\/\/www.hotelrestart.cz\/de\/wp-json\/wp\/v2\/tags?post=14226"}],"curies":[{"name":"wp","href":"https:\/\/api.w.org\/{rel}","templated":true}]}}