{"id":14219,"date":"2019-06-01T20:23:16","date_gmt":"2019-06-01T18:23:16","guid":{"rendered":"https:\/\/www.hotelrestart.cz\/zimmer\/familienzimmer\/"},"modified":"2026-01-28T15:38:50","modified_gmt":"2026-01-28T14:38:50","slug":"familienzimmer","status":"publish","type":"page","link":"https:\/\/www.hotelrestart.cz\/de\/zimmer\/familienzimmer\/","title":{"rendered":"Familienzimmer"},"content":{"rendered":"<div class=\"wpb-content-wrapper\"><p>[vc_row full_width=&#8221;stretch_row&#8221; content_placement=&#8221;middle&#8221; el_class=&#8221;featured&#8221;][vc_column][vc_column_text]<\/p>\n<h1>Familienzimmer<\/h1>\n<p>[\/vc_column_text][\/vc_column][\/vc_row][vc_row][vc_column width=&#8221;1\/2&#8243;][vc_video link=&#8221;https:\/\/vimeo.com\/348362178&#8243;][vc_empty_space][vc_row_inner][vc_column_inner width=&#8221;1\/3&#8243;][vc_column_text]<strong>ANZAHL DER ZIMMER<\/strong> : 6[\/vc_column_text][\/vc_column_inner] [vc_column_inner width=&#8221;1\/3&#8243;][vc_column_text]<strong>GR\u00d6SSE<\/strong> : 60 m2[\/vc_column_text][\/vc_column_inner][vc_column_inner width=&#8221;1\/3&#8243;][vc_btn title=&#8221;Zimmer buchen&#8221; color=&#8221;default&#8221; align=&#8221;center&#8221; link=&#8221;url:https%3A%2F%2Fwww.hotelrestart.cz%2Fde%2Freservierung%2F&#8221;][\/vc_column_inner][\/vc_row_inner][\/vc_column][vc_column width=&#8221;1\/2&#8243;][vc_column_text]Das m\u00e4rchenhafte Ji\u010d\u00edn, das malerische B\u00f6hmische Paradies und die nahegelegenen Prachovsk\u00e9-Felsen sind ideale Reiseziele f\u00fcr Familien mit Kindern. Im Hotel reSTART haben wir ger\u00e4umige Familienzimmer f\u00fcr Sie vorbereitet, in denen Sie alle nach abenteuerlichen Spazierg\u00e4ngen und anderen Freizeitaktivit\u00e4ten, die Ji\u010d\u00edn und die Umgebung bieten, entspannen k\u00f6nnen. In allen Familienzimmern finden Sie Betten mit bequemen Matratzen, eine hochwertige Ausstattung und viele Kleinigkeiten, die Ihnen und Ihren Kindern den Aufenthalt versch\u00f6nern.  [\/vc_column_text][vc_column_text]<b>Ausr\u00fcstung<\/b>[\/vc_column_text][vc_row_inner][vc_column_inner width=&#8221;1\/2&#8243;][vc_column_text]<\/p>\n<ul>\n<li>Klimaanlage<\/li>\n<li>LED-Fernseher 101 (40)<\/li>\n<li>Nespresso-Kaffeemaschine<\/li>\n<li>Teeservice<\/li>\n<li>Minibar<\/li>\n<li>Konferenztisch<\/li>\n<li>sicher<\/li>\n<li>Haartrockner<\/li>\n<\/ul>\n<p>[\/vc_column_text][\/vc_column_inner][vc_column_inner width=&#8221;1\/2&#8243;][vc_column_text]<\/p>\n<ul>\n<li>Hausschuhe<\/li>\n<li>BOTANICA Kosmetik mit Argan\u00f6l<\/li>\n<li>Duschkabine<\/li>\n<li>Kosmetikspiegel<\/li>\n<li>Gewicht<\/li>\n<li>Verdunkelungsvorh\u00e4nge<\/li>\n<li>Superior-Bett mit komfortabler medizinischer Matratze<\/li>\n<li>\n<\/li>\n<\/ul>\n<p>[\/vc_column_text][\/vc_column_inner][\/vc_row_inner][vc_empty_space][\/vc_column][\/vc_row][vc_row][vc_column][vc_empty_space][vc_column_text]<\/p>\n\t\t\t<style>\r\n                #foogallery-gallery-7473.fg-justified .fg-item {\r\n                    margin-right: 1px;\r\n                    margin-bottom: 1px;\r\n                }\r\n\r\n                #foogallery-gallery-7473.fg-justified .fg-image {\r\n                    height: 200px;\r\n                }\r\n\t\t\t<\/style>\r\n\t\t\t\t\t\t<style>\r\n                #foogallery-gallery-7473.fg-justified .fg-item {\r\n                    margin-right: 1px;\r\n                    margin-bottom: 1px;\r\n                }\r\n\r\n                #foogallery-gallery-7473.fg-justified .fg-image {\r\n                    height: 200px;\r\n                }\r\n\t\t\t<\/style>\r\n\t\t\t<div class=\"foogallery foogallery-container foogallery-justified foogallery-lightbox-foogallery fg-justified fg-light fg-shadow-outline fg-loading-default fg-loaded-fade-in fg-caption-always fg-hover-fade fg-hover-zoom2 fg-ready\" id=\"foogallery-gallery-7473\" data-foogallery=\"{&quot;item&quot;:{&quot;showCaptionTitle&quot;:true,&quot;showCaptionDescription&quot;:false},&quot;lazy&quot;:true,&quot;template&quot;:{&quot;rowHeight&quot;:200,&quot;maxRowHeight&quot;:300,&quot;margins&quot;:1,&quot;align&quot;:&quot;center&quot;,&quot;lastRow&quot;:&quot;smart&quot;}}\" data-foogallery-lightbox=\"{&quot;thumbs&quot;:&quot;bottom&quot;,&quot;thumbsCaptions&quot;:false,&quot;thumbsBestFit&quot;:false,&quot;thumbsSmall&quot;:false,&quot;thumbsCaptionsAlign&quot;:&quot;default&quot;,&quot;info&quot;:&quot;bottom&quot;,&quot;infoVisible&quot;:true,&quot;infoOverlay&quot;:true,&quot;infoAlign&quot;:&quot;default&quot;,&quot;transition&quot;:&quot;fade&quot;,&quot;hoverButtons&quot;:false,&quot;fitMedia&quot;:false,&quot;noScrollbars&quot;:true,&quot;preserveButtonSpace&quot;:true,&quot;buttons&quot;:{&quot;fullscreen&quot;:true,&quot;info&quot;:true,&quot;thumbs&quot;:false},&quot;video&quot;:{&quot;autoPlay&quot;:true}}\" data-fg-common-fields=\"1\" >\r\n\t<div class=\"fg-item fg-type-image fg-idle\"><figure class=\"fg-item-inner\"><a href=\"https:\/\/www.hotelrestart.cz\/wp-content\/uploads\/2019\/06\/reStart-hotel_220802_0864-HDR-Edit_web.jpg\" data-attachment-id=\"15650\" data-type=\"image\" class=\"fg-thumb\"><span class=\"fg-image-wrap\"><img fetchpriority=\"high\" decoding=\"async\" height=\"300\" width=\"450\" class=\"skip-lazy fg-image\" data-no-lazy=\"1\" data-src-fg=\"https:\/\/www.hotelrestart.cz\/wp-content\/uploads\/cache\/2019\/06\/reStart-hotel_220802_0864-HDR-Edit_web\/4121803290.jpg\" src=\"data:image\/svg+xml,%3Csvg%20xmlns%3D%22http%3A%2F%2Fwww.w3.org%2F2000%2Fsvg%22%20width%3D%22450%22%20height%3D%22300%22%20viewBox%3D%220%200%20450%20300%22%3E%3C%2Fsvg%3E\" loading=\"eager\"><\/span><span class=\"fg-image-overlay\"><\/span><\/a><figcaption class=\"fg-caption\"><div class=\"fg-caption-inner\"><\/div><\/figcaption><\/figure><div class=\"fg-loader\"><\/div><\/div><div class=\"fg-item fg-type-image fg-idle\"><figure class=\"fg-item-inner\"><a href=\"https:\/\/www.hotelrestart.cz\/wp-content\/uploads\/2019\/06\/family-4.jpg\" data-attachment-id=\"8578\" data-type=\"image\" class=\"fg-thumb\"><span class=\"fg-image-wrap\"><img decoding=\"async\" height=\"300\" width=\"450\" class=\"skip-lazy fg-image\" data-no-lazy=\"1\" data-src-fg=\"https:\/\/www.hotelrestart.cz\/wp-content\/uploads\/cache\/2019\/06\/family-4\/115333398.jpg\" src=\"data:image\/svg+xml,%3Csvg%20xmlns%3D%22http%3A%2F%2Fwww.w3.org%2F2000%2Fsvg%22%20width%3D%22450%22%20height%3D%22300%22%20viewBox%3D%220%200%20450%20300%22%3E%3C%2Fsvg%3E\" loading=\"eager\"><\/span><span class=\"fg-image-overlay\"><\/span><\/a><figcaption class=\"fg-caption\"><div class=\"fg-caption-inner\"><\/div><\/figcaption><\/figure><div class=\"fg-loader\"><\/div><\/div><div class=\"fg-item fg-type-image fg-idle\"><figure class=\"fg-item-inner\"><a href=\"https:\/\/www.hotelrestart.cz\/wp-content\/uploads\/2019\/06\/reStart-hotel_220802_0806-HDR-Pano-Edit_web.jpg\" data-attachment-id=\"15654\" data-type=\"image\" class=\"fg-thumb\"><span class=\"fg-image-wrap\"><img decoding=\"async\" height=\"300\" width=\"548\" class=\"skip-lazy fg-image\" data-no-lazy=\"1\" data-src-fg=\"https:\/\/www.hotelrestart.cz\/wp-content\/uploads\/cache\/2019\/06\/reStart-hotel_220802_0806-HDR-Pano-Edit_web\/2524109387.jpg\" src=\"data:image\/svg+xml,%3Csvg%20xmlns%3D%22http%3A%2F%2Fwww.w3.org%2F2000%2Fsvg%22%20width%3D%22548%22%20height%3D%22300%22%20viewBox%3D%220%200%20548%20300%22%3E%3C%2Fsvg%3E\" loading=\"eager\"><\/span><span class=\"fg-image-overlay\"><\/span><\/a><figcaption class=\"fg-caption\"><div class=\"fg-caption-inner\"><\/div><\/figcaption><\/figure><div class=\"fg-loader\"><\/div><\/div><div class=\"fg-item fg-type-image fg-idle\"><figure class=\"fg-item-inner\"><a href=\"https:\/\/www.hotelrestart.cz\/wp-content\/uploads\/2019\/06\/FAM3.jpg\" data-attachment-id=\"7441\" data-type=\"image\" class=\"fg-thumb\"><span class=\"fg-image-wrap\"><img decoding=\"async\" height=\"300\" width=\"480\" class=\"skip-lazy fg-image\" data-no-lazy=\"1\" data-src-fg=\"https:\/\/www.hotelrestart.cz\/wp-content\/uploads\/cache\/2019\/06\/FAM3\/3859127280.jpg\" src=\"data:image\/svg+xml,%3Csvg%20xmlns%3D%22http%3A%2F%2Fwww.w3.org%2F2000%2Fsvg%22%20width%3D%22480%22%20height%3D%22300%22%20viewBox%3D%220%200%20480%20300%22%3E%3C%2Fsvg%3E\" loading=\"eager\"><\/span><span class=\"fg-image-overlay\"><\/span><\/a><figcaption class=\"fg-caption\"><div class=\"fg-caption-inner\"><\/div><\/figcaption><\/figure><div class=\"fg-loader\"><\/div><\/div><div class=\"fg-item fg-type-image fg-idle\"><figure class=\"fg-item-inner\"><a href=\"https:\/\/www.hotelrestart.cz\/wp-content\/uploads\/2019\/06\/IMG_8796.jpg\" data-attachment-id=\"7448\" data-type=\"image\" class=\"fg-thumb\"><span class=\"fg-image-wrap\"><img decoding=\"async\" height=\"300\" width=\"539\" class=\"skip-lazy fg-image\" data-no-lazy=\"1\" data-src-fg=\"https:\/\/www.hotelrestart.cz\/wp-content\/uploads\/cache\/2019\/06\/IMG_8796\/4033444778.jpg\" src=\"data:image\/svg+xml,%3Csvg%20xmlns%3D%22http%3A%2F%2Fwww.w3.org%2F2000%2Fsvg%22%20width%3D%22539%22%20height%3D%22300%22%20viewBox%3D%220%200%20539%20300%22%3E%3C%2Fsvg%3E\" loading=\"eager\"><\/span><span class=\"fg-image-overlay\"><\/span><\/a><figcaption class=\"fg-caption\"><div class=\"fg-caption-inner\"><\/div><\/figcaption><\/figure><div class=\"fg-loader\"><\/div><\/div><div class=\"fg-item fg-type-image fg-idle\"><figure class=\"fg-item-inner\"><a href=\"https:\/\/www.hotelrestart.cz\/wp-content\/uploads\/2019\/06\/FAM9.jpg\" data-attachment-id=\"7447\" data-type=\"image\" class=\"fg-thumb\"><span class=\"fg-image-wrap\"><img decoding=\"async\" height=\"300\" width=\"525\" class=\"skip-lazy fg-image\" data-no-lazy=\"1\" data-src-fg=\"https:\/\/www.hotelrestart.cz\/wp-content\/uploads\/cache\/2019\/06\/FAM9\/2204906207.jpg\" src=\"data:image\/svg+xml,%3Csvg%20xmlns%3D%22http%3A%2F%2Fwww.w3.org%2F2000%2Fsvg%22%20width%3D%22525%22%20height%3D%22300%22%20viewBox%3D%220%200%20525%20300%22%3E%3C%2Fsvg%3E\" loading=\"eager\"><\/span><span class=\"fg-image-overlay\"><\/span><\/a><figcaption class=\"fg-caption\"><div class=\"fg-caption-inner\"><\/div><\/figcaption><\/figure><div class=\"fg-loader\"><\/div><\/div><div class=\"fg-item fg-type-image fg-idle\"><figure class=\"fg-item-inner\"><a href=\"https:\/\/www.hotelrestart.cz\/wp-content\/uploads\/2019\/06\/FAM7.jpg\" data-attachment-id=\"7445\" data-type=\"image\" class=\"fg-thumb\"><span class=\"fg-image-wrap\"><img decoding=\"async\" height=\"300\" width=\"475\" class=\"skip-lazy fg-image\" data-no-lazy=\"1\" data-src-fg=\"https:\/\/www.hotelrestart.cz\/wp-content\/uploads\/cache\/2019\/06\/FAM7\/3313415088.jpg\" src=\"data:image\/svg+xml,%3Csvg%20xmlns%3D%22http%3A%2F%2Fwww.w3.org%2F2000%2Fsvg%22%20width%3D%22475%22%20height%3D%22300%22%20viewBox%3D%220%200%20475%20300%22%3E%3C%2Fsvg%3E\" loading=\"eager\"><\/span><span class=\"fg-image-overlay\"><\/span><\/a><figcaption class=\"fg-caption\"><div class=\"fg-caption-inner\"><\/div><\/figcaption><\/figure><div class=\"fg-loader\"><\/div><\/div><div class=\"fg-item fg-type-image fg-idle\"><figure class=\"fg-item-inner\"><a href=\"https:\/\/www.hotelrestart.cz\/wp-content\/uploads\/2019\/06\/FAM8.jpg\" data-attachment-id=\"7446\" data-type=\"image\" class=\"fg-thumb\"><span class=\"fg-image-wrap\"><img decoding=\"async\" height=\"300\" width=\"450\" class=\"skip-lazy fg-image\" data-no-lazy=\"1\" data-src-fg=\"https:\/\/www.hotelrestart.cz\/wp-content\/uploads\/cache\/2019\/06\/FAM8\/2343762127.jpg\" src=\"data:image\/svg+xml,%3Csvg%20xmlns%3D%22http%3A%2F%2Fwww.w3.org%2F2000%2Fsvg%22%20width%3D%22450%22%20height%3D%22300%22%20viewBox%3D%220%200%20450%20300%22%3E%3C%2Fsvg%3E\" loading=\"eager\"><\/span><span class=\"fg-image-overlay\"><\/span><\/a><figcaption class=\"fg-caption\"><div class=\"fg-caption-inner\"><\/div><\/figcaption><\/figure><div class=\"fg-loader\"><\/div><\/div><div class=\"fg-item fg-type-image fg-idle\"><figure class=\"fg-item-inner\"><a href=\"https:\/\/www.hotelrestart.cz\/wp-content\/uploads\/2019\/06\/koupelny-34.jpg\" data-attachment-id=\"8572\" data-type=\"image\" class=\"fg-thumb\"><span class=\"fg-image-wrap\"><img decoding=\"async\" height=\"300\" width=\"450\" class=\"skip-lazy fg-image\" data-no-lazy=\"1\" data-src-fg=\"https:\/\/www.hotelrestart.cz\/wp-content\/uploads\/cache\/2019\/06\/koupelny-34\/86638127.jpg\" src=\"data:image\/svg+xml,%3Csvg%20xmlns%3D%22http%3A%2F%2Fwww.w3.org%2F2000%2Fsvg%22%20width%3D%22450%22%20height%3D%22300%22%20viewBox%3D%220%200%20450%20300%22%3E%3C%2Fsvg%3E\" loading=\"eager\"><\/span><span class=\"fg-image-overlay\"><\/span><\/a><figcaption class=\"fg-caption\"><div class=\"fg-caption-inner\"><\/div><\/figcaption><\/figure><div class=\"fg-loader\"><\/div><\/div><div class=\"fg-item fg-type-image fg-idle\"><figure class=\"fg-item-inner\"><a href=\"https:\/\/www.hotelrestart.cz\/wp-content\/uploads\/2019\/06\/koupelny-26.jpg\" data-attachment-id=\"8573\" data-type=\"image\" class=\"fg-thumb\"><span class=\"fg-image-wrap\"><img decoding=\"async\" height=\"300\" width=\"450\" class=\"skip-lazy fg-image\" data-no-lazy=\"1\" data-src-fg=\"https:\/\/www.hotelrestart.cz\/wp-content\/uploads\/cache\/2019\/06\/koupelny-26\/3444604466.jpg\" src=\"data:image\/svg+xml,%3Csvg%20xmlns%3D%22http%3A%2F%2Fwww.w3.org%2F2000%2Fsvg%22%20width%3D%22450%22%20height%3D%22300%22%20viewBox%3D%220%200%20450%20300%22%3E%3C%2Fsvg%3E\" loading=\"eager\"><\/span><span class=\"fg-image-overlay\"><\/span><\/a><figcaption class=\"fg-caption\"><div class=\"fg-caption-inner\"><\/div><\/figcaption><\/figure><div class=\"fg-loader\"><\/div><\/div><div class=\"fg-item fg-type-image fg-idle\"><figure class=\"fg-item-inner\"><a href=\"https:\/\/www.hotelrestart.cz\/wp-content\/uploads\/2019\/06\/304305-rodinn\u00fd-pokoj.jpg\" data-attachment-id=\"8613\" data-type=\"image\" class=\"fg-thumb\"><span class=\"fg-image-wrap\"><img decoding=\"async\" height=\"300\" width=\"313\" class=\"skip-lazy fg-image\" data-no-lazy=\"1\" data-src-fg=\"https:\/\/www.hotelrestart.cz\/wp-content\/uploads\/cache\/2019\/06\/304305-rodinn\u00fd-pokoj\/299913777.jpg\" src=\"data:image\/svg+xml,%3Csvg%20xmlns%3D%22http%3A%2F%2Fwww.w3.org%2F2000%2Fsvg%22%20width%3D%22313%22%20height%3D%22300%22%20viewBox%3D%220%200%20313%20300%22%3E%3C%2Fsvg%3E\" loading=\"eager\"><\/span><span class=\"fg-image-overlay\"><\/span><\/a><figcaption class=\"fg-caption\"><div class=\"fg-caption-inner\"><\/div><\/figcaption><\/figure><div class=\"fg-loader\"><\/div><\/div><\/div>\r\n\n<p>[\/vc_column_text][vc_empty_space][\/vc_column][\/vc_row][vc_row full_width=&#8221;stretch_row&#8221; el_class=&#8221;brown&#8221;][vc_column][vc_column_text]<\/p>\n<h2 style=\"text-align: center;\">W\u00fcnschen Sie einen anderen Zimmertyp?<\/h2>\n<p>[\/vc_column_text][vc_column_text]<div class=\"toppackages\"><div class=\"toppackage xzoom\"><a href=\"https:\/\/www.hotelrestart.cz\/de\/zimmer\/einzelzimmer\/\"><div class=\"intoppackage toproom\" style=\"\r\nbackground-image:url('https:\/\/www.hotelrestart.cz\/wp-content\/uploads\/2020\/08\/Pokoj_jednoluzkovy.jpg');\r\nbackground-size: cover\">\r\n<div class=\"intopx\"><h3>Einzelzimmer<\/h3><span class=\"splink\">V\u00edce o pokoji >><\/span><\/div><\/div><\/a><\/div><div class=\"toppackage xzoom\"><a href=\"https:\/\/www.hotelrestart.cz\/de\/doppelzimmer\/\"><div class=\"intoppackage toproom\" style=\"\r\nbackground-image:url('https:\/\/www.hotelrestart.cz\/wp-content\/uploads\/2020\/08\/Pokoj_dvouluzkovy.jpg');\r\nbackground-size: cover\">\r\n<div class=\"intopx\"><h3>Doppelzimmer<\/h3><span class=\"splink\">V\u00edce o pokoji >><\/span><\/div><\/div><\/a><\/div><div class=\"toppackage xzoom\"><a href=\"https:\/\/www.hotelrestart.cz\/de\/wohnung\/\"><div class=\"intoppackage toproom\" style=\"\r\nbackground-image:url('https:\/\/www.hotelrestart.cz\/wp-content\/uploads\/2020\/08\/Pokoj_apartman.jpg');\r\nbackground-size: cover\">\r\n<div class=\"intopx\"><h3>Wohnung<\/h3><span class=\"splink\">V\u00edce o pokoji >><\/span><\/div><\/div><\/a><\/div><div class=\"toppackage xzoom\"><a href=\"https:\/\/www.hotelrestart.cz\/de\/zimmer\/barrierefreies-zimmer\/\"><div class=\"intoppackage toproom\" style=\"\r\nbackground-image:url('https:\/\/www.hotelrestart.cz\/wp-content\/uploads\/2020\/09\/Pokoj_bezbarier.jpg');\r\nbackground-size: cover\">\r\n<div class=\"intopx\"><h3>Barrierefreies Zimmer<\/h3><span class=\"splink\">V\u00edce o pokoji >><\/span><\/div><\/div><\/a><\/div><br style=\"clear:both;\" \/><\/div>[\/vc_column_text][\/vc_column][\/vc_row]<\/p>\n<\/div>","protected":false},"excerpt":{"rendered":"<p>[vc_row full_width=&#8221;stretch_row&#8221; content_placement=&#8221;middle&#8221; el_class=&#8221;featured&#8221;][vc_column][vc_column_text] Familienzimmer [\/vc_column_text][\/vc_column][\/vc_row][vc_row][vc_column width=&#8221;1\/2&#8243;][vc_video link=&#8221;https:\/\/vimeo.com\/348362178&#8243;][vc_empty_space][vc_row_inner][vc_column_inner width=&#8221;1\/3&#8243;][vc_column_text]ANZAHL DER ZIMMER : 6[\/vc_column_text][\/vc_column_inner] [vc_column_inner width=&#8221;1\/3&#8243;][vc_column_text]GR\u00d6SSE : 60 m2[\/vc_column_text][\/vc_column_inner][vc_column_inner width=&#8221;1\/3&#8243;][vc_btn title=&#8221;Zimmer buchen&#8221; color=&#8221;default&#8221; align=&#8221;center&#8221; link=&#8221;url:https%3A%2F%2Fwww.hotelrestart.cz%2Fde%2Freservierung%2F&#8221;][\/vc_column_inner][\/vc_row_inner][\/vc_column][vc_column width=&#8221;1\/2&#8243;][vc_column_text]Das m\u00e4rchenhafte<\/p>\n","protected":false},"author":6,"featured_media":14221,"parent":13443,"menu_order":3,"comment_status":"closed","ping_status":"closed","template":"","meta":{"footnotes":""},"categories":[207],"tags":[208],"class_list":["post-14219","page","type-page","status-publish","has-post-thumbnail","hentry","category-en-zimmer","tag-zimmer"],"acf":[],"yoast_head":"<!-- This site is optimized with the Yoast SEO plugin v21.8 - https:\/\/yoast.com\/wordpress\/plugins\/seo\/ -->\n<title>Familienzimmer - Hotel reSTART<\/title>\n<meta name=\"robots\" content=\"index, follow, max-snippet:-1, max-image-preview:large, max-video-preview:-1\" \/>\n<link rel=\"canonical\" href=\"https:\/\/www.hotelrestart.cz\/pokoje\/pokoj-3\/\" \/>\n<meta property=\"og:locale\" content=\"de_DE\" \/>\n<meta property=\"og:type\" content=\"article\" \/>\n<meta property=\"og:title\" content=\"Familienzimmer - Hotel reSTART\" \/>\n<meta property=\"og:description\" content=\"[vc_row full_width=&#8221;stretch_row&#8221; content_placement=&#8221;middle&#8221; el_class=&#8221;featured&#8221;][vc_column][vc_column_text] Familienzimmer [\/vc_column_text][\/vc_column][\/vc_row][vc_row][vc_column width=&#8221;1\/2&#8243;][vc_video link=&#8221;https:\/\/vimeo.com\/348362178&#8243;][vc_empty_space][vc_row_inner][vc_column_inner width=&#8221;1\/3&#8243;][vc_column_text]ANZAHL DER ZIMMER : 6[\/vc_column_text][\/vc_column_inner] [vc_column_inner width=&#8221;1\/3&#8243;][vc_column_text]GR\u00d6SSE : 60 m2[\/vc_column_text][\/vc_column_inner][vc_column_inner width=&#8221;1\/3&#8243;][vc_btn title=&#8221;Zimmer buchen&#8221; color=&#8221;default&#8221; align=&#8221;center&#8221; link=&#8221;url:https%3A%2F%2Fwww.hotelrestart.cz%2Fde%2Freservierung%2F&#8221;][\/vc_column_inner][\/vc_row_inner][\/vc_column][vc_column width=&#8221;1\/2&#8243;][vc_column_text]Das m\u00e4rchenhafte\" \/>\n<meta property=\"og:url\" content=\"https:\/\/www.hotelrestart.cz\/pokoje\/pokoj-3\/\" \/>\n<meta property=\"og:site_name\" content=\"Hotel reSTART\" \/>\n<meta property=\"article:modified_time\" content=\"2026-01-28T14:38:50+00:00\" \/>\n<meta property=\"og:image\" content=\"https:\/\/www.hotelrestart.cz\/wp-content\/uploads\/2020\/08\/Pokoj_rodinny.jpg\" \/>\n\t<meta property=\"og:image:width\" content=\"317\" \/>\n\t<meta property=\"og:image:height\" content=\"463\" \/>\n\t<meta property=\"og:image:type\" content=\"image\/jpeg\" \/>\n<meta name=\"twitter:card\" content=\"summary_large_image\" \/>\n<meta name=\"twitter:label1\" content=\"Gesch\u00e4tzte Lesezeit\" \/>\n\t<meta name=\"twitter:data1\" content=\"2\u00a0Minuten\" \/>\n<script type=\"application\/ld+json\" class=\"yoast-schema-graph\">{\"@context\":\"https:\/\/schema.org\",\"@graph\":[{\"@type\":\"WebPage\",\"@id\":\"https:\/\/www.hotelrestart.cz\/pokoje\/pokoj-3\/\",\"url\":\"https:\/\/www.hotelrestart.cz\/pokoje\/pokoj-3\/\",\"name\":\"Familienzimmer - Hotel reSTART\",\"isPartOf\":{\"@id\":\"https:\/\/www.hotelrestart.cz\/#website\"},\"datePublished\":\"2019-06-01T18:23:16+00:00\",\"dateModified\":\"2026-01-28T14:38:50+00:00\",\"breadcrumb\":{\"@id\":\"https:\/\/www.hotelrestart.cz\/pokoje\/pokoj-3\/#breadcrumb\"},\"inLanguage\":\"de\",\"potentialAction\":[{\"@type\":\"ReadAction\",\"target\":[\"https:\/\/www.hotelrestart.cz\/pokoje\/pokoj-3\/\"]}]},{\"@type\":\"BreadcrumbList\",\"@id\":\"https:\/\/www.hotelrestart.cz\/pokoje\/pokoj-3\/#breadcrumb\",\"itemListElement\":[{\"@type\":\"ListItem\",\"position\":1,\"name\":\"Home\",\"item\":\"https:\/\/www.hotelrestart.cz\/de\/hotel-restart-jicin-offizielle-website\/\"},{\"@type\":\"ListItem\",\"position\":2,\"name\":\"Zimmer\",\"item\":\"https:\/\/www.hotelrestart.cz\/de\/zimmer\/\"},{\"@type\":\"ListItem\",\"position\":3,\"name\":\"Familienzimmer\"}]},{\"@type\":\"WebSite\",\"@id\":\"https:\/\/www.hotelrestart.cz\/#website\",\"url\":\"https:\/\/www.hotelrestart.cz\/\",\"name\":\"Hotel reSTART\",\"description\":\"4* Hotel v Ji\u010d\u00edn\u011b\",\"potentialAction\":[{\"@type\":\"SearchAction\",\"target\":{\"@type\":\"EntryPoint\",\"urlTemplate\":\"https:\/\/www.hotelrestart.cz\/?s={search_term_string}\"},\"query-input\":\"required name=search_term_string\"}],\"inLanguage\":\"de\"}]}<\/script>\n<!-- \/ Yoast SEO plugin. -->","yoast_head_json":{"title":"Familienzimmer - Hotel reSTART","robots":{"index":"index","follow":"follow","max-snippet":"max-snippet:-1","max-image-preview":"max-image-preview:large","max-video-preview":"max-video-preview:-1"},"canonical":"https:\/\/www.hotelrestart.cz\/pokoje\/pokoj-3\/","og_locale":"de_DE","og_type":"article","og_title":"Familienzimmer - Hotel reSTART","og_description":"[vc_row full_width=&#8221;stretch_row&#8221; content_placement=&#8221;middle&#8221; el_class=&#8221;featured&#8221;][vc_column][vc_column_text] Familienzimmer [\/vc_column_text][\/vc_column][\/vc_row][vc_row][vc_column width=&#8221;1\/2&#8243;][vc_video link=&#8221;https:\/\/vimeo.com\/348362178&#8243;][vc_empty_space][vc_row_inner][vc_column_inner width=&#8221;1\/3&#8243;][vc_column_text]ANZAHL DER ZIMMER : 6[\/vc_column_text][\/vc_column_inner] [vc_column_inner width=&#8221;1\/3&#8243;][vc_column_text]GR\u00d6SSE : 60 m2[\/vc_column_text][\/vc_column_inner][vc_column_inner width=&#8221;1\/3&#8243;][vc_btn title=&#8221;Zimmer buchen&#8221; color=&#8221;default&#8221; align=&#8221;center&#8221; link=&#8221;url:https%3A%2F%2Fwww.hotelrestart.cz%2Fde%2Freservierung%2F&#8221;][\/vc_column_inner][\/vc_row_inner][\/vc_column][vc_column width=&#8221;1\/2&#8243;][vc_column_text]Das m\u00e4rchenhafte","og_url":"https:\/\/www.hotelrestart.cz\/pokoje\/pokoj-3\/","og_site_name":"Hotel reSTART","article_modified_time":"2026-01-28T14:38:50+00:00","og_image":[{"width":317,"height":463,"url":"https:\/\/www.hotelrestart.cz\/wp-content\/uploads\/2020\/08\/Pokoj_rodinny.jpg","type":"image\/jpeg"}],"twitter_card":"summary_large_image","twitter_misc":{"Gesch\u00e4tzte Lesezeit":"2\u00a0Minuten"},"schema":{"@context":"https:\/\/schema.org","@graph":[{"@type":"WebPage","@id":"https:\/\/www.hotelrestart.cz\/pokoje\/pokoj-3\/","url":"https:\/\/www.hotelrestart.cz\/pokoje\/pokoj-3\/","name":"Familienzimmer - Hotel reSTART","isPartOf":{"@id":"https:\/\/www.hotelrestart.cz\/#website"},"datePublished":"2019-06-01T18:23:16+00:00","dateModified":"2026-01-28T14:38:50+00:00","breadcrumb":{"@id":"https:\/\/www.hotelrestart.cz\/pokoje\/pokoj-3\/#breadcrumb"},"inLanguage":"de","potentialAction":[{"@type":"ReadAction","target":["https:\/\/www.hotelrestart.cz\/pokoje\/pokoj-3\/"]}]},{"@type":"BreadcrumbList","@id":"https:\/\/www.hotelrestart.cz\/pokoje\/pokoj-3\/#breadcrumb","itemListElement":[{"@type":"ListItem","position":1,"name":"Home","item":"https:\/\/www.hotelrestart.cz\/de\/hotel-restart-jicin-offizielle-website\/"},{"@type":"ListItem","position":2,"name":"Zimmer","item":"https:\/\/www.hotelrestart.cz\/de\/zimmer\/"},{"@type":"ListItem","position":3,"name":"Familienzimmer"}]},{"@type":"WebSite","@id":"https:\/\/www.hotelrestart.cz\/#website","url":"https:\/\/www.hotelrestart.cz\/","name":"Hotel reSTART","description":"4* Hotel v Ji\u010d\u00edn\u011b","potentialAction":[{"@type":"SearchAction","target":{"@type":"EntryPoint","urlTemplate":"https:\/\/www.hotelrestart.cz\/?s={search_term_string}"},"query-input":"required name=search_term_string"}],"inLanguage":"de"}]}},"_links":{"self":[{"href":"https:\/\/www.hotelrestart.cz\/de\/wp-json\/wp\/v2\/pages\/14219","targetHints":{"allow":["GET"]}}],"collection":[{"href":"https:\/\/www.hotelrestart.cz\/de\/wp-json\/wp\/v2\/pages"}],"about":[{"href":"https:\/\/www.hotelrestart.cz\/de\/wp-json\/wp\/v2\/types\/page"}],"author":[{"embeddable":true,"href":"https:\/\/www.hotelrestart.cz\/de\/wp-json\/wp\/v2\/users\/6"}],"replies":[{"embeddable":true,"href":"https:\/\/www.hotelrestart.cz\/de\/wp-json\/wp\/v2\/comments?post=14219"}],"version-history":[{"count":1,"href":"https:\/\/www.hotelrestart.cz\/de\/wp-json\/wp\/v2\/pages\/14219\/revisions"}],"predecessor-version":[{"id":15616,"href":"https:\/\/www.hotelrestart.cz\/de\/wp-json\/wp\/v2\/pages\/14219\/revisions\/15616"}],"up":[{"embeddable":true,"href":"https:\/\/www.hotelrestart.cz\/de\/wp-json\/wp\/v2\/pages\/13443"}],"wp:featuredmedia":[{"embeddable":true,"href":"https:\/\/www.hotelrestart.cz\/de\/wp-json\/wp\/v2\/media\/14221"}],"wp:attachment":[{"href":"https:\/\/www.hotelrestart.cz\/de\/wp-json\/wp\/v2\/media?parent=14219"}],"wp:term":[{"taxonomy":"category","embeddable":true,"href":"https:\/\/www.hotelrestart.cz\/de\/wp-json\/wp\/v2\/categories?post=14219"},{"taxonomy":"post_tag","embeddable":true,"href":"https:\/\/www.hotelrestart.cz\/de\/wp-json\/wp\/v2\/tags?post=14219"}],"curies":[{"name":"wp","href":"https:\/\/api.w.org\/{rel}","templated":true}]}}