{"id":14210,"date":"2019-06-11T11:05:32","date_gmt":"2019-06-11T09:05:32","guid":{"rendered":"https:\/\/www.hotelrestart.cz\/cookie-richtlinie\/"},"modified":"2019-06-11T11:05:32","modified_gmt":"2019-06-11T09:05:32","slug":"cookie-richtlinie","status":"publish","type":"page","link":"https:\/\/www.hotelrestart.cz\/de\/cookie-richtlinie\/","title":{"rendered":"Cookie-Richtlinie"},"content":{"rendered":"<p><strong>Cookie-Erkl\u00e4rung und M\u00f6glichkeiten zur Unterbindung der Nutzung<\/strong><\/p>\n<p>Wenn Sie weitere Informationen zur Verarbeitung Ihrer personenbezogenen Daten w\u00fcnschen, lesen Sie bitte <strong><a href=\"https:\/\/semtix.cz\/osobni-udaje\/\">die Datenschutzrichtlinie<\/a><\/strong> .<\/p>\n<p><strong>Was sind Cookies?<\/strong><\/p>\n<p>Cookies sind kleine Datendateien, die es besuchten Websites erm\u00f6glichen, sich an Ihre dort vorgenommenen Aktionen und Einstellungen zu erinnern. Bei jedem Besuch der Site sendet der Browser diese in der Datei gespeicherten Daten zur\u00fcck an den Server. Diese kleine Datei wird \u201eCookie\u201c genannt und ist eine kurze Textdatei, die eine bestimmte Zeichenfolge mit eindeutigen Informationen enth\u00e4lt. Wir verwenden Cookies, um die Qualit\u00e4t unserer Dienste sicherzustellen und um besser zu verstehen, wie die Leute unsere Site nutzen. Aus diesem Grund speichern wir Benutzereinstellungen in Cookies und verwenden diese, um Benutzertrends zu verfolgen und das Verhalten der Benutzer auf unseren Websites und deren Navigation zu ermitteln. Von Cookies geht keine Gefahr aus, sie sind jedoch wichtig f\u00fcr den Datenschutz. Cookies k\u00f6nnen nicht dazu verwendet werden, Website-Besucher zu identifizieren oder Anmeldedaten zu missbrauchen.      <\/p>\n<p><strong>Welche Cookies verwenden wir?<\/strong><\/p>\n<p>Auf unseren Websites kommen ausschlie\u00dflich sogenannte \u201eFirst-Party-Cookies\u201c, also Cookies, die ausschlie\u00dflich von unseren Websites verwendet werden (nachfolgend \u201eFirst-Party-Cookies\u201c genannt), und \u201eThird-Party-Cookies\u201c (also Cookies, die von Websites Dritter stammen) zum Einsatz. Wir verwenden Erstanbieter-Cookies, um Benutzereinstellungen und Daten zu speichern, die w\u00e4hrend Ihres Besuchs auf der Website ben\u00f6tigt werden, einschlie\u00dflich der Verfolgung anonymer Statistiken, der Teilnahme an Umfragen, des Wechsels von Mobilger\u00e4ten zur PC-Version der Website und der Anmeldung als registrierter Benutzer. Wir verwenden Cookies von Drittanbietern, um Benutzertrends und Verhaltensmuster zu verfolgen und mit Hilfe von Drittanbietern \u2013 Anbietern von Webstatistiken \u2013 gezielt Werbung zu schalten. Cookies von Drittanbietern, die zum Verfolgen von Trends und Verhaltensmustern verwendet werden, werden nur von unserer Website und dem Webstatistikanbieter verwendet und nicht an andere Drittanbieter weitergegeben.   <\/p>\n<p><strong>Einwilligung zur Speicherung von Cookies<\/strong><\/p>\n<p>Die meisten Browser akzeptieren Cookies automatisch, sofern der Browser nicht anders eingestellt ist. Durch die Nutzung dieser Website stimmen Sie der Speicherung von Cookies zu. <\/p>\n<p><strong>Was tun, wenn Sie der Verwendung von Cookies nicht zustimmen?<\/strong><\/p>\n<p>Sie k\u00f6nnen die Verwendung von Cookies in den Einstellungen Ihres Webbrowsers einschr\u00e4nken oder blockieren. Informationen zu spezifischen Browsereinstellungen finden Sie unter den folgenden Adressen: <\/p>\n<ul>\n<li>Internet Explorer: <a href=\"http:\/\/windows.microsoft.com\/\">windows.microsoft.com<\/a><\/li>\n<li>Google Chrome: <a href=\"http:\/\/support.google.com\/\">support.google.com<\/a><\/li>\n<li>Mozilla Firefox: <a href=\"http:\/\/support.mozilla.org\/\">support.mozilla.org<\/a><\/li>\n<li>Opera: <a href=\"http:\/\/help.opera.com\/\">help.opera.com<\/a><\/li>\n<\/ul>\n","protected":false},"excerpt":{"rendered":"<p>Cookie-Erkl\u00e4rung und M\u00f6glichkeiten zur Unterbindung der Nutzung Wenn Sie weitere Informationen zur Verarbeitung Ihrer personenbezogenen Daten w\u00fcnschen, lesen Sie bitte die Datenschutzrichtlinie . Was sind Cookies?<\/p>\n","protected":false},"author":6,"featured_media":0,"parent":0,"menu_order":0,"comment_status":"closed","ping_status":"closed","template":"","meta":{"footnotes":""},"categories":[],"tags":[],"class_list":["post-14210","page","type-page","status-publish","hentry"],"acf":[],"yoast_head":"<!-- This site is optimized with the Yoast SEO plugin v21.8 - https:\/\/yoast.com\/wordpress\/plugins\/seo\/ -->\n<title>Cookie-Richtlinie - Hotel reSTART<\/title>\n<meta name=\"robots\" content=\"index, follow, max-snippet:-1, max-image-preview:large, max-video-preview:-1\" \/>\n<link rel=\"canonical\" href=\"https:\/\/www.hotelrestart.cz\/cookie-richtlinie\/\" \/>\n<meta property=\"og:locale\" content=\"de_DE\" \/>\n<meta property=\"og:type\" content=\"article\" \/>\n<meta property=\"og:title\" content=\"Cookie-Richtlinie - Hotel reSTART\" \/>\n<meta property=\"og:description\" content=\"Cookie-Erkl\u00e4rung und M\u00f6glichkeiten zur Unterbindung der Nutzung Wenn Sie weitere Informationen zur Verarbeitung Ihrer personenbezogenen Daten w\u00fcnschen, lesen Sie bitte die Datenschutzrichtlinie . Was sind Cookies?\" \/>\n<meta property=\"og:url\" content=\"https:\/\/www.hotelrestart.cz\/cookie-richtlinie\/\" \/>\n<meta property=\"og:site_name\" content=\"Hotel reSTART\" \/>\n<meta name=\"twitter:card\" content=\"summary_large_image\" \/>\n<meta name=\"twitter:label1\" content=\"Gesch\u00e4tzte Lesezeit\" \/>\n\t<meta name=\"twitter:data1\" content=\"2\u00a0Minuten\" \/>\n<script type=\"application\/ld+json\" class=\"yoast-schema-graph\">{\"@context\":\"https:\/\/schema.org\",\"@graph\":[{\"@type\":\"WebPage\",\"@id\":\"https:\/\/www.hotelrestart.cz\/cookie-richtlinie\/\",\"url\":\"https:\/\/www.hotelrestart.cz\/cookie-richtlinie\/\",\"name\":\"Cookie-Richtlinie - Hotel reSTART\",\"isPartOf\":{\"@id\":\"https:\/\/www.hotelrestart.cz\/#website\"},\"datePublished\":\"2019-06-11T09:05:32+00:00\",\"dateModified\":\"2019-06-11T09:05:32+00:00\",\"breadcrumb\":{\"@id\":\"https:\/\/www.hotelrestart.cz\/cookie-richtlinie\/#breadcrumb\"},\"inLanguage\":\"de\",\"potentialAction\":[{\"@type\":\"ReadAction\",\"target\":[\"https:\/\/www.hotelrestart.cz\/cookie-richtlinie\/\"]}]},{\"@type\":\"BreadcrumbList\",\"@id\":\"https:\/\/www.hotelrestart.cz\/cookie-richtlinie\/#breadcrumb\",\"itemListElement\":[{\"@type\":\"ListItem\",\"position\":1,\"name\":\"Home\",\"item\":\"https:\/\/www.hotelrestart.cz\/de\/hotel-restart-jicin-offizielle-website\/\"},{\"@type\":\"ListItem\",\"position\":2,\"name\":\"Cookie-Richtlinie\"}]},{\"@type\":\"WebSite\",\"@id\":\"https:\/\/www.hotelrestart.cz\/#website\",\"url\":\"https:\/\/www.hotelrestart.cz\/\",\"name\":\"Hotel reSTART\",\"description\":\"4* Hotel v Ji\u010d\u00edn\u011b\",\"potentialAction\":[{\"@type\":\"SearchAction\",\"target\":{\"@type\":\"EntryPoint\",\"urlTemplate\":\"https:\/\/www.hotelrestart.cz\/?s={search_term_string}\"},\"query-input\":\"required name=search_term_string\"}],\"inLanguage\":\"de\"}]}<\/script>\n<!-- \/ Yoast SEO plugin. -->","yoast_head_json":{"title":"Cookie-Richtlinie - Hotel reSTART","robots":{"index":"index","follow":"follow","max-snippet":"max-snippet:-1","max-image-preview":"max-image-preview:large","max-video-preview":"max-video-preview:-1"},"canonical":"https:\/\/www.hotelrestart.cz\/cookie-richtlinie\/","og_locale":"de_DE","og_type":"article","og_title":"Cookie-Richtlinie - Hotel reSTART","og_description":"Cookie-Erkl\u00e4rung und M\u00f6glichkeiten zur Unterbindung der Nutzung Wenn Sie weitere Informationen zur Verarbeitung Ihrer personenbezogenen Daten w\u00fcnschen, lesen Sie bitte die Datenschutzrichtlinie . Was sind Cookies?","og_url":"https:\/\/www.hotelrestart.cz\/cookie-richtlinie\/","og_site_name":"Hotel reSTART","twitter_card":"summary_large_image","twitter_misc":{"Gesch\u00e4tzte Lesezeit":"2\u00a0Minuten"},"schema":{"@context":"https:\/\/schema.org","@graph":[{"@type":"WebPage","@id":"https:\/\/www.hotelrestart.cz\/cookie-richtlinie\/","url":"https:\/\/www.hotelrestart.cz\/cookie-richtlinie\/","name":"Cookie-Richtlinie - Hotel reSTART","isPartOf":{"@id":"https:\/\/www.hotelrestart.cz\/#website"},"datePublished":"2019-06-11T09:05:32+00:00","dateModified":"2019-06-11T09:05:32+00:00","breadcrumb":{"@id":"https:\/\/www.hotelrestart.cz\/cookie-richtlinie\/#breadcrumb"},"inLanguage":"de","potentialAction":[{"@type":"ReadAction","target":["https:\/\/www.hotelrestart.cz\/cookie-richtlinie\/"]}]},{"@type":"BreadcrumbList","@id":"https:\/\/www.hotelrestart.cz\/cookie-richtlinie\/#breadcrumb","itemListElement":[{"@type":"ListItem","position":1,"name":"Home","item":"https:\/\/www.hotelrestart.cz\/de\/hotel-restart-jicin-offizielle-website\/"},{"@type":"ListItem","position":2,"name":"Cookie-Richtlinie"}]},{"@type":"WebSite","@id":"https:\/\/www.hotelrestart.cz\/#website","url":"https:\/\/www.hotelrestart.cz\/","name":"Hotel reSTART","description":"4* Hotel v Ji\u010d\u00edn\u011b","potentialAction":[{"@type":"SearchAction","target":{"@type":"EntryPoint","urlTemplate":"https:\/\/www.hotelrestart.cz\/?s={search_term_string}"},"query-input":"required name=search_term_string"}],"inLanguage":"de"}]}},"_links":{"self":[{"href":"https:\/\/www.hotelrestart.cz\/de\/wp-json\/wp\/v2\/pages\/14210","targetHints":{"allow":["GET"]}}],"collection":[{"href":"https:\/\/www.hotelrestart.cz\/de\/wp-json\/wp\/v2\/pages"}],"about":[{"href":"https:\/\/www.hotelrestart.cz\/de\/wp-json\/wp\/v2\/types\/page"}],"author":[{"embeddable":true,"href":"https:\/\/www.hotelrestart.cz\/de\/wp-json\/wp\/v2\/users\/6"}],"replies":[{"embeddable":true,"href":"https:\/\/www.hotelrestart.cz\/de\/wp-json\/wp\/v2\/comments?post=14210"}],"version-history":[{"count":0,"href":"https:\/\/www.hotelrestart.cz\/de\/wp-json\/wp\/v2\/pages\/14210\/revisions"}],"wp:attachment":[{"href":"https:\/\/www.hotelrestart.cz\/de\/wp-json\/wp\/v2\/media?parent=14210"}],"wp:term":[{"taxonomy":"category","embeddable":true,"href":"https:\/\/www.hotelrestart.cz\/de\/wp-json\/wp\/v2\/categories?post=14210"},{"taxonomy":"post_tag","embeddable":true,"href":"https:\/\/www.hotelrestart.cz\/de\/wp-json\/wp\/v2\/tags?post=14210"}],"curies":[{"name":"wp","href":"https:\/\/api.w.org\/{rel}","templated":true}]}}