{"id":14174,"date":"2019-06-11T11:07:18","date_gmt":"2019-06-11T09:07:18","guid":{"rendered":"https:\/\/www.hotelrestart.cz\/datenschutzrichtlinie\/"},"modified":"2019-06-11T11:07:18","modified_gmt":"2019-06-11T09:07:18","slug":"datenschutzrichtlinie","status":"publish","type":"page","link":"https:\/\/www.hotelrestart.cz\/de\/datenschutzrichtlinie\/","title":{"rendered":"Datenschutzrichtlinie"},"content":{"rendered":"<h1 class=\"post-title\">Datenschutzrichtlinie<\/h1>\n<div class=\"social\">Diese Datenschutzrichtlinien gelten f\u00fcr Hotel Start Ji\u010d\u00edn, sro Revolu\u010dn\u00ed 1267 506 01 JI\u010c\u00cdN 1, ID: 27552233, USt-IdNr.: CZ27552233, im Folgenden als HOTEL bezeichnet<\/div>\n<p><strong>Informationen zur Verarbeitung personenbezogener Daten<\/strong><\/p>\n<p>HOTEL verpflichtet sich, die personenbezogenen Daten, die Sie uns zur Verf\u00fcgung stellen, zu sch\u00fctzen. F\u00fcr Sie ist es wichtig zu wissen, dass wir die personenbezogenen Daten, die Sie uns zur Verf\u00fcgung stellen, verantwortungsvoll, transparent und gem\u00e4\u00df der Verordnung (EU) 2016\/679 des Europ\u00e4ischen Parlaments und des Rates verarbeiten. Sie haben das Recht, Auskunft \u00fcber die zu Ihrer Person gespeicherten Daten sowie deren Berichtigung oder L\u00f6schung zu verlangen, sofern diese auf Grundlage Ihrer Einwilligung erfolgen. Wenn eine automatisierte Verarbeitung stattfindet, haben Sie das Recht auf Daten\u00fcbertragbarkeit und darauf, keiner ausschlie\u00dflich auf dieser Entscheidung beruhenden Entscheidung unterworfen zu werden. Bei Fragen und Anliegen zur Verarbeitung Ihrer personenbezogenen Daten k\u00f6nnen Sie sich schriftlich an uns unter der Adresse unseres Firmensitzes wenden.    <\/p>\n<p><strong>Schutz Ihrer pers\u00f6nlichen Daten<\/strong><\/p>\n<p>HOTEL gew\u00e4hrleistet die Sicherheit der pers\u00f6nlichen Daten, die Sie uns zur Verf\u00fcgung stellen. Auf Ihre personenbezogenen Daten, die wir von Ihnen erhalten haben, hat kein Unbefugter Zugriff und wir geben diese ohne Ihre Einwilligung nicht zur weiteren Verarbeitung an andere Stellen weiter, es sei denn, dies ist gesetzlich vorgeschrieben oder dient der Wahrung unserer rechtlichen Interessen. <\/p>\n<p><strong>Auskunftsrecht<\/strong><\/p>\n<p>Sie haben das Recht, von der HOTEL Company Auskunft dar\u00fcber zu verlangen, welche personenbezogenen Daten wir \u00fcber Sie in welchem \u200b\u200bUmfang und zu welchem \u200b\u200bZweck verarbeiten. Diese Auskunft stellen wir Ihnen innerhalb von 30 Tagen, in Ausnahmef\u00e4llen sp\u00e4testens innerhalb von 90 Tagen, kostenlos zur Verf\u00fcgung. \u00dcber eine etwaige Fristverl\u00e4ngerung in Ausnahmef\u00e4llen werden wir Sie rechtzeitig informieren. Wenn Sie die Offenlegung von Informationen verlangen, die wir \u00fcber Sie gespeichert haben, m\u00fcssen wir zun\u00e4chst \u00fcberpr\u00fcfen, ob Sie tats\u00e4chlich die Person sind, der diese Informationen geh\u00f6ren. Bitte legen Sie Ihrer Bewerbung ausreichende Identifikationsmerkmale bei. Gegebenenfalls sind wir berechtigt, zus\u00e4tzliche Informationen zu Ihrer Identifizierung anzufordern, bevor wir Ihnen die personenbezogenen Daten, die wir \u00fcber Sie verarbeiten, zur Verf\u00fcgung stellen. Wir haben das Recht, Informationsanfragen, die unbegr\u00fcndet sind oder sich unangemessen oft wiederholen oder deren Beschaffung einen unverh\u00e4ltnism\u00e4\u00dfigen Aufwand erfordern w\u00fcrde oder schwierig w\u00e4re (typischerweise aus Backups, Archiven usw.), in angemessener Weise abzulehnen.      <\/p>\n<p><strong>Recht auf Daten\u00fcbertragbarkeit<\/strong><\/p>\n<p>Sie haben das Recht, die von uns \u00fcber Sie gespeicherten personenbezogenen Daten in einem strukturierten, allgemein verwendeten und maschinenlesbaren Format zu erhalten. Auf Ihren Wunsch k\u00f6nnen diese Daten an einen anderen Administrator \u00fcbertragen werden. <\/p>\n<p><strong>Datenaktualisierung, Recht auf Berichtigung<\/strong><\/p>\n<p>Da sich personenbezogene Daten im Laufe der Zeit \u00e4ndern k\u00f6nnen (beispielsweise eine \u00c4nderung des Nachnamens), w\u00fcrden wir uns freuen, wenn Sie uns \u00fcber etwaige \u00c4nderungen informieren, damit wir Ihre personenbezogenen Daten aktuell halten und Fehler vermeiden k\u00f6nnen. Die Bereitstellung von Informationen \u00fcber \u00c4nderungen Ihrer Daten ist f\u00fcr uns unerl\u00e4sslich, um unsere T\u00e4tigkeit als Administrator ordnungsgem\u00e4\u00df ausf\u00fchren zu k\u00f6nnen. Hierzu geh\u00f6rt auch Ihr Recht auf Berichtigung der von uns \u00fcber Sie gespeicherten personenbezogenen Daten. Sollten Sie feststellen, dass unsere Daten nicht mehr aktuell sind, haben Sie das Recht, deren Berichtigung zu verlangen. Sie k\u00f6nnen Ihre Daten nach dem Einloggen auf dieser Website \u00fcberpr\u00fcfen oder \u00e4ndern. Bei Unklarheiten k\u00f6nnen Sie uns gerne \u00fcber das Kontaktformular kontaktieren.     <\/p>\n<p><strong>Einw\u00e4nde<\/strong><\/p>\n<p>Wenn Sie der Meinung sind, dass wir Ihre personenbezogenen Daten nicht in \u00dcbereinstimmung mit der geltenden tschechischen und EU-Gesetzgebung verarbeiten, haben Sie das Recht, Einspruch einzulegen. Anschlie\u00dfend \u00fcberpr\u00fcfen wir die Rechtm\u00e4\u00dfigkeit Ihres Antrags. Im Zeitpunkt des Widerspruchs wird die Verarbeitung Ihrer personenbezogenen Daten eingeschr\u00e4nkt, bis gepr\u00fcft ist, ob der Widerspruch berechtigt ist. Wir informieren Sie dar\u00fcber, dass Sie auch das Recht haben, der Verarbeitung personenbezogener Daten, die wir \u00fcber Sie verarbeiten, bei der zust\u00e4ndigen Aufsichtsbeh\u00f6rde f\u00fcr den Schutz personenbezogener Daten unter der folgenden Adresse zu widersprechen: Amt f\u00fcr den Schutz personenbezogener Daten, Pplk. Sochora 27 170 00 Prag 7.   <\/p>\n<p><strong>Recht auf Einschr\u00e4nkung der Verarbeitung<\/strong><\/p>\n<p>Sie haben das Recht, die Verarbeitung Ihrer personenbezogenen Daten einzuschr\u00e4nken, wenn Sie der Meinung sind, dass die so erfassten Daten unrichtig sind oder wir diese unrechtm\u00e4\u00dfig verarbeiten und wenn Sie der Ansicht sind, dass wir diese Daten f\u00fcr die Zwecke der Verarbeitung nicht mehr ben\u00f6tigen.<\/p>\n<p><strong>Recht auf L\u00f6schung<\/strong><\/p>\n<p>Wenn Sie uns einmal eine Einwilligung zur Verarbeitung Ihrer personenbezogenen Daten erteilt haben, haben Sie das Recht, diese jederzeit zu widerrufen und wir sind verpflichtet, Daten zu l\u00f6schen, die wir ausschlie\u00dflich auf Grundlage Ihrer Einwilligung verarbeiten. Das Recht auf L\u00f6schung besteht nicht f\u00fcr Daten, die im Rahmen der Pflicht zur Vertragserf\u00fcllung, aus rechtlichen Gr\u00fcnden oder aufgrund berechtigter Interessen verarbeitet werden. <\/p>\n<p><strong>Wohin k\u00f6nnen Sie sich wenden?<\/strong><\/p>\n<p>Sie k\u00f6nnen sich mit Ihren Fragen zum Thema Datenschutz auch \u00fcber das Kontaktformular oder unter der im Impressum angegebenen Kontaktadresse an uns wenden.<\/p>\n<p><strong>Kontaktformular<\/strong><\/p>\n<p>Wenn Sie uns \u00fcber ein Webformular kontaktieren, speichern wir einige grundlegende Informationen. Diese sind: <\/p>\n<p><strong>*<\/strong> Name<br \/>\n<strong>* E<\/strong> -Mail-Adresse<br \/>\n<strong>*<\/strong> Lieferzeit<br \/>\n<strong>*<\/strong> IP-Adresse<\/p>\n<p>Die angegebenen Daten ben\u00f6tigen wir zur R\u00fcckkontaktaufnahme und zur Dokumentation der Herkunft der Mitteilung im Sinne der Verordnung (EU) 2016\/679 des Europ\u00e4ischen Parlaments und des Rates.<\/p>\n<p><strong>Websites<\/strong><\/p>\n<p>Wenn Sie auf unsere Website zugreifen und diese durchsuchen, verarbeiten wir die folgenden Protokolldateien und speichern diese auf unseren Servern. Zu den von uns gespeicherten Informationen geh\u00f6ren: <\/p>\n<ul>\n<li>Ihre IP-Adresse<\/li>\n<li>Zeitpunkt Ihres Besuchs<\/li>\n<li>\u00d6ffnen Sie Seiten unserer Website<\/li>\n<li>HTTP-Antwortcode<\/li>\n<li>Identifizierung Ihres Browsers<\/li>\n<li>Konvertierungsinformationen (Formularausf\u00fcllung, Bestellung, E-Mail-Klick, Anruf)<\/li>\n<\/ul>\n<p>Wir verarbeiten diese Informationen ausschlie\u00dflich zum Zwecke unserer Rechtsabsicherung und zur Messung der Website-Performance f\u00fcr maximal 10 Jahre.<\/p>\n<p>Wenn Sie unsere Website besuchen, werden Sie dar\u00fcber informiert, dass wir Cookies verwenden. Weitere Informationen finden Sie in der <strong><a href=\"https:\/\/www.hotelrestart.cz\/cookie-policy\/\">Cookie-Erkl\u00e4rung und den Opt-Out-Optionen<\/a><\/strong> . <\/p>\n","protected":false},"excerpt":{"rendered":"<p>Datenschutzrichtlinie Diese Datenschutzrichtlinien gelten f\u00fcr Hotel Start Ji\u010d\u00edn, sro Revolu\u010dn\u00ed 1267 506 01 JI\u010c\u00cdN 1, ID: 27552233, USt-IdNr.: CZ27552233, im Folgenden als HOTEL bezeichnet Informationen zur<\/p>\n","protected":false},"author":6,"featured_media":0,"parent":0,"menu_order":0,"comment_status":"closed","ping_status":"closed","template":"","meta":{"footnotes":""},"categories":[],"tags":[],"class_list":["post-14174","page","type-page","status-publish","hentry"],"acf":[],"yoast_head":"<!-- This site is optimized with the Yoast SEO plugin v21.8 - https:\/\/yoast.com\/wordpress\/plugins\/seo\/ -->\n<title>Datenschutzrichtlinie - Hotel reSTART<\/title>\n<meta name=\"robots\" content=\"index, follow, max-snippet:-1, max-image-preview:large, max-video-preview:-1\" \/>\n<link rel=\"canonical\" href=\"https:\/\/www.hotelrestart.cz\/de\/datenschutzrichtlinie\/\" \/>\n<meta property=\"og:locale\" content=\"de_DE\" \/>\n<meta property=\"og:type\" content=\"article\" \/>\n<meta property=\"og:title\" content=\"Datenschutzrichtlinie - Hotel reSTART\" \/>\n<meta property=\"og:description\" content=\"Datenschutzrichtlinie Diese Datenschutzrichtlinien gelten f\u00fcr Hotel Start Ji\u010d\u00edn, sro Revolu\u010dn\u00ed 1267 506 01 JI\u010c\u00cdN 1, ID: 27552233, USt-IdNr.: CZ27552233, im Folgenden als HOTEL bezeichnet Informationen zur\" \/>\n<meta property=\"og:url\" content=\"https:\/\/www.hotelrestart.cz\/de\/datenschutzrichtlinie\/\" \/>\n<meta property=\"og:site_name\" content=\"Hotel reSTART\" \/>\n<meta name=\"twitter:card\" content=\"summary_large_image\" \/>\n<meta name=\"twitter:label1\" content=\"Gesch\u00e4tzte Lesezeit\" \/>\n\t<meta name=\"twitter:data1\" content=\"5\u00a0Minuten\" \/>\n<script type=\"application\/ld+json\" class=\"yoast-schema-graph\">{\"@context\":\"https:\/\/schema.org\",\"@graph\":[{\"@type\":\"WebPage\",\"@id\":\"https:\/\/www.hotelrestart.cz\/de\/datenschutzrichtlinie\/\",\"url\":\"https:\/\/www.hotelrestart.cz\/de\/datenschutzrichtlinie\/\",\"name\":\"Datenschutzrichtlinie - Hotel reSTART\",\"isPartOf\":{\"@id\":\"https:\/\/www.hotelrestart.cz\/#website\"},\"datePublished\":\"2019-06-11T09:07:18+00:00\",\"dateModified\":\"2019-06-11T09:07:18+00:00\",\"breadcrumb\":{\"@id\":\"https:\/\/www.hotelrestart.cz\/de\/datenschutzrichtlinie\/#breadcrumb\"},\"inLanguage\":\"de\",\"potentialAction\":[{\"@type\":\"ReadAction\",\"target\":[\"https:\/\/www.hotelrestart.cz\/de\/datenschutzrichtlinie\/\"]}]},{\"@type\":\"BreadcrumbList\",\"@id\":\"https:\/\/www.hotelrestart.cz\/de\/datenschutzrichtlinie\/#breadcrumb\",\"itemListElement\":[{\"@type\":\"ListItem\",\"position\":1,\"name\":\"Home\",\"item\":\"https:\/\/www.hotelrestart.cz\/de\/hotel-restart-jicin-offizielle-website\/\"},{\"@type\":\"ListItem\",\"position\":2,\"name\":\"Datenschutzrichtlinie\"}]},{\"@type\":\"WebSite\",\"@id\":\"https:\/\/www.hotelrestart.cz\/#website\",\"url\":\"https:\/\/www.hotelrestart.cz\/\",\"name\":\"Hotel reSTART\",\"description\":\"4* Hotel v Ji\u010d\u00edn\u011b\",\"potentialAction\":[{\"@type\":\"SearchAction\",\"target\":{\"@type\":\"EntryPoint\",\"urlTemplate\":\"https:\/\/www.hotelrestart.cz\/?s={search_term_string}\"},\"query-input\":\"required name=search_term_string\"}],\"inLanguage\":\"de\"}]}<\/script>\n<!-- \/ Yoast SEO plugin. -->","yoast_head_json":{"title":"Datenschutzrichtlinie - Hotel reSTART","robots":{"index":"index","follow":"follow","max-snippet":"max-snippet:-1","max-image-preview":"max-image-preview:large","max-video-preview":"max-video-preview:-1"},"canonical":"https:\/\/www.hotelrestart.cz\/de\/datenschutzrichtlinie\/","og_locale":"de_DE","og_type":"article","og_title":"Datenschutzrichtlinie - Hotel reSTART","og_description":"Datenschutzrichtlinie Diese Datenschutzrichtlinien gelten f\u00fcr Hotel Start Ji\u010d\u00edn, sro Revolu\u010dn\u00ed 1267 506 01 JI\u010c\u00cdN 1, ID: 27552233, USt-IdNr.: CZ27552233, im Folgenden als HOTEL bezeichnet Informationen zur","og_url":"https:\/\/www.hotelrestart.cz\/de\/datenschutzrichtlinie\/","og_site_name":"Hotel reSTART","twitter_card":"summary_large_image","twitter_misc":{"Gesch\u00e4tzte Lesezeit":"5\u00a0Minuten"},"schema":{"@context":"https:\/\/schema.org","@graph":[{"@type":"WebPage","@id":"https:\/\/www.hotelrestart.cz\/de\/datenschutzrichtlinie\/","url":"https:\/\/www.hotelrestart.cz\/de\/datenschutzrichtlinie\/","name":"Datenschutzrichtlinie - Hotel reSTART","isPartOf":{"@id":"https:\/\/www.hotelrestart.cz\/#website"},"datePublished":"2019-06-11T09:07:18+00:00","dateModified":"2019-06-11T09:07:18+00:00","breadcrumb":{"@id":"https:\/\/www.hotelrestart.cz\/de\/datenschutzrichtlinie\/#breadcrumb"},"inLanguage":"de","potentialAction":[{"@type":"ReadAction","target":["https:\/\/www.hotelrestart.cz\/de\/datenschutzrichtlinie\/"]}]},{"@type":"BreadcrumbList","@id":"https:\/\/www.hotelrestart.cz\/de\/datenschutzrichtlinie\/#breadcrumb","itemListElement":[{"@type":"ListItem","position":1,"name":"Home","item":"https:\/\/www.hotelrestart.cz\/de\/hotel-restart-jicin-offizielle-website\/"},{"@type":"ListItem","position":2,"name":"Datenschutzrichtlinie"}]},{"@type":"WebSite","@id":"https:\/\/www.hotelrestart.cz\/#website","url":"https:\/\/www.hotelrestart.cz\/","name":"Hotel reSTART","description":"4* Hotel v Ji\u010d\u00edn\u011b","potentialAction":[{"@type":"SearchAction","target":{"@type":"EntryPoint","urlTemplate":"https:\/\/www.hotelrestart.cz\/?s={search_term_string}"},"query-input":"required name=search_term_string"}],"inLanguage":"de"}]}},"_links":{"self":[{"href":"https:\/\/www.hotelrestart.cz\/de\/wp-json\/wp\/v2\/pages\/14174","targetHints":{"allow":["GET"]}}],"collection":[{"href":"https:\/\/www.hotelrestart.cz\/de\/wp-json\/wp\/v2\/pages"}],"about":[{"href":"https:\/\/www.hotelrestart.cz\/de\/wp-json\/wp\/v2\/types\/page"}],"author":[{"embeddable":true,"href":"https:\/\/www.hotelrestart.cz\/de\/wp-json\/wp\/v2\/users\/6"}],"replies":[{"embeddable":true,"href":"https:\/\/www.hotelrestart.cz\/de\/wp-json\/wp\/v2\/comments?post=14174"}],"version-history":[{"count":0,"href":"https:\/\/www.hotelrestart.cz\/de\/wp-json\/wp\/v2\/pages\/14174\/revisions"}],"wp:attachment":[{"href":"https:\/\/www.hotelrestart.cz\/de\/wp-json\/wp\/v2\/media?parent=14174"}],"wp:term":[{"taxonomy":"category","embeddable":true,"href":"https:\/\/www.hotelrestart.cz\/de\/wp-json\/wp\/v2\/categories?post=14174"},{"taxonomy":"post_tag","embeddable":true,"href":"https:\/\/www.hotelrestart.cz\/de\/wp-json\/wp\/v2\/tags?post=14174"}],"curies":[{"name":"wp","href":"https:\/\/api.w.org\/{rel}","templated":true}]}}