{"id":13905,"date":"2019-05-15T12:52:05","date_gmt":"2019-05-15T10:52:05","guid":{"rendered":"https:\/\/www.hotelrestart.cz\/reservierung\/"},"modified":"2026-01-28T15:31:14","modified_gmt":"2026-01-28T14:31:14","slug":"reservierung","status":"publish","type":"page","link":"https:\/\/www.hotelrestart.cz\/de\/reservierung\/","title":{"rendered":"Reservierung"},"content":{"rendered":"<div class=\"wpb-content-wrapper\"><p>[vc_row el_class=&#8221;xbook&#8221;][vc_column][vc_column_text]<script type=\"module\" src=\"https:\/\/v4.bookoloengine.com\/index.min.js\"><\/script><bookolosystem-engine apikey=\"8i140v1bnm\" lang=\"de\" currency=\"EUR\"><\/bookolosystem-engine>[\/vc_column_text][\/vc_column][\/vc_row]<\/p>\n<\/div>","protected":false},"excerpt":{"rendered":"<p>[vc_row el_class=&#8221;xbook&#8221;][vc_column][vc_column_text][\/vc_column_text][\/vc_column][\/vc_row]<\/p>\n","protected":false},"author":6,"featured_media":0,"parent":0,"menu_order":0,"comment_status":"closed","ping_status":"closed","template":"","meta":{"footnotes":""},"categories":[],"tags":[],"class_list":["post-13905","page","type-page","status-publish","hentry"],"acf":[],"yoast_head":"<!-- This site is optimized with the Yoast SEO plugin v21.8 - https:\/\/yoast.com\/wordpress\/plugins\/seo\/ -->\n<title>Reservierung - Hotel reSTART<\/title>\n<meta name=\"robots\" content=\"index, follow, max-snippet:-1, max-image-preview:large, max-video-preview:-1\" \/>\n<link rel=\"canonical\" href=\"https:\/\/www.hotelrestart.cz\/rezervace\/\" \/>\n<meta property=\"og:locale\" content=\"de_DE\" \/>\n<meta property=\"og:type\" content=\"article\" \/>\n<meta property=\"og:title\" content=\"Reservierung - Hotel reSTART\" \/>\n<meta property=\"og:description\" content=\"[vc_row el_class=&#8221;xbook&#8221;][vc_column][vc_column_text][\/vc_column_text][\/vc_column][\/vc_row]\" \/>\n<meta property=\"og:url\" content=\"https:\/\/www.hotelrestart.cz\/rezervace\/\" \/>\n<meta property=\"og:site_name\" content=\"Hotel reSTART\" \/>\n<meta property=\"article:modified_time\" content=\"2026-01-28T14:31:14+00:00\" \/>\n<meta name=\"twitter:card\" content=\"summary_large_image\" \/>\n<script type=\"application\/ld+json\" class=\"yoast-schema-graph\">{\"@context\":\"https:\/\/schema.org\",\"@graph\":[{\"@type\":\"WebPage\",\"@id\":\"https:\/\/www.hotelrestart.cz\/rezervace\/\",\"url\":\"https:\/\/www.hotelrestart.cz\/rezervace\/\",\"name\":\"Reservierung - Hotel reSTART\",\"isPartOf\":{\"@id\":\"https:\/\/www.hotelrestart.cz\/#website\"},\"datePublished\":\"2019-05-15T10:52:05+00:00\",\"dateModified\":\"2026-01-28T14:31:14+00:00\",\"breadcrumb\":{\"@id\":\"https:\/\/www.hotelrestart.cz\/rezervace\/#breadcrumb\"},\"inLanguage\":\"de\",\"potentialAction\":[{\"@type\":\"ReadAction\",\"target\":[\"https:\/\/www.hotelrestart.cz\/rezervace\/\"]}]},{\"@type\":\"BreadcrumbList\",\"@id\":\"https:\/\/www.hotelrestart.cz\/rezervace\/#breadcrumb\",\"itemListElement\":[{\"@type\":\"ListItem\",\"position\":1,\"name\":\"Home\",\"item\":\"https:\/\/www.hotelrestart.cz\/de\/hotel-restart-jicin-offizielle-website\/\"},{\"@type\":\"ListItem\",\"position\":2,\"name\":\"Reservierung\"}]},{\"@type\":\"WebSite\",\"@id\":\"https:\/\/www.hotelrestart.cz\/#website\",\"url\":\"https:\/\/www.hotelrestart.cz\/\",\"name\":\"Hotel reSTART\",\"description\":\"4* Hotel v Ji\u010d\u00edn\u011b\",\"potentialAction\":[{\"@type\":\"SearchAction\",\"target\":{\"@type\":\"EntryPoint\",\"urlTemplate\":\"https:\/\/www.hotelrestart.cz\/?s={search_term_string}\"},\"query-input\":\"required name=search_term_string\"}],\"inLanguage\":\"de\"}]}<\/script>\n<!-- \/ Yoast SEO plugin. -->","yoast_head_json":{"title":"Reservierung - Hotel reSTART","robots":{"index":"index","follow":"follow","max-snippet":"max-snippet:-1","max-image-preview":"max-image-preview:large","max-video-preview":"max-video-preview:-1"},"canonical":"https:\/\/www.hotelrestart.cz\/rezervace\/","og_locale":"de_DE","og_type":"article","og_title":"Reservierung - Hotel reSTART","og_description":"[vc_row el_class=&#8221;xbook&#8221;][vc_column][vc_column_text][\/vc_column_text][\/vc_column][\/vc_row]","og_url":"https:\/\/www.hotelrestart.cz\/rezervace\/","og_site_name":"Hotel reSTART","article_modified_time":"2026-01-28T14:31:14+00:00","twitter_card":"summary_large_image","schema":{"@context":"https:\/\/schema.org","@graph":[{"@type":"WebPage","@id":"https:\/\/www.hotelrestart.cz\/rezervace\/","url":"https:\/\/www.hotelrestart.cz\/rezervace\/","name":"Reservierung - Hotel reSTART","isPartOf":{"@id":"https:\/\/www.hotelrestart.cz\/#website"},"datePublished":"2019-05-15T10:52:05+00:00","dateModified":"2026-01-28T14:31:14+00:00","breadcrumb":{"@id":"https:\/\/www.hotelrestart.cz\/rezervace\/#breadcrumb"},"inLanguage":"de","potentialAction":[{"@type":"ReadAction","target":["https:\/\/www.hotelrestart.cz\/rezervace\/"]}]},{"@type":"BreadcrumbList","@id":"https:\/\/www.hotelrestart.cz\/rezervace\/#breadcrumb","itemListElement":[{"@type":"ListItem","position":1,"name":"Home","item":"https:\/\/www.hotelrestart.cz\/de\/hotel-restart-jicin-offizielle-website\/"},{"@type":"ListItem","position":2,"name":"Reservierung"}]},{"@type":"WebSite","@id":"https:\/\/www.hotelrestart.cz\/#website","url":"https:\/\/www.hotelrestart.cz\/","name":"Hotel reSTART","description":"4* Hotel v Ji\u010d\u00edn\u011b","potentialAction":[{"@type":"SearchAction","target":{"@type":"EntryPoint","urlTemplate":"https:\/\/www.hotelrestart.cz\/?s={search_term_string}"},"query-input":"required name=search_term_string"}],"inLanguage":"de"}]}},"_links":{"self":[{"href":"https:\/\/www.hotelrestart.cz\/de\/wp-json\/wp\/v2\/pages\/13905","targetHints":{"allow":["GET"]}}],"collection":[{"href":"https:\/\/www.hotelrestart.cz\/de\/wp-json\/wp\/v2\/pages"}],"about":[{"href":"https:\/\/www.hotelrestart.cz\/de\/wp-json\/wp\/v2\/types\/page"}],"author":[{"embeddable":true,"href":"https:\/\/www.hotelrestart.cz\/de\/wp-json\/wp\/v2\/users\/6"}],"replies":[{"embeddable":true,"href":"https:\/\/www.hotelrestart.cz\/de\/wp-json\/wp\/v2\/comments?post=13905"}],"version-history":[{"count":1,"href":"https:\/\/www.hotelrestart.cz\/de\/wp-json\/wp\/v2\/pages\/13905\/revisions"}],"predecessor-version":[{"id":15597,"href":"https:\/\/www.hotelrestart.cz\/de\/wp-json\/wp\/v2\/pages\/13905\/revisions\/15597"}],"wp:attachment":[{"href":"https:\/\/www.hotelrestart.cz\/de\/wp-json\/wp\/v2\/media?parent=13905"}],"wp:term":[{"taxonomy":"category","embeddable":true,"href":"https:\/\/www.hotelrestart.cz\/de\/wp-json\/wp\/v2\/categories?post=13905"},{"taxonomy":"post_tag","embeddable":true,"href":"https:\/\/www.hotelrestart.cz\/de\/wp-json\/wp\/v2\/tags?post=13905"}],"curies":[{"name":"wp","href":"https:\/\/api.w.org\/{rel}","templated":true}]}}