{"id":13893,"date":"2019-05-15T12:53:36","date_gmt":"2019-05-15T10:53:36","guid":{"rendered":"https:\/\/www.hotelrestart.cz\/ueber-das-hotel\/"},"modified":"2019-05-15T12:53:36","modified_gmt":"2019-05-15T10:53:36","slug":"ueber-das-hotel","status":"publish","type":"page","link":"https:\/\/www.hotelrestart.cz\/de\/ueber-das-hotel\/","title":{"rendered":"\u00dcber das Hotel"},"content":{"rendered":"<div class=\"wpb-content-wrapper\"><p>[vc_row full_width=&#8221;stretch_row&#8221; el_class=&#8221;featured&#8221; css=&#8221;.vc_custom_1598968700546{background-image: url(https:\/\/www.hotelrestart.cz\/wp-content\/uploads\/2020\/09\/O_hotelu.jpg?id=9101) !important;background-position: center !important;background-repeat: no-repeat !important;background-size: cover !important;}&#8221;][vc_column][vc_column_text]<\/p>\n<h1>\u00dcber das Hotel<\/h1>\n<p>[\/vc_column_text][\/vc_column][\/vc_row][vc_row][vc_column]<div id=\"mpc_grid_posts_5969e0517d6e3a6\" class=\"mpc-grid-posts mpc-init mpc-init mpc-transition mpc-overlay--fade mpc-item--fade mpc-layout--style_1  \"  data-grid-cols=\"2\"><div class=\"mpc-grid-sizer\"><\/div><div onclick=\"\" class=\"mpc-post\"><div class=\"mpc-post__wrapper\"><div class=\"mpc-post__thumbnail\" data-mpc_src=\"https:\/\/www.hotelrestart.cz\/wp-content\/uploads\/2019\/12\/untitled-pokoje-edit-36-1024x683.jpg\" data-mpc_link=\"https:\/\/www.hotelrestart.cz\/de\/ueber-das-hotel\/fotogalerie\/\"><div class=\"mpc-post__overlay mpc-transition\"><div class=\"mpc-post--vertical-wrap\"><div class=\"mpc-post--vertical\" data-mpc_link=\"https:\/\/www.hotelrestart.cz\/de\/ueber-das-hotel\/fotogalerie\/\"><a href=\"https:\/\/www.hotelrestart.cz\/de\/ueber-das-hotel\/fotogalerie\/\" title=\"Read more about Fotogalerie\" class=\"mpc-icon-anchor\"><\/a><a href=\"https:\/\/www.hotelrestart.cz\/wp-content\/uploads\/2019\/12\/untitled-pokoje-edit-36.jpg\" title=\"Fotogalerie\" class=\"mpc-lightbox mpc-icon-anchor mpc-magnific-popup\"><\/a><div class=\"mpc-post__content mpc-transition\"><h3 class=\"mpc-post__heading mpc-transition mpc-text-overflow\"><a href=\"https:\/\/www.hotelrestart.cz\/de\/ueber-das-hotel\/fotogalerie\/\" title=\"Fotogalerie\">Fotogalerie<\/a><\/h3><div class=\"mpc-post__meta mpc-transition\"><span class=\"mpc-post__date\">on <a href=\"https:\/\/www.hotelrestart.cz\/de\/2015\/02\/09\/\"><span class=\"mpc-date__inline\">09 Februar 2015<\/span><\/a><\/span>, <span class=\"mpc-post__tax\">in <a href=\"https:\/\/www.hotelrestart.cz\/de\/category\/uber-das-hotel-cs\/\" rel=\"category tag\">\u00dcber das Hotel CS<\/a><\/span><\/div><\/div><\/div><\/div><\/div><\/div><div class=\"mpc-post__content mpc-transition\"><h3 class=\"mpc-post__heading mpc-transition mpc-text-overflow\"><a href=\"https:\/\/www.hotelrestart.cz\/de\/ueber-das-hotel\/fotogalerie\/\" title=\"Fotogalerie\">Fotogalerie<\/a><\/h3><div class=\"mpc-post__meta mpc-transition\"><span class=\"mpc-post__date\">on <a href=\"https:\/\/www.hotelrestart.cz\/de\/2015\/02\/09\/\"><span class=\"mpc-date__inline\">09 Februar 2015<\/span><\/a><\/span>, <span class=\"mpc-post__tax\">in <a href=\"https:\/\/www.hotelrestart.cz\/de\/category\/uber-das-hotel-cs\/\" rel=\"category tag\">\u00dcber das Hotel CS<\/a><\/span><\/div><\/div><\/div><\/div><div onclick=\"\" class=\"mpc-post\"><div class=\"mpc-post__wrapper\"><div class=\"mpc-post__thumbnail\" data-mpc_src=\"https:\/\/www.hotelrestart.cz\/wp-content\/uploads\/2018\/12\/Image00031.jpg\" data-mpc_link=\"https:\/\/www.hotelrestart.cz\/de\/ueber-das-hotel\/geschichte-des-restart-hotels\/\"><div class=\"mpc-post__overlay mpc-transition\"><div class=\"mpc-post--vertical-wrap\"><div class=\"mpc-post--vertical\" data-mpc_link=\"https:\/\/www.hotelrestart.cz\/de\/ueber-das-hotel\/geschichte-des-restart-hotels\/\"><a href=\"https:\/\/www.hotelrestart.cz\/de\/ueber-das-hotel\/geschichte-des-restart-hotels\/\" title=\"Read more about Geschichte des reSTART Hotels\" class=\"mpc-icon-anchor\"><\/a><a href=\"https:\/\/www.hotelrestart.cz\/wp-content\/uploads\/2018\/12\/Image00031.jpg\" title=\"Geschichte des reSTART Hotels\" class=\"mpc-lightbox mpc-icon-anchor mpc-magnific-popup\"><\/a><div class=\"mpc-post__content mpc-transition\"><h3 class=\"mpc-post__heading mpc-transition mpc-text-overflow\"><a href=\"https:\/\/www.hotelrestart.cz\/de\/ueber-das-hotel\/geschichte-des-restart-hotels\/\" title=\"Geschichte des reSTART Hotels\">Geschichte des reSTART Hotels<\/a><\/h3><div class=\"mpc-post__meta mpc-transition\"><span class=\"mpc-post__date\">on <a href=\"https:\/\/www.hotelrestart.cz\/de\/2019\/06\/01\/\"><span class=\"mpc-date__inline\">01 Juni 2019<\/span><\/a><\/span>, <span class=\"mpc-post__tax\">in <a href=\"https:\/\/www.hotelrestart.cz\/de\/category\/uber-das-hotel-cs\/\" rel=\"category tag\">\u00dcber das Hotel CS<\/a><\/span><\/div><\/div><\/div><\/div><\/div><\/div><div class=\"mpc-post__content mpc-transition\"><h3 class=\"mpc-post__heading mpc-transition mpc-text-overflow\"><a href=\"https:\/\/www.hotelrestart.cz\/de\/ueber-das-hotel\/geschichte-des-restart-hotels\/\" title=\"Geschichte des reSTART Hotels\">Geschichte des reSTART Hotels<\/a><\/h3><div class=\"mpc-post__meta mpc-transition\"><span class=\"mpc-post__date\">on <a href=\"https:\/\/www.hotelrestart.cz\/de\/2019\/06\/01\/\"><span class=\"mpc-date__inline\">01 Juni 2019<\/span><\/a><\/span>, <span class=\"mpc-post__tax\">in <a href=\"https:\/\/www.hotelrestart.cz\/de\/category\/uber-das-hotel-cs\/\" rel=\"category tag\">\u00dcber das Hotel CS<\/a><\/span><\/div><\/div><\/div><\/div><div onclick=\"\" class=\"mpc-post\"><div class=\"mpc-post__wrapper\"><div class=\"mpc-post__thumbnail\" data-mpc_src=\"https:\/\/www.hotelrestart.cz\/wp-content\/uploads\/2020\/01\/2020-01-17asfsdfgf-1024x683.jpg\" data-mpc_link=\"https:\/\/www.hotelrestart.cz\/de\/ueber-das-hotel\/hoteldienstleistungen\/\"><div class=\"mpc-post__overlay mpc-transition\"><div class=\"mpc-post--vertical-wrap\"><div class=\"mpc-post--vertical\" data-mpc_link=\"https:\/\/www.hotelrestart.cz\/de\/ueber-das-hotel\/hoteldienstleistungen\/\"><a href=\"https:\/\/www.hotelrestart.cz\/de\/ueber-das-hotel\/hoteldienstleistungen\/\" title=\"Read more about Hoteldienstleistungen\" class=\"mpc-icon-anchor\"><\/a><a href=\"https:\/\/www.hotelrestart.cz\/wp-content\/uploads\/2020\/01\/2020-01-17asfsdfgf.jpg\" title=\"Hoteldienstleistungen\" class=\"mpc-lightbox mpc-icon-anchor mpc-magnific-popup\"><\/a><div class=\"mpc-post__content mpc-transition\"><h3 class=\"mpc-post__heading mpc-transition mpc-text-overflow\"><a href=\"https:\/\/www.hotelrestart.cz\/de\/ueber-das-hotel\/hoteldienstleistungen\/\" title=\"Hoteldienstleistungen\">Hoteldienstleistungen<\/a><\/h3><div class=\"mpc-post__meta mpc-transition\"><span class=\"mpc-post__date\">on <a href=\"https:\/\/www.hotelrestart.cz\/de\/2019\/05\/31\/\"><span class=\"mpc-date__inline\">31 Mai 2019<\/span><\/a><\/span>, <span class=\"mpc-post__tax\">in <a href=\"https:\/\/www.hotelrestart.cz\/de\/category\/uber-das-hotel-cs\/\" rel=\"category tag\">\u00dcber das Hotel CS<\/a><\/span><\/div><\/div><\/div><\/div><\/div><\/div><div class=\"mpc-post__content mpc-transition\"><h3 class=\"mpc-post__heading mpc-transition mpc-text-overflow\"><a href=\"https:\/\/www.hotelrestart.cz\/de\/ueber-das-hotel\/hoteldienstleistungen\/\" title=\"Hoteldienstleistungen\">Hoteldienstleistungen<\/a><\/h3><div class=\"mpc-post__meta mpc-transition\"><span class=\"mpc-post__date\">on <a href=\"https:\/\/www.hotelrestart.cz\/de\/2019\/05\/31\/\"><span class=\"mpc-date__inline\">31 Mai 2019<\/span><\/a><\/span>, <span class=\"mpc-post__tax\">in <a href=\"https:\/\/www.hotelrestart.cz\/de\/category\/uber-das-hotel-cs\/\" rel=\"category tag\">\u00dcber das Hotel CS<\/a><\/span><\/div><\/div><\/div><\/div><div onclick=\"\" class=\"mpc-post\"><div class=\"mpc-post__wrapper\"><div class=\"mpc-post__thumbnail\" data-mpc_src=\"https:\/\/www.hotelrestart.cz\/wp-content\/uploads\/2019\/06\/IMG_4554edit-1024x732.jpg\" data-mpc_link=\"https:\/\/www.hotelrestart.cz\/de\/nachricht\/\"><div class=\"mpc-post__overlay mpc-transition\"><div class=\"mpc-post--vertical-wrap\"><div class=\"mpc-post--vertical\" data-mpc_link=\"https:\/\/www.hotelrestart.cz\/de\/nachricht\/\"><a href=\"https:\/\/www.hotelrestart.cz\/de\/nachricht\/\" title=\"Read more about Nachricht\" class=\"mpc-icon-anchor\"><\/a><a href=\"https:\/\/www.hotelrestart.cz\/wp-content\/uploads\/2019\/06\/IMG_4554edit.jpg\" title=\"Nachricht\" class=\"mpc-lightbox mpc-icon-anchor mpc-magnific-popup\"><\/a><div class=\"mpc-post__content mpc-transition\"><h3 class=\"mpc-post__heading mpc-transition mpc-text-overflow\"><a href=\"https:\/\/www.hotelrestart.cz\/de\/nachricht\/\" title=\"Nachricht\">Nachricht<\/a><\/h3><div class=\"mpc-post__meta mpc-transition\"><span class=\"mpc-post__date\">on <a href=\"https:\/\/www.hotelrestart.cz\/de\/2017\/11\/15\/\"><span class=\"mpc-date__inline\">15 November 2017<\/span><\/a><\/span>, <span class=\"mpc-post__tax\">in <a href=\"https:\/\/www.hotelrestart.cz\/de\/category\/uber-das-hotel-cs\/\" rel=\"category tag\">\u00dcber das Hotel CS<\/a><\/span><\/div><\/div><\/div><\/div><\/div><\/div><div class=\"mpc-post__content mpc-transition\"><h3 class=\"mpc-post__heading mpc-transition mpc-text-overflow\"><a href=\"https:\/\/www.hotelrestart.cz\/de\/nachricht\/\" title=\"Nachricht\">Nachricht<\/a><\/h3><div class=\"mpc-post__meta mpc-transition\"><span class=\"mpc-post__date\">on <a href=\"https:\/\/www.hotelrestart.cz\/de\/2017\/11\/15\/\"><span class=\"mpc-date__inline\">15 November 2017<\/span><\/a><\/span>, <span class=\"mpc-post__tax\">in <a href=\"https:\/\/www.hotelrestart.cz\/de\/category\/uber-das-hotel-cs\/\" rel=\"category tag\">\u00dcber das Hotel CS<\/a><\/span><\/div><\/div><\/div><\/div><div onclick=\"\" class=\"mpc-post\"><div class=\"mpc-post__wrapper\"><div class=\"mpc-post__thumbnail\" data-mpc_src=\"https:\/\/www.hotelrestart.cz\/wp-content\/uploads\/2019\/06\/IMG_9082-2-1024x542.jpg\" data-mpc_link=\"https:\/\/www.hotelrestart.cz\/de\/ueber-das-hotel\/sportanlagen\/\"><div class=\"mpc-post__overlay mpc-transition\"><div class=\"mpc-post--vertical-wrap\"><div class=\"mpc-post--vertical\" data-mpc_link=\"https:\/\/www.hotelrestart.cz\/de\/ueber-das-hotel\/sportanlagen\/\"><a href=\"https:\/\/www.hotelrestart.cz\/de\/ueber-das-hotel\/sportanlagen\/\" title=\"Read more about Sportanlagen\" class=\"mpc-icon-anchor\"><\/a><a href=\"https:\/\/www.hotelrestart.cz\/wp-content\/uploads\/2019\/06\/IMG_9082-2.jpg\" title=\"Sportanlagen\" class=\"mpc-lightbox mpc-icon-anchor mpc-magnific-popup\"><\/a><div class=\"mpc-post__content mpc-transition\"><h3 class=\"mpc-post__heading mpc-transition mpc-text-overflow\"><a href=\"https:\/\/www.hotelrestart.cz\/de\/ueber-das-hotel\/sportanlagen\/\" title=\"Sportanlagen\">Sportanlagen<\/a><\/h3><div class=\"mpc-post__meta mpc-transition\"><span class=\"mpc-post__date\">on <a href=\"https:\/\/www.hotelrestart.cz\/de\/2019\/05\/31\/\"><span class=\"mpc-date__inline\">31 Mai 2019<\/span><\/a><\/span>, <span class=\"mpc-post__tax\">in <a href=\"https:\/\/www.hotelrestart.cz\/de\/category\/uber-das-hotel-cs\/\" rel=\"category tag\">\u00dcber das Hotel CS<\/a><\/span><\/div><\/div><\/div><\/div><\/div><\/div><div class=\"mpc-post__content mpc-transition\"><h3 class=\"mpc-post__heading mpc-transition mpc-text-overflow\"><a href=\"https:\/\/www.hotelrestart.cz\/de\/ueber-das-hotel\/sportanlagen\/\" title=\"Sportanlagen\">Sportanlagen<\/a><\/h3><div class=\"mpc-post__meta mpc-transition\"><span class=\"mpc-post__date\">on <a href=\"https:\/\/www.hotelrestart.cz\/de\/2019\/05\/31\/\"><span class=\"mpc-date__inline\">31 Mai 2019<\/span><\/a><\/span>, <span class=\"mpc-post__tax\">in <a href=\"https:\/\/www.hotelrestart.cz\/de\/category\/uber-das-hotel-cs\/\" rel=\"category tag\">\u00dcber das Hotel CS<\/a><\/span><\/div><\/div><\/div><\/div><div onclick=\"\" class=\"mpc-post\"><div class=\"mpc-post__wrapper\"><div class=\"mpc-post__thumbnail\" data-mpc_src=\"https:\/\/www.hotelrestart.cz\/wp-content\/uploads\/2019\/06\/IMG_8206-1024x657.jpg\" data-mpc_link=\"https:\/\/www.hotelrestart.cz\/de\/wellness\/wasserpark\/\"><div class=\"mpc-post__overlay mpc-transition\"><div class=\"mpc-post--vertical-wrap\"><div class=\"mpc-post--vertical\" data-mpc_link=\"https:\/\/www.hotelrestart.cz\/de\/wellness\/wasserpark\/\"><a href=\"https:\/\/www.hotelrestart.cz\/de\/wellness\/wasserpark\/\" title=\"Read more about Wasserpark\" class=\"mpc-icon-anchor\"><\/a><a href=\"https:\/\/www.hotelrestart.cz\/wp-content\/uploads\/2019\/06\/IMG_8206.jpg\" title=\"Wasserpark\" class=\"mpc-lightbox mpc-icon-anchor mpc-magnific-popup\"><\/a><div class=\"mpc-post__content mpc-transition\"><h3 class=\"mpc-post__heading mpc-transition mpc-text-overflow\"><a href=\"https:\/\/www.hotelrestart.cz\/de\/wellness\/wasserpark\/\" title=\"Wasserpark\">Wasserpark<\/a><\/h3><div class=\"mpc-post__meta mpc-transition\"><span class=\"mpc-post__date\">on <a href=\"https:\/\/www.hotelrestart.cz\/de\/2019\/05\/31\/\"><span class=\"mpc-date__inline\">31 Mai 2019<\/span><\/a><\/span>, <span class=\"mpc-post__tax\">in <a href=\"https:\/\/www.hotelrestart.cz\/de\/category\/uber-das-hotel-cs\/\" rel=\"category tag\">\u00dcber das Hotel CS<\/a><\/span><\/div><\/div><\/div><\/div><\/div><\/div><div class=\"mpc-post__content mpc-transition\"><h3 class=\"mpc-post__heading mpc-transition mpc-text-overflow\"><a href=\"https:\/\/www.hotelrestart.cz\/de\/wellness\/wasserpark\/\" title=\"Wasserpark\">Wasserpark<\/a><\/h3><div class=\"mpc-post__meta mpc-transition\"><span class=\"mpc-post__date\">on <a href=\"https:\/\/www.hotelrestart.cz\/de\/2019\/05\/31\/\"><span class=\"mpc-date__inline\">31 Mai 2019<\/span><\/a><\/span>, <span class=\"mpc-post__tax\">in <a href=\"https:\/\/www.hotelrestart.cz\/de\/category\/uber-das-hotel-cs\/\" rel=\"category tag\">\u00dcber das Hotel CS<\/a><\/span><\/div><\/div><\/div><\/div><\/div>[\/vc_column][\/vc_row]<\/p>\n<\/div>","protected":false},"excerpt":{"rendered":"<p>[vc_row full_width=&#8221;stretch_row&#8221; el_class=&#8221;featured&#8221; css=&#8221;.vc_custom_1598968700546{background-image: url(https:\/\/www.hotelrestart.cz\/wp-content\/uploads\/2020\/09\/O_hotelu.jpg?id=9101) !important;background-position: center !important;background-repeat: no-repeat !important;background-size: cover !important;}&#8221;][vc_column][vc_column_text] \u00dcber das Hotel [\/vc_column_text][\/vc_column][\/vc_row][vc_row][vc_column][\/vc_column][\/vc_row]<\/p>\n","protected":false},"author":6,"featured_media":0,"parent":0,"menu_order":0,"comment_status":"closed","ping_status":"closed","template":"","meta":{"footnotes":""},"categories":[],"tags":[],"class_list":["post-13893","page","type-page","status-publish","hentry"],"acf":[],"yoast_head":"<!-- This site is optimized with the Yoast SEO plugin v21.8 - https:\/\/yoast.com\/wordpress\/plugins\/seo\/ -->\n<title>\u00dcber das Hotel - Hotel reSTART<\/title>\n<meta name=\"robots\" content=\"index, follow, max-snippet:-1, max-image-preview:large, max-video-preview:-1\" \/>\n<link rel=\"canonical\" href=\"https:\/\/www.hotelrestart.cz\/de\/ueber-das-hotel\/\" \/>\n<meta property=\"og:locale\" content=\"de_DE\" \/>\n<meta property=\"og:type\" content=\"article\" \/>\n<meta property=\"og:title\" content=\"\u00dcber das Hotel - Hotel reSTART\" \/>\n<meta property=\"og:description\" content=\"[vc_row full_width=&#8221;stretch_row&#8221; el_class=&#8221;featured&#8221; css=&#8221;.vc_custom_1598968700546{background-image: url(https:\/\/www.hotelrestart.cz\/wp-content\/uploads\/2020\/09\/O_hotelu.jpg?id=9101) !important;background-position: center !important;background-repeat: no-repeat !important;background-size: cover !important;}&#8221;][vc_column][vc_column_text] \u00dcber das Hotel [\/vc_column_text][\/vc_column][\/vc_row][vc_row][vc_column][\/vc_column][\/vc_row]\" \/>\n<meta property=\"og:url\" content=\"https:\/\/www.hotelrestart.cz\/de\/ueber-das-hotel\/\" \/>\n<meta property=\"og:site_name\" content=\"Hotel reSTART\" \/>\n<meta name=\"twitter:card\" content=\"summary_large_image\" \/>\n<script type=\"application\/ld+json\" class=\"yoast-schema-graph\">{\"@context\":\"https:\/\/schema.org\",\"@graph\":[{\"@type\":\"WebPage\",\"@id\":\"https:\/\/www.hotelrestart.cz\/de\/ueber-das-hotel\/\",\"url\":\"https:\/\/www.hotelrestart.cz\/de\/ueber-das-hotel\/\",\"name\":\"\u00dcber das Hotel - Hotel reSTART\",\"isPartOf\":{\"@id\":\"https:\/\/www.hotelrestart.cz\/#website\"},\"datePublished\":\"2019-05-15T10:53:36+00:00\",\"dateModified\":\"2019-05-15T10:53:36+00:00\",\"breadcrumb\":{\"@id\":\"https:\/\/www.hotelrestart.cz\/de\/ueber-das-hotel\/#breadcrumb\"},\"inLanguage\":\"de\",\"potentialAction\":[{\"@type\":\"ReadAction\",\"target\":[\"https:\/\/www.hotelrestart.cz\/de\/ueber-das-hotel\/\"]}]},{\"@type\":\"BreadcrumbList\",\"@id\":\"https:\/\/www.hotelrestart.cz\/de\/ueber-das-hotel\/#breadcrumb\",\"itemListElement\":[{\"@type\":\"ListItem\",\"position\":1,\"name\":\"Home\",\"item\":\"https:\/\/www.hotelrestart.cz\/de\/hotel-restart-jicin-offizielle-website\/\"},{\"@type\":\"ListItem\",\"position\":2,\"name\":\"\u00dcber das Hotel\"}]},{\"@type\":\"WebSite\",\"@id\":\"https:\/\/www.hotelrestart.cz\/#website\",\"url\":\"https:\/\/www.hotelrestart.cz\/\",\"name\":\"Hotel reSTART\",\"description\":\"4* Hotel v Ji\u010d\u00edn\u011b\",\"potentialAction\":[{\"@type\":\"SearchAction\",\"target\":{\"@type\":\"EntryPoint\",\"urlTemplate\":\"https:\/\/www.hotelrestart.cz\/?s={search_term_string}\"},\"query-input\":\"required name=search_term_string\"}],\"inLanguage\":\"de\"}]}<\/script>\n<!-- \/ Yoast SEO plugin. -->","yoast_head_json":{"title":"\u00dcber das Hotel - Hotel reSTART","robots":{"index":"index","follow":"follow","max-snippet":"max-snippet:-1","max-image-preview":"max-image-preview:large","max-video-preview":"max-video-preview:-1"},"canonical":"https:\/\/www.hotelrestart.cz\/de\/ueber-das-hotel\/","og_locale":"de_DE","og_type":"article","og_title":"\u00dcber das Hotel - Hotel reSTART","og_description":"[vc_row full_width=&#8221;stretch_row&#8221; el_class=&#8221;featured&#8221; css=&#8221;.vc_custom_1598968700546{background-image: url(https:\/\/www.hotelrestart.cz\/wp-content\/uploads\/2020\/09\/O_hotelu.jpg?id=9101) !important;background-position: center !important;background-repeat: no-repeat !important;background-size: cover !important;}&#8221;][vc_column][vc_column_text] \u00dcber das Hotel [\/vc_column_text][\/vc_column][\/vc_row][vc_row][vc_column][\/vc_column][\/vc_row]","og_url":"https:\/\/www.hotelrestart.cz\/de\/ueber-das-hotel\/","og_site_name":"Hotel reSTART","twitter_card":"summary_large_image","schema":{"@context":"https:\/\/schema.org","@graph":[{"@type":"WebPage","@id":"https:\/\/www.hotelrestart.cz\/de\/ueber-das-hotel\/","url":"https:\/\/www.hotelrestart.cz\/de\/ueber-das-hotel\/","name":"\u00dcber das Hotel - Hotel reSTART","isPartOf":{"@id":"https:\/\/www.hotelrestart.cz\/#website"},"datePublished":"2019-05-15T10:53:36+00:00","dateModified":"2019-05-15T10:53:36+00:00","breadcrumb":{"@id":"https:\/\/www.hotelrestart.cz\/de\/ueber-das-hotel\/#breadcrumb"},"inLanguage":"de","potentialAction":[{"@type":"ReadAction","target":["https:\/\/www.hotelrestart.cz\/de\/ueber-das-hotel\/"]}]},{"@type":"BreadcrumbList","@id":"https:\/\/www.hotelrestart.cz\/de\/ueber-das-hotel\/#breadcrumb","itemListElement":[{"@type":"ListItem","position":1,"name":"Home","item":"https:\/\/www.hotelrestart.cz\/de\/hotel-restart-jicin-offizielle-website\/"},{"@type":"ListItem","position":2,"name":"\u00dcber das Hotel"}]},{"@type":"WebSite","@id":"https:\/\/www.hotelrestart.cz\/#website","url":"https:\/\/www.hotelrestart.cz\/","name":"Hotel reSTART","description":"4* Hotel v Ji\u010d\u00edn\u011b","potentialAction":[{"@type":"SearchAction","target":{"@type":"EntryPoint","urlTemplate":"https:\/\/www.hotelrestart.cz\/?s={search_term_string}"},"query-input":"required name=search_term_string"}],"inLanguage":"de"}]}},"_links":{"self":[{"href":"https:\/\/www.hotelrestart.cz\/de\/wp-json\/wp\/v2\/pages\/13893","targetHints":{"allow":["GET"]}}],"collection":[{"href":"https:\/\/www.hotelrestart.cz\/de\/wp-json\/wp\/v2\/pages"}],"about":[{"href":"https:\/\/www.hotelrestart.cz\/de\/wp-json\/wp\/v2\/types\/page"}],"author":[{"embeddable":true,"href":"https:\/\/www.hotelrestart.cz\/de\/wp-json\/wp\/v2\/users\/6"}],"replies":[{"embeddable":true,"href":"https:\/\/www.hotelrestart.cz\/de\/wp-json\/wp\/v2\/comments?post=13893"}],"version-history":[{"count":0,"href":"https:\/\/www.hotelrestart.cz\/de\/wp-json\/wp\/v2\/pages\/13893\/revisions"}],"wp:attachment":[{"href":"https:\/\/www.hotelrestart.cz\/de\/wp-json\/wp\/v2\/media?parent=13893"}],"wp:term":[{"taxonomy":"category","embeddable":true,"href":"https:\/\/www.hotelrestart.cz\/de\/wp-json\/wp\/v2\/categories?post=13893"},{"taxonomy":"post_tag","embeddable":true,"href":"https:\/\/www.hotelrestart.cz\/de\/wp-json\/wp\/v2\/tags?post=13893"}],"curies":[{"name":"wp","href":"https:\/\/api.w.org\/{rel}","templated":true}]}}