{"id":13713,"date":"2020-04-27T15:44:42","date_gmt":"2020-04-27T13:44:42","guid":{"rendered":"https:\/\/www.hotelrestart.cz\/hochzeiten\/"},"modified":"2020-04-27T15:44:42","modified_gmt":"2020-04-27T13:44:42","slug":"hochzeiten","status":"publish","type":"page","link":"https:\/\/www.hotelrestart.cz\/de\/hochzeiten\/","title":{"rendered":"Hochzeiten"},"content":{"rendered":"<div class=\"wpb-content-wrapper\"><p>[vc_row full_width=&#8221;stretch_row&#8221; css=&#8221;.vc_custom_1598522214474{background-image: url(https:\/\/www.hotelrestart.cz\/wp-content\/uploads\/2020\/08\/Svatby_head.jpg?id=9009) !important;background-position: center !important;background-repeat: no-repeat !important;background-size: cover !important;}&#8221; el_class=&#8221;featured&#8221;][vc_column][vc_column_text]<\/p>\n<h1>Tr\u00e4umen Sie von einer Hochzeit?<\/h1>\n<p>[\/vc_column_text][\/vc_column][\/vc_row][vc_row][vc_column width=&#8221;1\/6&#8243;][\/vc_column][vc_column width=&#8221;2\/3&#8243;][vc_column_text]<\/p>\n<h2 style=\"text-align: center;\">Dann empfehlen wir Ihnen das B\u00f6hmische Paradies!<\/h2>\n<p style=\"text-align: center;\">Stehen Sie kurz vor Ihrer Verlobung und \u00fcberlegen bereits, wo Sie die sch\u00f6nste Hochzeit feiern m\u00f6chten? Es stehen Tausende von Pl\u00e4tzen zur Verf\u00fcgung. Welchen soll man also w\u00e4hlen? Eines ist Ihnen schon im Vorfeld klar: Ihre Hochzeit soll unvergesslich werden, sowohl f\u00fcr Sie als Brautpaar als auch f\u00fcr die Hochzeitsg\u00e4ste.  <\/p>\n<p style=\"text-align: center;\">Organisieren Sie eine Hochzeit im B\u00f6hmischen Paradies. Sie werden sich sofort in das malerische Ji\u010d\u00edn verlieben und es wird f\u00fcr unser reSTART-Hotel eine gro\u00dfe Ehre sein, mit Ihnen dort zu sein. Z\u00f6gern Sie nicht, uns zu kontaktieren und wir helfen Ihnen bei der Organisation Ihrer Traumhochzeit. Von A bis Z.   <\/p>\n<p>[\/vc_column_text][vc_empty_space][vc_empty_space][\/vc_column][vc_column width=&#8221;1\/6&#8243;][\/vc_column][\/vc_row][vc_row content_placement=&#8221;middle&#8221;][vc_column width=&#8221;1\/2&#8243;][vc_column_text]<\/p>\n<h2>Wir bereiten ein legend\u00e4res Festmahl vor<\/h2>\n<p>Ein gro\u00dfz\u00fcgiges Bankett f\u00fcr bis zu 100 G\u00e4ste? Ein traditionelles Hochzeitsmen\u00fc oder doch lieber ein zwangloses Barbecue im Freien mit allem Drum und Dran? Es liegt an Ihnen. Sie erz\u00e4hlen uns Ihre Idee, wir setzen sie buchstabengetreu um.   [\/vc_column_text][\/vc_column][vc_column width=&#8221;1\/2&#8243;][vc_single_image image=&#8221;8500&#8243; img_size=&#8221;large&#8221;][\/vc_column][\/vc_row][vc_row content_placement=&#8221;middle&#8221;][vc_column width=&#8221;1\/2&#8243;][vc_single_image image=&#8221;8581&#8243; img_size=&#8221;large&#8221;][\/vc_column][vc_column width=&#8221;1\/2&#8243;][vc_column_text]<\/p>\n<h2>Wir beherbergen Ihre G\u00e4ste<\/h2>\n<p>In den komfortablen Zimmern unseres Hotels k\u00f6nnen wir bis zu hundert Hochzeitsg\u00e4ste unterbringen. Aber nat\u00fcrlich reservieren wir die beste Suite f\u00fcr das Brautpaar. Freuen Sie sich auf eine romantische Einrichtung, einen zauberhaften Ausblick und ein traumhaftes Fr\u00fchst\u00fcck im Bett.  [\/vc_column_text][\/vc_column][\/vc_row][vc_row content_placement=&#8221;middle&#8221;][vc_column width=&#8221;1\/2&#8243;][vc_column_text]<\/p>\n<h2>Wir k\u00fcmmern uns um den Spa\u00df<\/h2>\n<p>Wir planen mit Ihnen den Ablauf des gesamten Hochzeitstages. Wir organisieren eine romantische Kutschenfahrt, buchen DJ und Live-Band und sorgen zuverl\u00e4ssig f\u00fcr Unterhaltung aller Kinder Ihrer G\u00e4ste in der Kinderecke. F\u00fchlen Sie sich von Hochzeitstraditionen angezogen? Sagen Sie es uns einfach und wir bereiten alles f\u00fcr Sie vor.   [\/vc_column_text][\/vc_column][vc_column width=&#8221;1\/2&#8243;][vc_single_image image=&#8221;9077&#8243; img_size=&#8221;large&#8221;][\/vc_column][\/vc_row][vc_row full_width=&#8221;stretch_row&#8221; content_placement=&#8221;middle&#8221; el_class=&#8221;brown&#8221;][vc_column][vc_empty_space][vc_empty_space][vc_column_text]<\/p>\n<h2 style=\"text-align: center;\">Wie geht es weiter?<\/h2>\n<p style=\"text-align: center;\">Wir tun alles, damit Sie Ihren Hochzeitstag von morgens bis sp\u00e4t in die Nacht genie\u00dfen k\u00f6nnen. \u00dcberlassen Sie uns die gesamte Organisation. Wir k\u00f6nnen einen Hochzeitskoordinator, einen Maskenbildner, einen Fotografen und einen Fahrer f\u00fcr den Transport der G\u00e4ste organisieren. Wir suchen gemeinsam mit Ihnen die sch\u00f6nste Hochzeitstorte aus. Wir planen die Dekoration bis ins kleinste Detail. Genie\u00dfen Sie einfach Ihren gro\u00dfen Tag.     <\/p>\n<p>[\/vc_column_text][vc_empty_space][vc_column_text]<\/p>\n<h2 style=\"text-align: center;\">Junggesellenabschied<\/h2>\n<p style=\"text-align: center;\">Nicht nur Hochzeitserlebnisse sollen unvergesslich sein. Zu den liebsten Traditionen geh\u00f6rt nat\u00fcrlich auch ein perfekt vorbereiteter Junggesellenabschied. Kommen Sie und genie\u00dfen Sie diese Party mit Ihren Freunden in Ji\u010d\u00edn<br \/>\n im reSTART! Hotel Wir gestalten f\u00fcr Sie Programm und Unterhaltung ganz nach Ihren W\u00fcnschen, bieten exklusive Erfrischungen und sto\u00dfen auf einer der obersten Etagen des Hotels an. Mit einem Glas in der Hand k\u00f6nnen Sie gemeinsam mit Ihren Liebsten die wundersch\u00f6ne Aussicht auf das B\u00f6hmische Paradies am besten genie\u00dfen. Lassen Sie uns gemeinsam Ihren Junggesellinnenabschied in Ji\u010d\u00edn planen.     <\/p>\n<p>[\/vc_column_text][vc_empty_space][vc_empty_space][\/vc_column][\/vc_row][vc_row][vc_column][vc_empty_space][\/vc_column][\/vc_row][vc_row][vc_column width=&#8221;1\/6&#8243;][\/vc_column][vc_column width=&#8221;2\/3&#8243;][vc_empty_space][vc_column_text]<\/p>\n<h2 style=\"text-align: center;\">Kontaktieren Sie uns<\/h2>\n<p>[\/vc_column_text][vc_empty_space]\n<div class=\"wpcf7 no-js\" id=\"wpcf7-f7570-o1\" lang=\"cs-CZ\" dir=\"ltr\">\n<div class=\"screen-reader-response\"><p role=\"status\" aria-live=\"polite\" aria-atomic=\"true\"><\/p> <ul><\/ul><\/div>\n<form action=\"\/de\/wp-json\/wp\/v2\/pages\/13713#wpcf7-f7570-o1\" method=\"post\" class=\"wpcf7-form init\" aria-label=\"Kontaktn\u00ed formul\u00e1\u0159\" novalidate=\"novalidate\" data-status=\"init\">\n<div style=\"display: none;\">\n<input type=\"hidden\" name=\"_wpcf7\" value=\"7570\" \/>\n<input type=\"hidden\" name=\"_wpcf7_version\" value=\"5.8.6\" \/>\n<input type=\"hidden\" name=\"_wpcf7_locale\" value=\"cs_CZ\" \/>\n<input type=\"hidden\" name=\"_wpcf7_unit_tag\" value=\"wpcf7-f7570-o1\" \/>\n<input type=\"hidden\" name=\"_wpcf7_container_post\" value=\"0\" \/>\n<input type=\"hidden\" name=\"_wpcf7_posted_data_hash\" value=\"\" \/>\n<input type=\"hidden\" name=\"_wpcf7_recaptcha_response\" value=\"\" \/>\n<\/div>\n<div class=\"xform\">\n\t<div class=\"xforml\">\n\t\t<div class=\"xin xinl\">\n\t\t\t<p><span class=\"wpcf7-form-control-wrap\" data-name=\"firma\"><input size=\"40\" class=\"wpcf7-form-control wpcf7-text wpcf7-validates-as-required\" aria-required=\"true\" aria-invalid=\"false\" placeholder=\"Firma\" value=\"\" type=\"text\" name=\"firma\" \/><\/span><br \/>\n<span class=\"wpcf7-form-control-wrap\" data-name=\"your-name\"><input size=\"40\" class=\"wpcf7-form-control wpcf7-text wpcf7-validates-as-required\" aria-required=\"true\" aria-invalid=\"false\" placeholder=\"Va\u0161e jm\u00e9no\" value=\"\" type=\"text\" name=\"your-name\" \/><\/span><br \/>\n<span class=\"wpcf7-form-control-wrap\" data-name=\"your-email\"><input size=\"40\" class=\"wpcf7-form-control wpcf7-email wpcf7-validates-as-required wpcf7-text wpcf7-validates-as-email\" aria-required=\"true\" aria-invalid=\"false\" placeholder=\"Emailov\u00e1 adresa\" value=\"\" type=\"email\" name=\"your-email\" \/><\/span><br \/>\n<span class=\"wpcf7-form-control-wrap\" data-name=\"your-phone\"><input size=\"40\" class=\"wpcf7-form-control wpcf7-tel wpcf7-validates-as-required wpcf7-text wpcf7-validates-as-tel\" aria-required=\"true\" aria-invalid=\"false\" placeholder=\"Telefonn\u00ed \u010d\u00edslo\" value=\"\" type=\"tel\" name=\"your-phone\" \/><\/span><br \/>\n<span class=\"wpcf7-form-control-wrap\" data-name=\"your-name\"><input size=\"40\" class=\"wpcf7-form-control wpcf7-text wpcf7-validates-as-required\" aria-required=\"true\" aria-invalid=\"false\" placeholder=\"Typ akce\" value=\"\" type=\"text\" name=\"your-name\" \/><\/span><br \/>\n<span class=\"wpcf7-form-control-wrap\" data-name=\"osob\"><input size=\"40\" class=\"wpcf7-form-control wpcf7-text wpcf7-validates-as-required\" aria-required=\"true\" aria-invalid=\"false\" placeholder=\"Po\u010det osob\" value=\"\" type=\"text\" name=\"osob\" \/><\/span><br \/>\n<span class=\"wpcf7-form-control-wrap\" data-name=\"check-in\"><input size=\"40\" class=\"wpcf7-form-control wpcf7-text\" aria-invalid=\"false\" value=\"Datum kon\u00e1n\u00ed\" type=\"text\" name=\"check-in\" \/><\/span>\n\t\t\t<\/p>\n\t\t<\/div>\n\t<\/div>\n\t<div class=\"xformr\">\n\t\t<div class=\"xin xinr\">\n\t\t\t<p>Chcete n\u00e1m n\u011bco vzk\u00e1zat?\n\t\t\t<\/p>\n\t\t\t<p><span class=\"wpcf7-form-control-wrap\" data-name=\"zprava\"><textarea cols=\"40\" rows=\"15\" class=\"wpcf7-form-control wpcf7-textarea\" aria-invalid=\"false\" name=\"zprava\"><\/textarea><\/span>\n\t\t\t<\/p>\n\t\t<\/div>\n\t<\/div>\n\t<p><br style=\"clear:both;\" \/>\n\t<\/p>\n<\/div>\n<div class=\"xforms\">\n\t<p><input class=\"wpcf7-form-control wpcf7-submit has-spinner\" type=\"submit\" value=\"Odeslat nez\u00e1vaznou popt\u00e1vku\" \/>\n\t<\/p>\n<\/div><div class=\"wpcf7-response-output\" aria-hidden=\"true\"><\/div>\n<\/form>\n<\/div>\n[vc_empty_space][vc_empty_space][\/vc_column][vc_column width=&#8221;1\/6&#8243;][\/vc_column][\/vc_row][vc_row][vc_column][vc_empty_space][\/vc_column][\/vc_row][vc_row][vc_column][vc_column_text]<\/p>\n\t\t\t<style>\r\n                #foogallery-gallery-8511.fg-justified .fg-item {\r\n                    margin-right: 3px;\r\n                    margin-bottom: 3px;\r\n                }\r\n\r\n                #foogallery-gallery-8511.fg-justified .fg-image {\r\n                    height: 220px;\r\n                }\r\n\t\t\t<\/style>\r\n\t\t\t\t\t\t<style>\r\n                #foogallery-gallery-8511_1.fg-justified .fg-item {\r\n                    margin-right: 3px;\r\n                    margin-bottom: 3px;\r\n                }\r\n\r\n                #foogallery-gallery-8511_1.fg-justified .fg-image {\r\n                    height: 220px;\r\n                }\r\n\t\t\t<\/style>\r\n\t\t\t<div class=\"foogallery foogallery-container foogallery-justified foogallery-lightbox-dfactory fg-justified fg-light fg-shadow-outline fg-loading-default fg-loaded-fade-in fg-caption-always fg-hover-fade fg-hover-zoom2 fg-ready\" id=\"foogallery-gallery-8511_1\" data-foogallery=\"{&quot;item&quot;:{&quot;showCaptionTitle&quot;:true,&quot;showCaptionDescription&quot;:false},&quot;lazy&quot;:true,&quot;template&quot;:{&quot;rowHeight&quot;:220,&quot;maxRowHeight&quot;:330,&quot;margins&quot;:3,&quot;align&quot;:&quot;center&quot;,&quot;lastRow&quot;:&quot;smart&quot;}}\" >\r\n\t<div class=\"fg-item fg-type-image fg-idle\"><figure class=\"fg-item-inner\"><a href=\"https:\/\/www.hotelrestart.cz\/wp-content\/uploads\/2020\/04\/IMG_6712.jpg\" data-attachment-id=\"9093\" data-rel=\"lightbox\" data-type=\"image\" class=\"fg-thumb\"><span class=\"fg-image-wrap\"><img fetchpriority=\"high\" decoding=\"async\" height=\"330\" width=\"495\" class=\"skip-lazy fg-image\" data-no-lazy=\"1\" data-src-fg=\"https:\/\/www.hotelrestart.cz\/wp-content\/uploads\/cache\/2020\/04\/IMG_6712\/3455078139.jpg\" src=\"data:image\/svg+xml,%3Csvg%20xmlns%3D%22http%3A%2F%2Fwww.w3.org%2F2000%2Fsvg%22%20width%3D%22495%22%20height%3D%22330%22%20viewBox%3D%220%200%20495%20330%22%3E%3C%2Fsvg%3E\" loading=\"eager\"><\/span><span class=\"fg-image-overlay\"><\/span><\/a><figcaption class=\"fg-caption\"><div class=\"fg-caption-inner\"><\/div><\/figcaption><\/figure><div class=\"fg-loader\"><\/div><\/div><div class=\"fg-item fg-type-image fg-idle\"><figure class=\"fg-item-inner\"><a href=\"https:\/\/www.hotelrestart.cz\/wp-content\/uploads\/2020\/04\/IMG_6527.jpg\" data-attachment-id=\"9094\" data-rel=\"lightbox\" data-type=\"image\" class=\"fg-thumb\"><span class=\"fg-image-wrap\"><img decoding=\"async\" height=\"330\" width=\"495\" class=\"skip-lazy fg-image\" data-no-lazy=\"1\" data-src-fg=\"https:\/\/www.hotelrestart.cz\/wp-content\/uploads\/cache\/2020\/04\/IMG_6527\/3013914749.jpg\" src=\"data:image\/svg+xml,%3Csvg%20xmlns%3D%22http%3A%2F%2Fwww.w3.org%2F2000%2Fsvg%22%20width%3D%22495%22%20height%3D%22330%22%20viewBox%3D%220%200%20495%20330%22%3E%3C%2Fsvg%3E\" loading=\"eager\"><\/span><span class=\"fg-image-overlay\"><\/span><\/a><figcaption class=\"fg-caption\"><div class=\"fg-caption-inner\"><\/div><\/figcaption><\/figure><div class=\"fg-loader\"><\/div><\/div><div class=\"fg-item fg-type-image fg-idle\"><figure class=\"fg-item-inner\"><a href=\"https:\/\/www.hotelrestart.cz\/wp-content\/uploads\/2020\/04\/IMG_6600-scaled.jpg\" data-attachment-id=\"8502\" data-rel=\"lightbox\" data-type=\"image\" class=\"fg-thumb\"><span class=\"fg-image-wrap\"><img decoding=\"async\" height=\"330\" width=\"495\" class=\"skip-lazy fg-image\" data-no-lazy=\"1\" data-src-fg=\"https:\/\/www.hotelrestart.cz\/wp-content\/uploads\/cache\/2020\/04\/IMG_6600-scaled\/2592445831.jpg\" src=\"data:image\/svg+xml,%3Csvg%20xmlns%3D%22http%3A%2F%2Fwww.w3.org%2F2000%2Fsvg%22%20width%3D%22495%22%20height%3D%22330%22%20viewBox%3D%220%200%20495%20330%22%3E%3C%2Fsvg%3E\" loading=\"eager\"><\/span><span class=\"fg-image-overlay\"><\/span><\/a><figcaption class=\"fg-caption\"><div class=\"fg-caption-inner\"><\/div><\/figcaption><\/figure><div class=\"fg-loader\"><\/div><\/div><div class=\"fg-item fg-type-image fg-idle\"><figure class=\"fg-item-inner\"><a href=\"https:\/\/www.hotelrestart.cz\/wp-content\/uploads\/2020\/04\/IMG_6437.jpg\" data-attachment-id=\"9095\" data-rel=\"lightbox\" data-type=\"image\" class=\"fg-thumb\"><span class=\"fg-image-wrap\"><img decoding=\"async\" height=\"330\" width=\"495\" class=\"skip-lazy fg-image\" data-no-lazy=\"1\" data-src-fg=\"https:\/\/www.hotelrestart.cz\/wp-content\/uploads\/cache\/2020\/04\/IMG_6437\/234465221.jpg\" src=\"data:image\/svg+xml,%3Csvg%20xmlns%3D%22http%3A%2F%2Fwww.w3.org%2F2000%2Fsvg%22%20width%3D%22495%22%20height%3D%22330%22%20viewBox%3D%220%200%20495%20330%22%3E%3C%2Fsvg%3E\" loading=\"eager\"><\/span><span class=\"fg-image-overlay\"><\/span><\/a><figcaption class=\"fg-caption\"><div class=\"fg-caption-inner\"><\/div><\/figcaption><\/figure><div class=\"fg-loader\"><\/div><\/div><div class=\"fg-item fg-type-image fg-idle\"><figure class=\"fg-item-inner\"><a href=\"https:\/\/www.hotelrestart.cz\/wp-content\/uploads\/2020\/04\/IMG_6819-1.jpg\" data-attachment-id=\"9096\" data-rel=\"lightbox\" data-type=\"image\" class=\"fg-thumb\"><span class=\"fg-image-wrap\"><img decoding=\"async\" height=\"330\" width=\"495\" class=\"skip-lazy fg-image\" data-no-lazy=\"1\" data-src-fg=\"https:\/\/www.hotelrestart.cz\/wp-content\/uploads\/cache\/2020\/04\/IMG_6819-1\/3737401517.jpg\" src=\"data:image\/svg+xml,%3Csvg%20xmlns%3D%22http%3A%2F%2Fwww.w3.org%2F2000%2Fsvg%22%20width%3D%22495%22%20height%3D%22330%22%20viewBox%3D%220%200%20495%20330%22%3E%3C%2Fsvg%3E\" loading=\"eager\"><\/span><span class=\"fg-image-overlay\"><\/span><\/a><figcaption class=\"fg-caption\"><div class=\"fg-caption-inner\"><\/div><\/figcaption><\/figure><div class=\"fg-loader\"><\/div><\/div><div class=\"fg-item fg-type-image fg-idle\"><figure class=\"fg-item-inner\"><a href=\"https:\/\/www.hotelrestart.cz\/wp-content\/uploads\/2020\/04\/IMG_6808.jpg\" data-attachment-id=\"9097\" data-rel=\"lightbox\" data-type=\"image\" class=\"fg-thumb\"><span class=\"fg-image-wrap\"><img decoding=\"async\" height=\"330\" width=\"495\" class=\"skip-lazy fg-image\" data-no-lazy=\"1\" data-src-fg=\"https:\/\/www.hotelrestart.cz\/wp-content\/uploads\/cache\/2020\/04\/IMG_6808\/2057353384.jpg\" src=\"data:image\/svg+xml,%3Csvg%20xmlns%3D%22http%3A%2F%2Fwww.w3.org%2F2000%2Fsvg%22%20width%3D%22495%22%20height%3D%22330%22%20viewBox%3D%220%200%20495%20330%22%3E%3C%2Fsvg%3E\" loading=\"eager\"><\/span><span class=\"fg-image-overlay\"><\/span><\/a><figcaption class=\"fg-caption\"><div class=\"fg-caption-inner\"><\/div><\/figcaption><\/figure><div class=\"fg-loader\"><\/div><\/div><div class=\"fg-item fg-type-image fg-idle\"><figure class=\"fg-item-inner\"><a href=\"https:\/\/www.hotelrestart.cz\/wp-content\/uploads\/2020\/04\/IMG_6742-1.jpg\" data-attachment-id=\"9100\" data-rel=\"lightbox\" data-type=\"image\" class=\"fg-thumb\"><span class=\"fg-image-wrap\"><img decoding=\"async\" height=\"330\" width=\"220\" class=\"skip-lazy fg-image\" data-no-lazy=\"1\" data-src-fg=\"https:\/\/www.hotelrestart.cz\/wp-content\/uploads\/cache\/2020\/04\/IMG_6742-1\/2045286632.jpg\" src=\"data:image\/svg+xml,%3Csvg%20xmlns%3D%22http%3A%2F%2Fwww.w3.org%2F2000%2Fsvg%22%20width%3D%22220%22%20height%3D%22330%22%20viewBox%3D%220%200%20220%20330%22%3E%3C%2Fsvg%3E\" loading=\"eager\"><\/span><span class=\"fg-image-overlay\"><\/span><\/a><figcaption class=\"fg-caption\"><div class=\"fg-caption-inner\"><\/div><\/figcaption><\/figure><div class=\"fg-loader\"><\/div><\/div><div class=\"fg-item fg-type-image fg-idle\"><figure class=\"fg-item-inner\"><a href=\"https:\/\/www.hotelrestart.cz\/wp-content\/uploads\/2020\/04\/IMG_6876.jpg\" data-attachment-id=\"9098\" data-rel=\"lightbox\" data-type=\"image\" class=\"fg-thumb\"><span class=\"fg-image-wrap\"><img decoding=\"async\" height=\"330\" width=\"495\" class=\"skip-lazy fg-image\" data-no-lazy=\"1\" data-src-fg=\"https:\/\/www.hotelrestart.cz\/wp-content\/uploads\/cache\/2020\/04\/IMG_6876\/1513592738.jpg\" src=\"data:image\/svg+xml,%3Csvg%20xmlns%3D%22http%3A%2F%2Fwww.w3.org%2F2000%2Fsvg%22%20width%3D%22495%22%20height%3D%22330%22%20viewBox%3D%220%200%20495%20330%22%3E%3C%2Fsvg%3E\" loading=\"eager\"><\/span><span class=\"fg-image-overlay\"><\/span><\/a><figcaption class=\"fg-caption\"><div class=\"fg-caption-inner\"><\/div><\/figcaption><\/figure><div class=\"fg-loader\"><\/div><\/div><div class=\"fg-item fg-type-image fg-idle\"><figure class=\"fg-item-inner\"><a href=\"https:\/\/www.hotelrestart.cz\/wp-content\/uploads\/2020\/04\/IMG_6433.jpg\" data-attachment-id=\"9099\" data-rel=\"lightbox\" data-type=\"image\" class=\"fg-thumb\"><span class=\"fg-image-wrap\"><img decoding=\"async\" height=\"330\" width=\"495\" class=\"skip-lazy fg-image\" data-no-lazy=\"1\" data-src-fg=\"https:\/\/www.hotelrestart.cz\/wp-content\/uploads\/cache\/2020\/04\/IMG_6433\/333660289.jpg\" src=\"data:image\/svg+xml,%3Csvg%20xmlns%3D%22http%3A%2F%2Fwww.w3.org%2F2000%2Fsvg%22%20width%3D%22495%22%20height%3D%22330%22%20viewBox%3D%220%200%20495%20330%22%3E%3C%2Fsvg%3E\" loading=\"eager\"><\/span><span class=\"fg-image-overlay\"><\/span><\/a><figcaption class=\"fg-caption\"><div class=\"fg-caption-inner\"><\/div><\/figcaption><\/figure><div class=\"fg-loader\"><\/div><\/div><div class=\"fg-item fg-type-image fg-idle\"><figure class=\"fg-item-inner\"><a href=\"https:\/\/www.hotelrestart.cz\/wp-content\/uploads\/2020\/04\/IMG_6417.jpg\" data-attachment-id=\"9170\" data-rel=\"lightbox\" data-type=\"image\" class=\"fg-thumb\"><span class=\"fg-image-wrap\"><img decoding=\"async\" height=\"330\" width=\"495\" class=\"skip-lazy fg-image\" data-no-lazy=\"1\" data-src-fg=\"https:\/\/www.hotelrestart.cz\/wp-content\/uploads\/cache\/2020\/04\/IMG_6417\/1900847835.jpg\" src=\"data:image\/svg+xml,%3Csvg%20xmlns%3D%22http%3A%2F%2Fwww.w3.org%2F2000%2Fsvg%22%20width%3D%22495%22%20height%3D%22330%22%20viewBox%3D%220%200%20495%20330%22%3E%3C%2Fsvg%3E\" loading=\"eager\"><\/span><span class=\"fg-image-overlay\"><\/span><\/a><figcaption class=\"fg-caption\"><div class=\"fg-caption-inner\"><\/div><\/figcaption><\/figure><div class=\"fg-loader\"><\/div><\/div><\/div>\r\n\n<p>[\/vc_column_text][\/vc_column][\/vc_row]<\/p>\n<\/div>","protected":false},"excerpt":{"rendered":"<p>Stehen Sie kurz vor Ihrer Verlobung und \u00fcberlegen bereits, wo Sie die sch\u00f6nste Hochzeit feiern m\u00f6chten? Es stehen Tausende von Pl\u00e4tzen zur Verf\u00fcgung. Welchen soll man also w\u00e4hlen? Eines ist Ihnen schon im Vorfeld klar: Ihre Hochzeit soll unvergesslich werden, sowohl f\u00fcr Sie als Brautpaar als auch f\u00fcr die Hochzeitsg\u00e4ste.    <\/p>\n","protected":false},"author":1,"featured_media":13730,"parent":0,"menu_order":0,"comment_status":"closed","ping_status":"closed","template":"","meta":{"footnotes":""},"class_list":["post-13713","page","type-page","status-publish","has-post-thumbnail","hentry"],"acf":[],"yoast_head":"<!-- This site is optimized with the Yoast SEO plugin v21.8 - https:\/\/yoast.com\/wordpress\/plugins\/seo\/ -->\n<title>Hochzeiten - Hotel reSTART<\/title>\n<meta name=\"robots\" content=\"index, follow, max-snippet:-1, max-image-preview:large, max-video-preview:-1\" \/>\n<link rel=\"canonical\" href=\"https:\/\/www.hotelrestart.cz\/de\/hochzeiten\/\" \/>\n<meta property=\"og:locale\" content=\"de_DE\" \/>\n<meta property=\"og:type\" content=\"article\" \/>\n<meta property=\"og:title\" content=\"Hochzeiten - Hotel reSTART\" \/>\n<meta property=\"og:description\" content=\"Stehen Sie kurz vor Ihrer Verlobung und \u00fcberlegen bereits, wo Sie die sch\u00f6nste Hochzeit feiern m\u00f6chten? Es stehen Tausende von Pl\u00e4tzen zur Verf\u00fcgung. Welchen soll man also w\u00e4hlen? Eines ist Ihnen schon im Vorfeld klar: Ihre Hochzeit soll unvergesslich werden, sowohl f\u00fcr Sie als Brautpaar als auch f\u00fcr die Hochzeitsg\u00e4ste.\" \/>\n<meta property=\"og:url\" content=\"https:\/\/www.hotelrestart.cz\/de\/hochzeiten\/\" \/>\n<meta property=\"og:site_name\" content=\"Hotel reSTART\" \/>\n<meta property=\"og:image\" content=\"https:\/\/www.hotelrestart.cz\/wp-content\/uploads\/2020\/08\/Tesit_wellness.jpg\" \/>\n\t<meta property=\"og:image:width\" content=\"465\" \/>\n\t<meta property=\"og:image:height\" content=\"313\" \/>\n\t<meta property=\"og:image:type\" content=\"image\/jpeg\" \/>\n<meta name=\"twitter:card\" content=\"summary_large_image\" \/>\n<meta name=\"twitter:label1\" content=\"Gesch\u00e4tzte Lesezeit\" \/>\n\t<meta name=\"twitter:data1\" content=\"4\u00a0Minuten\" \/>\n<script type=\"application\/ld+json\" class=\"yoast-schema-graph\">{\"@context\":\"https:\/\/schema.org\",\"@graph\":[{\"@type\":\"WebPage\",\"@id\":\"https:\/\/www.hotelrestart.cz\/de\/hochzeiten\/\",\"url\":\"https:\/\/www.hotelrestart.cz\/de\/hochzeiten\/\",\"name\":\"Hochzeiten - Hotel reSTART\",\"isPartOf\":{\"@id\":\"https:\/\/www.hotelrestart.cz\/#website\"},\"datePublished\":\"2020-04-27T13:44:42+00:00\",\"dateModified\":\"2020-04-27T13:44:42+00:00\",\"breadcrumb\":{\"@id\":\"https:\/\/www.hotelrestart.cz\/de\/hochzeiten\/#breadcrumb\"},\"inLanguage\":\"de\",\"potentialAction\":[{\"@type\":\"ReadAction\",\"target\":[\"https:\/\/www.hotelrestart.cz\/de\/hochzeiten\/\"]}]},{\"@type\":\"BreadcrumbList\",\"@id\":\"https:\/\/www.hotelrestart.cz\/de\/hochzeiten\/#breadcrumb\",\"itemListElement\":[{\"@type\":\"ListItem\",\"position\":1,\"name\":\"Home\",\"item\":\"https:\/\/www.hotelrestart.cz\/de\/hotel-restart-jicin-offizielle-website\/\"},{\"@type\":\"ListItem\",\"position\":2,\"name\":\"Hochzeiten\"}]},{\"@type\":\"WebSite\",\"@id\":\"https:\/\/www.hotelrestart.cz\/#website\",\"url\":\"https:\/\/www.hotelrestart.cz\/\",\"name\":\"Hotel reSTART\",\"description\":\"4* Hotel v Ji\u010d\u00edn\u011b\",\"potentialAction\":[{\"@type\":\"SearchAction\",\"target\":{\"@type\":\"EntryPoint\",\"urlTemplate\":\"https:\/\/www.hotelrestart.cz\/?s={search_term_string}\"},\"query-input\":\"required name=search_term_string\"}],\"inLanguage\":\"de\"}]}<\/script>\n<!-- \/ Yoast SEO plugin. -->","yoast_head_json":{"title":"Hochzeiten - Hotel reSTART","robots":{"index":"index","follow":"follow","max-snippet":"max-snippet:-1","max-image-preview":"max-image-preview:large","max-video-preview":"max-video-preview:-1"},"canonical":"https:\/\/www.hotelrestart.cz\/de\/hochzeiten\/","og_locale":"de_DE","og_type":"article","og_title":"Hochzeiten - Hotel reSTART","og_description":"Stehen Sie kurz vor Ihrer Verlobung und \u00fcberlegen bereits, wo Sie die sch\u00f6nste Hochzeit feiern m\u00f6chten? Es stehen Tausende von Pl\u00e4tzen zur Verf\u00fcgung. Welchen soll man also w\u00e4hlen? Eines ist Ihnen schon im Vorfeld klar: Ihre Hochzeit soll unvergesslich werden, sowohl f\u00fcr Sie als Brautpaar als auch f\u00fcr die Hochzeitsg\u00e4ste.","og_url":"https:\/\/www.hotelrestart.cz\/de\/hochzeiten\/","og_site_name":"Hotel reSTART","og_image":[{"width":465,"height":313,"url":"https:\/\/www.hotelrestart.cz\/wp-content\/uploads\/2020\/08\/Tesit_wellness.jpg","type":"image\/jpeg"}],"twitter_card":"summary_large_image","twitter_misc":{"Gesch\u00e4tzte Lesezeit":"4\u00a0Minuten"},"schema":{"@context":"https:\/\/schema.org","@graph":[{"@type":"WebPage","@id":"https:\/\/www.hotelrestart.cz\/de\/hochzeiten\/","url":"https:\/\/www.hotelrestart.cz\/de\/hochzeiten\/","name":"Hochzeiten - Hotel reSTART","isPartOf":{"@id":"https:\/\/www.hotelrestart.cz\/#website"},"datePublished":"2020-04-27T13:44:42+00:00","dateModified":"2020-04-27T13:44:42+00:00","breadcrumb":{"@id":"https:\/\/www.hotelrestart.cz\/de\/hochzeiten\/#breadcrumb"},"inLanguage":"de","potentialAction":[{"@type":"ReadAction","target":["https:\/\/www.hotelrestart.cz\/de\/hochzeiten\/"]}]},{"@type":"BreadcrumbList","@id":"https:\/\/www.hotelrestart.cz\/de\/hochzeiten\/#breadcrumb","itemListElement":[{"@type":"ListItem","position":1,"name":"Home","item":"https:\/\/www.hotelrestart.cz\/de\/hotel-restart-jicin-offizielle-website\/"},{"@type":"ListItem","position":2,"name":"Hochzeiten"}]},{"@type":"WebSite","@id":"https:\/\/www.hotelrestart.cz\/#website","url":"https:\/\/www.hotelrestart.cz\/","name":"Hotel reSTART","description":"4* Hotel v Ji\u010d\u00edn\u011b","potentialAction":[{"@type":"SearchAction","target":{"@type":"EntryPoint","urlTemplate":"https:\/\/www.hotelrestart.cz\/?s={search_term_string}"},"query-input":"required name=search_term_string"}],"inLanguage":"de"}]}},"_links":{"self":[{"href":"https:\/\/www.hotelrestart.cz\/de\/wp-json\/wp\/v2\/pages\/13713","targetHints":{"allow":["GET"]}}],"collection":[{"href":"https:\/\/www.hotelrestart.cz\/de\/wp-json\/wp\/v2\/pages"}],"about":[{"href":"https:\/\/www.hotelrestart.cz\/de\/wp-json\/wp\/v2\/types\/page"}],"author":[{"embeddable":true,"href":"https:\/\/www.hotelrestart.cz\/de\/wp-json\/wp\/v2\/users\/1"}],"replies":[{"embeddable":true,"href":"https:\/\/www.hotelrestart.cz\/de\/wp-json\/wp\/v2\/comments?post=13713"}],"version-history":[{"count":0,"href":"https:\/\/www.hotelrestart.cz\/de\/wp-json\/wp\/v2\/pages\/13713\/revisions"}],"wp:featuredmedia":[{"embeddable":true,"href":"https:\/\/www.hotelrestart.cz\/de\/wp-json\/wp\/v2\/media\/13730"}],"wp:attachment":[{"href":"https:\/\/www.hotelrestart.cz\/de\/wp-json\/wp\/v2\/media?parent=13713"}],"curies":[{"name":"wp","href":"https:\/\/api.w.org\/{rel}","templated":true}]}}