{"id":13672,"date":"2021-03-29T11:26:46","date_gmt":"2021-03-29T09:26:46","guid":{"rendered":"https:\/\/www.hotelrestart.cz\/videos\/"},"modified":"2021-03-29T11:26:46","modified_gmt":"2021-03-29T09:26:46","slug":"videos","status":"publish","type":"page","link":"https:\/\/www.hotelrestart.cz\/de\/videos\/","title":{"rendered":"Videos"},"content":{"rendered":"<div class=\"wpb-content-wrapper\"><p>[vc_row full_width=&#8221;stretch_row&#8221; content_placement=&#8221;middle&#8221; el_class=&#8221;featured&#8221; css=&#8221;.vc_custom_1620127301497{background-image: url(https:\/\/www.hotelrestart.cz\/wp-content\/uploads\/2020\/09\/O_hotelu.jpg?id=9101) !important;background-position: center !important;background-repeat: no-repeat !important;background-size: cover !important;}&#8221;][vc_column][vc_column_text]<\/p>\n<h1 style=\"text-align: center;\"><span style=\"color: #000000;\">Hotelvideos<br \/><\/span><\/h1>\n<p>[\/vc_column_text][\/vc_column][\/vc_row][vc_row][vc_column width=&#8221;1\/6&#8243;][vc_column_text][\/vc_column_text][\/vc_column][vc_column width=&#8221;2\/3&#8243;][vc_column_text]<\/p>\n<h2 style=\"text-align: center;\">Entdecken Sie das malerische B\u00f6hmische Paradies<br \/> und die M\u00e4rchenstadt Ji\u010d\u00edn!<\/h2>\n<p style=\"text-align: center;\">Das moderne und un\u00fcbersehbare <b>reSTART Hotel<\/b> , in einem ruhigen Teil der Stadt gegen\u00fcber der ber\u00fchmten Wallenstein-Lindenallee gelegen, bietet Ihnen eine traumhafte Erholung. Das Angebot an Unterk\u00fcnften, Gastronomie, Wellness, Sport und Kinderaktivit\u00e4ten vor Ort erfreut sich bei den Besuchern gro\u00dfer Beliebtheit und wird sicherlich auch Ihnen gefallen. Auch f\u00fcr <b>Firmen- und Familienveranstaltungen<\/b> ist das Hotel ein angenehmer Ausgangspunkt. Wir laden Sie zu Wanderungen, Radtouren und erholsamen Kulturausfl\u00fcgen <b>in die Umgebung ein<\/b> , dem \u00e4ltesten Naturschutzgebiet der Tschechischen Republik.   <\/p>\n<p>[\/vc_column_text][\/vc_column][vc_column width=&#8221;1\/6&#8243;][vc_column_text][\/vc_column_text][\/vc_column][\/vc_row][vc_row][vc_column][vc_empty_space][vc_empty_space][\/vc_column][\/vc_row][vc_row content_placement=&#8221;middle&#8221;][vc_column width=&#8221;1\/2&#8243;][vc_video link=&#8221;https:\/\/vimeo.com\/475390011?badge=0&amp;autopause=0&amp;player_id=0&amp;&#8221;][\/vc_column][vc_column width=&#8221;1\/2&#8243;][vc_column_text]<\/p>\n<h2 class=\"western\">Hotelvorstellung<\/h2>\n<h3>Eine gute Wahl im B\u00f6hmischen Paradies: Hotel reSTART****<\/h3>\n<p>Egal, ob Sie zum Entspannen, f\u00fcr den Tourismus, zur Unterhaltung oder zur Arbeit <b>ins B\u00f6hmische Paradies<\/b> reisen, \u00fcbernachten Sie immer mit vollem Vertrauen <b>im Hotel reSTART Ji\u010d\u00edn<\/b> . Was erwartet Sie hier? <b>NON-Stop-Rezeptionsdienste<\/b> , blitzsaubere, <b>klimatisierte Zimmer<\/b> mit dem N\u00f6tigsten und Kleinigkeiten zum Vergn\u00fcgen, WLAN, Zimmerservice, beliebtes <b>Fr\u00fchst\u00fccksbuffet<\/b> und <b>Restaurant La Favorita<\/b> mit Sommergarten, attraktives <b>Kinderspielzimmer<\/b> , <b>Wellness- und Fitnesscenter<\/b> des Hotels, Fahrradverleih, angrenzende <b>Sportpl\u00e4tze<\/b> oder <b>Aquapark Ji\u010d\u00edn<\/b> . Und als Bonus eine malerische Umgebung mit unz\u00e4hligen Ausflugszielen. Kommen Sie und entdecken Sie gleich unsere <span style=\"color: #0563c1;\"><u><a href=\"https:\/\/www.hotelrestart.cz\/pobytove-balicky\/\">Aufenthaltspakete<\/a><\/u><\/span> !   [\/vc_column_text][\/vc_column][\/vc_row][vc_row full_width=&#8221;stretch_row&#8221; content_placement=&#8221;middle&#8221;][vc_column width=&#8221;1\/2&#8243;][vc_column_text]<\/p>\n<h2 class=\"western\">Angebot f\u00fcr Unternehmen<\/h2>\n<h3 class=\"western\">Tolle R\u00e4umlichkeiten f\u00fcr Firmenveranstaltungen: Hotel reSTART****<\/h3>\n<p>Planen Sie <b>eine Schulung, einen Kongress, ein Teambuilding oder eine Party im Hotel reSTART Ji\u010d\u00edn<\/b> . Zur Verf\u00fcgung stehen ein bewachter Parkplatz und eine perfekte technische Ausstattung <b>in drei Schulungsr\u00e4umen und einem Kongresssaal mit 300 m\u00b2 Fl\u00e4che<\/b> . Das Hotel ist von <b>\u00fcppigem Gr\u00fcn und einem weitl\u00e4ufigen Sportkomplex<\/b> mit Fu\u00dfballpl\u00e4tzen, Tennispl\u00e4tzen, Volleyballpl\u00e4tzen, einem Leichtathletik-Oval und Hallen umgeben. Das Hotel bietet einen Fahrradverleih und eine kostenlose Abstellm\u00f6glichkeit f\u00fcr Ihre Sportausr\u00fcstung. Selbstverst\u00e4ndlich sind eine zuverl\u00e4ssige WLAN-Verbindung, moderne Zimmer, Gastronomie sowie Wellness- und Fitnessangebote vorhanden. Der angrenzende Aquapark Ji\u010d\u00edn bietet ein Schwimmbecken, eine Wasserrutsche, einen <span style=\"color: #ff0000;\">Whirlpool<\/span> und ein Dampfbad.     [\/vc_column_text][\/vc_column][vc_column width=&#8221;1\/2&#8243;][vc_video link=&#8221;https:\/\/vimeo.com\/475389934&#8243;][\/vc_column][\/vc_row][vc_row content_placement=&#8221;middle&#8221;][vc_column width=&#8221;1\/2&#8243;][vc_video link=&#8221;https:\/\/vimeo.com\/609843495&#8243;][\/vc_column][vc_column width=&#8221;1\/2&#8243;][vc_column_text]<\/p>\n<h2 class=\"western\">Hoteldienstleistungen<\/h2>\n<h3 class=\"western\">G\u00f6nnen Sie sich etwas Verw\u00f6hnung: Hotel reSTART****<\/h3>\n<p>Ihr wundervoller Aufenthalt im Herzen des B\u00f6hmischen Paradieses wird durch <b>die erstklassigen Dienstleistungen des reSTART Hotels noch<\/b> bereichert. Wir k\u00fcmmern uns perfekt um Sie w\u00e4hrend Ihrer Familien-, Romantik- und Sportwochenenden und -ferien. Zur Entspannung und Unterhaltung f\u00fcr alle Generationen betreiben wir ein hoteleigenes <b>Wellnesscenter<\/b> mit Saunen und Thai-Massagen, ein gut ausgestattetes <b>Fitnesscenter<\/b> und <b>ein Kinderspielzimmer<\/b> , das die Augen jedes Stra\u00dfenkindes sofort zum Leuchten bringt. Wir legen au\u00dferdem Wert auf <b>bequeme Betten<\/b> , <b>nahrhaftes Essen<\/b> (auch aufs Zimmer geliefert) und andere Dienstleistungen, die daf\u00fcr sorgen, dass Sie sich fast wie zu Hause f\u00fchlen. Lassen Sie sich von unseren g\u00fcnstigen <span style=\"color: #0563c1;\"><u><a href=\"https:\/\/www.hotelrestart.cz\/pobytove-balicky\/\">Aufenthaltspaketen<\/a><\/u><\/span> inspirieren.    [\/vc_column_text][\/vc_column][\/vc_row][vc_row content_placement=&#8221;middle&#8221;][vc_column width=&#8221;1\/2&#8243;][vc_column_text]<\/p>\n<h2 class=\"western\">Was gibt es in Ji\u010d\u00edn zu besuchen?<\/h2>\n<h3 class=\"western\">M\u00f6glichkeiten zur Erkundung der Umgebung: Hotel reSTART****<\/h3>\n<p><b>Entdecken Sie die M\u00e4rchenstadt Ji\u010d\u00edn<\/b> und ihre Umgebung w\u00e4hrend Ihres Aufenthalts im Hotel reSTART Ji\u010d\u00edn. Es ist das h\u00f6chste Geb\u00e4ude der Stadt und befindet sich in der N\u00e4he der Wallenstein-Loggia und nur wenige Schritte von der ber\u00fchmten Lindenallee entfernt. Besuchen Sie unbedingt das Zentrum von Ji\u010d\u00edn, die Schuhfabrik Rumcajs und die H\u00f6hle. Der Zeb\u00edn-H\u00fcgel und die Ruinen der Burg Veli\u0161 bieten einen weiten Blick auf die Umgebung und auch die n\u00f6tige Perspektive auf die Alltagssorgen.     <b>Von Prag aus erreichen Sie das reSTART Hotel und sein ausgezeichnetes Restaurant La Favorita in etwa einer Autostunde.<\/b>  Der Zugang ist auch hier barrierefrei \u00fcber den Aquapark Ji\u010d\u00edn m\u00f6glich.<\/p>\n<p>[\/vc_column_text][vc_empty_space][\/vc_column][vc_column width=&#8221;1\/2&#8243;][vc_video link=&#8221;https:\/\/vimeo.com\/475389866&#8243;][\/vc_column][\/vc_row][vc_row content_placement=&#8221;middle&#8221;][vc_column width=&#8221;1\/2&#8243;][vc_raw_js]JTNDZGl2JTIwc3R5bGUlM0QlMjJwYWRkaW5nJTNBNTYuMjUlMjUlMjAwJTIwMCUyMDAlM0Jwb3NpdGlvbiUzQXJlbGF0aXZlJTNCJTIyJTNFJTNDaWZyYW1lJTIwc3JjJTNEJTIyaHR0cHMlM0ElMkYlMkZwbGF5ZXIudmltZW8uY29tJTJGdmlkZW8lMkY0NzUzOTAxMjQlM0ZiYWRnZSUzRDAlMjZhbXAlM0JhdXRvcGF1c2UlM0QwJTI2YW1wJTNCcGxheWVyX2lkJTNEMCUyNmFtcCUzQmFwcF9pZCUzRDU4NDc5JTIyJTIwZnJhbWVib3JkZXIlM0QlMjIwJTIyJTIwYWxsb3clM0QlMjJhdXRvcGxheSUzQiUyMGZ1bGxzY3JlZW4lM0IlMjBwaWN0dXJlLWluLXBpY3R1cmUlMjIlMjBhbGxvd2Z1bGxzY3JlZW4lMjBzdHlsZSUzRCUyMnBvc2l0aW9uJTNBYWJzb2x1dGUlM0J0b3AlM0EwJTNCbGVmdCUzQTAlM0J3aWR0aCUzQTEwMCUyNSUzQmhlaWdodCUzQTEwMCUyNSUzQiUyMiUyMHRpdGxlJTNEJTIySG90ZWwlMjByZVNUQVJUJTIwSmklQzQlOEQlMjZhbXAlM0JpYWN1dGUlM0JuJTIwLSUyMHR1cmlzdGljayUyNmFtcCUzQmVhY3V0ZSUzQiUyMGMlMjZhbXAlM0JpYWN1dGUlM0JsZSUyMHYlMjBva29sJTI2YW1wJTNCaWFjdXRlJTNCJTIwaG90ZWx1JTIyJTNFJTNDJTJGaWZyYW1lJTNFJTNDJTJGZGl2JTNFJTNDc2NyaXB0JTIwc3JjJTNEJTIyaHR0cHMlM0ElMkYlMkZwbGF5ZXIudmltZW8uY29tJTJGYXBpJTJGcGxheWVyLmpzJTIyJTNFJTNDJTJGc2NyaXB0JTNF[\/vc_raw_js][\/vc_column][vc_column width=&#8221;1\/2&#8243;][vc_column_text]<\/p>\n<h2 class=\"western\">Touristische Dienstleistungen<\/h2>\n<h3 class=\"western\">Ausgangspunkt f\u00fcr Ausfl\u00fcge: Hotel reSTART****<\/h3>\n<p><b>Das B\u00f6hmische Paradies<\/b> , das sich etwa 90 km nord\u00f6stlich von Prag erstreckt, <b>l\u00e4sst sich am besten bei einem Aufenthalt im Hotel reSTART Ji\u010d\u00edn erleben<\/b> . Wie weit sind attraktive Ausflugsziele in der Umgebung entfernt? Prachovsk\u00e9 sk\u00e1ly 4,8 km, Ruine der Burg Trosky 13 km, Burg Humprecht 14 km, Burg Kost 17 km, Burg Hrub\u00e1 Sk\u00e1la 17 km, Burg Vald\u0161tejn 19 km, Such\u00e9 sk\u00e1ly 24 km, Fluss Jizera mit Bootsverleih 25 km und Burg Fr\u00fdd\u0161tejn 27 km. Es gibt hier jedoch noch viele andere interessante Dinge. Die malerische Landschaft des B\u00f6hmischen Paradieses wird sich sicher in Ihr Herz eingraben. Wir freuen uns, wenn Sie <b>sich erneut und f\u00fcr einen l\u00e4ngeren Zeitraum f\u00fcr einen Besuch im reSTART hotel<\/b> entscheiden. Sind Sie von unseren sorgf\u00e4ltig zusammengestellten <span style=\"color: #0563c1;\"><u><a href=\"https:\/\/www.hotelrestart.cz\/pobytove-balicky\/\">Aufenthaltspaketen<\/a><\/u><\/span> angetan?      [\/vc_column_text][vc_empty_space][\/vc_column][\/vc_row][vc_row][vc_column][vc_empty_space][vc_empty_space][\/vc_column][\/vc_row]<\/p>\n<\/div>","protected":false},"excerpt":{"rendered":"<p>[vc_row full_width=&#8221;stretch_row&#8221; content_placement=&#8221;middle&#8221; el_class=&#8221;featured&#8221; css=&#8221;.vc_custom_1620127301497{background-image: url(https:\/\/www.hotelrestart.cz\/wp-content\/uploads\/2020\/09\/O_hotelu.jpg?id=9101) !important;background-position: center !important;background-repeat: no-repeat !important;background-size: cover !important;}&#8221;][vc_column][vc_column_text] Hotelvideos [\/vc_column_text][\/vc_column][\/vc_row][vc_row][vc_column width=&#8221;1\/6&#8243;][vc_column_text][\/vc_column_text][\/vc_column][vc_column width=&#8221;2\/3&#8243;][vc_column_text] Entdecken Sie das malerische B\u00f6hmische Paradies und die M\u00e4rchenstadt<\/p>\n","protected":false},"author":1,"featured_media":0,"parent":0,"menu_order":0,"comment_status":"closed","ping_status":"closed","template":"","meta":{"footnotes":""},"categories":[],"tags":[],"class_list":["post-13672","page","type-page","status-publish","hentry"],"acf":[],"yoast_head":"<!-- This site is optimized with the Yoast SEO plugin v21.8 - https:\/\/yoast.com\/wordpress\/plugins\/seo\/ -->\n<title>Videos - Hotel reSTART<\/title>\n<meta name=\"robots\" content=\"index, follow, max-snippet:-1, max-image-preview:large, max-video-preview:-1\" \/>\n<link rel=\"canonical\" href=\"https:\/\/www.hotelrestart.cz\/de\/videos\/\" \/>\n<meta property=\"og:locale\" content=\"de_DE\" \/>\n<meta property=\"og:type\" content=\"article\" \/>\n<meta property=\"og:title\" content=\"Videos - Hotel reSTART\" \/>\n<meta property=\"og:description\" content=\"[vc_row full_width=&#8221;stretch_row&#8221; content_placement=&#8221;middle&#8221; el_class=&#8221;featured&#8221; css=&#8221;.vc_custom_1620127301497{background-image: url(https:\/\/www.hotelrestart.cz\/wp-content\/uploads\/2020\/09\/O_hotelu.jpg?id=9101) !important;background-position: center !important;background-repeat: no-repeat !important;background-size: cover !important;}&#8221;][vc_column][vc_column_text] Hotelvideos [\/vc_column_text][\/vc_column][\/vc_row][vc_row][vc_column width=&#8221;1\/6&#8243;][vc_column_text][\/vc_column_text][\/vc_column][vc_column width=&#8221;2\/3&#8243;][vc_column_text] Entdecken Sie das malerische B\u00f6hmische Paradies und die M\u00e4rchenstadt\" \/>\n<meta property=\"og:url\" content=\"https:\/\/www.hotelrestart.cz\/de\/videos\/\" \/>\n<meta property=\"og:site_name\" content=\"Hotel reSTART\" \/>\n<meta name=\"twitter:card\" content=\"summary_large_image\" \/>\n<meta name=\"twitter:label1\" content=\"Gesch\u00e4tzte Lesezeit\" \/>\n\t<meta name=\"twitter:data1\" content=\"5\u00a0Minuten\" \/>\n<script type=\"application\/ld+json\" class=\"yoast-schema-graph\">{\"@context\":\"https:\/\/schema.org\",\"@graph\":[{\"@type\":\"WebPage\",\"@id\":\"https:\/\/www.hotelrestart.cz\/de\/videos\/\",\"url\":\"https:\/\/www.hotelrestart.cz\/de\/videos\/\",\"name\":\"Videos - Hotel reSTART\",\"isPartOf\":{\"@id\":\"https:\/\/www.hotelrestart.cz\/#website\"},\"datePublished\":\"2021-03-29T09:26:46+00:00\",\"dateModified\":\"2021-03-29T09:26:46+00:00\",\"breadcrumb\":{\"@id\":\"https:\/\/www.hotelrestart.cz\/de\/videos\/#breadcrumb\"},\"inLanguage\":\"de\",\"potentialAction\":[{\"@type\":\"ReadAction\",\"target\":[\"https:\/\/www.hotelrestart.cz\/de\/videos\/\"]}]},{\"@type\":\"BreadcrumbList\",\"@id\":\"https:\/\/www.hotelrestart.cz\/de\/videos\/#breadcrumb\",\"itemListElement\":[{\"@type\":\"ListItem\",\"position\":1,\"name\":\"Home\",\"item\":\"https:\/\/www.hotelrestart.cz\/de\/hotel-restart-jicin-offizielle-website\/\"},{\"@type\":\"ListItem\",\"position\":2,\"name\":\"Videos\"}]},{\"@type\":\"WebSite\",\"@id\":\"https:\/\/www.hotelrestart.cz\/#website\",\"url\":\"https:\/\/www.hotelrestart.cz\/\",\"name\":\"Hotel reSTART\",\"description\":\"4* Hotel v Ji\u010d\u00edn\u011b\",\"potentialAction\":[{\"@type\":\"SearchAction\",\"target\":{\"@type\":\"EntryPoint\",\"urlTemplate\":\"https:\/\/www.hotelrestart.cz\/?s={search_term_string}\"},\"query-input\":\"required name=search_term_string\"}],\"inLanguage\":\"de\"}]}<\/script>\n<!-- \/ Yoast SEO plugin. -->","yoast_head_json":{"title":"Videos - Hotel reSTART","robots":{"index":"index","follow":"follow","max-snippet":"max-snippet:-1","max-image-preview":"max-image-preview:large","max-video-preview":"max-video-preview:-1"},"canonical":"https:\/\/www.hotelrestart.cz\/de\/videos\/","og_locale":"de_DE","og_type":"article","og_title":"Videos - Hotel reSTART","og_description":"[vc_row full_width=&#8221;stretch_row&#8221; content_placement=&#8221;middle&#8221; el_class=&#8221;featured&#8221; css=&#8221;.vc_custom_1620127301497{background-image: url(https:\/\/www.hotelrestart.cz\/wp-content\/uploads\/2020\/09\/O_hotelu.jpg?id=9101) !important;background-position: center !important;background-repeat: no-repeat !important;background-size: cover !important;}&#8221;][vc_column][vc_column_text] Hotelvideos [\/vc_column_text][\/vc_column][\/vc_row][vc_row][vc_column width=&#8221;1\/6&#8243;][vc_column_text][\/vc_column_text][\/vc_column][vc_column width=&#8221;2\/3&#8243;][vc_column_text] Entdecken Sie das malerische B\u00f6hmische Paradies und die M\u00e4rchenstadt","og_url":"https:\/\/www.hotelrestart.cz\/de\/videos\/","og_site_name":"Hotel reSTART","twitter_card":"summary_large_image","twitter_misc":{"Gesch\u00e4tzte Lesezeit":"5\u00a0Minuten"},"schema":{"@context":"https:\/\/schema.org","@graph":[{"@type":"WebPage","@id":"https:\/\/www.hotelrestart.cz\/de\/videos\/","url":"https:\/\/www.hotelrestart.cz\/de\/videos\/","name":"Videos - Hotel reSTART","isPartOf":{"@id":"https:\/\/www.hotelrestart.cz\/#website"},"datePublished":"2021-03-29T09:26:46+00:00","dateModified":"2021-03-29T09:26:46+00:00","breadcrumb":{"@id":"https:\/\/www.hotelrestart.cz\/de\/videos\/#breadcrumb"},"inLanguage":"de","potentialAction":[{"@type":"ReadAction","target":["https:\/\/www.hotelrestart.cz\/de\/videos\/"]}]},{"@type":"BreadcrumbList","@id":"https:\/\/www.hotelrestart.cz\/de\/videos\/#breadcrumb","itemListElement":[{"@type":"ListItem","position":1,"name":"Home","item":"https:\/\/www.hotelrestart.cz\/de\/hotel-restart-jicin-offizielle-website\/"},{"@type":"ListItem","position":2,"name":"Videos"}]},{"@type":"WebSite","@id":"https:\/\/www.hotelrestart.cz\/#website","url":"https:\/\/www.hotelrestart.cz\/","name":"Hotel reSTART","description":"4* Hotel v Ji\u010d\u00edn\u011b","potentialAction":[{"@type":"SearchAction","target":{"@type":"EntryPoint","urlTemplate":"https:\/\/www.hotelrestart.cz\/?s={search_term_string}"},"query-input":"required name=search_term_string"}],"inLanguage":"de"}]}},"_links":{"self":[{"href":"https:\/\/www.hotelrestart.cz\/de\/wp-json\/wp\/v2\/pages\/13672","targetHints":{"allow":["GET"]}}],"collection":[{"href":"https:\/\/www.hotelrestart.cz\/de\/wp-json\/wp\/v2\/pages"}],"about":[{"href":"https:\/\/www.hotelrestart.cz\/de\/wp-json\/wp\/v2\/types\/page"}],"author":[{"embeddable":true,"href":"https:\/\/www.hotelrestart.cz\/de\/wp-json\/wp\/v2\/users\/1"}],"replies":[{"embeddable":true,"href":"https:\/\/www.hotelrestart.cz\/de\/wp-json\/wp\/v2\/comments?post=13672"}],"version-history":[{"count":0,"href":"https:\/\/www.hotelrestart.cz\/de\/wp-json\/wp\/v2\/pages\/13672\/revisions"}],"wp:attachment":[{"href":"https:\/\/www.hotelrestart.cz\/de\/wp-json\/wp\/v2\/media?parent=13672"}],"wp:term":[{"taxonomy":"category","embeddable":true,"href":"https:\/\/www.hotelrestart.cz\/de\/wp-json\/wp\/v2\/categories?post=13672"},{"taxonomy":"post_tag","embeddable":true,"href":"https:\/\/www.hotelrestart.cz\/de\/wp-json\/wp\/v2\/tags?post=13672"}],"curies":[{"name":"wp","href":"https:\/\/api.w.org\/{rel}","templated":true}]}}